{"id":3960,"date":"2017-12-18T18:35:15","date_gmt":"2017-12-18T18:35:15","guid":{"rendered":"http:\/\/biblian.is\/gudbrandsbiblia\/kolussubrefid-2-kafli\/"},"modified":"2017-12-18T18:35:15","modified_gmt":"2017-12-18T18:35:15","slug":"kolossubrefid-2-kafli","status":"publish","type":"page","link":"https:\/\/biblian.is\/gudbrandsbiblia\/kolossubrefid-2-kafli\/","title":{"rendered":"K\u00f3lossubr\u00e9fi\u00f0 2. kafli"},"content":{"rendered":"<p>II.<\/p>\n<p><span class=\"athugasemd\" title=\"Vi\u00f0v\u00f6run vi\u00f0 mannal\u00e6rd\u00f3mi og kenningum\">[<\/span> Eg vil y\u00f0ur vita l\u00e1ta, hverja \u00e1hyggju eg hefi fyrir y\u00f0ur, og fyrir \u00feeim \u00ed Laodicea, og \u00f6llum \u00feeim sem mitt auglit hafa eigi s\u00e9\u00f0 \u00ed Holdinu, So a\u00f0 \u00feeirra hj\u00f6rtu hugsv\u00f6lu\u00f0ust, og samlyndu\u00f0 yr\u00f0i \u00ed K\u00e6rleikanum, og til allrar au\u00f0gunar fullkomins skilnings, a\u00f0 vi\u00f0urkenna leyndan d\u00f3m Gu\u00f0s F\u00f6\u00f0urs og Christi, \u00ed hverjum huldir liggja allir sj\u00f3\u00f0ir Viskunnar og Vi\u00f0urkenningarinnar.<\/p>\n<p>\tEn eg segi \u00fear af, \u00dea\u00f0 enginn t\u00e6li y\u00f0ur me\u00f0 l\u00edklegum r\u00e6\u00f0um. \u00dev\u00ed a\u00f0 \u00fe\u00f3 eg s\u00e9 \u00fear ekki eftir Holdinu, \u00fe\u00e1 em eg \u00fe\u00f3 \u00ed Andanum hj\u00e1 y\u00f0ur, fagnandi, \u00fea\u00f0 eg s\u00e9 y\u00f0ra skikkan og y\u00f0ra sta\u00f0fasta Tr\u00fa \u00e1 Christum. L\u00edka so sem \u00fe\u00e9r hafi\u00f0 n\u00fa me\u00f0teki\u00f0 DROTTIN Christum Jes\u00fam, so l\u00edka gangi\u00f0 \u00ed honum, og veri\u00f0 innr\u00e6ttir uppbygg\u00f0ir \u00ed honum, og veri\u00f0 sta\u00f0fastir \u00ed Tr\u00fanni, sem \u00fe\u00e9r eru\u00f0 l\u00e6r\u00f0ir til, og yfirgn\u00e6fi\u00f0 \u00ed honum me\u00f0 \u00feakkargj\u00f6r\u00f0.<\/p>\n<p>\tSj\u00e1i\u00f0 til, \u00fea\u00f0 enginn r\u00e6ni y\u00f0ur fyrir Philosophiam og h\u00e9g\u00f3mlegar t\u00e6lingar, eftir manna l\u00e6rd\u00f3mi og Veraldarinnar setningi, en eigi eftir Christo Jes\u00fa. \u00dev\u00ed a\u00f0 \u00ed honum byggir \u00f6ll gn\u00e6g\u00f0 Gu\u00f0d\u00f3msins L\u00edkamlega. Og \u00fe\u00e9r eru\u00f0 fullkomnir \u00ed honum, hann sem er h\u00f6fu\u00f0 alls h\u00f6f\u00f0ingja d\u00f3ms, og valdsst\u00e9ttar. \u00cd hverjum \u00fe\u00e9r eru\u00f0 umskornir, me\u00f0 umskurn \u00e1n handa, fyrir afl\u00f6gu Syndsamlegs L\u00edkama \u00ed holdinu, einkum fyrir umskurning Christi, \u00cd \u00fev\u00ed, \u00fear \u00fe\u00e9r eru\u00f0 me\u00f0 honum greftra\u00f0ir, fyrir sk\u00edrnina, \u00ed hverri \u00fe\u00e9r eru\u00f0 upp aftur rifnir fyrir Tr\u00fana, sem Gu\u00f0 verkar, hver e\u00f0 hann uppvakti af Dau\u00f0a.<\/p>\n<p>\tOg hefur y\u00f0ur einnen, me\u00f0 honum lifandi gj\u00f6rt. \u00deann t\u00ed\u00f0 \u00fe\u00e9r voru\u00f0 dau\u00f0ir \u00ed Syndum, og \u00ed Yfirh\u00fa\u00f0 y\u00f0vars holds. Og hefur oss fyrirgefi\u00f0 allar vorar Syndir, og afskafi\u00f0 \u00fe\u00e1 handskrift <span class=\"athugasemd\" title=\"a (Handskrift) \u00dea\u00f0 er vor syndug samviska sem oss \u00e1sakar, \u00dev\u00ed ekkert er oss so hart \u00ed m\u00f3ti so sem vor eiginleg samviska, me\u00f0 hverri v\u00e9r so sem me\u00f0 annari Handskrift yfirvinnunst, \u00feegar L\u00f6gm\u00e1li\u00f0 opinberar oss Syndina, me\u00f0 hverju v\u00e9r h\u00f6fum sl\u00edka handskrift skrifa\u00f0, en Christus frelsar oss fr\u00e1 \u00f6llu \u00feessu fyrir sinn Kross, og burt dr\u00edfur Dj\u00f6fulinn og Syndina\">[<\/span> sem m\u00f3ti oss var, hver \u00ed setningum var hulin, og oss gagnsta\u00f0leg var, og hefur hana mitt \u00e1 burt teki\u00f0, og \u00e1 Krossinn neglt. Og hefur afflett h\u00f6f\u00f0ingjad\u00f3ma og Volduga, og til s\u00fdnis framleitt opinberlega, og Sigri hr\u00f3sa\u00f0 yfir \u00feeim, fyrir sig sj\u00e1lfan.<\/p>\n<p>\tAf \u00fev\u00ed l\u00e1ti\u00f0 \u00f6ngvan gj\u00f6ra y\u00f0ur samvisku neina, \u00ed Mat e\u00f0ur Drykk, ellegar me\u00f0 s\u00e9rdeilis Helgih\u00f6ld, e\u00f0a Tunglkomur, e\u00f0ur \u00devottdaga, Hvert a\u00f0 er skuggi af \u00fev\u00ed sem tilkomandi var, en sj\u00e1lfur L\u00edkaminn er \u00ed Christo. L\u00e1ti\u00f0 \u00f6ngvan svipta y\u00f0ur m\u00e1lteikninu, af \u00feeim sem eftir eigin \u00fe\u00f3tta ganga, \u00ed au\u00f0m\u00fdkt og andlegleik Englanna, Hverja hann s\u00e1 aldrei, og er til \u00f3n\u00fdtis upphroka\u00f0ur \u00ed s\u00ednu Kj\u00f6tlegu sinni, Og heldur sig ekki vi\u00f0 H\u00f6fu\u00f0i\u00f0 sem er, Christur, af hverjum allur L\u00edkaminn fyrir Limu og Li\u00f0anna samtenging \u00f6\u00f0last styrking og samanhald, og vex so til Gu\u00f0legrar st\u00e6r\u00f0ar.<\/p>\n<p>\tFyrst \u00fe\u00e9r eru\u00f0 n\u00fa dau\u00f0ir me\u00f0 Christo, fr\u00e1 Veraldarinnar setningum, Hvernin l\u00e1ti \u00fe\u00e9r \u00fe\u00e1 ver\u00f0a y\u00f0ur me\u00f0 setningu? L\u00edka so sem a\u00f0 lif\u00f0u \u00fe\u00e9r enn \u00ed Ver\u00f6ldinni. Hinir sem segja, Eigi skaltu \u00e1 \u00fev\u00ed taka, Eigi skaltu \u00fev\u00ed bergja, Eigi skaltu \u00fea\u00f0 \u00e1hr\u00e6ra, Hvert \u00fe\u00f3 allt slitnar e\u00f0ur m\u00e1st ef \u00fea\u00f0 er me\u00f0 h\u00f6ndum haft, og eru manna bo\u00f0or\u00f0 og kenningar, hverjar e\u00f0 hafa yfirlit Viskunnar fyrir \u00fatvalinn hugarins andlegleik af sj\u00e1lfu s\u00e9r og au\u00f0m\u00fdki, og fyrir \u00fea\u00f0 \u00feeir \u00feyrma ei L\u00edkamanum, og gj\u00f6ra eigi holdinu s\u00edna S\u00e6md, til sinnar nau\u00f0\u00feurftar.<\/p>\n","protected":false},"excerpt":{"rendered":"<p>II. [ Eg vil y\u00f0ur vita l\u00e1ta, hverja \u00e1hyggju eg hefi fyrir y\u00f0ur, og fyrir \u00feeim \u00ed Laodicea, og \u00f6llum \u00feeim sem mitt auglit hafa eigi s\u00e9\u00f0 \u00ed Holdinu, So a\u00f0 \u00feeirra hj\u00f6rtu hugsv\u00f6lu\u00f0ust, og samlyndu\u00f0 yr\u00f0i \u00ed K\u00e6rleikanum, og til allrar au\u00f0gunar fullkomins skilnings, a\u00f0 vi\u00f0urkenna leyndan d\u00f3m Gu\u00f0s F\u00f6\u00f0urs og Christi, \u00ed hverjum huldir liggja allir sj\u00f3\u00f0ir Viskunnar og Vi\u00f0urkenningarinnar. En eg segi \u00fear af, \u00dea\u00f0 enginn t\u00e6li y\u00f0ur me\u00f0 l\u00edklegum r\u00e6\u00f0um. \u00dev\u00ed a\u00f0 \u00fe\u00f3 eg s\u00e9 \u00fear ekki eftir Holdinu, \u00fe\u00e1 em eg \u00fe\u00f3 \u00ed Andanum hj\u00e1 y\u00f0ur, fagnandi, \u00fea\u00f0 eg s\u00e9 y\u00f0ra skikkan og y\u00f0ra sta\u00f0fasta <a href=\"https:\/\/biblian.is\/gudbrandsbiblia\/kolossubrefid-2-kafli\/\"> [&#8230;]<\/a><\/p>\n","protected":false},"author":1,"featured_media":0,"parent":0,"menu_order":0,"comment_status":"open","ping_status":"open","template":"bibliukaflar.php","meta":{"footnotes":""},"class_list":["post-3960","page","type-page","status-publish","hentry"],"_links":{"self":[{"href":"https:\/\/biblian.is\/gudbrandsbiblia\/wp-json\/wp\/v2\/pages\/3960","targetHints":{"allow":["GET"]}}],"collection":[{"href":"https:\/\/biblian.is\/gudbrandsbiblia\/wp-json\/wp\/v2\/pages"}],"about":[{"href":"https:\/\/biblian.is\/gudbrandsbiblia\/wp-json\/wp\/v2\/types\/page"}],"author":[{"embeddable":true,"href":"https:\/\/biblian.is\/gudbrandsbiblia\/wp-json\/wp\/v2\/users\/1"}],"replies":[{"embeddable":true,"href":"https:\/\/biblian.is\/gudbrandsbiblia\/wp-json\/wp\/v2\/comments?post=3960"}],"version-history":[{"count":0,"href":"https:\/\/biblian.is\/gudbrandsbiblia\/wp-json\/wp\/v2\/pages\/3960\/revisions"}],"wp:attachment":[{"href":"https:\/\/biblian.is\/gudbrandsbiblia\/wp-json\/wp\/v2\/media?parent=3960"}],"curies":[{"name":"wp","href":"https:\/\/api.w.org\/{rel}","templated":true}]}}