{"id":3957,"date":"2017-12-18T18:35:11","date_gmt":"2017-12-18T18:35:11","guid":{"rendered":"http:\/\/biblian.is\/gudbrandsbiblia\/filippibrefid-3-kafli\/"},"modified":"2017-12-18T18:35:11","modified_gmt":"2017-12-18T18:35:11","slug":"filippibrefid-3-kafli","status":"publish","type":"page","link":"https:\/\/biblian.is\/gudbrandsbiblia\/filippibrefid-3-kafli\/","title":{"rendered":"Filipp\u00edbr\u00e9fi\u00f0 3. kafli"},"content":{"rendered":"<p>III<\/p>\n<p><span class=\"athugasemd\" title=\"a (Tilsn\u00ed\u00f0ing) Kallar hann \u00fe\u00e1 fals predikara fyrir \u00fea\u00f0 \u00feeir l\u00e6r\u00f0u \u00fea\u00f0 Umsku\u00f0ar sk\u00edrnin v\u00e6ri nau\u00f0synleg til S\u00e1lu hj\u00e1lpar, hvar me\u00f0 a\u00f0 Hj\u00f6rtun ur\u00f0u af Tr\u00fanni afsni\u00f0in\">[<\/span> Framar, K\u00e6rir Br\u00e6\u00f0ur, \u00fe\u00e1 gle\u00f0ji\u00f0 y\u00f0ur \u00ed DROTTNI. \u00dev\u00ed \u00fea\u00f0 eg skrifa y\u00f0ur jafnan hi\u00f0 sama, tregar mig ekki, og gj\u00f6rir y\u00f0ur \u00feess \u00f6ruggari. Gefi\u00f0 g\u00e6tur a\u00f0 Hundunum, gefi\u00f0 g\u00e6tur a\u00f0 illum Erfi\u00f0urum, gefi\u00f0 og g\u00e6tur a\u00f0 a Tilsn\u00ed\u00f0ingunni. \u00dev\u00ed a\u00f0 v\u00e9r erum umsn\u00ed\u00f0ing, v\u00e9r sem Gu\u00f0i \u00fej\u00f3num \u00ed Andanum, og hr\u00f3sum oss af Christo Jes\u00fa, og forl\u00e1tum oss ekki upp \u00e1 Holdi\u00f0, \u00fe\u00f3 a\u00f0 eg hafi, \u00fea\u00f0 eg megi m\u00e9r af Holdinu hr\u00f3sa. Fyrst einn annar l\u00e6tur s\u00e9r \u00feykja, hann megi s\u00e9r Holdsins hr\u00f3sa, en \u00fe\u00e1 miklu framar eg, sem \u00e1 hinum \u00e1tta degi er umskorinn, einn \u00fat af \u00cdsraels f\u00f3lki, af \u00e6tt BenJamin, Ebreskur af Ebreskum, og eftir L\u00f6gm\u00e1linu Phariseus, eftir Vandl\u00e6tinu ofs\u00f3knari Safna\u00f0arins, eftir R\u00e9ttl\u00e6tinu \u00ed L\u00f6gm\u00e1linu veri\u00f0 \u00f3straffanlegur.<\/p>\n<p>\t<span class=\"athugasemd\" title=\"R\u00e9ttl\u00e6ti Christinna manna\">[<\/span> En hva\u00f0 m\u00edn \u00e1vinning var, \u00fea\u00f0 hefi eg Christi vegna fyrir ska\u00f0a reikna\u00f0. \u00dev\u00ed a\u00f0 eg held alla hluti ska\u00f0a vera, \u00ed hj\u00e1 \u00feeirri yfirgn\u00e6fanlegu vi\u00f0urkenningu Christi Jes\u00fa m\u00edns DROTTINS, fyrir hvers sakir eg hefi alla hluti ska\u00f0a reikna\u00f0, og held \u00fe\u00e1 fyrir \u00ferekk, Svo a\u00f0 eg \u00e1vinni Christum, og \u00ed honum fundinn ver\u00f0i, \u00fea\u00f0 eg hefi ekki mitt R\u00e9ttl\u00e6ti \u00fat af L\u00f6gm\u00e1linu, heldur \u00fea\u00f0 sem fyrir Tr\u00fana \u00e1 Christum kemur, sem er \u00fea\u00f0 R\u00e9ttl\u00e6ti, er af Gu\u00f0i Tr\u00fanni tilreikna\u00f0 ver\u00f0ur, hann a\u00f0 kenna, og kraft hans upprisu, og sameign hans Harmkv\u00e6la, \u00fea\u00f0 eg ver\u00f0i og hans dau\u00f0a l\u00edkur, so a\u00f0 eg m\u00e6tti honum \u00ed m\u00f3ti renna \u00ed upprisu framli\u00f0inna.<\/p>\n<p>\tEkki \u00fea\u00f0 eg hafi \u00fea\u00f0 \u00feegar h\u00f6ndla\u00f0, e\u00f0ur s\u00e9 \u00feegar fullkominn, eg skunda honum eftir, hvort a\u00f0 eg geti einnen h\u00f6ndla\u00f0, eftir \u00fev\u00ed a\u00f0 eg em af Christo Jes\u00fa h\u00f6ndla\u00f0ur. M\u00ednir Br\u00e6\u00f0ur, Eg held mig eigi sj\u00e1lfan fyrir \u00feann, a\u00f0 eg hafi \u00fea\u00f0 h\u00f6ndla\u00f0. En eitt vil eg segja, \u00dea\u00f0 eg gleymi \u00fev\u00ed, hva\u00f0 til baka er, og dreg mig af \u00fev\u00ed sem \u00ed fyrir er. Eg skunda a\u00f0 \u00fev\u00ed uppsetta Takmarki, eftr \u00fev\u00ed Hnossi hvert framheldur \u00feeirri Himneskri kallan Gu\u00f0s, \u00ed Christo Jes\u00fa. Svo margir sem af oss eru n\u00fa fullkomnir, \u00fe\u00e1 verum so sinna\u00f0ir. Og ef \u00fe\u00e9r skulu\u00f0 nokku\u00f0 anna\u00f0 halda, \u00fe\u00e1 l\u00e1ti\u00f0 Gu\u00f0 y\u00f0ur \u00fea\u00f0 opinbera, \u00de\u00f3 so framt, a\u00f0 v\u00e9r, framg\u00f6ngum eftir a Reglunni er v\u00e9r erum inn komnir, og verum l\u00edka sinna\u00f0ir. <span class=\"athugasemd\" title=\"a (Reglu) A\u00f0 sl\u00edk opinberan s\u00e9 ei Tr\u00fanni n\u00e9 andlegu Sam\u00feykki m\u00f3tsta\u00f0leg\">[<\/span><\/p>\n<p>\tFylgi\u00f0 m\u00e9r eftir K\u00e6rir br\u00e6\u00f0ur, og g\u00e6ti\u00f0 a\u00f0 \u00feeim sem so ganga, lifa sem \u00fe\u00e9r hafi\u00f0 oss til fyrirmyndar. \u00dev\u00ed a\u00f0 margir ganga so, af hverjum eg hefi oftsinnis sagt y\u00f0ur, en n\u00fa segi eg y\u00f0ur gr\u00e1tandi, \u00feeir \u00f3vinir Krossins Christi, hverra \u00e6vilok er Fyrird\u00e6mingin, hverra Gu\u00f0 Maginn er, og \u00feeirra vegsemd sem Jar\u00f0lega sinna\u00f0ir eru ver\u00f0ur til skammar. En vor umgengni er \u00e1 Himnum, hva\u00f0an v\u00e9r v\u00e6ntum frelsarans DROTTINS Jes\u00fa Christi, s\u00e1 vorn f\u00e1fengann L\u00edkama mun forkl\u00e1ra, \u00fea\u00f0 hann l\u00edkur ver\u00f0i hans forkl\u00e1ru\u00f0um L\u00edkama, eftir \u00feeirri verkan, \u00fear hann kann s\u00e9r alla hluti me\u00f0 undirgefna a\u00f0 gj\u00f6ra.<\/p>\n","protected":false},"excerpt":{"rendered":"<p>III [ Framar, K\u00e6rir Br\u00e6\u00f0ur, \u00fe\u00e1 gle\u00f0ji\u00f0 y\u00f0ur \u00ed DROTTNI. \u00dev\u00ed \u00fea\u00f0 eg skrifa y\u00f0ur jafnan hi\u00f0 sama, tregar mig ekki, og gj\u00f6rir y\u00f0ur \u00feess \u00f6ruggari. Gefi\u00f0 g\u00e6tur a\u00f0 Hundunum, gefi\u00f0 g\u00e6tur a\u00f0 illum Erfi\u00f0urum, gefi\u00f0 og g\u00e6tur a\u00f0 a Tilsn\u00ed\u00f0ingunni. \u00dev\u00ed a\u00f0 v\u00e9r erum umsn\u00ed\u00f0ing, v\u00e9r sem Gu\u00f0i \u00fej\u00f3num \u00ed Andanum, og hr\u00f3sum oss af Christo Jes\u00fa, og forl\u00e1tum oss ekki upp \u00e1 Holdi\u00f0, \u00fe\u00f3 a\u00f0 eg hafi, \u00fea\u00f0 eg megi m\u00e9r af Holdinu hr\u00f3sa. Fyrst einn annar l\u00e6tur s\u00e9r \u00feykja, hann megi s\u00e9r Holdsins hr\u00f3sa, en \u00fe\u00e1 miklu framar eg, sem \u00e1 hinum \u00e1tta degi er umskorinn, einn <a href=\"https:\/\/biblian.is\/gudbrandsbiblia\/filippibrefid-3-kafli\/\"> [&#8230;]<\/a><\/p>\n","protected":false},"author":1,"featured_media":0,"parent":0,"menu_order":0,"comment_status":"open","ping_status":"open","template":"bibliukaflar.php","meta":{"footnotes":""},"class_list":["post-3957","page","type-page","status-publish","hentry"],"_links":{"self":[{"href":"https:\/\/biblian.is\/gudbrandsbiblia\/wp-json\/wp\/v2\/pages\/3957","targetHints":{"allow":["GET"]}}],"collection":[{"href":"https:\/\/biblian.is\/gudbrandsbiblia\/wp-json\/wp\/v2\/pages"}],"about":[{"href":"https:\/\/biblian.is\/gudbrandsbiblia\/wp-json\/wp\/v2\/types\/page"}],"author":[{"embeddable":true,"href":"https:\/\/biblian.is\/gudbrandsbiblia\/wp-json\/wp\/v2\/users\/1"}],"replies":[{"embeddable":true,"href":"https:\/\/biblian.is\/gudbrandsbiblia\/wp-json\/wp\/v2\/comments?post=3957"}],"version-history":[{"count":0,"href":"https:\/\/biblian.is\/gudbrandsbiblia\/wp-json\/wp\/v2\/pages\/3957\/revisions"}],"wp:attachment":[{"href":"https:\/\/biblian.is\/gudbrandsbiblia\/wp-json\/wp\/v2\/media?parent=3957"}],"curies":[{"name":"wp","href":"https:\/\/api.w.org\/{rel}","templated":true}]}}