{"id":3949,"date":"2017-12-18T18:35:11","date_gmt":"2017-12-18T18:35:11","guid":{"rendered":"http:\/\/biblian.is\/gudbrandsbiblia\/efesusbrefid-1-kafli\/"},"modified":"2017-12-18T18:35:11","modified_gmt":"2017-12-18T18:35:11","slug":"efesusbrefid-1-kafli","status":"publish","type":"page","link":"https:\/\/biblian.is\/gudbrandsbiblia\/efesusbrefid-1-kafli\/","title":{"rendered":"Efesusbr\u00e9fi\u00f0 1. kafli"},"content":{"rendered":"<p>S. P\u00e1ls pistill <\/p>\n<p>til Ephesios<\/p>\n<p>I.<\/p>\n<p>P\u00e1ll apostuli Jes\u00fa Christi fyrir Gu\u00f0s vilja<\/p>\n<p>\t\u00feeim heil\u00f6gum sem eru til Epheso og tr\u00fau\u00f0um \u00e1 Christum Jes\u00fam:<\/p>\n<p>\tN\u00e1\u00f0 s\u00e9 me\u00f0 y\u00f0ur og fri\u00f0ur af Gu\u00f0i vorum f\u00f6\u00f0ur og Drottni Jes\u00fa Christo.<\/p>\n<p>\tBlessa\u00f0ur s\u00e9 Gu\u00f0 og fa\u00f0ir vors Drottins Jes\u00fa Christi, s\u00e1 oss hefur blessa\u00f0 me\u00f0 allsh\u00e1tta\u00f0ri andlegri blessan \u00ed himneskri au\u00f0leg\u00f0 fyrir Christum, so sem hann \u00fatvaldi oss fyrir \u00feann sama \u00e1\u00f0ur en ver\u00f6ldin var grundv\u00f6llu\u00f0 \u00fea\u00f0 v\u00e9r skyldum vera heilagir og \u00f3straffanlegir fyrir honum \u00ed k\u00e6rleikanum og hefur fyrirhuga\u00f0 oss \u00ed sonarleif\u00f0ina til sj\u00e1lfs s\u00edns fyrir Jes\u00fam Christum, eftir \u00fe\u00f3knan s\u00edns vilja, til lofs sinni d\u00fdr\u00f0arlegri n\u00e1\u00f0 fyrir hverja hann hefur oss \u00feakkn\u00e6ma gj\u00f6rt \u00ed s\u00ednum elskulega syni, <span class=\"athugasemd\" title=\"\u00deakkargj\u00f6r\u00f0\">[<\/span><\/p>\n<p>\t\u00ed hverjum v\u00e9r h\u00f6fum endurlausnina fyrir hans bl\u00f3\u00f0, sem er syndanna fyrirgefning, eftir r\u00edkd\u00f3mi hans n\u00e1\u00f0ar sem oss er gn\u00f3glegana \u00fatskipt \u00ed allsh\u00e1ttu\u00f0um v\u00edsd\u00f3mi og forsj\u00e1leik, og hefur oss vita l\u00e1ti\u00f0 leyndan d\u00f3m s\u00edns vilja eftir sinni \u00fe\u00f3knan og hefur \u00feann sama h\u00e9r framflutt fyrir hann \u00fea\u00f0 hann yr\u00f0i pr\u00e9dika\u00f0ur \u00fe\u00e1 uppfylling t\u00edmanna var komin, upp \u00e1 \u00fea\u00f0 a\u00f0 hann til samans taki alla hluti \u00ed Christo, b\u00e6\u00f0i \u00fe\u00e1 sem \u00e1 himni og \u00e1 j\u00f6r\u00f0u eru, fyrir hann sj\u00e1lfan, fyrir hvern v\u00e6r erum einnin til arfskiptis komnir, v\u00e9r sem erum \u00e1\u00f0ur fyrir fram fyrirhuga\u00f0ir eftir forsj\u00f3 \u00feess sem alla hluti verkar eftir r\u00e1\u00f0i s\u00edns vilja, upp \u00e1 \u00fea\u00f0 v\u00e9r s\u00e9um hans d\u00fdr\u00f0 til lofs sem \u00e1\u00f0ur fyrirfram vonu\u00f0um upp \u00e1 Christum,<\/p>\n<p>\tfyrir hvern \u00fe\u00e9r hafi\u00f0 heyrt sannleiksins or\u00f0, sem er evangelium af y\u00f0vari s\u00e1luhj\u00e1lp, fyrir hvert \u00fe\u00e9r (ef \u00fe\u00e9r tr\u00fai\u00f0) eru\u00f0 innsigla\u00f0ir me\u00f0 heil\u00f6gum anda fyrirheitisins s\u00e1 sem a\u00f0 er pantur vorrar arfleif\u00f0ar til vorrar endurlausnar so a\u00f0 v\u00e9r erum or\u00f0nir hans eigin eign til lofs hans d\u00fdr\u00f0ar.<\/p>\n<p>\tHvar fyrir eg einnin, eftir \u00fev\u00ed eg hefi heyrt hj\u00e1 y\u00f0ur \u00fat af \u00feeirri tr\u00fa \u00e1 Drottin Jes\u00fam og af y\u00f0rum k\u00e6rleika til allra heilagra, \u00fe\u00e1 l\u00e6t eg eigi af \u00feakkir a\u00f0 gj\u00f6ra fyri ry\u00f0ur og minnunst y\u00f0ar \u00ed m\u00ednum b\u00e6num \u00fea\u00f0 Gu\u00f0 vors Drottins Jes\u00fa Christi, d\u00fdr\u00f0arinnar fa\u00f0ir, gefi y\u00f0ur v\u00edsd\u00f3msins og uppbirtingaranda til hans eiginnar vi\u00f0urkenningar og uppl\u00fdsi augu y\u00f0vars hugskots \u00fea\u00f0 \u00fe\u00e9r megi\u00f0 vita hver \u00fear s\u00e9 von y\u00f0rar kallanar og hver \u00fear s\u00e9 r\u00edkd\u00f3mur hans d\u00fdr\u00f0arfullrar arfleif\u00f0ar til sinna heilagra og hver \u00fear s\u00e9 hin yfirgn\u00e6fanlega st\u00e6r\u00f0 hans kraftar vi\u00f0 oss, v\u00e9r sem tr\u00faum, eftir verkan hans volduga styrkleiks sem hann hefur verka\u00f0 \u00ed Christo \u00fe\u00e1 hann uppvakti hann af dau\u00f0a og setti til sinnar h\u00e6gri handar \u00e1 himnum yfir allan h\u00f6f\u00f0ingskap, valdsst\u00e9tt, magt og herrad\u00f3m og allt hva\u00f0 nefnast m\u00e1, eigi einasta \u00ed \u00feessari ver\u00f6ld heldur jafnvel \u00ed tilkomandi. Og alla hluti hefur hann honum undir f\u00e6tur lagt og setti hann h\u00f6fu\u00f0 safna\u00f0arins, <span class=\"athugasemd\" title=\"a \/ (Yfir allt) \/ Christus er sl\u00edkt h\u00f6fu\u00f0 safna\u00f0arins a\u00f0 hann er og so einn herra yfir dj\u00f6folinum, heiminum etc.\">[<\/span> yfir allt, hver a\u00f0 er hans l\u00edkami og fylling hans sem alla hluti \u00ed aullum uppfyllir.<\/p>\n","protected":false},"excerpt":{"rendered":"<p>S. P\u00e1ls pistill til Ephesios I. P\u00e1ll apostuli Jes\u00fa Christi fyrir Gu\u00f0s vilja \u00feeim heil\u00f6gum sem eru til Epheso og tr\u00fau\u00f0um \u00e1 Christum Jes\u00fam: N\u00e1\u00f0 s\u00e9 me\u00f0 y\u00f0ur og fri\u00f0ur af Gu\u00f0i vorum f\u00f6\u00f0ur og Drottni Jes\u00fa Christo. Blessa\u00f0ur s\u00e9 Gu\u00f0 og fa\u00f0ir vors Drottins Jes\u00fa Christi, s\u00e1 oss hefur blessa\u00f0 me\u00f0 allsh\u00e1tta\u00f0ri andlegri blessan \u00ed himneskri au\u00f0leg\u00f0 fyrir Christum, so sem hann \u00fatvaldi oss fyrir \u00feann sama \u00e1\u00f0ur en ver\u00f6ldin var grundv\u00f6llu\u00f0 \u00fea\u00f0 v\u00e9r skyldum vera heilagir og \u00f3straffanlegir fyrir honum \u00ed k\u00e6rleikanum og hefur fyrirhuga\u00f0 oss \u00ed sonarleif\u00f0ina til sj\u00e1lfs s\u00edns fyrir Jes\u00fam Christum, eftir \u00fe\u00f3knan s\u00edns vilja, <a href=\"https:\/\/biblian.is\/gudbrandsbiblia\/efesusbrefid-1-kafli\/\"> [&#8230;]<\/a><\/p>\n","protected":false},"author":1,"featured_media":0,"parent":0,"menu_order":0,"comment_status":"open","ping_status":"open","template":"bibliukaflar.php","meta":{"footnotes":""},"class_list":["post-3949","page","type-page","status-publish","hentry"],"_links":{"self":[{"href":"https:\/\/biblian.is\/gudbrandsbiblia\/wp-json\/wp\/v2\/pages\/3949","targetHints":{"allow":["GET"]}}],"collection":[{"href":"https:\/\/biblian.is\/gudbrandsbiblia\/wp-json\/wp\/v2\/pages"}],"about":[{"href":"https:\/\/biblian.is\/gudbrandsbiblia\/wp-json\/wp\/v2\/types\/page"}],"author":[{"embeddable":true,"href":"https:\/\/biblian.is\/gudbrandsbiblia\/wp-json\/wp\/v2\/users\/1"}],"replies":[{"embeddable":true,"href":"https:\/\/biblian.is\/gudbrandsbiblia\/wp-json\/wp\/v2\/comments?post=3949"}],"version-history":[{"count":0,"href":"https:\/\/biblian.is\/gudbrandsbiblia\/wp-json\/wp\/v2\/pages\/3949\/revisions"}],"wp:attachment":[{"href":"https:\/\/biblian.is\/gudbrandsbiblia\/wp-json\/wp\/v2\/media?parent=3949"}],"curies":[{"name":"wp","href":"https:\/\/api.w.org\/{rel}","templated":true}]}}