{"id":3948,"date":"2017-12-18T18:35:11","date_gmt":"2017-12-18T18:35:11","guid":{"rendered":"http:\/\/biblian.is\/gudbrandsbiblia\/galatabrefid-6-kafli\/"},"modified":"2017-12-18T18:35:11","modified_gmt":"2017-12-18T18:35:11","slug":"galatabrefid-6-kafli","status":"publish","type":"page","link":"https:\/\/biblian.is\/gudbrandsbiblia\/galatabrefid-6-kafli\/","title":{"rendered":"Galatabr\u00e9fi\u00f0 6. kafli"},"content":{"rendered":"<p>VI.<\/p>\n<p>Fyrst v\u00e9r lifum \u00ed andanum \u00fe\u00e1 g\u00f6ngum og einnin \u00ed andanum. <span class=\"athugasemd\" title=\"\u00c1minning til Litelatis og\">[<\/span> Verum eigi \u00e1gjarnir h\u00e9g\u00f3mad\u00fdr\u00f0ar hver annan innbyr\u00f0is a\u00f0 reita og a\u00f0 \u00f6funda. K\u00e6rir br\u00e6\u00f0ur, ef ma\u00f0urinn ver\u00f0ur \u00ed einhverjum gl\u00e6p hindra\u00f0ur \u00fe\u00e1 lei\u00f0r\u00e9tti\u00f0 hann me\u00f0 h\u00f3gv\u00e6rum anda, \u00fe\u00e9r sem eru\u00f0 andlegir. Og haf g\u00e1t \u00e1 sj\u00e1lfum \u00fe\u00e9r \u00fea\u00f0 \u00fe\u00fa ver\u00f0ur ekki freista\u00f0ur. Einn beri annars byr\u00f0i og so munu \u00fe\u00e9r uppfylla Christi l\u00f6gm\u00e1l. En ef einhver l\u00e6tur s\u00e9r \u00feykja \u00fea\u00f0 hann s\u00e9 nokku\u00f0 (sem hann er \u00fe\u00f3 ekkert), s\u00e1 t\u00e6lir sj\u00e1lfan sig. Hver einn reyni s\u00edn eigin verk og \u00fe\u00e1 mun hann \u00e1 sj\u00e1lfum s\u00e9r hr\u00f3san hafa og eigi \u00e1 neinum \u00f6\u00f0rum. \u00dev\u00ed a\u00f0 hver einn mun s\u00edna byr\u00f0i bera.<\/p>\n<p>\tEn s\u00e1 er lei\u00f0r\u00e9ttur ver\u00f0ur me\u00f0 or\u00f0inu hann b\u00fdti honum allsh\u00e1ttu\u00f0um au\u00f0\u00e6fum sem hann lei\u00f0r\u00e9ttir. <span class=\"athugasemd\" title=\"G\u00f3\u00f0girnd vi\u00f0 or\u00f0sins \u00fe\u00e9nara\">[<\/span> Fari\u00f0 ei villir vega: Gu\u00f0 l\u00e6tur ekki a\u00f0 s\u00e9r h\u00e6\u00f0a. \u00dev\u00ed hva\u00f0 ma\u00f0urinn s\u00e1ir ni\u00f0ur \u00fea\u00f0 mun hann uppskera. Hver \u00ed holdinu ni\u00f0urs\u00e1ir, s\u00e1 mun af holdinu ska\u00f0semi uppskera. En hver \u00ed andanum ni\u00f0urs\u00e1ir, s\u00e1 mun af andanum uppskera eil\u00edft l\u00edf. \u00dereytunst v\u00e9r eigi gott a\u00f0 gj\u00f6ra \u00fev\u00ed a\u00f0 \u00e1 s\u00ednum t\u00edma munu v\u00e9r einnin \u00f3\u00ferotnandi uppskera. Fyrst v\u00e9r h\u00f6fum n\u00fa t\u00ed\u00f0ina \u00fe\u00e1 gj\u00f6rum gott hverjum manni, einna mest \u00feeim sem eru tr\u00faarinnar heimkynni.<\/p>\n<p>\tSj\u00e1i\u00f0, hve m\u00f6rg or\u00f0 eg skrifa\u00f0i y\u00f0ur me\u00f0 eiginni hendi. \u00deeir e\u00f0 sig vilja \u00feakkn\u00e6ma gj\u00f6ra eftir holdinu \u00feeir \u00fevinga y\u00f0ur til a\u00f0 umskerast einasta upp \u00e1 \u00fea\u00f0 \u00feeir ver\u00f0i eigi me\u00f0 krossi Christi ofs\u00f3ttir. \u00dev\u00ed a\u00f0 \u00feeir sj\u00e1lfir sem sig l\u00e1ta umskera halda ekki l\u00f6gm\u00e1li\u00f0 heldur vilja \u00feeir \u00fea\u00f0 a\u00f0 \u00fe\u00e9r l\u00e1ti\u00f0 umskera y\u00f0ur so a\u00f0 \u00feeir megi hr\u00f3sa s\u00e9r af y\u00f0ru holdi. En fj\u00e6rri s\u00e9 m\u00e9r a\u00f0 hr\u00f3sast nema einasta \u00ed krossi vors Drottins Jes\u00fa Christi, fyrir hvern m\u00e9r er heimurinn krossfestur og eg heiminum. \u00dev\u00ed a\u00f0 \u00ed Christo Jes\u00fa dugir hverki umskurn n\u00e9 yfirh\u00fa\u00f0 nokkurt heldur n\u00fd skepna. Og so margir sem eftir \u00feessari <span class=\"athugasemd\" title=\"a \/ (Reglu) \/ \u00deessi regla er eigi manns l\u00e6rd\u00f3mur heldur \u00fea\u00f0 evangelium og tr\u00faan \u00e1 Christus og \u00feessar benjar eru ekki \u00f6rin Krists l\u00edkama heldur allsh\u00e1ttu\u00f0 p\u00edna sem v\u00e9r berum fyrir Krists sakir\">[<\/span> reglu ganga yfir \u00feeim s\u00e9 fri\u00f0ur og miskunn og yfir \u00cdsrael Gu\u00f0s. H\u00e9r eftir gj\u00f6ri m\u00e9r engin meiri m\u00e6\u00f0u \u00fev\u00ed a\u00f0 eg ber jafnan benjar Drottins \u00e1 m\u00ednum l\u00edkama. N\u00e1\u00f0 vors Drottins Jes\u00fa Christi s\u00e9 me\u00f0 y\u00f0rum anda, k\u00e6rir br\u00e6\u00f0ur. Amen.<\/p>\n<p>Til \u00feeirra \u00ed Galatia <\/p>\n<p>sendur af Roma<\/p>\n","protected":false},"excerpt":{"rendered":"<p>VI. Fyrst v\u00e9r lifum \u00ed andanum \u00fe\u00e1 g\u00f6ngum og einnin \u00ed andanum. [ Verum eigi \u00e1gjarnir h\u00e9g\u00f3mad\u00fdr\u00f0ar hver annan innbyr\u00f0is a\u00f0 reita og a\u00f0 \u00f6funda. K\u00e6rir br\u00e6\u00f0ur, ef ma\u00f0urinn ver\u00f0ur \u00ed einhverjum gl\u00e6p hindra\u00f0ur \u00fe\u00e1 lei\u00f0r\u00e9tti\u00f0 hann me\u00f0 h\u00f3gv\u00e6rum anda, \u00fe\u00e9r sem eru\u00f0 andlegir. Og haf g\u00e1t \u00e1 sj\u00e1lfum \u00fe\u00e9r \u00fea\u00f0 \u00fe\u00fa ver\u00f0ur ekki freista\u00f0ur. Einn beri annars byr\u00f0i og so munu \u00fe\u00e9r uppfylla Christi l\u00f6gm\u00e1l. En ef einhver l\u00e6tur s\u00e9r \u00feykja \u00fea\u00f0 hann s\u00e9 nokku\u00f0 (sem hann er \u00fe\u00f3 ekkert), s\u00e1 t\u00e6lir sj\u00e1lfan sig. Hver einn reyni s\u00edn eigin verk og \u00fe\u00e1 mun hann \u00e1 sj\u00e1lfum s\u00e9r hr\u00f3san hafa <a href=\"https:\/\/biblian.is\/gudbrandsbiblia\/galatabrefid-6-kafli\/\"> [&#8230;]<\/a><\/p>\n","protected":false},"author":1,"featured_media":0,"parent":0,"menu_order":0,"comment_status":"open","ping_status":"open","template":"bibliukaflar.php","meta":{"footnotes":""},"class_list":["post-3948","page","type-page","status-publish","hentry"],"_links":{"self":[{"href":"https:\/\/biblian.is\/gudbrandsbiblia\/wp-json\/wp\/v2\/pages\/3948","targetHints":{"allow":["GET"]}}],"collection":[{"href":"https:\/\/biblian.is\/gudbrandsbiblia\/wp-json\/wp\/v2\/pages"}],"about":[{"href":"https:\/\/biblian.is\/gudbrandsbiblia\/wp-json\/wp\/v2\/types\/page"}],"author":[{"embeddable":true,"href":"https:\/\/biblian.is\/gudbrandsbiblia\/wp-json\/wp\/v2\/users\/1"}],"replies":[{"embeddable":true,"href":"https:\/\/biblian.is\/gudbrandsbiblia\/wp-json\/wp\/v2\/comments?post=3948"}],"version-history":[{"count":0,"href":"https:\/\/biblian.is\/gudbrandsbiblia\/wp-json\/wp\/v2\/pages\/3948\/revisions"}],"wp:attachment":[{"href":"https:\/\/biblian.is\/gudbrandsbiblia\/wp-json\/wp\/v2\/media?parent=3948"}],"curies":[{"name":"wp","href":"https:\/\/api.w.org\/{rel}","templated":true}]}}