{"id":3943,"date":"2017-12-18T18:35:11","date_gmt":"2017-12-18T18:35:11","guid":{"rendered":"http:\/\/biblian.is\/gudbrandsbiblia\/galatabrefid-1-kafli\/"},"modified":"2017-12-18T18:35:11","modified_gmt":"2017-12-18T18:35:11","slug":"galatabrefid-1-kafli","status":"publish","type":"page","link":"https:\/\/biblian.is\/gudbrandsbiblia\/galatabrefid-1-kafli\/","title":{"rendered":"Galatabr\u00e9fi\u00f0 1. kafli"},"content":{"rendered":"<p>S. P\u00e1ls pistill <\/p>\n<p>til Galatas<\/p>\n<p>I.<\/p>\n<p>P\u00e1ll, einn apostuli, eigi af m\u00f6nnum n\u00e9 heldur fyrir manninn heldur fyrir Jes\u00fam Christum og Gu\u00f0 f\u00f6\u00f0ur, s\u00e1 hann upp vakti af dau\u00f0a, og allir \u00feeir br\u00e6\u00f0ur sem me\u00f0ur m\u00e9r eru<\/p>\n<p>\tS\u00f6fnu\u00f0inum \u00ed Galatia:<\/p>\n<p>\tN\u00e1\u00f0 s\u00e9 me\u00f0 y\u00f0ur og fri\u00f0ur af Gu\u00f0i f\u00f6\u00f0ur og vorum Drottni Jes\u00fa Christo sem sj\u00e1lfan sig hefur \u00fatgefi\u00f0 fyrir vorar syndir \u00fea\u00f0 hann frelsa\u00f0i oss \u00ed fr\u00e1 \u00feessari n\u00e1l\u00e6gri vondri ver\u00f6ld eftir Gu\u00f0s vilja og vors f\u00f6\u00f0urs, hverjum a\u00f0 s\u00e9 d\u00fdr\u00f0 um aldir alda. Amen.<\/p>\n<p>\tMig undrar \u00fea\u00f0 a\u00f0 \u00fe\u00e9r l\u00e9tu\u00f0 so snart sn\u00faa y\u00f0ur \u00ed fr\u00e1 \u00feeim sem y\u00f0ur kalla\u00f0i \u00ed n\u00e1\u00f0ina Christi upp \u00e1 anna\u00f0 evangelium, sem \u00fear er \u00fe\u00f3 ekkert anna\u00f0. Utan \u00fea\u00f0 a\u00f0 \u00fear eru nokkrir sem y\u00f0ur villa og umsn\u00faa vilja Christi evangelio. En \u00fe\u00f3 a\u00f0 v\u00e9r e\u00f0a engill af himni pr\u00e9dika\u00f0i y\u00f0ur anna\u00f0 evangelium en \u00fea\u00f0 v\u00e9r h\u00f6fum pr\u00e9dika\u00f0 y\u00f0ur, s\u00e1 s\u00e9 b\u00f6lva\u00f0ur. Svo sem v\u00e9r s\u00f6g\u00f0um n\u00fa \u00ed sta\u00f0 so segjum v\u00e9r enn aftur a\u00f0 n\u00fdju: \u00dea\u00f0 ef nokkur pr\u00e9dikar y\u00f0ur anna\u00f0 evangelium en a\u00f0 \u00fe\u00e9r hafi\u00f0 me\u00f0taki\u00f0, s\u00e9 s\u00e1 b\u00f6lva\u00f0ur. Pr\u00e9dika eg n\u00fa \u00fea\u00f0 m\u00f6nnum e\u00f0a Gu\u00f0i til \u00fej\u00f3nustu? E\u00f0a \u00feenki eg m\u00f6nnum \u00feekkur a\u00f0 vera? \u00dev\u00ed ef eg hef\u00f0i hinga\u00f0 til m\u00f6nnum \u00feekkur veri\u00f0 \u00fe\u00e1 v\u00e6ri eg ekki Christi \u00fe\u00e9nari. <span class=\"athugasemd\" title=\"1. Cor. 15 \/ 2. Cor. 12\">[<\/span><\/p>\n<p>\tEn eg kunngj\u00f6ri y\u00f0ur, k\u00e6rir br\u00e6\u00f0ur, a\u00f0 \u00fea\u00f0 evangelium sem af m\u00e9r er pr\u00e9dika\u00f0 er ekki af m\u00f6nnum. \u00dev\u00ed a\u00f0 eg hefi \u00fea\u00f0 af \u00f6ngvum manni me\u00f0teki\u00f0 n\u00e9 l\u00e6rt heldur fyrir opinberan Jes\u00fa Christi. \u00dev\u00ed a\u00f0 \u00fe\u00e9r hafi\u00f0 vel heyrt mitt ath\u00e6fi for\u00f0um daga \u00ed j\u00fa\u00f0ad\u00f3mnum \u00fea\u00f0 eg ofs\u00f3tti yfirm\u00e1ta Gu\u00f0s safnan og fram yfir marga m\u00edna jafningja \u00ed m\u00ednu kyni vandl\u00e6tti eg yfirm\u00e1ta um fe\u00f0ranna kenning.<\/p>\n<p>\tEn \u00fe\u00e1 \u00fea\u00f0 \u00fe\u00f3kna\u00f0ist Gu\u00f0i, s\u00e1 mig hefur fr\u00e1skili\u00f0 \u00ed fr\u00e1 minnar m\u00f3\u00f0ur kvi\u00f0i og kalla\u00f0 fyrir s\u00edna n\u00e1\u00f0, \u00fea\u00f0 hann opinbera\u00f0i \u00ed m\u00e9r sinn son so a\u00f0 eg skyldi kunngj\u00f6ra hann fyrir evangelium me\u00f0al hei\u00f0nna \u00fej\u00f3\u00f0a. <span class=\"athugasemd\" title=\"Jerem. 1\">[<\/span> Og jafnsnart f\u00f3r eg til og r\u00e1\u00f0ga\u00f0ist ei vi\u00f0 hold og bl\u00f3\u00f0. Og ei kom eg aftur \u00ed Jer\u00fasalem til \u00feeirra sem fyrir m\u00e9r voru postular heldur f\u00f3r eg burt \u00ed Arabiam og kom so aftur til Damasco. Eftir \u00fea\u00f0 a\u00f0 \u00ferimur \u00e1rum li\u00f0num kom eg til Jer\u00fasalem a\u00f0 sj\u00e1 Petrum og eg dvaldist hj\u00e1 honum um fimmt\u00e1n daga. En annan af postulunum s\u00e1 eg \u00f6ngvan, nema Jacobum, br\u00f3\u00f0ur Drottins. Og \u00fea\u00f0 eg skrifa y\u00f0ur, sj\u00e1i\u00f0, Gu\u00f0 veit \u00fea\u00f0 eg l\u00fdg ekki.<\/p>\n<p>\tEftir \u00fea\u00f0 kom eg \u00ed lands\u00e1lfur Syrie og Silicie. <span class=\"athugasemd\" title=\"2. Cor. 2\">[<\/span> En eg var \u00f3kenndur a\u00f0 yfirliti Christi s\u00f6fnu\u00f0um \u00ed Judea. En \u00feeir h\u00f6f\u00f0u alleinasta heyrt \u00fea\u00f0 &#8222;s\u00e1 oss \u00e1\u00f0ur til forna ofs\u00f3tti hann pr\u00e9dikar n\u00fa tr\u00fana hverja hann \u00e1\u00f0ur ni\u00f0urbraut.&#8220; Og \u00feeir vegs\u00f6mu\u00f0u Gu\u00f0 yfir m\u00e9r.<\/p>\n","protected":false},"excerpt":{"rendered":"<p>S. P\u00e1ls pistill til Galatas I. P\u00e1ll, einn apostuli, eigi af m\u00f6nnum n\u00e9 heldur fyrir manninn heldur fyrir Jes\u00fam Christum og Gu\u00f0 f\u00f6\u00f0ur, s\u00e1 hann upp vakti af dau\u00f0a, og allir \u00feeir br\u00e6\u00f0ur sem me\u00f0ur m\u00e9r eru S\u00f6fnu\u00f0inum \u00ed Galatia: N\u00e1\u00f0 s\u00e9 me\u00f0 y\u00f0ur og fri\u00f0ur af Gu\u00f0i f\u00f6\u00f0ur og vorum Drottni Jes\u00fa Christo sem sj\u00e1lfan sig hefur \u00fatgefi\u00f0 fyrir vorar syndir \u00fea\u00f0 hann frelsa\u00f0i oss \u00ed fr\u00e1 \u00feessari n\u00e1l\u00e6gri vondri ver\u00f6ld eftir Gu\u00f0s vilja og vors f\u00f6\u00f0urs, hverjum a\u00f0 s\u00e9 d\u00fdr\u00f0 um aldir alda. Amen. Mig undrar \u00fea\u00f0 a\u00f0 \u00fe\u00e9r l\u00e9tu\u00f0 so snart sn\u00faa y\u00f0ur \u00ed fr\u00e1 \u00feeim sem <a href=\"https:\/\/biblian.is\/gudbrandsbiblia\/galatabrefid-1-kafli\/\"> [&#8230;]<\/a><\/p>\n","protected":false},"author":1,"featured_media":0,"parent":0,"menu_order":0,"comment_status":"open","ping_status":"open","template":"bibliukaflar.php","meta":{"footnotes":""},"class_list":["post-3943","page","type-page","status-publish","hentry"],"_links":{"self":[{"href":"https:\/\/biblian.is\/gudbrandsbiblia\/wp-json\/wp\/v2\/pages\/3943","targetHints":{"allow":["GET"]}}],"collection":[{"href":"https:\/\/biblian.is\/gudbrandsbiblia\/wp-json\/wp\/v2\/pages"}],"about":[{"href":"https:\/\/biblian.is\/gudbrandsbiblia\/wp-json\/wp\/v2\/types\/page"}],"author":[{"embeddable":true,"href":"https:\/\/biblian.is\/gudbrandsbiblia\/wp-json\/wp\/v2\/users\/1"}],"replies":[{"embeddable":true,"href":"https:\/\/biblian.is\/gudbrandsbiblia\/wp-json\/wp\/v2\/comments?post=3943"}],"version-history":[{"count":0,"href":"https:\/\/biblian.is\/gudbrandsbiblia\/wp-json\/wp\/v2\/pages\/3943\/revisions"}],"wp:attachment":[{"href":"https:\/\/biblian.is\/gudbrandsbiblia\/wp-json\/wp\/v2\/media?parent=3943"}],"curies":[{"name":"wp","href":"https:\/\/api.w.org\/{rel}","templated":true}]}}