{"id":3941,"date":"2017-12-18T18:35:11","date_gmt":"2017-12-18T18:35:11","guid":{"rendered":"http:\/\/biblian.is\/gudbrandsbiblia\/sidara-korintubref-12-kafli\/"},"modified":"2017-12-18T18:35:11","modified_gmt":"2017-12-18T18:35:11","slug":"sidara-korintubref-12-kafli","status":"publish","type":"page","link":"https:\/\/biblian.is\/gudbrandsbiblia\/sidara-korintubref-12-kafli\/","title":{"rendered":"S\u00ed\u00f0ara Korintubr\u00e9f 12. kafli"},"content":{"rendered":"<p>XII.<\/p>\n<p>\u00de\u00f3 a\u00f0 hr\u00f3sunin s\u00e9 m\u00e9r ekki nytsamleg \u00fe\u00e1 vil eg \u00fe\u00f3 koma vi\u00f0 sj\u00f3nirnar og opinberingar Drottins. <span class=\"athugasemd\" title=\"Sj\u00f3nir og opinberanir S. P\u00e1ls\">[<\/span> Eg \u00feekki mann \u00ed Christo. Fyrir fj\u00f3rt\u00e1n \u00e1rum (var hann \u00ed l\u00edkamanum, \u00fea\u00f0 veit eg eigi e\u00f0a var hann utan l\u00edkama, veit eg eigi, Gu\u00f0 veit \u00fea\u00f0) \u0096 s\u00e1 sami var\u00f0 ryktur allt upp \u00ed hinn \u00feri\u00f0ja himin. Og eg \u00feekki gl\u00f6ggt \u00feann mann. Hvort hann var \u00ed l\u00edkama e\u00f0ur utan l\u00edkama veit eg eigi, Gu\u00f0 veit \u00fea\u00f0. Hann var\u00f0 upprykktur \u00ed parad\u00eds og heyr\u00f0i \u00f3umr\u00e6\u00f0ileg or\u00f0 \u00feau sem enginn mann f\u00e6r \u00fat tala\u00f0. Af \u00feessu vil eg m\u00e9r hr\u00f3sa en af sj\u00e1lfum m\u00e9r til vil eg ekki hr\u00f3sa meir nema einasta m\u00edns breyskleika. Og \u00fe\u00f3tt a\u00f0 eg vilji m\u00e9r hr\u00f3sa gj\u00f6r\u00f0a eg ekki fyrir \u00fea\u00f0 f\u00edflslegana \u00fev\u00ed a\u00f0 eg vil segja sannleikinn. En eg sporna vi\u00f0 \u00fev\u00ed \u00fear fyrir \u00fea\u00f0 enginn haldi mig \u00e6\u00f0ra en so sem hann \u00e1 m\u00e9r s\u00e9r e\u00f0a af m\u00e9r heyrir. <\/p>\n<p>\tOg so a\u00f0 eg st\u00e6ri mig ekki af mikilleik \u00feessara opinberinga er m\u00e9r gefinn <span class=\"athugasemd\" title=\"a \/ (Fleinn) \/ Kallast h\u00e9r ei freisting holdsins til lostaseminnar heldur st\u00f3r pl\u00e1ga og skelfing af dj\u00f6flinum. \u00dev\u00ed a\u00f0 \u00fea\u00f0 er fleinn sem menn ver\u00f0a \u00e1 p\u00edndir, hengdir e\u00f0a stegldir\">[<\/span> fleinn \u00ed holdi\u00f0, einkum andskotans engill, hver mig me\u00f0 knefum sl\u00e6r, upp \u00e1 \u00fea\u00f0 eg st\u00e6ri mig ekki. Um hva\u00f0 eg hefi Drottin \u00ferisvar be\u00f0i\u00f0 \u00fea\u00f0 hann viki \u00ed burt fr\u00e1 m\u00e9r. Og hann sag\u00f0i til m\u00edn: &#8222;L\u00e1t \u00fe\u00e9r n\u00e6gja m\u00edna n\u00e1\u00f0. \u00dev\u00ed a\u00f0 minn kraftur er \u00ed breyskvum m\u00e1ttugur.&#8220; Fyrir \u00fea\u00f0 vil eg sem fegnastur hr\u00f3sa m\u00e9r m\u00edns breyskleika so a\u00f0 kraftur Krists byggi me\u00f0ur m\u00e9r. Fyrir \u00fev\u00ed em eg g\u00f3\u00f0huga\u00f0ur \u00ed breyskleikum, \u00ed vanvir\u00f0ingum, \u00ed nau\u00f0um, \u00ed ofs\u00f3knum, \u00ed \u00ferengingum Krists vegna. \u00dev\u00ed n\u00e6r eg em breystkur \u00fe\u00e1 em eg \u00f6flugur.<\/p>\n<p>\tEg em f\u00edfl or\u00f0inn af \u00feeirri hr\u00f3san til hverrar \u00fe\u00e9r \u00fevingi\u00f0 mig. \u00dev\u00ed a\u00f0 eg \u00e1tti a\u00f0 lofast af y\u00f0ur af \u00fev\u00ed a\u00f0 eg em \u00f6ngvum mun minnri en hinir \u00e6\u00f0stu postular \u00fe\u00f3 a\u00f0 eg s\u00e9 ekert. Af \u00fev\u00ed \u00fear eru postulateikn gj\u00f6r\u00f0 y\u00f0ar \u00e1 millri \u00ed allri \u00feolinm\u00e6\u00f0i, \u00ed t\u00e1knum, \u00ed st\u00f3rmerkjum og kraftaverkum. \u00dev\u00ed \u00ed hverju er \u00fea\u00f0 a\u00f0 \u00fe\u00e9r eru\u00f0 minnih\u00e1ttar en a\u00f0rar samkundur? Enema alleinasta \u00ed \u00fev\u00ed \u00fea\u00f0 eg veitta y\u00f0ur eigi sj\u00e1lfur neinn \u00feunga. Fyrirl\u00e1ti\u00f0 m\u00e9r \u00feann gl\u00e6p. Sj\u00e1i\u00f0, eg em rei\u00f0ub\u00fainn \u00ed \u00feri\u00f0ja sinn a\u00f0 koma til y\u00f0ar og eg vil eigi vera y\u00f0ur \u00feungur. Af \u00fev\u00ed eg spyr ekki eftir y\u00f0ru heldur a\u00f0 y\u00f0ur \u00fev\u00ed b\u00f6rnin eiga \u00f6ngvan au\u00f0 foreldrunum saman a\u00f0 safna heldur foreldrarnir b\u00f6rnunum.<\/p>\n<p>\tEn eg vil sem fegnastur gefa mig \u00fat og \u00fatgefinn ver\u00f0a fyrir y\u00f0rar s\u00e1lir hversu sem eg elska y\u00f0ur mj\u00f6g og eg \u00fe\u00f3 l\u00edtt elska\u00f0ur ver\u00f0. En l\u00e1ti\u00f0 \u00fea\u00f0 so vera eg hafi ekki gj\u00f6rt y\u00f0ur \u00feyngsl heldur me\u00f0 \u00fev\u00ed eg var sl\u00e6gur veidda eg y\u00f0ur me\u00f0 sl\u00e6g\u00f0um. En hefi eg nokkurn \u00e1 t\u00e1lar dregi\u00f0 fyrir einhvern \u00feeirra sem eg senda til y\u00f0ar? Eg \u00e1minnta Titum og sendi me\u00f0 honum einn br\u00f3\u00f0ur. Hefur T\u00edtus nokku\u00f0 t\u00e6lt y\u00f0ur? H\u00f6fum v\u00e9r ekki \u00ed einum anda og \u00ed s\u00f6mum f\u00f3tsporum gengi\u00f0? L\u00e1ti\u00f0 y\u00f0ur n\u00fa \u00feykja aftur \u00fea\u00f0 v\u00e9r forsv\u00f6rum oss vi\u00f0 y\u00f0ur. V\u00e9r t\u00f6lum \u00ed Christo fyrir Gu\u00f0i.<\/p>\n<p>\tEn allt \u00feetta sker y\u00f0ur, m\u00ednir k\u00e6rustu, til betranar. \u00dev\u00ed eg \u00f3ttunst ef a\u00f0 eg kem a\u00f0 eg finni y\u00f0ur ekki svo sem a\u00f0 eg vil og \u00fe\u00e9r finni\u00f0 mig ekki sem \u00fe\u00e9r vilji\u00f0, svo \u00fear s\u00e9 ekkert hat, agg, rei\u00f0i, \u00fer\u00e6ta, bakm\u00e6lgi, kvis, hrokaskapur og \u00f3r\u00f3i y\u00f0ar \u00e1 milli. Svo a\u00f0 \u00fe\u00e1 er eg kem \u00fea\u00f0 Gu\u00f0 ni\u00f0url\u00e6gi mig enn aftur a\u00f0 n\u00fdju hj\u00e1 y\u00f0ur og eg hlj\u00f3ti ekka a\u00f0 l\u00ed\u00f0a yfir m\u00f6rgum \u00feeim er \u00e1\u00f0ur h\u00f6f\u00f0u syndgast og \u00f6ngva yfirb\u00f3t gj\u00f6r\u00f0u fyrir \u00feann \u00f3hreinleik, h\u00f3ranir og \u00f3r\u00e1\u00f0vendi sem \u00feeir hafa frami\u00f0.<\/p>\n","protected":false},"excerpt":{"rendered":"<p>XII. \u00de\u00f3 a\u00f0 hr\u00f3sunin s\u00e9 m\u00e9r ekki nytsamleg \u00fe\u00e1 vil eg \u00fe\u00f3 koma vi\u00f0 sj\u00f3nirnar og opinberingar Drottins. [ Eg \u00feekki mann \u00ed Christo. Fyrir fj\u00f3rt\u00e1n \u00e1rum (var hann \u00ed l\u00edkamanum, \u00fea\u00f0 veit eg eigi e\u00f0a var hann utan l\u00edkama, veit eg eigi, Gu\u00f0 veit \u00fea\u00f0) \u0096 s\u00e1 sami var\u00f0 ryktur allt upp \u00ed hinn \u00feri\u00f0ja himin. Og eg \u00feekki gl\u00f6ggt \u00feann mann. Hvort hann var \u00ed l\u00edkama e\u00f0ur utan l\u00edkama veit eg eigi, Gu\u00f0 veit \u00fea\u00f0. Hann var\u00f0 upprykktur \u00ed parad\u00eds og heyr\u00f0i \u00f3umr\u00e6\u00f0ileg or\u00f0 \u00feau sem enginn mann f\u00e6r \u00fat tala\u00f0. Af \u00feessu vil eg m\u00e9r hr\u00f3sa en <a href=\"https:\/\/biblian.is\/gudbrandsbiblia\/sidara-korintubref-12-kafli\/\"> [&#8230;]<\/a><\/p>\n","protected":false},"author":1,"featured_media":0,"parent":0,"menu_order":0,"comment_status":"open","ping_status":"open","template":"bibliukaflar.php","meta":{"footnotes":""},"class_list":["post-3941","page","type-page","status-publish","hentry"],"_links":{"self":[{"href":"https:\/\/biblian.is\/gudbrandsbiblia\/wp-json\/wp\/v2\/pages\/3941","targetHints":{"allow":["GET"]}}],"collection":[{"href":"https:\/\/biblian.is\/gudbrandsbiblia\/wp-json\/wp\/v2\/pages"}],"about":[{"href":"https:\/\/biblian.is\/gudbrandsbiblia\/wp-json\/wp\/v2\/types\/page"}],"author":[{"embeddable":true,"href":"https:\/\/biblian.is\/gudbrandsbiblia\/wp-json\/wp\/v2\/users\/1"}],"replies":[{"embeddable":true,"href":"https:\/\/biblian.is\/gudbrandsbiblia\/wp-json\/wp\/v2\/comments?post=3941"}],"version-history":[{"count":0,"href":"https:\/\/biblian.is\/gudbrandsbiblia\/wp-json\/wp\/v2\/pages\/3941\/revisions"}],"wp:attachment":[{"href":"https:\/\/biblian.is\/gudbrandsbiblia\/wp-json\/wp\/v2\/media?parent=3941"}],"curies":[{"name":"wp","href":"https:\/\/api.w.org\/{rel}","templated":true}]}}