{"id":3940,"date":"2017-12-18T18:35:11","date_gmt":"2017-12-18T18:35:11","guid":{"rendered":"http:\/\/biblian.is\/gudbrandsbiblia\/sidara-korintubref-11-kafli\/"},"modified":"2017-12-18T18:35:11","modified_gmt":"2017-12-18T18:35:11","slug":"sidara-korintubref-11-kafli","status":"publish","type":"page","link":"https:\/\/biblian.is\/gudbrandsbiblia\/sidara-korintubref-11-kafli\/","title":{"rendered":"S\u00ed\u00f0ara Korintubr\u00e9f 11. kafli"},"content":{"rendered":"<p>XI.<\/p>\n<p>En hver s\u00e9r hr\u00f3sar, s\u00e1 hr\u00f3si s\u00e9r \u00ed Drottni. \u00dev\u00ed fyrir \u00fea\u00f0 er enginn reyndur \u00fea\u00f0 hann lofar sig sj\u00e1lfur heldur \u00fea\u00f0 Drottinn lofar hann. G\u00e6fi Gu\u00f0 \u00fe\u00e9r h\u00e9ldu\u00f0 m\u00e9r litla eina f\u00e1visku til g\u00f3\u00f0a \u00fev\u00ed eg vanda um vi\u00f0 y\u00f0ur me\u00f0 gu\u00f0legu vandl\u00e6ti. \u00dev\u00ed a\u00f0 eg hefi fastna\u00f0 y\u00f0ur einum manni svo a\u00f0 eg \u00ed hendur selda Kristi eina sk\u00edrl\u00edfa mey. En \u00fea\u00f0 \u00f3ttunst eg a\u00f0 l\u00edka sem h\u00f6ggormurinn t\u00e6ldi Evu me\u00f0 sinni fl\u00e1r\u00e6\u00f0i so l\u00edka megi og fordjarfast y\u00f0ar hugskot og affalla \u00ed fr\u00e1 \u00feeim einfaldleik sem er \u00ed Christo. <span class=\"athugasemd\" title=\"Gen. 3\">[<\/span> \u00dev\u00ed ef s\u00e1 sami sem til y\u00f0ar kemur pr\u00e9dika\u00f0i einn annan Jes\u00fam, \u00feann v\u00e9r h\u00f6fum ei pr\u00e9dika\u00f0, e\u00f0a ef \u00fe\u00e9r me\u00f0t\u00e6kju\u00f0 annan anda \u00feann \u00fe\u00e9r h\u00f6f\u00f0u\u00f0 ekki me\u00f0teki\u00f0, elligar anna\u00f0 evangelium \u00fea\u00f0 \u00fe\u00e9r h\u00f6f\u00f0u\u00f0 ekki me\u00f0teki\u00f0, \u00fe\u00e1 umli\u00f0u \u00fe\u00e9r \u00fea\u00f0 r\u00e9ttlega.<\/p>\n<p>\t\u00dev\u00ed a\u00f0 eg held \u00fea\u00f0 eg s\u00e9 eigi minni heldur en .\u00feeir hinir \u00e6\u00f0ri postular eru. Og \u00fe\u00f3tt eg s\u00e9 f\u00e1fr\u00f3\u00f0ur \u00ed m\u00e1linu \u00fe\u00e1 em eg \u00fe\u00f3 eigi f\u00e1fr\u00f3\u00f0ur \u00ed vi\u00f0urkenningunni. \u00dev\u00ed eg em hj\u00e1 y\u00f0ur \u00f6ldungis vel kenndur. E\u00f0a hefi eg syndgast \u00ed m\u00f3ti \u00fev\u00ed \u00fea\u00f0 eg minnka\u00f0i mig so a\u00f0 \u00fe\u00e9r upphef\u00f0ust? \u00dev\u00ed a\u00f0 eg hefi kunngj\u00f6rt y\u00f0ur \u00feetta evangelium fyrir ekkert og eg hefi r\u00e6nt a\u00f0rar samkundur og ver\u00f0launin af \u00feeim teki\u00f0 \u00fea\u00f0 eg pr\u00e9dika\u00f0i y\u00f0ur. Og \u00feann t\u00ed\u00f0 eg var hj\u00e1 y\u00f0ur n\u00e1l\u00e6gur og mig skorti var eg \u00f6ngum \u00feungur \u00fev\u00ed m\u00edna nau\u00f0\u00feurft uppfylldu \u00feeir br\u00e6\u00f0ur sem komu af Macedonia. Og \u00ed \u00f6llum hlutum g\u00e6tta eg m\u00edn a\u00f0 vera utan \u00feyngsla vi\u00f0 y\u00f0ur og svo vil eg og g\u00e6ta m\u00edn h\u00e9\u00f0an \u00ed fr\u00e1.<\/p>\n<p>\t\u00dev\u00ed so sannarlega sem Krists sannleikur er \u00ed m\u00e9r \u00fe\u00e1 skal m\u00e9r \u00feessi hr\u00f3san \u00ed h\u00e9r\u00f6\u00f0um Achaia ekki tilst\u00edfld ver\u00f0a. Hvar fyrir? A\u00f0 eg skyldi ei elska y\u00f0ur? Gu\u00f0 veit \u00fea\u00f0. En hva\u00f0 eg gj\u00f6ri og vil gj\u00f6ra \u00fea\u00f0 gj\u00f6ri eg fyrir \u00fea\u00f0 a\u00f0 eg afsn\u00ed\u00f0i \u00feeim \u00fea\u00f0 tilefni sem tilefnis fara \u00e1 leit \u00fea\u00f0 \u00feeir m\u00e6ttu hr\u00f3sa s\u00e9r a\u00f0 \u00feeir s\u00e9 so sem v\u00e9r. \u00dev\u00ed a\u00f0 \u00feessh\u00e1ttar falspostular og sviksamlegir erfi\u00f0ismenn gj\u00f6ra sig a\u00f0 Krists postulum. Og \u00fea\u00f0 eru eigi undur \u00fev\u00ed sj\u00e1lfur andskotinn umsn\u00fdr s\u00e9r stundum til lj\u00f3ssins engils. Fyrir \u00fev\u00ed er \u00fea\u00f0 eigi mikilsvert \u00fe\u00f3tt hans \u00fe\u00e9narar umvendi s\u00e9r einnin til r\u00e9ttl\u00e6tisins pr\u00e9dikara, hverra endalok munu ver\u00f0a eftir \u00feeirra verkum.<\/p>\n<p>\tEg segi n\u00fa enn aftur \u00fea\u00f0 enginn meini \u00fea\u00f0 eg s\u00e9 f\u00e1v\u00eds. En ef eigi, \u00fe\u00e1 me\u00f0taki\u00f0 mig sem annan f\u00e1v\u00edsan so \u00fea\u00f0 eg hr\u00f3si m\u00e9r einnin nokku\u00f0 l\u00edti\u00f0. Hva\u00f0 eg tala n\u00fa \u00fea\u00f0 tala eg, eigi svo sem \u00ed Drottni, heldur so sem \u00ed f\u00e1visku, me\u00f0 \u00fev\u00ed v\u00e9r erum \u00ed hr\u00f3sunina komnir. Af \u00fev\u00ed margir hr\u00f3sa s\u00e9r eftirholdinu vil eg einnin hr\u00f3sa m\u00e9r. \u00dev\u00ed a\u00f0 \u00fe\u00e9r uml\u00ed\u00f0i\u00f0 gjarnan f\u00e1fr\u00f3\u00f0a me\u00f0 \u00fev\u00ed \u00fe\u00e9r eru\u00f0 sj\u00e1lfir vitrir. \u00de\u00e9r uml\u00ed\u00f0i\u00f0 \u00fe\u00f3tt nokkur hneppi y\u00f0ur \u00ed \u00fer\u00e6lkan, \u00fe\u00f3tt nokkur f\u00e9fletti y\u00f0ur, \u00fe\u00f3tt nokkur taki fr\u00e1 y\u00f0ur, \u00fe\u00f3tt nokkur hrokist upp vi\u00f0 y\u00f0ur, \u00fe\u00f3tt nokkur sl\u00e1i \u00ed y\u00f0ra \u00e1sj\u00f3nu. \u00deetta segi eg eftir \u00f3vir\u00f0ing so sem a\u00f0 v\u00e6rum v\u00e9r breyskvir vor\u00f0nir.<\/p>\n<p>\t\u00cd hverju helst sem \u00fea\u00f0 nokkur er djarfur \u0096 eg tala \u00ed heimsku \u0096 \u00fe\u00e1 em eg einnin djarfur. \u00deeir eru ebreskir \u0096 eg einnin. \u00deeir eru Israeliti \u0096 eg einnin. \u00deeir eru Abrahams s\u00e6\u00f0i \u0096 eg einnin. \u00deeir eru Krists \u00fe\u00e9narar \u0096 eg tala heimskulega \u0096 eg em miklu framar. Eg hefi meir erfi\u00f0a\u00f0, eg hefi meiri h\u00f6gg li\u00f0i\u00f0, eg em oftar fanginn veri\u00f0, oftar \u00ed dau\u00f0ans h\u00e6ttu. Af Gy\u00f0ingum hefi eg fimm sinnum fengi\u00f0 fj\u00f6rutigu sl\u00f6g einu f\u00e6rra. \u00derisvar sinnum egm eg h\u00fa\u00f0str\u00fdktur, einu sinni gr\u00fdttur. \u00derisvar hefi eg skipbrot li\u00f0i\u00f0. Dag og n\u00f3tt var eg \u00ed sj\u00e1vardj\u00fapi. Oft \u00fe\u00e1 hefi eg \u00ed fer\u00f0um veri\u00f0. Eg hefi veri\u00f0 \u00ed h\u00e1skasemdum til vats, \u00ed h\u00e1skasemdum me\u00f0al mor\u00f0ingja, \u00ed h\u00e1skasemdum millum Gy\u00f0inga, \u00ed h\u00e1skasemdum me\u00f0al hei\u00f0ingja, \u00ed h\u00e1skasemdum \u00ed bhorgum, \u00ed h\u00e1skasemdum \u00e1 ey\u00f0im\u00f6rku, \u00ed h\u00e1skasemdum \u00e1 sj\u00f3, \u00ed h\u00e1skasemdum me\u00f0al falskra br\u00e6\u00f0ra, \u00ed eymdum og erfi\u00f0i, \u00ed miklum v\u00f6kum, \u00ed hungri og \u00feorsta, \u00ed miklum f\u00f6stum, \u00ed kulda og kl\u00e6\u00f0leysi.<\/p>\n","protected":false},"excerpt":{"rendered":"<p>XI. En hver s\u00e9r hr\u00f3sar, s\u00e1 hr\u00f3si s\u00e9r \u00ed Drottni. \u00dev\u00ed fyrir \u00fea\u00f0 er enginn reyndur \u00fea\u00f0 hann lofar sig sj\u00e1lfur heldur \u00fea\u00f0 Drottinn lofar hann. G\u00e6fi Gu\u00f0 \u00fe\u00e9r h\u00e9ldu\u00f0 m\u00e9r litla eina f\u00e1visku til g\u00f3\u00f0a \u00fev\u00ed eg vanda um vi\u00f0 y\u00f0ur me\u00f0 gu\u00f0legu vandl\u00e6ti. \u00dev\u00ed a\u00f0 eg hefi fastna\u00f0 y\u00f0ur einum manni svo a\u00f0 eg \u00ed hendur selda Kristi eina sk\u00edrl\u00edfa mey. En \u00fea\u00f0 \u00f3ttunst eg a\u00f0 l\u00edka sem h\u00f6ggormurinn t\u00e6ldi Evu me\u00f0 sinni fl\u00e1r\u00e6\u00f0i so l\u00edka megi og fordjarfast y\u00f0ar hugskot og affalla \u00ed fr\u00e1 \u00feeim einfaldleik sem er \u00ed Christo. [ \u00dev\u00ed ef s\u00e1 sami sem til <a href=\"https:\/\/biblian.is\/gudbrandsbiblia\/sidara-korintubref-11-kafli\/\"> [&#8230;]<\/a><\/p>\n","protected":false},"author":1,"featured_media":0,"parent":0,"menu_order":0,"comment_status":"open","ping_status":"open","template":"bibliukaflar.php","meta":{"footnotes":""},"class_list":["post-3940","page","type-page","status-publish","hentry"],"_links":{"self":[{"href":"https:\/\/biblian.is\/gudbrandsbiblia\/wp-json\/wp\/v2\/pages\/3940","targetHints":{"allow":["GET"]}}],"collection":[{"href":"https:\/\/biblian.is\/gudbrandsbiblia\/wp-json\/wp\/v2\/pages"}],"about":[{"href":"https:\/\/biblian.is\/gudbrandsbiblia\/wp-json\/wp\/v2\/types\/page"}],"author":[{"embeddable":true,"href":"https:\/\/biblian.is\/gudbrandsbiblia\/wp-json\/wp\/v2\/users\/1"}],"replies":[{"embeddable":true,"href":"https:\/\/biblian.is\/gudbrandsbiblia\/wp-json\/wp\/v2\/comments?post=3940"}],"version-history":[{"count":0,"href":"https:\/\/biblian.is\/gudbrandsbiblia\/wp-json\/wp\/v2\/pages\/3940\/revisions"}],"wp:attachment":[{"href":"https:\/\/biblian.is\/gudbrandsbiblia\/wp-json\/wp\/v2\/media?parent=3940"}],"curies":[{"name":"wp","href":"https:\/\/api.w.org\/{rel}","templated":true}]}}