{"id":3939,"date":"2017-12-18T18:35:08","date_gmt":"2017-12-18T18:35:08","guid":{"rendered":"http:\/\/biblian.is\/gudbrandsbiblia\/sidara-korintubref-10-kafli\/"},"modified":"2017-12-18T18:35:08","modified_gmt":"2017-12-18T18:35:08","slug":"sidara-korintubref-10-kafli","status":"publish","type":"page","link":"https:\/\/biblian.is\/gudbrandsbiblia\/sidara-korintubref-10-kafli\/","title":{"rendered":"S\u00ed\u00f0ara Korintubr\u00e9f 10. kafli"},"content":{"rendered":"<p>X.<\/p>\n<p>En eg, P\u00e1ll, bei\u00f0i y\u00f0ur fyrir g\u00f3\u00f0girnd og h\u00f3gv\u00e6ri Krists, s\u00e1 a\u00f0 \u00ed n\u00e1l\u00e6g\u00f0 er l\u00e1gur y\u00f0ar \u00e1 milli en \u00ed fjarska em eg djarfur vi\u00f0 y\u00f0ur. <span class=\"athugasemd\" title=\"\u00cd \u00feessum \u00feremur kap. hefur S. P\u00e1ll a\u00f0 skaffa me\u00f0 \u00fe\u00e1 falspostula\">[<\/span> \u00dev\u00ed bi\u00f0 eg y\u00f0ur \u00fea\u00f0 m\u00e9r s\u00e9 ekki \u00fe\u00f6rf n\u00e1l\u00e6gum djarflega a\u00f0 h\u00f6ndla og \u00fe\u00e1 dj\u00f6rfung frammi hafa sem m\u00e9r ver\u00f0ur till\u00f6g\u00f0 vi\u00f0ur suma, \u00feeir oss akta sem gengu v\u00e9r eftir holdsins plagsi\u00f0. \u00dev\u00ed \u00fe\u00f3tt v\u00e9r g\u00f6ngum \u00ed holdinu \u00fe\u00e1 str\u00ed\u00f0um v\u00e9r \u00fe\u00f3 eigi eftir holdlegum plagsi\u00f0. \u00dev\u00ed a\u00f0 herskr\u00fa\u00f0i vors riddaraskapar er eigi holdlegur heldur m\u00e1ttugur fyrir Gu\u00f0i til ni\u00f0urbrots \u00feeirrar sta\u00f0festu hvar me\u00f0 v\u00e9r ni\u00f0urbrj\u00f3tum \u00feann \u00e1setning og alla h\u00e6\u00f0 sem a\u00f0 sig upphefur \u00ed gegn Gu\u00f0s vi\u00f0urkenningu og a\u00f0 herfangi t\u00f6kum alla skynsemd undir Krists hl\u00fd\u00f0ni og erum rei\u00f0ub\u00fanir a\u00f0 hefna allrar \u00f3hl\u00fd\u00f0ni \u00fe\u00e1 er y\u00f0ar hl\u00fd\u00f0ni er uppfylld. D\u00e6mi \u00fe\u00e9r eftir \u00e1liti.<\/p>\n<p>\tTreystir nokkur \u00fear upp \u00e1 \u00fea\u00f0 hann s\u00e9 Krists, \u00fe\u00e1 \u00feenki s\u00e1 einnin \u00feetta hj\u00e1 sj\u00e1lfum s\u00e9r \u00fea\u00f0 l\u00edka sem hann heyrir Kristi til so heyrum v\u00e9r einnin Kristi til. Og \u00fe\u00f3 a\u00f0 eg hroka\u00f0i m\u00e9r nokku\u00f0 framar \u00fat af \u00feeirri vorri magt sem Drottinn hefur oss gefi\u00f0 y\u00f0ur til betrunar og ekki til fordj\u00f6rfunar \u00fe\u00e1 munda eg \u00fe\u00f3 ekki til skammar ver\u00f0a (en \u00feetta segi eg) \u0096 upp \u00e1 \u00fea\u00f0 \u00fe\u00e9r l\u00e1ti\u00f0 y\u00f0ur ei \u00feykja sem hef\u00f0a eg vilja\u00f0 skelfa y\u00f0ur me\u00f0 br\u00e9fum. &#8222;\u00dev\u00ed a\u00f0 \u00feau br\u00e9fin&#8220; segja \u00feeir &#8222;eru \u00feung og sterk en n\u00e1l\u00e6g\u00f0 l\u00edkamans er veik og m\u00e1li\u00f0 er forsm\u00e1narlegt.&#8220; <span class=\"athugasemd\" title=\"1. Cor. 13\">[<\/span> Hver \u00feess konar er hann \u00feenki \u00fea\u00f0 l\u00edka so sem v\u00e9r erum me\u00f0 or\u00f0um \u00ed br\u00e9funum \u00ed fr\u00e1verunni so dirfunst v\u00e9r einnin a\u00f0 vera me\u00f0 gj\u00f6rninginum \u00ed n\u00e1l\u00e6g\u00f0inni.<\/p>\n<p>\t\u00dev\u00ed a\u00f0 v\u00e9r dirfunst ekki a\u00f0 reikna oss e\u00f0ur telja me\u00f0al \u00feeirra sem sig sj\u00e1lfa lofa. En me\u00f0 \u00fev\u00ed \u00feeir meta sig hj\u00e1 sj\u00e1lfum s\u00e9r og halda so einasta nokku\u00f0 \u00fat af s\u00e9r sj\u00e1lfum \u00fe\u00e1 undirstanda \u00feeir ekkert. En v\u00e9r hr\u00f3sum oss ekki yfir m\u00e1l fram heldur alleinasta eftir skammti \u00feeirrar reglu \u00fear e\u00f0 Gu\u00f0 hefur oss \u00feann skammt me\u00f0 afmeti\u00f0 a\u00f0 geta n\u00e1\u00f0 einnin allt til y\u00f0ar. \u00dev\u00ed a\u00f0 v\u00e9r f\u00f6rum ekki oflangt \u00ed fr\u00e1 so sem a\u00f0 hef\u00f0um v\u00e9r eigi n\u00e1\u00f0 geta\u00f0 allt til y\u00f0ar. \u00dev\u00ed v\u00e9r erum komnir allt til y\u00f0ar me\u00f0 Krists gu\u00f0sspj\u00f6llum og hr\u00f3sum oss ekki fram yfir \u00fea\u00f0 m\u00e1l \u00ed annarlegu erfi\u00f0i og vonum n\u00fa, n\u00e6r y\u00f0ar tr\u00fa frj\u00f3vgast \u00ed y\u00f0ur, \u00fea\u00f0 v\u00e9r munum v\u00ed\u00f0ara komast eftir vorri reglu og pr\u00e9dika einnin \u00feetta evangelium \u00feeim sem hinumegin y\u00f0ur b\u00faa og hr\u00f3sa oss ekki \u00ed \u00fev\u00ed sem me\u00f0 annarlegri reglu er tilb\u00fai\u00f0.<\/p>\n","protected":false},"excerpt":{"rendered":"<p>X. En eg, P\u00e1ll, bei\u00f0i y\u00f0ur fyrir g\u00f3\u00f0girnd og h\u00f3gv\u00e6ri Krists, s\u00e1 a\u00f0 \u00ed n\u00e1l\u00e6g\u00f0 er l\u00e1gur y\u00f0ar \u00e1 milli en \u00ed fjarska em eg djarfur vi\u00f0 y\u00f0ur. [ \u00dev\u00ed bi\u00f0 eg y\u00f0ur \u00fea\u00f0 m\u00e9r s\u00e9 ekki \u00fe\u00f6rf n\u00e1l\u00e6gum djarflega a\u00f0 h\u00f6ndla og \u00fe\u00e1 dj\u00f6rfung frammi hafa sem m\u00e9r ver\u00f0ur till\u00f6g\u00f0 vi\u00f0ur suma, \u00feeir oss akta sem gengu v\u00e9r eftir holdsins plagsi\u00f0. \u00dev\u00ed \u00fe\u00f3tt v\u00e9r g\u00f6ngum \u00ed holdinu \u00fe\u00e1 str\u00ed\u00f0um v\u00e9r \u00fe\u00f3 eigi eftir holdlegum plagsi\u00f0. \u00dev\u00ed a\u00f0 herskr\u00fa\u00f0i vors riddaraskapar er eigi holdlegur heldur m\u00e1ttugur fyrir Gu\u00f0i til ni\u00f0urbrots \u00feeirrar sta\u00f0festu hvar me\u00f0 v\u00e9r ni\u00f0urbrj\u00f3tum \u00feann \u00e1setning og alla <a href=\"https:\/\/biblian.is\/gudbrandsbiblia\/sidara-korintubref-10-kafli\/\"> [&#8230;]<\/a><\/p>\n","protected":false},"author":1,"featured_media":0,"parent":0,"menu_order":0,"comment_status":"open","ping_status":"open","template":"bibliukaflar.php","meta":{"footnotes":""},"class_list":["post-3939","page","type-page","status-publish","hentry"],"_links":{"self":[{"href":"https:\/\/biblian.is\/gudbrandsbiblia\/wp-json\/wp\/v2\/pages\/3939","targetHints":{"allow":["GET"]}}],"collection":[{"href":"https:\/\/biblian.is\/gudbrandsbiblia\/wp-json\/wp\/v2\/pages"}],"about":[{"href":"https:\/\/biblian.is\/gudbrandsbiblia\/wp-json\/wp\/v2\/types\/page"}],"author":[{"embeddable":true,"href":"https:\/\/biblian.is\/gudbrandsbiblia\/wp-json\/wp\/v2\/users\/1"}],"replies":[{"embeddable":true,"href":"https:\/\/biblian.is\/gudbrandsbiblia\/wp-json\/wp\/v2\/comments?post=3939"}],"version-history":[{"count":0,"href":"https:\/\/biblian.is\/gudbrandsbiblia\/wp-json\/wp\/v2\/pages\/3939\/revisions"}],"wp:attachment":[{"href":"https:\/\/biblian.is\/gudbrandsbiblia\/wp-json\/wp\/v2\/media?parent=3939"}],"curies":[{"name":"wp","href":"https:\/\/api.w.org\/{rel}","templated":true}]}}