{"id":3936,"date":"2017-12-18T18:35:08","date_gmt":"2017-12-18T18:35:08","guid":{"rendered":"http:\/\/biblian.is\/gudbrandsbiblia\/sidara-korintubref-7-kafli\/"},"modified":"2017-12-18T18:35:08","modified_gmt":"2017-12-18T18:35:08","slug":"sidara-korintubref-7-kafli","status":"publish","type":"page","link":"https:\/\/biblian.is\/gudbrandsbiblia\/sidara-korintubref-7-kafli\/","title":{"rendered":"S\u00ed\u00f0ara Korintubr\u00e9f 7. kafli"},"content":{"rendered":"<p>VII.<\/p>\n<p>\u00c1 me\u00f0an v\u00e9r h\u00f6fum n\u00fa \u00fev\u00edl\u00edk fyrirheit, k\u00e6rustu vinir, \u00fe\u00e1 f\u00f6rum til og hreinsum oss af allri saurgan holdsins og andans og \u00e1fram f\u00f6rum me\u00f0ur helguninni \u00ed gu\u00f0hr\u00e6\u00f0slu. H\u00f6ndli\u00f0 oss. \u00d6ngvum gj\u00f6r\u00f0um v\u00e9r mein, \u00f6ngvum gj\u00f6ru v\u00e9r ska\u00f0a, \u00f6ngvan dr\u00f3gu v\u00e9r \u00e1 t\u00e1lar. \u00deetta segi eg ekki y\u00f0ur til ford\u00e6mingar. \u00dev\u00ed a\u00f0 eg hefi \u00e1\u00f0ur sagt \u00fea\u00f0 \u00fe\u00e9r eru\u00f0 \u00ed voru hjarta samt til a\u00f0 deyja me\u00f0 og a\u00f0 lifa me\u00f0. Gla\u00f0ur tala eg vi\u00f0 y\u00f0ur: M\u00f6rgum hr\u00f3sa eg af y\u00f0ur, uppfylltur em eg huggunar, yfirgn\u00e6fanlegur er eg \u00ed f\u00f6gnu\u00f0i \u00ed allri vorri hrygg\u00f0. \u00dev\u00ed \u00fe\u00e1 v\u00e9r komum \u00ed Macedonia haf\u00f0i vort hold \u00f6ngva r\u00f3 heldur \u00ed \u00f6llu li\u00f0u v\u00e9r hrygg\u00f0, hi\u00f0 ytra bar\u00e1ttu, hi\u00f0 innra \u00f3tta. En Gu\u00f0 s\u00e1 er huggar l\u00edtilmagnana hann hugga\u00f0i oss fyrir komu Titi. <span class=\"athugasemd\" title=\"T\u00edtus\">[<\/span><\/p>\n<p>\tEn eigi alleinasta fyrir hans tilkomu heldur einnin fyrir \u00fe\u00e1 huggan \u00fear hann var af y\u00f0ur me\u00f0 hugga\u00f0ur, kunngj\u00f6randi oss y\u00f0ra forlenging, y\u00f0ra t\u00e1r, y\u00f0ra vandl\u00e6ting um mig so a\u00f0 eg gle\u00f0 mig enn meir. \u00dev\u00ed \u00fea\u00f0 eg hrygg\u00f0a y\u00f0ur fyrir br\u00e9fi\u00f0 i\u00f0rar mig ekki. Og \u00fe\u00f3tt mig i\u00f0ra\u00f0i \u00fea\u00f0 kann vera fyrsta a\u00f0 eg s\u00e9 a\u00f0 \u00fea\u00f0 br\u00e9f hefur a\u00f0eins um stundarsakir hryggt y\u00f0ur, so gle\u00f0 eg mig \u00fe\u00f3 n\u00fa. Eigi af \u00fev\u00ed \u00fea\u00f0 \u00fe\u00e9r ur\u00f0u\u00f0 hryggvir heldur \u00fea\u00f0 \u00fe\u00e9r ur\u00f0u\u00f0 hryggvir til i\u00f0ranar. \u00dev\u00ed a\u00f0 \u00fe\u00e9r eru\u00f0 gu\u00f0lega hryggvir vor\u00f0nir svo a\u00f0 \u00fe\u00e9r fengu\u00f0 \u00f6ngvan ska\u00f0a af oss \u00ed neinu. \u00dev\u00ed a\u00f0 gu\u00f0leg hrygg\u00f0an verkar i\u00f0ran til hj\u00e1lpr\u00e6\u00f0is \u00fe\u00e1 er \u00f6ngvan i\u00f0rar. En \u00feessa heims hrygg\u00f0an verkar dau\u00f0a.<\/p>\n<p>\tSj\u00e1i\u00f0, \u00fea\u00f0 a\u00f0 \u00fe\u00e9r eru\u00f0 gu\u00f0lega hryggvir or\u00f0nir, hverja al\u00fa\u00f0 \u00fea\u00f0 hefur me\u00f0 y\u00f0ur verka\u00f0, \u00fear a\u00f0 auk forsvar, heift, \u00f3tta, forlengjan, vandl\u00e6tan, hefnd. Og \u00ed \u00f6llum hlutum \u00fe\u00e1 hafi \u00fe\u00e9r au\u00f0s\u00fdnt y\u00f0ur a\u00f0 \u00fe\u00e9r eru\u00f0 sk\u00edrir \u00feess verks. Fyrir \u00fev\u00ed \u00fe\u00f3 a\u00f0 eg skrifa\u00f0i y\u00f0ur \u00fe\u00e1 er \u00fea\u00f0 ekki hans vegna ske\u00f0 sem rangindi framdi og ekki hans vegna sem lei\u00f0 heldur \u00feess vegna \u00fea\u00f0 y\u00f0ar kostg\u00e6fni vi\u00f0 oss opinber yr\u00f0i hj\u00e1 y\u00f0ur fyrir Gu\u00f0i.<\/p>\n<p>\tAf \u00fev\u00ed \u00fe\u00e1 erum v\u00e9r hugga\u00f0ir \u00fea\u00f0 \u00fe\u00e9r eru\u00f0 hugga\u00f0ir. En \u00fe\u00f3 h\u00f6fum v\u00e9r yfir allt fram glatt oss meir yfir f\u00f6gnu\u00f0i Titi. <span class=\"athugasemd\" title=\"T\u00edtus\">[<\/span> \u00dev\u00ed a\u00f0 hans andi er a\u00f0 n\u00fdju endurn\u00e6r\u00f0ur til allra y\u00f0ar. \u00dev\u00ed hva\u00f0 eg hefi hr\u00f3sa\u00f0 af y\u00f0ur fyrir honum \u00ed \u00fev\u00ed ver\u00f0 eg ekki \u00f3virtur heldur l\u00edka so sem a\u00f0 allt \u00fea\u00f0 er sennilega hva\u00f0 eg hefi vi\u00f0 y\u00f0ur tala\u00f0, so er og einnin vor hr\u00f3san hj\u00e1 Tito sannleikur or\u00f0in. Og honum er af hjarta \u00f6ldungis vel til y\u00f0ar \u00fe\u00e1 er hann huglei\u00f0ir hl\u00fd\u00f0ni allra y\u00f0ar, hvernin \u00fe\u00e9r hafi\u00f0 me\u00f0 hr\u00e6\u00f0slu og \u00f3tta hann me\u00f0teki\u00f0. Eg gle\u00f0 mig og \u00fea\u00f0 eg m\u00e1 alls g\u00f3\u00f0s til y\u00f0ar treysta.<\/p>\n","protected":false},"excerpt":{"rendered":"<p>VII. \u00c1 me\u00f0an v\u00e9r h\u00f6fum n\u00fa \u00fev\u00edl\u00edk fyrirheit, k\u00e6rustu vinir, \u00fe\u00e1 f\u00f6rum til og hreinsum oss af allri saurgan holdsins og andans og \u00e1fram f\u00f6rum me\u00f0ur helguninni \u00ed gu\u00f0hr\u00e6\u00f0slu. H\u00f6ndli\u00f0 oss. \u00d6ngvum gj\u00f6r\u00f0um v\u00e9r mein, \u00f6ngvum gj\u00f6ru v\u00e9r ska\u00f0a, \u00f6ngvan dr\u00f3gu v\u00e9r \u00e1 t\u00e1lar. \u00deetta segi eg ekki y\u00f0ur til ford\u00e6mingar. \u00dev\u00ed a\u00f0 eg hefi \u00e1\u00f0ur sagt \u00fea\u00f0 \u00fe\u00e9r eru\u00f0 \u00ed voru hjarta samt til a\u00f0 deyja me\u00f0 og a\u00f0 lifa me\u00f0. Gla\u00f0ur tala eg vi\u00f0 y\u00f0ur: M\u00f6rgum hr\u00f3sa eg af y\u00f0ur, uppfylltur em eg huggunar, yfirgn\u00e6fanlegur er eg \u00ed f\u00f6gnu\u00f0i \u00ed allri vorri hrygg\u00f0. \u00dev\u00ed \u00fe\u00e1 v\u00e9r komum \u00ed <a href=\"https:\/\/biblian.is\/gudbrandsbiblia\/sidara-korintubref-7-kafli\/\"> [&#8230;]<\/a><\/p>\n","protected":false},"author":1,"featured_media":0,"parent":0,"menu_order":0,"comment_status":"open","ping_status":"open","template":"bibliukaflar.php","meta":{"footnotes":""},"class_list":["post-3936","page","type-page","status-publish","hentry"],"_links":{"self":[{"href":"https:\/\/biblian.is\/gudbrandsbiblia\/wp-json\/wp\/v2\/pages\/3936","targetHints":{"allow":["GET"]}}],"collection":[{"href":"https:\/\/biblian.is\/gudbrandsbiblia\/wp-json\/wp\/v2\/pages"}],"about":[{"href":"https:\/\/biblian.is\/gudbrandsbiblia\/wp-json\/wp\/v2\/types\/page"}],"author":[{"embeddable":true,"href":"https:\/\/biblian.is\/gudbrandsbiblia\/wp-json\/wp\/v2\/users\/1"}],"replies":[{"embeddable":true,"href":"https:\/\/biblian.is\/gudbrandsbiblia\/wp-json\/wp\/v2\/comments?post=3936"}],"version-history":[{"count":0,"href":"https:\/\/biblian.is\/gudbrandsbiblia\/wp-json\/wp\/v2\/pages\/3936\/revisions"}],"wp:attachment":[{"href":"https:\/\/biblian.is\/gudbrandsbiblia\/wp-json\/wp\/v2\/media?parent=3936"}],"curies":[{"name":"wp","href":"https:\/\/api.w.org\/{rel}","templated":true}]}}