{"id":3935,"date":"2017-12-18T18:35:08","date_gmt":"2017-12-18T18:35:08","guid":{"rendered":"http:\/\/biblian.is\/gudbrandsbiblia\/sidara-korintubref-6-kafli\/"},"modified":"2017-12-18T18:35:08","modified_gmt":"2017-12-18T18:35:08","slug":"sidara-korintubref-6-kafli","status":"publish","type":"page","link":"https:\/\/biblian.is\/gudbrandsbiblia\/sidara-korintubref-6-kafli\/","title":{"rendered":"S\u00ed\u00f0ara Korintubr\u00e9f 6. kafli"},"content":{"rendered":"<p>VI.<\/p>\n<p>En v\u00e9r \u00e1minnum y\u00f0ur sem me\u00f0hj\u00e1lpara \u00fea\u00f0 \u00fe\u00e9r me\u00f0taki\u00f0 ekki Gu\u00f0s n\u00e1\u00f0 til \u00f3n\u00fdtis. \u00dev\u00ed hann segir: &#8222;\u00cd \u00fe\u00e6gan t\u00edma heyr\u00f0a eg \u00feig og \u00e1 degi hj\u00e1lpr\u00e6\u00f0isins hj\u00e1lpa\u00f0i eg \u00fe\u00e9r.&#8220; <span class=\"athugasemd\" title=\"Esa. 43\">[<\/span> Sj\u00e1i\u00f0, n\u00fa er s\u00e1 \u00fe\u00e6gilegi t\u00edmi, n\u00fa er dagur hj\u00e1lpr\u00e6\u00f0isins. L\u00e1tum oss \u00fev\u00ed gefa \u00f6ngvum hindran upp \u00e1 \u00fea\u00f0 vort emb\u00e6tti ver\u00f0i ekki lasta\u00f0 heldur augs\u00fdnum oss sj\u00e1lfa \u00ed \u00f6llum hlutum so sem Gu\u00f0s \u00fe\u00e9nara:<\/p>\n<p>\t\u00cd mikilli \u00feolinm\u00e6\u00f0i, \u00ed harmkv\u00e6lum, \u00ed h\u00e1skasemdum, \u00ed \u00feyngslum, \u00ed h\u00fa\u00f0strokum, \u00ed fj\u00f6trum, \u00ed upphlaupum, \u00ed erfi\u00f0i, \u00ed v\u00f6ku, \u00ed f\u00f6stu, \u00ed hreinl\u00edfi, \u00ed vi\u00f0urkenningu, \u00ed bi\u00f0lundarge\u00f0i, \u00ed h\u00f3gv\u00e6ri, \u00ed helgum anda, \u00ed falslausum k\u00e6rleika, \u00ed sannleiksins or\u00f0i, \u00ed Gu\u00f0s krafti, fyrir herkl\u00e6\u00f0i r\u00e9ttl\u00e6tisins til h\u00e6gri og vinstri handar, fyrir vegsemd og vansemd, fyrir vanrykti og gott rykti, so sem falsarar og \u00fe\u00f3 sannarlegir, so sem \u00f3kunnigir og \u00fe\u00f3 kunnugir, l\u00edka so sem \u00feeir e\u00f0 deyja og sj\u00e1i\u00f0, \u00fea\u00f0 v\u00e9r lifum, so sem hegndir og eigi l\u00edfl\u00e1tnir, so sem syrgendur, \u00fe\u00f3 jafnan gla\u00f0ir, so sem vola\u00f0ir en \u00fe\u00f3 \u00feeir e\u00f0 marga au\u00f0ga, l\u00edka sem \u00feeir e\u00f0 ekkert hafa og \u00fe\u00f3 eignast alla hluti.<\/p>\n<p>\t\u00d3 \u00fe\u00e9r \u00ed Corinthio, vor munnur hefur sig opna\u00f0i til y\u00f0ar, vort hjarta er glatt. Vorra vegna \u00feurfi \u00fe\u00e9r ekki tvistir vera. En \u00fea\u00f0 \u00fe\u00e9r eru\u00f0 tvistir \u00fea\u00f0 gj\u00f6ri eg af hjartans meiningu. Eg tala vi\u00f0 y\u00f0ur so sem vi\u00f0 b\u00f6rn m\u00edn a\u00f0 \u00fe\u00e9r heg\u00f0i\u00f0 y\u00f0ur og einnin vi\u00f0ur mig og s\u00e9u\u00f0 l\u00edka gla\u00f0ir.<\/p>\n<p>\tTogi\u00f0 ekki oki\u00f0 me\u00f0ur vantr\u00fau\u00f0um. \u00dev\u00ed a\u00f0 hverja hlutt\u00f6ku hefur r\u00e9ttl\u00e6ti\u00f0 me\u00f0 rangl\u00e6tinu? E\u00f0a hvert samlag hefur lj\u00f3si\u00f0 vi\u00f0 myrkurin? E\u00f0a hverja samtengd hefur Kristur vi\u00f0 Bel\u00edal? E\u00f0a hv\u00f6rt hlutskipti hefur tr\u00faa\u00f0ur me\u00f0 vantr\u00fau\u00f0um? Hverja saml\u00edking hefur Gu\u00f0s musteri vi\u00f0 sk\u00fargo\u00f0ah\u00fas? En \u00fe\u00e9r eru\u00f0 musteri Gu\u00f0s lifanda eftir \u00fev\u00ed sem Gu\u00f0 segir: &#8222;Eg mun byggja \u00ed \u00feeim og ganga \u00feeirra \u00e1 me\u00f0al. <span class=\"athugasemd\" title=\"Levi. 26\">[<\/span> Eg mun og vera \u00feeirra Gu\u00f0 og \u00feeir skulu minn l\u00fd\u00f0ur vera.&#8220; \u00dear fyrir &#8222;gangi\u00f0 \u00fat fr\u00e1 \u00feeim og fr\u00e1skilji\u00f0 y\u00f0ur, segir Drottinn, og snerti\u00f0 ekki \u00fea\u00f0 \u00f3kl\u00e1rt er. <span class=\"athugasemd\" title=\"Esa. 52\">[<\/span> \u00de\u00e1 mun eg me\u00f0taka y\u00f0ur og vera y\u00f0ar fa\u00f0ir og \u00fe\u00e9r skulu\u00f0 vera m\u00ednir synir og d\u00e6tur&#8220; segir Drottinn alm\u00e1ttigur.<\/p>\n","protected":false},"excerpt":{"rendered":"<p>VI. En v\u00e9r \u00e1minnum y\u00f0ur sem me\u00f0hj\u00e1lpara \u00fea\u00f0 \u00fe\u00e9r me\u00f0taki\u00f0 ekki Gu\u00f0s n\u00e1\u00f0 til \u00f3n\u00fdtis. \u00dev\u00ed hann segir: &#8222;\u00cd \u00fe\u00e6gan t\u00edma heyr\u00f0a eg \u00feig og \u00e1 degi hj\u00e1lpr\u00e6\u00f0isins hj\u00e1lpa\u00f0i eg \u00fe\u00e9r.&#8220; [ Sj\u00e1i\u00f0, n\u00fa er s\u00e1 \u00fe\u00e6gilegi t\u00edmi, n\u00fa er dagur hj\u00e1lpr\u00e6\u00f0isins. L\u00e1tum oss \u00fev\u00ed gefa \u00f6ngvum hindran upp \u00e1 \u00fea\u00f0 vort emb\u00e6tti ver\u00f0i ekki lasta\u00f0 heldur augs\u00fdnum oss sj\u00e1lfa \u00ed \u00f6llum hlutum so sem Gu\u00f0s \u00fe\u00e9nara: \u00cd mikilli \u00feolinm\u00e6\u00f0i, \u00ed harmkv\u00e6lum, \u00ed h\u00e1skasemdum, \u00ed \u00feyngslum, \u00ed h\u00fa\u00f0strokum, \u00ed fj\u00f6trum, \u00ed upphlaupum, \u00ed erfi\u00f0i, \u00ed v\u00f6ku, \u00ed f\u00f6stu, \u00ed hreinl\u00edfi, \u00ed vi\u00f0urkenningu, \u00ed bi\u00f0lundarge\u00f0i, \u00ed h\u00f3gv\u00e6ri, \u00ed helgum anda, \u00ed <a href=\"https:\/\/biblian.is\/gudbrandsbiblia\/sidara-korintubref-6-kafli\/\"> [&#8230;]<\/a><\/p>\n","protected":false},"author":1,"featured_media":0,"parent":0,"menu_order":0,"comment_status":"open","ping_status":"open","template":"bibliukaflar.php","meta":{"footnotes":""},"class_list":["post-3935","page","type-page","status-publish","hentry"],"_links":{"self":[{"href":"https:\/\/biblian.is\/gudbrandsbiblia\/wp-json\/wp\/v2\/pages\/3935","targetHints":{"allow":["GET"]}}],"collection":[{"href":"https:\/\/biblian.is\/gudbrandsbiblia\/wp-json\/wp\/v2\/pages"}],"about":[{"href":"https:\/\/biblian.is\/gudbrandsbiblia\/wp-json\/wp\/v2\/types\/page"}],"author":[{"embeddable":true,"href":"https:\/\/biblian.is\/gudbrandsbiblia\/wp-json\/wp\/v2\/users\/1"}],"replies":[{"embeddable":true,"href":"https:\/\/biblian.is\/gudbrandsbiblia\/wp-json\/wp\/v2\/comments?post=3935"}],"version-history":[{"count":0,"href":"https:\/\/biblian.is\/gudbrandsbiblia\/wp-json\/wp\/v2\/pages\/3935\/revisions"}],"wp:attachment":[{"href":"https:\/\/biblian.is\/gudbrandsbiblia\/wp-json\/wp\/v2\/media?parent=3935"}],"curies":[{"name":"wp","href":"https:\/\/api.w.org\/{rel}","templated":true}]}}