{"id":3934,"date":"2017-12-18T18:35:08","date_gmt":"2017-12-18T18:35:08","guid":{"rendered":"http:\/\/biblian.is\/gudbrandsbiblia\/sidara-korintubref-5-kafli\/"},"modified":"2017-12-18T18:35:08","modified_gmt":"2017-12-18T18:35:08","slug":"sidara-korintubref-5-kafli","status":"publish","type":"page","link":"https:\/\/biblian.is\/gudbrandsbiblia\/sidara-korintubref-5-kafli\/","title":{"rendered":"S\u00ed\u00f0ara Korintubr\u00e9f 5. kafli"},"content":{"rendered":"<p>V.<\/p>\n<p>\u00dev\u00ed v\u00e9r vitum \u00fe\u00f3tt vort jar\u00f0neska h\u00fas \u00feessarar byggingar ver\u00f0i ni\u00f0urbroti\u00f0 \u00fea\u00f0 a\u00f0 v\u00e9r h\u00f6fum bygging af Gu\u00f0i uppbygg\u00f0a, h\u00fas, eigi me\u00f0 h\u00f6ndum gj\u00f6rt, \u00fea\u00f0 \u00e6vinlegt er \u00e1 himnum. Og \u00fear eftir forlengir oss einnin eftir vorri \u00edbygging sem er af himni, girnandist henni a\u00f0 yfirkl\u00e6\u00f0ast so a\u00f0 v\u00e9r finnunst kl\u00e6ddir og eigi naktir. \u00dev\u00ed a\u00f0 me\u00f0an v\u00e9r erum \u00ed \u00feessu hreysi \u00fe\u00e1 forlengir oss og erum \u00feyngdir af \u00fev\u00ed v\u00e9r vildum fegnir eigi naktir heldur yfirkl\u00e6ddir ver\u00f0a upp \u00e1 \u00fea\u00f0 hi\u00f0 dau\u00f0lega burtsvelgist af l\u00edfinu. En hann sem oss b\u00fdr til \u00feess hins sama er s\u00e1 Gu\u00f0 sem oss gefi\u00f0 hefur pantinn andarins.<\/p>\n<p>\tEn jafnan \u00fe\u00e1 erum v\u00e9r me\u00f0 g\u00f3\u00f0um huga og vitum \u00fea\u00f0 \u00e1 me\u00f0an v\u00e9r byggjum \u00ed \u00feessum l\u00edkama \u00fe\u00e1 erum v\u00e9r \u00ed fjarl\u00e6g\u00f0 fr\u00e1 Drottni. \u00dev\u00ed v\u00e9r g\u00f6ngum \u00ed tr\u00fanni og ekki \u00ed augsj\u00f3n. En v\u00e9r erum me\u00f0 g\u00f3\u00f0um huga og h\u00f6fum miklu meiri lyst til a\u00f0 vera fjarl\u00e6gir af l\u00edkamanum og n\u00e1l\u00e6gir hj\u00e1 Drottni. Fyrir \u00fev\u00ed kostg\u00e6fum v\u00e9r og einnin, hvort v\u00e9r erum heima n\u00e1l\u00e6gir e\u00f0a \u00ed fr\u00e1veru fjarl\u00e6gir, \u00fea\u00f0 v\u00e9r \u00fe\u00f3knust honum. \u00dev\u00ed a\u00f0 v\u00e9r hlj\u00f3tum allir a\u00f0 opinberast fyrir d\u00f3mst\u00f3li Krists upp \u00e1 \u00fea\u00f0 a\u00f0 hver einn \u00f6\u00f0list \u00fea\u00f0 \u00e1 s\u00ednum l\u00edkama eftir \u00fev\u00ed hann hefur a\u00f0hafst, s\u00e9 \u00fea\u00f0 gott e\u00f0a illt.<\/p>\n<p>\t\u00dev\u00ed a\u00f0 v\u00e9r vitum \u00fea\u00f0 Drottinn er \u00f3ttandi \u00fe\u00e1 f\u00f6rum v\u00e9r \u00ed h\u00e6g\u00f0 a\u00f0 vi\u00f0 l\u00fd\u00f0inn en Gu\u00f0i erum v\u00e9r opinberir. Eg vona og einnin \u00fea\u00f0 v\u00e9r s\u00e9um og \u00ed y\u00f0rum samviskum opinberir svo v\u00e9r lofum eigi oss sj\u00e1lfa a\u00f0 n\u00fdju heldur \u00fea\u00f0 v\u00e9r gefum y\u00f0ur tilefni a\u00f0 hr\u00f3sa af oss upp \u00e1 \u00fea\u00f0 \u00fe\u00e9r hafi\u00f0 nokkru a\u00f0 hr\u00f3sa \u00ed m\u00f3ti \u00feeim sem hr\u00f3sa s\u00e9r eftir yfirlitum og ekki eftir hjartanu. <\/p>\n<p>\t\u00dev\u00ed eru v\u00e9r h\u00f6stugir so eru v\u00e9r \u00fea\u00f0 Gu\u00f0i, eru v\u00e9r g\u00e6fir \u00fe\u00e1 eru v\u00e9r y\u00f0ur g\u00e6fir. \u00dev\u00ed a\u00f0 Krists k\u00e6rleiki \u00fevingar oss. Af \u00fev\u00ed v\u00e9r h\u00f6ldum \u00fea\u00f0 \u00fear fyrir, fyrst a\u00f0 einn hefur fyrir alla d\u00e1i\u00f0 \u00fe\u00e1 s\u00e9 \u00feeir allir dau\u00f0ir. Og \u00fev\u00ed hefur hann fyrir alla d\u00e1i\u00f0 so a\u00f0 \u00feeir sem lifa lifi ei sj\u00e1lfum s\u00e9r h\u00e9r eftir heldur honum sem fyrir \u00fe\u00e1 hefur d\u00e1i\u00f0 og upp aftur risinn er.<\/p>\n<p>\t\u00dear fyrir kennum v\u00e9r n\u00fa h\u00e9r eftir \u00f6ngvan eftir holdinu. <span class=\"athugasemd\" title=\"Galt. 6\">[<\/span> \u00de\u00f3tt a\u00f0 v\u00e9r h\u00f6fum einnin kennt Christum eftir holdinu \u00fe\u00e1 kennu v\u00e9r hann \u00fe\u00f3 n\u00fa so eigi lengur. Af \u00fev\u00ed, er nokkur \u00ed Christo, \u00fe\u00e1 er hann n\u00fd skepna. Hi\u00f0 gamla er umli\u00f0i\u00f0. Sj\u00e1i\u00f0, allt er \u00fea\u00f0 n\u00fdtt vor\u00f0i\u00f0. En allt \u00fea\u00f0 af Gu\u00f0i hver oss forl\u00edka\u00f0i vi\u00f0 sj\u00e1lfan sig fyrir Jes\u00fam Christum og gefi\u00f0 hefur oss \u00fea\u00f0 emb\u00e6tti sem forl\u00edkunina pr\u00e9dikar. \u00dev\u00ed a\u00f0 Gu\u00f0 var \u00ed Christo og forl\u00edkti ver\u00f6ldina vi\u00f0 sj\u00e1lfan sig, tilreiknandi henni eigi s\u00ednar syndir og hefur uppreist vor \u00e1 me\u00f0al or\u00f0i\u00f0 af forl\u00edkuninni.<\/p>\n<p>\tSo eru v\u00e9r n\u00fa sendibo\u00f0 af Krists \u00e1lfu \u00fev\u00ed a\u00f0 Gu\u00f0 \u00e1minnir fyrir oss. \u00dear fyrir bi\u00f0jum v\u00e9r y\u00f0ur fyrir Christum: L\u00e1ti\u00f0 forl\u00edka y\u00f0ur vi\u00f0 Gu\u00f0. \u00dev\u00ed hann hefur \u00feann sem af \u00f6ngri synd vissi fyrir oss a\u00f0 synd gj\u00f6rt upp \u00e1 \u00fea\u00f0 v\u00e9r yr\u00f0um \u00ed honum \u00fea\u00f0 r\u00e9ttl\u00e6ti sem fyrir Gu\u00f0i dugir.<\/p>\n","protected":false},"excerpt":{"rendered":"<p>V. \u00dev\u00ed v\u00e9r vitum \u00fe\u00f3tt vort jar\u00f0neska h\u00fas \u00feessarar byggingar ver\u00f0i ni\u00f0urbroti\u00f0 \u00fea\u00f0 a\u00f0 v\u00e9r h\u00f6fum bygging af Gu\u00f0i uppbygg\u00f0a, h\u00fas, eigi me\u00f0 h\u00f6ndum gj\u00f6rt, \u00fea\u00f0 \u00e6vinlegt er \u00e1 himnum. Og \u00fear eftir forlengir oss einnin eftir vorri \u00edbygging sem er af himni, girnandist henni a\u00f0 yfirkl\u00e6\u00f0ast so a\u00f0 v\u00e9r finnunst kl\u00e6ddir og eigi naktir. \u00dev\u00ed a\u00f0 me\u00f0an v\u00e9r erum \u00ed \u00feessu hreysi \u00fe\u00e1 forlengir oss og erum \u00feyngdir af \u00fev\u00ed v\u00e9r vildum fegnir eigi naktir heldur yfirkl\u00e6ddir ver\u00f0a upp \u00e1 \u00fea\u00f0 hi\u00f0 dau\u00f0lega burtsvelgist af l\u00edfinu. En hann sem oss b\u00fdr til \u00feess hins sama er s\u00e1 Gu\u00f0 sem <a href=\"https:\/\/biblian.is\/gudbrandsbiblia\/sidara-korintubref-5-kafli\/\"> [&#8230;]<\/a><\/p>\n","protected":false},"author":1,"featured_media":0,"parent":0,"menu_order":0,"comment_status":"open","ping_status":"open","template":"bibliukaflar.php","meta":{"footnotes":""},"class_list":["post-3934","page","type-page","status-publish","hentry"],"_links":{"self":[{"href":"https:\/\/biblian.is\/gudbrandsbiblia\/wp-json\/wp\/v2\/pages\/3934","targetHints":{"allow":["GET"]}}],"collection":[{"href":"https:\/\/biblian.is\/gudbrandsbiblia\/wp-json\/wp\/v2\/pages"}],"about":[{"href":"https:\/\/biblian.is\/gudbrandsbiblia\/wp-json\/wp\/v2\/types\/page"}],"author":[{"embeddable":true,"href":"https:\/\/biblian.is\/gudbrandsbiblia\/wp-json\/wp\/v2\/users\/1"}],"replies":[{"embeddable":true,"href":"https:\/\/biblian.is\/gudbrandsbiblia\/wp-json\/wp\/v2\/comments?post=3934"}],"version-history":[{"count":0,"href":"https:\/\/biblian.is\/gudbrandsbiblia\/wp-json\/wp\/v2\/pages\/3934\/revisions"}],"wp:attachment":[{"href":"https:\/\/biblian.is\/gudbrandsbiblia\/wp-json\/wp\/v2\/media?parent=3934"}],"curies":[{"name":"wp","href":"https:\/\/api.w.org\/{rel}","templated":true}]}}