{"id":3933,"date":"2017-12-18T18:35:08","date_gmt":"2017-12-18T18:35:08","guid":{"rendered":"http:\/\/biblian.is\/gudbrandsbiblia\/sidara-korintubref-4-kafli\/"},"modified":"2017-12-18T18:35:08","modified_gmt":"2017-12-18T18:35:08","slug":"sidara-korintubref-4-kafli","status":"publish","type":"page","link":"https:\/\/biblian.is\/gudbrandsbiblia\/sidara-korintubref-4-kafli\/","title":{"rendered":"S\u00ed\u00f0ara Korintubr\u00e9f 4. kafli"},"content":{"rendered":"<p>IIIII.<\/p>\n<p>Hvar fyrir \u00e1 me\u00f0an v\u00e9r h\u00f6fum n\u00fa svoddan emb\u00e6tti svo sem a\u00f0 v\u00e9r h\u00f6fum miskunnsemi til \u00f6\u00f0last \u00fe\u00e1 tregunst v\u00e9r ekki heldur afsegum v\u00e9r einnin heimuglegar <span class=\"athugasemd\" title=\"a \/ (Skammir) \/ Hann stingur \u00fe\u00e1 f\u00f6lsku postula hverjir fyrir m\u00f6nnunum lif\u00f0u heilaglega en voru innra fullir \u00f3hreinleika\">[<\/span> skammir og f\u00f6rum eigi me\u00f0 fl\u00e1tskap, forbl\u00f6ndum og ekki Gu\u00f0s or\u00f0 heldur me\u00f0 opinberum sannindum og au\u00f0s\u00fdnum oss h\u00e6gan vi\u00f0 allar samviskur manna fyrir Gu\u00f0i.<\/p>\n<p>\tEr n\u00fa vort evangelium huli\u00f0 \u00fe\u00e1 er \u00fea\u00f0 huli\u00f0 \u00ed \u00feeim sem fortapa\u00f0ir ver\u00f0a, \u00ed hverjum a\u00f0 <span class=\"athugasemd\" title=\"b \/ (Gu\u00f0) \/ \u00deessarar veraldar gu\u00f0 er dj\u00f6fullinn og h\u00f6f\u00f0ingi \u00fev\u00ed a\u00f0 hann \u00fej\u00f3nar honum og er undir honum\">[<\/span> gu\u00f0 \u00feessarar veraldar hefur forblinda\u00f0 hugskot vantr\u00faa\u00f0ra svo \u00feeim sk\u00edni eigi uppbirting \u00feessa evangelii Krists d\u00fdr\u00f0ar hvert a\u00f0 er Gu\u00f0s \u00edmynd. \u00dev\u00ed a\u00f0 v\u00e9r pr\u00e9dikum ekki sj\u00e1lfa oss heldur Jes\u00fam Christum \u00fea\u00f0 hann s\u00e9 Drottinn en v\u00e9r y\u00f0rir \u00fej\u00f3nar Jes\u00fa vegna. \u00dev\u00ed a\u00f0 s\u00e1 Gu\u00f0 er lj\u00f3sinu bau\u00f0 \u00far myrkrinu a\u00f0 sk\u00edna hann hefur birtuna gefi\u00f0 \u00ed vor hj\u00f6rtu til uppbirtingar og vi\u00f0urkenningar Gu\u00f0s bjartleika \u00ed andliti Kristi Jes\u00fa. <\/p>\n<p>\tEn \u00feennan tesaur h\u00f6fum v\u00e9r \u00ed jar\u00f0legum kerum so a\u00f0 s\u00e1 yfirgn\u00e6fanlegi kraftur s\u00e9 Gu\u00f0 og eigi af oss. Alla vega l\u00ed\u00f0um v\u00e9r hrygg\u00f0anir en v\u00e9r hryggjunst \u00fe\u00f3 eigi, oss veitir torvelt en v\u00e9r \u00f6rvilnunst eigi, v\u00e9r l\u00ed\u00f0um ofs\u00f3kn en v\u00e9r ver\u00f0um eigi fyrirl\u00e1tnir, v\u00e9r ver\u00f0um ni\u00f0ur\u00ferykktir en v\u00e9r fyrirf\u00f6runst eigi. Og \u00e6t\u00ed\u00f0 berum v\u00e9r me\u00f0 oss dey\u00f0ing Drottins Jes\u00fa \u00e1 vorum l\u00edkama so a\u00f0 einnin og \u00fea\u00f0 l\u00edf Drottins Jes\u00fa opinsk\u00e1rt ver\u00f0i \u00e1 vorum l\u00edkama.<\/p>\n<p>\t\u00dev\u00ed a\u00f0 v\u00e9r sem lifum ver\u00f0um jafnan \u00ed dau\u00f0a seldir Jes\u00fa vegna so a\u00f0 einnin l\u00edf Jes\u00fa opinsk\u00e1rt ver\u00f0i \u00e1 voru dau\u00f0legu holdi. Fyrir \u00fev\u00ed verkar n\u00fa dau\u00f0inn \u00ed oss en l\u00edfi\u00f0 \u00ed y\u00f0ur. En \u00e1 me\u00f0an \u00fea\u00f0 v\u00e9r h\u00f6fum \u00feann sama tr\u00faarinnar anda, eftir \u00fev\u00ed sem skrifa\u00f0 er: &#8222;Eg tr\u00fa\u00f0i og fyrir \u00fea\u00f0 tala eg.&#8220; <span class=\"athugasemd\" title=\"Psal. 116\">[<\/span> Og v\u00e9r tr\u00faum, fyrir \u00fev\u00ed t\u00f6lum v\u00e9r einnin og vitum \u00fea\u00f0 a\u00f0 s\u00e1 sem Drottin Jes\u00fam hefur uppvaki\u00f0 a\u00f0 hann muni oss og uppvekja fyrir Jes\u00fam og mun skikka oss \u00fear me\u00f0ur y\u00f0ur. \u00dev\u00ed a\u00f0 allt \u00feetta sker y\u00f0ar vegna so a\u00f0 s\u00fa yfirgn\u00e6fanlega n\u00e1\u00f0 fyrir margra \u00feakkargj\u00f6r\u00f0 vegsami Gu\u00f0 r\u00edkuglegana. Fyrir \u00fev\u00ed letjunst v\u00e9r ekki heldur \u00fe\u00f3tt \u00fea\u00f0 vor ytri ma\u00f0ur fordjarfist \u00fe\u00e1 mun \u00fe\u00f3 s\u00e1 hinn innri dag fr\u00e1 degi endurn\u00fdjast. \u00dev\u00ed a\u00f0 vor hrygg\u00f0 sem stundleg og l\u00e9tt er \u00fatvegar eina eil\u00edfa og yfir allan m\u00e1ta mikla d\u00fdr\u00f0 oss er ei \u00e1l\u00edtum hi\u00f0 s\u00fdnilega heldur \u00e1 hi\u00f0 \u00f3s\u00fdnilega. \u00dev\u00ed a\u00f0 hva\u00f0 s\u00fdnilegt er \u00fea\u00f0 er stundlegt en hva\u00f0 \u00f3s\u00fdnilegt er \u00fea\u00f0 er eil\u00edft.<\/p>\n","protected":false},"excerpt":{"rendered":"<p>IIIII. Hvar fyrir \u00e1 me\u00f0an v\u00e9r h\u00f6fum n\u00fa svoddan emb\u00e6tti svo sem a\u00f0 v\u00e9r h\u00f6fum miskunnsemi til \u00f6\u00f0last \u00fe\u00e1 tregunst v\u00e9r ekki heldur afsegum v\u00e9r einnin heimuglegar [ skammir og f\u00f6rum eigi me\u00f0 fl\u00e1tskap, forbl\u00f6ndum og ekki Gu\u00f0s or\u00f0 heldur me\u00f0 opinberum sannindum og au\u00f0s\u00fdnum oss h\u00e6gan vi\u00f0 allar samviskur manna fyrir Gu\u00f0i. Er n\u00fa vort evangelium huli\u00f0 \u00fe\u00e1 er \u00fea\u00f0 huli\u00f0 \u00ed \u00feeim sem fortapa\u00f0ir ver\u00f0a, \u00ed hverjum a\u00f0 [ gu\u00f0 \u00feessarar veraldar hefur forblinda\u00f0 hugskot vantr\u00faa\u00f0ra svo \u00feeim sk\u00edni eigi uppbirting \u00feessa evangelii Krists d\u00fdr\u00f0ar hvert a\u00f0 er Gu\u00f0s \u00edmynd. \u00dev\u00ed a\u00f0 v\u00e9r pr\u00e9dikum ekki sj\u00e1lfa oss heldur <a href=\"https:\/\/biblian.is\/gudbrandsbiblia\/sidara-korintubref-4-kafli\/\"> [&#8230;]<\/a><\/p>\n","protected":false},"author":1,"featured_media":0,"parent":0,"menu_order":0,"comment_status":"open","ping_status":"open","template":"bibliukaflar.php","meta":{"footnotes":""},"class_list":["post-3933","page","type-page","status-publish","hentry"],"_links":{"self":[{"href":"https:\/\/biblian.is\/gudbrandsbiblia\/wp-json\/wp\/v2\/pages\/3933","targetHints":{"allow":["GET"]}}],"collection":[{"href":"https:\/\/biblian.is\/gudbrandsbiblia\/wp-json\/wp\/v2\/pages"}],"about":[{"href":"https:\/\/biblian.is\/gudbrandsbiblia\/wp-json\/wp\/v2\/types\/page"}],"author":[{"embeddable":true,"href":"https:\/\/biblian.is\/gudbrandsbiblia\/wp-json\/wp\/v2\/users\/1"}],"replies":[{"embeddable":true,"href":"https:\/\/biblian.is\/gudbrandsbiblia\/wp-json\/wp\/v2\/comments?post=3933"}],"version-history":[{"count":0,"href":"https:\/\/biblian.is\/gudbrandsbiblia\/wp-json\/wp\/v2\/pages\/3933\/revisions"}],"wp:attachment":[{"href":"https:\/\/biblian.is\/gudbrandsbiblia\/wp-json\/wp\/v2\/media?parent=3933"}],"curies":[{"name":"wp","href":"https:\/\/api.w.org\/{rel}","templated":true}]}}