{"id":3932,"date":"2017-12-18T18:35:08","date_gmt":"2017-12-18T18:35:08","guid":{"rendered":"http:\/\/biblian.is\/gudbrandsbiblia\/sidara-korintubref-3-kafli\/"},"modified":"2017-12-18T18:35:08","modified_gmt":"2017-12-18T18:35:08","slug":"sidara-korintubref-3-kafli","status":"publish","type":"page","link":"https:\/\/biblian.is\/gudbrandsbiblia\/sidara-korintubref-3-kafli\/","title":{"rendered":"S\u00ed\u00f0ara Korintubr\u00e9f 3. kafli"},"content":{"rendered":"<p>III.<\/p>\n<p>T\u00f6kum v\u00e9r enn aftur til a\u00f0 h\u00e6la sj\u00e1lfum oss? E\u00f0a \u00feurfum v\u00e9r l\u00edka so sem a\u00f0rir nokkrir h\u00f3lsbr\u00e9fanna til y\u00f0ar e\u00f0ur h\u00f3lsbr\u00e9fin af y\u00f0ur? \u00de\u00e9r eru\u00f0 vort br\u00e9f skrifa\u00f0 \u00ed vorum hj\u00f6rtum sem au\u00f0kennt og lesi\u00f0 ver\u00f0ur af \u00f6llum m\u00f6nnum, \u00fe\u00e9r sem auglj\u00f3sir eru\u00f0 vor\u00f0nir \u00fea\u00f0 \u00fe\u00e9r eru\u00f0 br\u00e9f Christi, tilreiddir fyrir pr\u00e9dikunaremb\u00e6tti og af oss skrifa\u00f0ir, eigi me\u00f0ur bleki heldur me\u00f0ur anda Gu\u00f0s lifanda, eigi \u00e1 steinspj\u00f6ldum heldur \u00e1 holdlegum spj\u00f6ldum hjartans. En sl\u00edkt traust h\u00f6fum v\u00e9r fyrir Christum til Gu\u00f0s, eigi svo \u00fea\u00f0 v\u00e9r s\u00e9um af sj\u00e1lfum oss neytir nokku\u00f0 a\u00f0 huglei\u00f0a so sem af sj\u00e1lfum oss til heldur ef v\u00e9r erum nokku\u00f0 neytir \u00fe\u00e1 er \u00fea\u00f0 af Gu\u00f0i, s\u00e1 a\u00f0 oss gj\u00f6r\u00f0i neyta fram a\u00f0 flytja emb\u00e6tti hins n\u00fdja testamentis, eigi b\u00f3kstafsins heldur andans. \u00dev\u00ed a\u00f0 b\u00f3kstafurinn dey\u00f0ir en andinn l\u00edfgar. <\/p>\n<p>\tEn fyrst \u00fea\u00f0 emb\u00e6tti sem fyrir b\u00f3kstafinn dey\u00f0ir og \u00e1 steinum er grafi\u00f0 haf\u00f0i bjartleik svo a\u00f0 \u00cdsraelssynir g\u00e1tu ei liti\u00f0 \u00ed \u00e1sj\u00f3nu Moysi fyrir bjartleika sakir hans andlits, sem \u00fe\u00f3 tekur enda, hvernin skyldi \u00fe\u00e1 ekki miklu meir \u00fea\u00f0 emb\u00e6tti sem andinn gefur bjartleik hafa? <span class=\"athugasemd\" title=\"Exo. 36\">[<\/span> \u00dev\u00ed fyrst \u00fea\u00f0 emb\u00e6tti sem fyrird\u00e6mingina bo\u00f0ar hefur birti miklu framar hefur \u00fe\u00e1 \u00fea\u00f0 emb\u00e6tti er r\u00e9ttl\u00e6ti\u00f0 bo\u00f0ar yfirgn\u00e6fanlegan bjartleik. \u00dev\u00ed a\u00f0 \u00ed suman m\u00e1ta \u00fea\u00f0 sem bjart var, \u00fea er fyrir \u00f6ngva birti haldanda \u00ed gegn \u00feessari yfirgn\u00e6fanlegri birti. \u00dev\u00ed fyrst \u00fea\u00f0 haf\u00f0i birti sem enda tekur, miklu framar mun \u00fea\u00f0 hafa birti sem st\u00f6\u00f0ugt bl\u00edfur.<\/p>\n<p>\tAf \u00fev\u00ed v\u00e9r h\u00f6fum n\u00fa sl\u00edka von \u00fe\u00e1 erum v\u00e9r djarfir \u00ed n\u00f3g og gj\u00f6rum eigi so sem Moyses gj\u00f6r\u00f0i, hver e\u00f0 fortjald hengdi fyrir s\u00edna \u00e1sj\u00e1n so a\u00f0 \u00cdsraelssynir fengu eigi liti\u00f0 ending \u00feess er enda t\u00f3k, heldur eru \u00feeirra hugskot forblindu\u00f0. \u00dev\u00ed a\u00f0 allt til \u00feessa dags bl\u00edfur \u00fea\u00f0 sama fortjald tillukt yfir \u00fev\u00ed gamla testamento \u00feann t\u00edm sem \u00feeir lesa \u00fea\u00f0, hvert a\u00f0 fyrir Christum tekur enda. \u00dev\u00ed a\u00f0 enn allt til \u00feessa dags \u00fe\u00e1 Moyses ver\u00f0ur lesinn hengur \u00fea\u00f0 fortjald fyrir \u00feeirra hj\u00f6rtum. En ef \u00feeir snerust til Drottins so yr\u00f0i \u00fea\u00f0 fortjald \u00ed burtu teki\u00f0. \u00dev\u00ed a\u00f0 Drottinn er andi. En hvar andi Drottins er, \u00fear er frelsi. En n\u00fa sko\u00f0um v\u00e9r allir birti Drottins so sem \u00ed spegli me\u00f0ur \u00f3huldri \u00e1sj\u00e1n og v\u00e9r ver\u00f0um so \u00ed \u00feeirri samri mynd uppbirtir fr\u00e1 einnri birti til annarrar so sem af Drottni, hver a\u00f0 einn andi er.<\/p>\n","protected":false},"excerpt":{"rendered":"<p>III. T\u00f6kum v\u00e9r enn aftur til a\u00f0 h\u00e6la sj\u00e1lfum oss? E\u00f0a \u00feurfum v\u00e9r l\u00edka so sem a\u00f0rir nokkrir h\u00f3lsbr\u00e9fanna til y\u00f0ar e\u00f0ur h\u00f3lsbr\u00e9fin af y\u00f0ur? \u00de\u00e9r eru\u00f0 vort br\u00e9f skrifa\u00f0 \u00ed vorum hj\u00f6rtum sem au\u00f0kennt og lesi\u00f0 ver\u00f0ur af \u00f6llum m\u00f6nnum, \u00fe\u00e9r sem auglj\u00f3sir eru\u00f0 vor\u00f0nir \u00fea\u00f0 \u00fe\u00e9r eru\u00f0 br\u00e9f Christi, tilreiddir fyrir pr\u00e9dikunaremb\u00e6tti og af oss skrifa\u00f0ir, eigi me\u00f0ur bleki heldur me\u00f0ur anda Gu\u00f0s lifanda, eigi \u00e1 steinspj\u00f6ldum heldur \u00e1 holdlegum spj\u00f6ldum hjartans. En sl\u00edkt traust h\u00f6fum v\u00e9r fyrir Christum til Gu\u00f0s, eigi svo \u00fea\u00f0 v\u00e9r s\u00e9um af sj\u00e1lfum oss neytir nokku\u00f0 a\u00f0 huglei\u00f0a so sem af sj\u00e1lfum oss <a href=\"https:\/\/biblian.is\/gudbrandsbiblia\/sidara-korintubref-3-kafli\/\"> [&#8230;]<\/a><\/p>\n","protected":false},"author":1,"featured_media":0,"parent":0,"menu_order":0,"comment_status":"open","ping_status":"open","template":"bibliukaflar.php","meta":{"footnotes":""},"class_list":["post-3932","page","type-page","status-publish","hentry"],"_links":{"self":[{"href":"https:\/\/biblian.is\/gudbrandsbiblia\/wp-json\/wp\/v2\/pages\/3932","targetHints":{"allow":["GET"]}}],"collection":[{"href":"https:\/\/biblian.is\/gudbrandsbiblia\/wp-json\/wp\/v2\/pages"}],"about":[{"href":"https:\/\/biblian.is\/gudbrandsbiblia\/wp-json\/wp\/v2\/types\/page"}],"author":[{"embeddable":true,"href":"https:\/\/biblian.is\/gudbrandsbiblia\/wp-json\/wp\/v2\/users\/1"}],"replies":[{"embeddable":true,"href":"https:\/\/biblian.is\/gudbrandsbiblia\/wp-json\/wp\/v2\/comments?post=3932"}],"version-history":[{"count":0,"href":"https:\/\/biblian.is\/gudbrandsbiblia\/wp-json\/wp\/v2\/pages\/3932\/revisions"}],"wp:attachment":[{"href":"https:\/\/biblian.is\/gudbrandsbiblia\/wp-json\/wp\/v2\/media?parent=3932"}],"curies":[{"name":"wp","href":"https:\/\/api.w.org\/{rel}","templated":true}]}}