{"id":3929,"date":"2017-12-18T18:35:08","date_gmt":"2017-12-18T18:35:08","guid":{"rendered":"http:\/\/biblian.is\/gudbrandsbiblia\/fyrra-kortintubref-16-kafli\/"},"modified":"2017-12-18T18:35:08","modified_gmt":"2017-12-18T18:35:08","slug":"fyrra-korintubref-16-kafli","status":"publish","type":"page","link":"https:\/\/biblian.is\/gudbrandsbiblia\/fyrra-korintubref-16-kafli\/","title":{"rendered":"Fyrra Korintubr\u00e9f 16. kafli"},"content":{"rendered":"<p>XVI.<\/p>\n<p>En af \u00feeirri stu\u00f0ning sem ske skal vi\u00f0 hina heil\u00f6gu so sem a\u00f0 eg hefi bo\u00f0i\u00f0 s\u00f6fnu\u00f0unum \u00ed Galatia \u00fe\u00e1 gj\u00f6ri \u00fe\u00e9r og l\u00edka. Og s\u00e9rhvern \u00fevottdaga \u00fe\u00e1 leggi hver y\u00f0ar hj\u00e1 sj\u00e1lfum s\u00e9r og samansafni hva\u00f0 honum er b\u00e6rilegt svo a\u00f0 eigi \u00feurfi \u00fe\u00e1 e\u00f0 fyrsta er eg kem til \u00feessari stu\u00f0ning saman a\u00f0 safna. En \u00fe\u00e1 er eg kem \u00fear vil eg senda \u00fe\u00e1 \u00fea\u00f0an hverja helst \u00fe\u00e9r kj\u00f3si\u00f0 til me\u00f0 br\u00e9fin so a\u00f0 \u00feeir flytji y\u00f0ra g\u00f3\u00f0vild til Jer\u00fasalem. Og ef \u00feess gj\u00f6rist \u00fe\u00f6rf a\u00f0 eg fer\u00f0ist \u00feanga\u00f0 \u00fe\u00e1 skulu \u00feeir me\u00f0 m\u00e9r fara. En eg mun koma til y\u00f0ar \u00fe\u00e1 eg fer um Macedoniam. \u00dev\u00ed a\u00f0 um Macedoniam mun eg fer\u00f0ast. En m\u00e1 vera a\u00f0 eg bl\u00edfi hj\u00e1 y\u00f0ur og s\u00e9 \u00fear einnin um veturinn so a\u00f0 \u00fe\u00e9r gj\u00f6ri\u00f0 m\u00edna \u00fatf\u00f6r hvert sem eg kann fer\u00f0ast. <\/p>\n<p>\tN\u00fa vil eg eigi sj\u00e1 y\u00f0ur \u00ed \u00feessari yfirfer\u00f0 \u00fev\u00ed a\u00f0 eg vona \u00fea\u00f0 eg muni um stundarsakir tefja hj\u00e1 y\u00f0ur ef Drottinn lofar. En \u00ed Epheso mun eg dveljast allt til hv\u00edtasunnu. \u00dev\u00ed a\u00f0 m\u00e9r eru \u00fear miklar dyr opna\u00f0ar og \u00feeir eru kostg\u00e6fnir en margir eru \u00fear m\u00f3tm\u00e6lendur. Og \u00fe\u00e1 T\u00edm\u00f3teus kemur til y\u00f0ar sj\u00e1i\u00f0 so til hann s\u00e9 utan \u00f3tta hj\u00e1 y\u00f0ur \u00fev\u00ed hann rekur Drottins erindi so sem a\u00f0 eg. <span class=\"athugasemd\" title=\"T\u00edm\u00f3teus\">[<\/span> Fyrir \u00fev\u00ed forsm\u00e1i hann enginn heldur lei\u00f0i\u00f0 hann \u00fat \u00ed fri\u00f0i svo a\u00f0 hann komi til m\u00edn \u00fev\u00ed a\u00f0 eg b\u00ed\u00f0 hans me\u00f0 br\u00e6\u00f0runum.<\/p>\n<p>\tEn af Apollo br\u00f3\u00f0ur (\u00fe\u00e1 viti\u00f0) \u00fea\u00f0 eg hefi \u00e1minnt hann marga vega a\u00f0 hann k\u00e6mi til y\u00f0ar me\u00f0 br\u00e6\u00f0runum en \u00fea\u00f0 var me\u00f0 \u00f6ngvu m\u00f3ti hans vilji \u00fea\u00f0 hann k\u00e6mi n\u00fa. <span class=\"athugasemd\" title=\"Apollo\">[<\/span> En hann mun koma \u00fe\u00e1 hann f\u00e6r t\u00f3m til. Vaki\u00f0 og standi\u00f0 \u00ed tr\u00fanni. Beri\u00f0 y\u00f0ur kallmannlega a\u00f0 og veri\u00f0 styrkvir. Alla y\u00f0ra hluti l\u00e1ti\u00f0 ske \u00ed k\u00e6rleika.<\/p>\n<p>\tEn eg \u00e1minni y\u00f0ur, g\u00f3\u00f0ir br\u00e6\u00f0ur: <span class=\"athugasemd\" title=\"Stephana\">[<\/span> \u00de\u00e9r kenni\u00f0 heimkynni Stephane \u00fea\u00f0 \u00feeir eru frumbur\u00f0ur \u00feeirra \u00ed Achaia og sj\u00e1lfir hafa \u00feeir skikka\u00f0 sig til \u00fej\u00f3nustu vi\u00f0 heilaga, upp \u00e1 \u00fea\u00f0 \u00fe\u00e9r s\u00e9u\u00f0 og \u00fev\u00edl\u00edkum undirgefnir og \u00f6llum sem \u00feeim samerfi\u00f0a. En eg fagna af Stephane og Fortunati og Achaici tilkomu \u00fev\u00ed hva\u00f0 mig vanta\u00f0i hj\u00e1 y\u00f0ur \u00fea\u00f0 uppfylldu \u00feeir \u00fev\u00ed a\u00f0 \u00feeir n\u00e6r\u00f0u minn anda og y\u00f0varn. <span class=\"athugasemd\" title=\"Fortunatus \/ Achaicus\">[<\/span> Fyrir \u00fev\u00ed vi\u00f0urkenni\u00f0 \u00fe\u00e1 fyrir \u00feess h\u00e1ttar menn.<\/p>\n<p>\tY\u00f0ur heilsar s\u00f6fnu\u00f0urinn \u00ed Asia. Y\u00f0ur heilsar mikillega \u00ed Drottni Aquila og Priscilla me\u00f0 \u00feeim s\u00f6fnu\u00f0i \u00ed \u00feeirra h\u00fasi. Y\u00f0ur heilsa allir br\u00e6\u00f0ur. Heilsi\u00f0 hver \u00f6\u00f0rum me\u00f0 heil\u00f6gum kossi. Eg, P\u00e1ll, heilsa y\u00f0ur me\u00f0 minni hendi. Og ef s\u00e1 er nokkur hann elski ekki Drottin vorn Jes\u00fam Christum \u00fe\u00e1 s\u00e9 hann <span class=\"athugasemd\" title=\"b \/ (Ana\u00feema) \/ \u00dea\u00f0 \u00fe\u00fd\u00f0ist \u00e1 norr\u00e6nu &#8222;bann&#8220;, &#8222;Ana\u00feema&#8220; upp \u00e1 g\u00edrsku. &#8222;Maharam&#8220; upp \u00e1 ebresku er hi\u00f0 sama. &#8222;Mothen&#8220; \u00fea\u00f0 kallast dau\u00f0i. N\u00fa vill S. P\u00e1ll segja: Hver hann elskar ekki Christum s\u00e1 er b\u00f6lva\u00f0ur til dau\u00f0a. Les levi. xxvi.\">[<\/span> ana\u00feema. Maraham Motha. N\u00e1\u00f0 Drottins vors Jes\u00fa Christi s\u00e9 me\u00f0 y\u00f0ur. Minn k\u00e6rleiki s\u00e9 me\u00f0 y\u00f0ur \u00f6llum \u00ed Christo Jes\u00fa. A M E N. <\/p>\n<p>Hinn fyrri pistill til \u00feeirra \u00ed Korin\u00feeuborg <\/p>\n<p>sendur \u00fat af Philippis fyrir Stephanon og Fortunatum og Achaicum og Timotheum<\/p>\n","protected":false},"excerpt":{"rendered":"<p>XVI. En af \u00feeirri stu\u00f0ning sem ske skal vi\u00f0 hina heil\u00f6gu so sem a\u00f0 eg hefi bo\u00f0i\u00f0 s\u00f6fnu\u00f0unum \u00ed Galatia \u00fe\u00e1 gj\u00f6ri \u00fe\u00e9r og l\u00edka. Og s\u00e9rhvern \u00fevottdaga \u00fe\u00e1 leggi hver y\u00f0ar hj\u00e1 sj\u00e1lfum s\u00e9r og samansafni hva\u00f0 honum er b\u00e6rilegt svo a\u00f0 eigi \u00feurfi \u00fe\u00e1 e\u00f0 fyrsta er eg kem til \u00feessari stu\u00f0ning saman a\u00f0 safna. En \u00fe\u00e1 er eg kem \u00fear vil eg senda \u00fe\u00e1 \u00fea\u00f0an hverja helst \u00fe\u00e9r kj\u00f3si\u00f0 til me\u00f0 br\u00e9fin so a\u00f0 \u00feeir flytji y\u00f0ra g\u00f3\u00f0vild til Jer\u00fasalem. Og ef \u00feess gj\u00f6rist \u00fe\u00f6rf a\u00f0 eg fer\u00f0ist \u00feanga\u00f0 \u00fe\u00e1 skulu \u00feeir me\u00f0 m\u00e9r fara. En eg <a href=\"https:\/\/biblian.is\/gudbrandsbiblia\/fyrra-korintubref-16-kafli\/\"> [&#8230;]<\/a><\/p>\n","protected":false},"author":1,"featured_media":0,"parent":0,"menu_order":0,"comment_status":"open","ping_status":"open","template":"bibliukaflar.php","meta":{"footnotes":""},"class_list":["post-3929","page","type-page","status-publish","hentry"],"_links":{"self":[{"href":"https:\/\/biblian.is\/gudbrandsbiblia\/wp-json\/wp\/v2\/pages\/3929","targetHints":{"allow":["GET"]}}],"collection":[{"href":"https:\/\/biblian.is\/gudbrandsbiblia\/wp-json\/wp\/v2\/pages"}],"about":[{"href":"https:\/\/biblian.is\/gudbrandsbiblia\/wp-json\/wp\/v2\/types\/page"}],"author":[{"embeddable":true,"href":"https:\/\/biblian.is\/gudbrandsbiblia\/wp-json\/wp\/v2\/users\/1"}],"replies":[{"embeddable":true,"href":"https:\/\/biblian.is\/gudbrandsbiblia\/wp-json\/wp\/v2\/comments?post=3929"}],"version-history":[{"count":0,"href":"https:\/\/biblian.is\/gudbrandsbiblia\/wp-json\/wp\/v2\/pages\/3929\/revisions"}],"wp:attachment":[{"href":"https:\/\/biblian.is\/gudbrandsbiblia\/wp-json\/wp\/v2\/media?parent=3929"}],"curies":[{"name":"wp","href":"https:\/\/api.w.org\/{rel}","templated":true}]}}