{"id":3926,"date":"2017-12-18T18:35:08","date_gmt":"2017-12-18T18:35:08","guid":{"rendered":"http:\/\/biblian.is\/gudbrandsbiblia\/fyrra-kortintubref-13-kafli\/"},"modified":"2017-12-18T18:35:08","modified_gmt":"2017-12-18T18:35:08","slug":"fyrra-korintubref-13-kafli","status":"publish","type":"page","link":"https:\/\/biblian.is\/gudbrandsbiblia\/fyrra-korintubref-13-kafli\/","title":{"rendered":"Fyrra Korintubr\u00e9f 13. kafli"},"content":{"rendered":"<p>XIII.<\/p>\n<p>\u00de\u00f3 a\u00f0 eg tala\u00f0i tungur mannanna og englanna en hef\u00f0a ekki k\u00e6rleikann \u00fe\u00e1 v\u00e6ri eg sem annar hlj\u00f3mandi m\u00e1lmur e\u00f0ur hvellandi bjalla. <span class=\"athugasemd\" title=\"Um k\u00e6rleikann\">[<\/span> Og \u00fe\u00f3 a\u00f0 eg hef\u00f0a sp\u00e1d\u00f3m og vissi alla leynda hluti og skynsemi og hef\u00f0i alla tr\u00fa so a\u00f0 eg fj\u00f6llin \u00far sta\u00f0 f\u00e6r\u00f0i en hef\u00f0a ekki k\u00e6rleikann \u00fe\u00e1 v\u00e6ra eg ekkert. Og \u00fe\u00f3 a\u00f0 eg g\u00e6fi allar m\u00ednar eigur f\u00e1t\u00e6kum og eg yfirg\u00e6fi minn l\u00edkama so a\u00f0 eg brynni og hef\u00f0a ekki k\u00e6rleikann \u00fe\u00e1 v\u00e6ri m\u00e9r \u00fea\u00f0 engin nytsemd. <\/p>\n<p>\tK\u00e6rleikurinn er \u00feolinm\u00f3\u00f0ur og vingjarnlegur. K\u00e6rleikurinn vanl\u00e6tir eigi, k\u00e6rleikurinn gj\u00f6rir ekkert illmannlega, eigi bl\u00e6s hann sig upp, ei er hann \u00f3si\u00f0samur, eigi leitar hann \u00feess hva\u00f0 hans er, eigi ver\u00f0ur hann til ills egndur, hann hugsar ekki vondslegt, eigi fagnar hann yfir rangl\u00e6tinu en fagnar sannleikanum. Hann umber alla hluti, hann tr\u00fair \u00f6llu, hann vonar allt, hann uml\u00ed\u00f0ur alla hluti. K\u00e6rleikurinn hann do\u00f0nar aldrei \u00fe\u00f3tt sp\u00e1d\u00f3murinn hja\u00f0ni og tungum\u00e1lunum sloti og skynseminni linni.<\/p>\n<p>\t\u00dev\u00ed a\u00f0 vorir vitsmunir eru <span class=\"athugasemd\" title=\"a \/ (H\u00e1lfverk) \/ En \u00fe\u00e1 v\u00e9r h\u00f6fum alla hluti \u00ed tr\u00fanni og vitum hva\u00f0 Gu\u00f0 er og hva\u00f0 hann oss gefur \u00fe\u00e1 er \u00fe\u00f3 sl\u00edk kenning enn so sem h\u00e1lfverk og \u00f3fullkomin a\u00f0 reikna \u00ed hj\u00e1 \u00feeirri eftirkomandi d\u00fdr\u00f0\">[<\/span> h\u00e1lfverk og vorar sp\u00e1sagnir eru h\u00e1lfverk. En n\u00e6r \u00fea\u00f0 kemur sem algj\u00f6rt er \u00fe\u00e1 hja\u00f0nar \u00fea\u00f0 sem h\u00e1lfverk er. \u00de\u00e1 eg var barn tala\u00f0i eg sem barn og eg var forsj\u00e1ll sem barn og eg hugsa\u00f0i sem barn. En \u00fe\u00e1 eg gj\u00f6r\u00f0ist ma\u00f0ur lag\u00f0a eg af hva\u00f0 bernsklegt var. N\u00fa sj\u00e1um v\u00e9r fyrir spegilinn a\u00f0 r\u00e1\u00f0g\u00e1tu en \u00fe\u00e1 auglit a\u00f0 augliti. N\u00fa kenni eg \u00f3fullkomlega en \u00fe\u00e1 mun eg kenna so sem eg em kenndur. N\u00fa bl\u00edfa \u00feessi \u00ferj\u00fa: Tr\u00faan, vonin, k\u00e6rleikurinn, en k\u00e6rleikurinn er mestur af \u00feessum.<\/p>\n","protected":false},"excerpt":{"rendered":"<p>XIII. \u00de\u00f3 a\u00f0 eg tala\u00f0i tungur mannanna og englanna en hef\u00f0a ekki k\u00e6rleikann \u00fe\u00e1 v\u00e6ri eg sem annar hlj\u00f3mandi m\u00e1lmur e\u00f0ur hvellandi bjalla. [ Og \u00fe\u00f3 a\u00f0 eg hef\u00f0a sp\u00e1d\u00f3m og vissi alla leynda hluti og skynsemi og hef\u00f0i alla tr\u00fa so a\u00f0 eg fj\u00f6llin \u00far sta\u00f0 f\u00e6r\u00f0i en hef\u00f0a ekki k\u00e6rleikann \u00fe\u00e1 v\u00e6ra eg ekkert. Og \u00fe\u00f3 a\u00f0 eg g\u00e6fi allar m\u00ednar eigur f\u00e1t\u00e6kum og eg yfirg\u00e6fi minn l\u00edkama so a\u00f0 eg brynni og hef\u00f0a ekki k\u00e6rleikann \u00fe\u00e1 v\u00e6ri m\u00e9r \u00fea\u00f0 engin nytsemd. K\u00e6rleikurinn er \u00feolinm\u00f3\u00f0ur og vingjarnlegur. K\u00e6rleikurinn vanl\u00e6tir eigi, k\u00e6rleikurinn gj\u00f6rir ekkert illmannlega, eigi bl\u00e6s hann sig <a href=\"https:\/\/biblian.is\/gudbrandsbiblia\/fyrra-korintubref-13-kafli\/\"> [&#8230;]<\/a><\/p>\n","protected":false},"author":1,"featured_media":0,"parent":0,"menu_order":0,"comment_status":"open","ping_status":"open","template":"bibliukaflar.php","meta":{"footnotes":""},"class_list":["post-3926","page","type-page","status-publish","hentry"],"_links":{"self":[{"href":"https:\/\/biblian.is\/gudbrandsbiblia\/wp-json\/wp\/v2\/pages\/3926","targetHints":{"allow":["GET"]}}],"collection":[{"href":"https:\/\/biblian.is\/gudbrandsbiblia\/wp-json\/wp\/v2\/pages"}],"about":[{"href":"https:\/\/biblian.is\/gudbrandsbiblia\/wp-json\/wp\/v2\/types\/page"}],"author":[{"embeddable":true,"href":"https:\/\/biblian.is\/gudbrandsbiblia\/wp-json\/wp\/v2\/users\/1"}],"replies":[{"embeddable":true,"href":"https:\/\/biblian.is\/gudbrandsbiblia\/wp-json\/wp\/v2\/comments?post=3926"}],"version-history":[{"count":0,"href":"https:\/\/biblian.is\/gudbrandsbiblia\/wp-json\/wp\/v2\/pages\/3926\/revisions"}],"wp:attachment":[{"href":"https:\/\/biblian.is\/gudbrandsbiblia\/wp-json\/wp\/v2\/media?parent=3926"}],"curies":[{"name":"wp","href":"https:\/\/api.w.org\/{rel}","templated":true}]}}