{"id":3918,"date":"2017-12-18T18:35:04","date_gmt":"2017-12-18T18:35:04","guid":{"rendered":"http:\/\/biblian.is\/gudbrandsbiblia\/fyrra-kortintubref-6-kafli\/"},"modified":"2017-12-18T18:35:04","modified_gmt":"2017-12-18T18:35:04","slug":"fyrra-korintubref-6-kafli","status":"publish","type":"page","link":"https:\/\/biblian.is\/gudbrandsbiblia\/fyrra-korintubref-6-kafli\/","title":{"rendered":"Fyrra Korintubr\u00e9f 6. kafli"},"content":{"rendered":"<p>VI.<\/p>\n<p>Hvernin dirfist nokkur af y\u00f0ur \u00fe\u00f3tt hann hafi eitthva\u00f0 k\u00e6rum\u00e1l \u00ed m\u00f3ti \u00f6\u00f0rum a\u00f0 l\u00e1ta d\u00e6ma \u00fea\u00f0 hj\u00e1 rangl\u00e1tum og eigi heldur hj\u00e1 heil\u00f6gum? Viti \u00fe\u00e9r ekki \u00fea\u00f0 heilagir munu heiminn d\u00e6ma? Og fyrst heimurinn skal d\u00e6mast af y\u00f0ur eru \u00fe\u00e9r \u00fe\u00e1 eigi n\u00f3gu vel fallnir til a\u00f0 d\u00e6ma um \u00fea\u00f0 sem minnih\u00e1ttar er? Viti \u00fe\u00e9r ei \u00fea\u00f0 v\u00e9r munum yfir englunum d\u00e6ma? Hversu miklu meir \u00fe\u00e1 yfir stundlegum au\u00f0\u00e6fum? En \u00fe\u00e9r n\u00e6r \u00fe\u00e9r hafi\u00f0 nokkur m\u00e1laferli um stundlegan au\u00f0 \u00fe\u00e1 taki \u00fe\u00e9r \u00fe\u00e1 sem hj\u00e1 s\u00f6fnu\u00f0inum <span class=\"athugasemd\" title=\"a \/ (Forsm\u00e1\u00f0ir) \/ \u00dea\u00f0 eru hei\u00f0ingjar hverjir ekkert samlag hafa me\u00f0 \u00feeim kristnu \u00ed andlegum hlutum svo sem er sacramentum etc.\">[<\/span> forsm\u00e1\u00f0ir eru og setji\u00f0 \u00fe\u00e1 til yfird\u00f3mara. Y\u00f0ur til sm\u00e1nar segi eg \u00feetta. Er \u00fe\u00e1 \u00fe\u00e1 me\u00f0 \u00f6llu enginn so vitur y\u00f0ar \u00e1 milli \u00fea\u00f0 d\u00e6ma kynni millum br\u00f3\u00f0urs og br\u00f3\u00f0urs? Heldur deilir br\u00f3\u00f0ir vi\u00f0 br\u00f3\u00f0ur, \u00fear ofan \u00e1 fyrir vantr\u00fau\u00f0um.<\/p>\n<p>\t\u00dea\u00f0 er sennilega fullkomlegt brot \u00ed bland y\u00f0ur \u00fea\u00f0 \u00fe\u00e9r hafi\u00f0 lagadeilur y\u00f0var \u00e1 milli. Hvar fyrir l\u00ed\u00f0i \u00fe\u00e9r ei miklu heldur \u00f3r\u00e9tt? E\u00f0a \u00fev\u00ed l\u00e1ti \u00fe\u00e9r ekki sv\u00edkja y\u00f0ur heldur? \u00de\u00e9r gj\u00f6ri\u00f0 heldur rangt og sv\u00edki\u00f0 og \u00fe\u00f3 vi\u00f0 br\u00e6\u00f0urnar.<\/p>\n<p>\tViti \u00fe\u00e9r ei \u00fea\u00f0 rangl\u00e1tir munu eigi eignast Gu\u00f0s r\u00edki? L\u00e1ti\u00f0 eigi villa y\u00f0ur: Hverki frillul\u00edfismenn n\u00e9 bl\u00f3tmenn sk\u00fargo\u00f0a, eigi h\u00f3rd\u00f3msmenn n\u00e9 s\u00e6lg\u00e6tingar, eigi heldur \u00feeir sem sk\u00f6mm dr\u00fdgja me\u00f0 karlm\u00f6nnum, eigi \u00fej\u00f3far n\u00e9 \u00e1girndarmenn, eigi ofdrykkjumenn, eigi hneykslarar n\u00e9 r\u00e6ningjar munu Gu\u00f0s r\u00edki eignast. Og \u00fev\u00edl\u00edkir hafa for\u00f0um daga nokkrir \u00fat af y\u00f0ur veri\u00f0. <span class=\"athugasemd\" title=\"L\u00e6rd\u00f3mur og huggun\">[<\/span> En \u00fe\u00e9r eru\u00f0 n\u00fa af\u00fevegnir, \u00fe\u00e9r eru\u00f0 n\u00fa helga\u00f0ir, \u00fe\u00e9r eru\u00f0 n\u00fa r\u00e9ttl\u00e6ttir fyrir nafni\u00f0 Drottins Jes\u00fa og fyrir anda Gu\u00f0s vors.<\/p>\n<p>\tAllt leyfist m\u00e9r en eigi batar \u00fea\u00f0 mig allt. Eg hefi allra hluta vald en mig skal ekkert yfirbuga. F\u00e6\u00f0slan maganum og maginn f\u00e6\u00f0slunni en Gu\u00f0 mun \u00feetta og hitt afm\u00e1. L\u00edkaminn a\u00f0 s\u00f6nnu eigi frillulifna\u00f0inum heldur Drottni og Drotitnn l\u00edkamanum. En Gu\u00f0 hefur uppvaki\u00f0 Drottin, og so mun hann oss uppvekja fyrir sinn kraft. E\u00f0a viti \u00fe\u00e9r ekki \u00fea\u00f0 y\u00f0rir l\u00edkamir eru Krists limir? Skylda eg n\u00fa taka Krists lim og gj\u00f6ra \u00fear af sk\u00e6kjunnar lim? \u00dea\u00f0 s\u00e9 fjarri. E\u00f0a viti \u00fe\u00e9r ekki a\u00f0 hver hann samlagar sig sk\u00e6kjunni a\u00f0 s\u00e1 er einn l\u00edkami me\u00f0ur henni? &#8222;\u00dev\u00ed a\u00f0 \u00feau munu&#8220; segir hann &#8222;tv\u00f6 \u00ed einu holdi vera.&#8220; En hva\u00f0 hann samtengir sig Drottni s\u00e1 er einn andi me\u00f0 honum. <\/p>\n<p>\tFl\u00fdi\u00f0 frillulifna\u00f0inn. \u00dev\u00ed a\u00f0 allar syndir hverjar ma\u00f0urinn dr\u00fdgir eru utan hans l\u00edkama en hver e\u00f0 frillulifna\u00f0inn dr\u00fdgir s\u00e1 syndgar vi\u00f0 sinn eigin l\u00edkama. E\u00f0a viti \u00fe\u00e9r ekki a\u00f0 y\u00f0rir limir eru musteri \u00feess heilags anda sem \u00ed y\u00f0ur er \u00feann \u00fe\u00e9r hafi\u00f0 af Gu\u00f0i? <span class=\"athugasemd\" title=\"2. Cor. 6\">[<\/span> \u00de\u00e9r eru\u00f0 og eigi y\u00f0rir sj\u00e1lfs \u00fev\u00ed a\u00f0 \u00fe\u00e9r eru\u00f0 d\u00fdru ver\u00f0i keyptir. \u00dear fyrir vegsami\u00f0 Gu\u00f0 \u00ed y\u00f0rum l\u00edkama og y\u00f0rum anda hverjir Gu\u00f0s eru.<\/p>\n","protected":false},"excerpt":{"rendered":"<p>VI. Hvernin dirfist nokkur af y\u00f0ur \u00fe\u00f3tt hann hafi eitthva\u00f0 k\u00e6rum\u00e1l \u00ed m\u00f3ti \u00f6\u00f0rum a\u00f0 l\u00e1ta d\u00e6ma \u00fea\u00f0 hj\u00e1 rangl\u00e1tum og eigi heldur hj\u00e1 heil\u00f6gum? Viti \u00fe\u00e9r ekki \u00fea\u00f0 heilagir munu heiminn d\u00e6ma? Og fyrst heimurinn skal d\u00e6mast af y\u00f0ur eru \u00fe\u00e9r \u00fe\u00e1 eigi n\u00f3gu vel fallnir til a\u00f0 d\u00e6ma um \u00fea\u00f0 sem minnih\u00e1ttar er? Viti \u00fe\u00e9r ei \u00fea\u00f0 v\u00e9r munum yfir englunum d\u00e6ma? Hversu miklu meir \u00fe\u00e1 yfir stundlegum au\u00f0\u00e6fum? En \u00fe\u00e9r n\u00e6r \u00fe\u00e9r hafi\u00f0 nokkur m\u00e1laferli um stundlegan au\u00f0 \u00fe\u00e1 taki \u00fe\u00e9r \u00fe\u00e1 sem hj\u00e1 s\u00f6fnu\u00f0inum [ forsm\u00e1\u00f0ir eru og setji\u00f0 \u00fe\u00e1 til yfird\u00f3mara. Y\u00f0ur til sm\u00e1nar segi <a href=\"https:\/\/biblian.is\/gudbrandsbiblia\/fyrra-korintubref-6-kafli\/\"> [&#8230;]<\/a><\/p>\n","protected":false},"author":1,"featured_media":0,"parent":0,"menu_order":0,"comment_status":"open","ping_status":"open","template":"bibliukaflar.php","meta":{"footnotes":""},"class_list":["post-3918","page","type-page","status-publish","hentry"],"_links":{"self":[{"href":"https:\/\/biblian.is\/gudbrandsbiblia\/wp-json\/wp\/v2\/pages\/3918","targetHints":{"allow":["GET"]}}],"collection":[{"href":"https:\/\/biblian.is\/gudbrandsbiblia\/wp-json\/wp\/v2\/pages"}],"about":[{"href":"https:\/\/biblian.is\/gudbrandsbiblia\/wp-json\/wp\/v2\/types\/page"}],"author":[{"embeddable":true,"href":"https:\/\/biblian.is\/gudbrandsbiblia\/wp-json\/wp\/v2\/users\/1"}],"replies":[{"embeddable":true,"href":"https:\/\/biblian.is\/gudbrandsbiblia\/wp-json\/wp\/v2\/comments?post=3918"}],"version-history":[{"count":0,"href":"https:\/\/biblian.is\/gudbrandsbiblia\/wp-json\/wp\/v2\/pages\/3918\/revisions"}],"wp:attachment":[{"href":"https:\/\/biblian.is\/gudbrandsbiblia\/wp-json\/wp\/v2\/media?parent=3918"}],"curies":[{"name":"wp","href":"https:\/\/api.w.org\/{rel}","templated":true}]}}