{"id":3916,"date":"2017-12-18T18:35:04","date_gmt":"2017-12-18T18:35:04","guid":{"rendered":"http:\/\/biblian.is\/gudbrandsbiblia\/fyrra-kortintubref-4-kafli\/"},"modified":"2017-12-18T18:35:04","modified_gmt":"2017-12-18T18:35:04","slug":"fyrra-korintubref-4-kafli","status":"publish","type":"page","link":"https:\/\/biblian.is\/gudbrandsbiblia\/fyrra-korintubref-4-kafli\/","title":{"rendered":"Fyrra Korintubr\u00e9f 4. kafli"},"content":{"rendered":"<p>IIII.<\/p>\n<p>\u00dear haldi oss hver mann fyrir, einkum fyrir Gu\u00f0s \u00fe\u00e9nara og verkstj\u00f3rnara yfir Gu\u00f0s leynda d\u00f3ma. <span class=\"athugasemd\" title=\"a \/ (Leynda d\u00f3ma) \/ \u00dea\u00f0 er evangelium \u00ed hverju gu\u00f0d\u00f3mleg f\u00f3lgin au\u00f0\u00e6fi ver\u00f0a fyrir oss framsett\">[<\/span> N\u00fa heimtum v\u00e9r eigi meir af verkstj\u00f3rnurunum en \u00fea\u00f0 \u00feeir finnist tr\u00fair. \u00dev\u00ed er m\u00e9r \u00fea\u00f0 fyrir minnsta kosti a\u00f0 eg skuli af y\u00f0ur d\u00e6mast e\u00f0ur af mannlegum degi. En \u00fe\u00f3 d\u00e6mi eg mig ei sj\u00e1lfur. \u00dev\u00ed eg veit m\u00edn ekkert en \u00ed \u00fev\u00ed em eg \u00fe\u00f3 ekki r\u00e9ttl\u00e1tur. Drottinn er s\u00e1 sem d\u00e6mir. Fyrir \u00fev\u00ed d\u00e6mi\u00f0 ekki fyrir t\u00edmann \u00feanga\u00f0 til a\u00f0 Drottinn kemur, s\u00e1 er augl\u00fdsa mun \u00fea\u00f0 \u00ed myrkrunum er huli\u00f0 og opinber gj\u00f6ra r\u00e1\u00f0in hjartnanna og mun \u00fe\u00e1 hverjum sem einum lofst\u00edr ske af Gu\u00f0i.<\/p>\n<p>\tEn \u00feetta, g\u00f3\u00f0ir br\u00e6\u00f0ur, hefi eg mynda\u00f0 upp \u00e1 sj\u00e1lfan mig og Apollo y\u00f0ar vegna so a\u00f0 \u00fe\u00e9r l\u00e6r\u00f0u\u00f0 af okkur \u00fea\u00f0 enginn haldi meir af s\u00e9r en so sem n\u00fa er skrifa\u00f0 upp \u00e1 \u00fea\u00f0 a\u00f0 enginn hr\u00f3si sig upp m\u00f3t \u00f6\u00f0rum fyrir nokkurs sakir. \u00dev\u00ed hver heldur \u00fe\u00e9r fram e\u00f0a hva\u00f0 hefur \u00fe\u00fa \u00fea\u00f0 \u00fe\u00fa hafir eigi me\u00f0teki\u00f0? En fyrst \u00fe\u00fa hefur \u00fea\u00f0 me\u00f0teki\u00f0, hva\u00f0 metur \u00fe\u00fa \u00feig \u00fe\u00e1 sem s\u00e1 \u00fea\u00f0 hef\u00f0i ekki me\u00f0teki\u00f0? \u00de\u00e9r eru\u00f0 n\u00fa saddir, \u00fe\u00e9r eru\u00f0 n\u00fa \u00feegar au\u00f0ugir vor\u00f0nir, \u00fe\u00e9r r\u00edki\u00f0 \u00e1n vor. <span class=\"athugasemd\" title=\"b \/ (R\u00edkir) \/ Ironia. Hann kallar \u00fe\u00e1 postulanna og pr\u00e9dikaranna emb\u00e6tti \u00ed \u00feessum heimi\">[<\/span> G\u00e6fi \u00fea\u00f0 og Gu\u00f0 a\u00f0 \u00fe\u00e9r r\u00edktu\u00f0 so a\u00f0 v\u00e9r m\u00e6ttum og r\u00edkja me\u00f0 y\u00f0ur.<\/p>\n<p>\tEn eg meina a\u00f0 Gu\u00f0 hafi au\u00f0s\u00fdnt oss postulana fyrir hina allra s\u00ed\u00f0ustu, so sem dau\u00f0anum yfirgefna, \u00fev\u00ed a\u00f0 v\u00e9r erum sj\u00f3nargler vor\u00f0nir heiminum, og so englum og m\u00f6nnum. V\u00e9r erum \u00feussar fyrir Krists sakir en \u00fe\u00e9r forhyggnir \u00ed Christo, v\u00e9r veikir en \u00fe\u00e9r styrkvir, \u00fe\u00e9r d\u00fdr\u00f0legir, v\u00e9r forsm\u00e1narlegir. \u00dev\u00ed a\u00f0 allt til \u00feessa dags \u00feolum v\u00e9r svengd og \u00feosta og erum kl\u00e6\u00f0f\u00e1ir og ver\u00f0um hnefum bar\u00f0ir, h\u00f6fum \u00f6ngvan samasta\u00f0, erfi\u00f0um og verkum me\u00f0 vorum eigin h\u00f6ndum. Og n\u00e6r oss er form\u00e6lt \u00fe\u00e1 blessum v\u00e9r, eru v\u00e9r ofs\u00f3ttir, \u00fe\u00e1 l\u00ed\u00f0um v\u00e9r, erum v\u00e9r lasta\u00f0ir \u00fe\u00e1 bei\u00f0iu v\u00e9r, og jafnan erum v\u00e9r so sem hrak \u00feessarar veraldar og hreinsunaroffur allra manna allt til \u00feessa.<\/p>\n<p>\t\u00deetta skrifa eg eigi upp \u00e1 \u00fea\u00f0 eg hneyksli y\u00f0ur heldur \u00e1minni eg y\u00f0ur so sem m\u00edna k\u00e6rustu syni. \u00dev\u00ed \u00fe\u00f3 \u00fe\u00e9r hef\u00f0i\u00f0 t\u00edu \u00fe\u00fasundir l\u00e6rimeistara \u00ed Christo \u00fe\u00e1 hafi \u00fe\u00e9r \u00fe\u00f3 ei fe\u00f0urna marga \u00fev\u00ed a\u00f0 \u00ed Christo Jes\u00fa fyrir evangelium \u00fe\u00e1 hefi eg ali\u00f0 y\u00f0ur. Fyrir \u00fev\u00ed \u00e1minni eg y\u00f0ur a\u00f0 \u00fe\u00e9r s\u00e9u\u00f0 m\u00ednir eftirfylgjarar. \u00dear fyrir sendi eg Timotheum til y\u00f0ar, hver a\u00f0 er minn k\u00e6r og tr\u00far sonur \u00ed Drottni, a\u00f0 hann undirv\u00edsi y\u00f0ur m\u00edna vegu \u00fe\u00e1 sem a\u00f0 eru \u00ed Christo l\u00edka sem eg \u00ed \u00f6llum samkundum og alls sta\u00f0ar kenni.<\/p>\n<p>\t\u00dear hroka s\u00e9r n\u00fa nokkrir upp sem eg mundi eigi koma til y\u00f0ar. En eg mun \u00fe\u00f3 snarlega koma til y\u00f0ar ef Drottinn vill a\u00f0 eg reyni, eigi or\u00f0 \u00feeirra sem upphroka\u00f0ir eru heldur kraft. \u00dev\u00ed a\u00f0 Gu\u00f0s r\u00edki er eigi f\u00f3lgi\u00f0 \u00ed or\u00f0um heldur \u00ed krafti. Hva\u00f0 vilji \u00fe\u00e9r? Skal eg me\u00f0ur vendi til y\u00f0ar koma e\u00f0a me\u00f0 k\u00e6rleik og h\u00f3gv\u00e6rum anda?<\/p>\n","protected":false},"excerpt":{"rendered":"<p>IIII. \u00dear haldi oss hver mann fyrir, einkum fyrir Gu\u00f0s \u00fe\u00e9nara og verkstj\u00f3rnara yfir Gu\u00f0s leynda d\u00f3ma. [ N\u00fa heimtum v\u00e9r eigi meir af verkstj\u00f3rnurunum en \u00fea\u00f0 \u00feeir finnist tr\u00fair. \u00dev\u00ed er m\u00e9r \u00fea\u00f0 fyrir minnsta kosti a\u00f0 eg skuli af y\u00f0ur d\u00e6mast e\u00f0ur af mannlegum degi. En \u00fe\u00f3 d\u00e6mi eg mig ei sj\u00e1lfur. \u00dev\u00ed eg veit m\u00edn ekkert en \u00ed \u00fev\u00ed em eg \u00fe\u00f3 ekki r\u00e9ttl\u00e1tur. Drottinn er s\u00e1 sem d\u00e6mir. Fyrir \u00fev\u00ed d\u00e6mi\u00f0 ekki fyrir t\u00edmann \u00feanga\u00f0 til a\u00f0 Drottinn kemur, s\u00e1 er augl\u00fdsa mun \u00fea\u00f0 \u00ed myrkrunum er huli\u00f0 og opinber gj\u00f6ra r\u00e1\u00f0in hjartnanna og mun \u00fe\u00e1 <a href=\"https:\/\/biblian.is\/gudbrandsbiblia\/fyrra-korintubref-4-kafli\/\"> [&#8230;]<\/a><\/p>\n","protected":false},"author":1,"featured_media":0,"parent":0,"menu_order":0,"comment_status":"open","ping_status":"open","template":"bibliukaflar.php","meta":{"footnotes":""},"class_list":["post-3916","page","type-page","status-publish","hentry"],"_links":{"self":[{"href":"https:\/\/biblian.is\/gudbrandsbiblia\/wp-json\/wp\/v2\/pages\/3916","targetHints":{"allow":["GET"]}}],"collection":[{"href":"https:\/\/biblian.is\/gudbrandsbiblia\/wp-json\/wp\/v2\/pages"}],"about":[{"href":"https:\/\/biblian.is\/gudbrandsbiblia\/wp-json\/wp\/v2\/types\/page"}],"author":[{"embeddable":true,"href":"https:\/\/biblian.is\/gudbrandsbiblia\/wp-json\/wp\/v2\/users\/1"}],"replies":[{"embeddable":true,"href":"https:\/\/biblian.is\/gudbrandsbiblia\/wp-json\/wp\/v2\/comments?post=3916"}],"version-history":[{"count":0,"href":"https:\/\/biblian.is\/gudbrandsbiblia\/wp-json\/wp\/v2\/pages\/3916\/revisions"}],"wp:attachment":[{"href":"https:\/\/biblian.is\/gudbrandsbiblia\/wp-json\/wp\/v2\/media?parent=3916"}],"curies":[{"name":"wp","href":"https:\/\/api.w.org\/{rel}","templated":true}]}}