{"id":3915,"date":"2017-12-18T18:35:04","date_gmt":"2017-12-18T18:35:04","guid":{"rendered":"http:\/\/biblian.is\/gudbrandsbiblia\/fyrra-kortintubref-3-kafli\/"},"modified":"2017-12-18T18:35:04","modified_gmt":"2017-12-18T18:35:04","slug":"fyrra-korintubref-3-kafli","status":"publish","type":"page","link":"https:\/\/biblian.is\/gudbrandsbiblia\/fyrra-korintubref-3-kafli\/","title":{"rendered":"Fyrra Korintubr\u00e9f 3. kafli"},"content":{"rendered":"<p>III.<\/p>\n<p>Og eg, g\u00f3\u00f0ir br\u00e6\u00f0ur, m\u00e1tti eigi tala vi\u00f0 y\u00f0ur so sem vi\u00f0 andlega heldur so sem vi\u00f0 l\u00edkamlega og l\u00edka sem vi\u00f0 \u00f6nnur ungberni \u00ed Christo. Mj\u00f3lk hefi eg y\u00f0ur til drykkjar gefi\u00f0 en eigi megnan mat. \u00dev\u00ed a\u00f0 \u00fe\u00e9r form\u00e1ttu\u00f0 \u00fea\u00f0 ekki. So formegi \u00fe\u00e9r \u00fea\u00f0 n\u00fa enn eigi heldur \u00fea\u00f0 \u00fe\u00e9r eru\u00f0 enn l\u00edkamlegir. \u00dev\u00ed a\u00f0 \u00e1 me\u00f0an at, agg og \u00fer\u00e6tur eru y\u00f0ar \u00e1 milli, eru \u00fe\u00e9r \u00fe\u00e1 eigi l\u00edkamlegir og gangi\u00f0 eftir l\u00edkamlegri si\u00f0venju? <\/p>\n<p>\t\u00dev\u00ed \u00fe\u00e1 nokkur y\u00f0ar segir: <span class=\"athugasemd\" title=\"H\u00e9r ford\u00e6mir S. P\u00e1ll b\u00e6\u00f0i p\u00e1fad\u00f3m og allar villur\">[<\/span> &#8222;Eg em P\u00e1ls,&#8220; hinn annar: &#8222;Eg em Appollinis,&#8220; eru \u00fe\u00e9r \u00fe\u00e1 eigi l\u00edkamlegir? Hva\u00f0 er P\u00e1ll e\u00f0a hver er Apollo utan \u00fej\u00f3nustumenn, fyrir hverja \u00fe\u00e9r eru\u00f0 tr\u00faa\u00f0ir or\u00f0nir og \u00fea\u00f0 sama eftir \u00fev\u00ed sem Drottinn hefur hverjum einum veitt? Eg planta\u00f0i, Apollo v\u00f6kva\u00f0i en Gu\u00f0 hefur frj\u00f3vgunina gefi\u00f0. So er n\u00fa hverki eg n\u00e9 s\u00e1 sem planta\u00f0i n\u00e9 s\u00e1 er v\u00f6kvar nokku\u00f0 heldur Gu\u00f0 s\u00e1 er frj\u00f3vgunina gefur. En s\u00e1 sem plantar og hinn sem v\u00f6kvar \u00feeir eru eins. En hver einn mun sitt eiginlegt ver\u00f0kaup \u00f6\u00f0last eftir s\u00ednu erfi\u00f0i. \u00dev\u00ed v\u00e9r erum Gu\u00f0s samerfi\u00f0ismenn. \u00de\u00e9r eru\u00f0 Gu\u00f0s akurvinna og Gu\u00f0s uppbygging.<\/p>\n<p>\tEg hefi \u00fat af \u00feeirri Gu\u00f0s n\u00e1\u00f0 sem m\u00e9r er gefin grundv\u00f6llinn lagt so sem einn hygginn h\u00fasasmi\u00f0ur en einn annar byggir \u00fear yfir. Hver einn hafi og g\u00e1t \u00e1 hvernin hann byggir \u00fear yfir. \u00dev\u00ed a\u00f0 enginn f\u00e6r annan grundv\u00f6ll lagt heldur en \u00feann sem \u00e1\u00f0ur er lag\u00f0ur hver a\u00f0 er Christus Jes\u00fas. En ef nokkur byggir upp \u00e1 \u00feennan grundv\u00f6ll gull, silfur, gimsteina, trj\u00e1hark, hey, str\u00e1h\u00e1lm, \u00fe\u00e1 mun hvers eins verkna\u00f0ur opinber ver\u00f0a og dagurinn mun hann auglj\u00f3san gj\u00f6ra. \u00dev\u00ed a\u00f0 hann mun me\u00f0 eldi opinbera\u00f0ur ver\u00f0a og hv\u00edl\u00edkur a\u00f0 hvers eins verkna\u00f0ur s\u00e9 \u00fe\u00e1 mun eldurinn reynslu \u00e1 gj\u00f6ra. Ef nokkurs verkna\u00f0ur bl\u00edfur s\u00e1 hann hefur \u00fear yfir byggt \u00fe\u00e1 mun hann laun \u00f6\u00f0last. En hvers verkna\u00f0ur sem forbrennur \u00fe\u00e1 mun hann ska\u00f0semi l\u00ed\u00f0a en hann sj\u00e1lfur mun h\u00f3lpinn ver\u00f0a \u00fe\u00f3 so l\u00edka sem \u00fea\u00f0 s\u00e9 fyrir eldinn.<\/p>\n<p>\tViti \u00fe\u00e9r ekki \u00fea\u00f0 \u00fe\u00e9r eru\u00f0 Gu\u00f0s musteri og \u00fea\u00f0 Gu\u00f0s andi byggir \u00ed y\u00f0ur? <span class=\"athugasemd\" title=\"2. Cor. 6\">[<\/span> En hann sem skammar Gu\u00f0s musteri \u00feeim mun Gu\u00f0 tort\u00fdna. \u00dev\u00ed a\u00f0 Gu\u00f0s musteri er heilagt, hvert \u00fe\u00e9r eru\u00f0. T\u00e6li enginn sj\u00e1lfan sig. Og ef nokkur er s\u00e1 y\u00f0ar \u00e1 milli sem vitur \u00feykist vera ver\u00f0i hann a\u00f0 \u00feessa heims \u00f3vitringi so a\u00f0 hann m\u00e6tti vitur vera. \u00dev\u00ed a\u00f0 \u00feessa heims speki er heimska hj\u00e1 Gu\u00f0i. <span class=\"athugasemd\" title=\"J\u00f3h. 5\">[<\/span> \u00dev\u00ed a\u00f0 so er skrifa\u00f0: &#8222;H\u00f6ndla mun eg spekinga \u00ed sl\u00e6gvisku \u00feeirra.&#8220; Og enn aftur: &#8222;Drottinn veit hugsanir spekinganna \u00fev\u00ed a\u00f0 \u00fe\u00e6r eru h\u00e9g\u00f3mlegar.&#8220; <span class=\"athugasemd\" title=\"Psal. 94\">[<\/span> Fyrir \u00fev\u00ed meti sig enginn af m\u00f6nnum. Allt er \u00fea\u00f0 y\u00f0vart, s\u00e9 \u00fea\u00f0 P\u00e1ll e\u00f0a s\u00e9 \u00fea\u00f0 Apollo, s\u00e9 \u00fea\u00f0 Kefas e\u00f0a heimurinn, s\u00e9 \u00fea\u00f0 l\u00edfi\u00f0 e\u00f0a dau\u00f0inn, s\u00e9 \u00fea\u00f0 hi\u00f0 n\u00e1l\u00e6ga e\u00f0a \u00f3komna, allt er \u00fea\u00f0 y\u00f0vart en \u00fe\u00e9r eru\u00f0 Krists en Kristur er Gu\u00f0s.<\/p>\n","protected":false},"excerpt":{"rendered":"<p>III. Og eg, g\u00f3\u00f0ir br\u00e6\u00f0ur, m\u00e1tti eigi tala vi\u00f0 y\u00f0ur so sem vi\u00f0 andlega heldur so sem vi\u00f0 l\u00edkamlega og l\u00edka sem vi\u00f0 \u00f6nnur ungberni \u00ed Christo. Mj\u00f3lk hefi eg y\u00f0ur til drykkjar gefi\u00f0 en eigi megnan mat. \u00dev\u00ed a\u00f0 \u00fe\u00e9r form\u00e1ttu\u00f0 \u00fea\u00f0 ekki. So formegi \u00fe\u00e9r \u00fea\u00f0 n\u00fa enn eigi heldur \u00fea\u00f0 \u00fe\u00e9r eru\u00f0 enn l\u00edkamlegir. \u00dev\u00ed a\u00f0 \u00e1 me\u00f0an at, agg og \u00fer\u00e6tur eru y\u00f0ar \u00e1 milli, eru \u00fe\u00e9r \u00fe\u00e1 eigi l\u00edkamlegir og gangi\u00f0 eftir l\u00edkamlegri si\u00f0venju? \u00dev\u00ed \u00fe\u00e1 nokkur y\u00f0ar segir: [ &#8222;Eg em P\u00e1ls,&#8220; hinn annar: &#8222;Eg em Appollinis,&#8220; eru \u00fe\u00e9r \u00fe\u00e1 eigi l\u00edkamlegir? Hva\u00f0 er <a href=\"https:\/\/biblian.is\/gudbrandsbiblia\/fyrra-korintubref-3-kafli\/\"> [&#8230;]<\/a><\/p>\n","protected":false},"author":1,"featured_media":0,"parent":0,"menu_order":0,"comment_status":"open","ping_status":"open","template":"bibliukaflar.php","meta":{"footnotes":""},"class_list":["post-3915","page","type-page","status-publish","hentry"],"_links":{"self":[{"href":"https:\/\/biblian.is\/gudbrandsbiblia\/wp-json\/wp\/v2\/pages\/3915","targetHints":{"allow":["GET"]}}],"collection":[{"href":"https:\/\/biblian.is\/gudbrandsbiblia\/wp-json\/wp\/v2\/pages"}],"about":[{"href":"https:\/\/biblian.is\/gudbrandsbiblia\/wp-json\/wp\/v2\/types\/page"}],"author":[{"embeddable":true,"href":"https:\/\/biblian.is\/gudbrandsbiblia\/wp-json\/wp\/v2\/users\/1"}],"replies":[{"embeddable":true,"href":"https:\/\/biblian.is\/gudbrandsbiblia\/wp-json\/wp\/v2\/comments?post=3915"}],"version-history":[{"count":0,"href":"https:\/\/biblian.is\/gudbrandsbiblia\/wp-json\/wp\/v2\/pages\/3915\/revisions"}],"wp:attachment":[{"href":"https:\/\/biblian.is\/gudbrandsbiblia\/wp-json\/wp\/v2\/media?parent=3915"}],"curies":[{"name":"wp","href":"https:\/\/api.w.org\/{rel}","templated":true}]}}