{"id":3914,"date":"2017-12-18T18:35:04","date_gmt":"2017-12-18T18:35:04","guid":{"rendered":"http:\/\/biblian.is\/gudbrandsbiblia\/fyrra-kortintubref-2-kafli\/"},"modified":"2017-12-18T18:35:04","modified_gmt":"2017-12-18T18:35:04","slug":"fyrra-korintubref-2-kafli","status":"publish","type":"page","link":"https:\/\/biblian.is\/gudbrandsbiblia\/fyrra-korintubref-2-kafli\/","title":{"rendered":"Fyrra Korintubr\u00e9f 2. kafli"},"content":{"rendered":"<p>II.<\/p>\n<p>Og eg, g\u00f3\u00f0ir br\u00e6\u00f0ur, \u00fe\u00e1 eg kom til y\u00f0ar kom eg ekki me\u00f0ur or\u00f0ah\u00e6\u00f0 e\u00f0ur h\u00e1rri visku til y\u00f0ar a\u00f0 bo\u00f0a y\u00f0ur Gu\u00f0s pr\u00e9dikan. \u00dev\u00ed eg h\u00e9lt mig ekkert vita y\u00f0ar \u00e1 milli utan Jes\u00fam Krist \u00feann hinn krossfesta. Og eg var hj\u00e1 y\u00f0ur me\u00f0ur veikleika og me\u00f0 ugg og \u00f3tta miklum. M\u00edn r\u00e6\u00f0a og m\u00edn pr\u00e9dikan var eigi \u00ed snilldaror\u00f0um mannlegrar visku heldur \u00ed au\u00f0s\u00fdningu andans og kraftarins so a\u00f0 y\u00f0ar tr\u00fa s\u00e9 ei af mannlegri visku heldur af Gu\u00f0s krafti.<\/p>\n<p>\tEn \u00fear v\u00e9r r\u00e6\u00f0um um \u00fea\u00f0 er \u00fe\u00f3 speki \u00e1 me\u00f0al \u00feeirra sem algj\u00f6r\u00f0ir eru en \u00fe\u00f3 engin \u00feessa heims speki og eigi \u00feessa heims h\u00f6f\u00f0ingja hverjir e\u00f0 forganga heldur segum v\u00e9r af \u00feeirri heimuglegri hulinni Gu\u00f0s speki hverja Gu\u00f0 hefur fyrirhuga\u00f0 fyrir aldir til vorrar d\u00fdr\u00f0ar, hverja enginn \u00feessara heims h\u00f6f\u00f0ingja hefur \u00feekkt. \u00dev\u00ed ef \u00feeir hef\u00f0u \u00feekkt hana \u00fe\u00e1 hef\u00f0u \u00feeir eigi krossfest Drottin d\u00fdr\u00f0arinnar, heldur eftir \u00fev\u00ed sem skrifa\u00f0 er: &#8222;\u00dea\u00f0 eigi hafi auga s\u00e9\u00f0 og eigi eyra heyrt og ekki \u00ed mannsins hjarta komi\u00f0 hva\u00f0 Gu\u00f0 hefur fyrirb\u00fai\u00f0 \u00feeim er hann elska.&#8220; <span class=\"athugasemd\" title=\"Esa. 44\">[<\/span> <\/p>\n<p>\tEn oss hefur Gu\u00f0 \u00fea\u00f0 opinbera\u00f0 fyrir sinn anda. \u00dev\u00ed andinn rannsakar alla hluti, einnin dj\u00fapleika Gu\u00f0d\u00f3msins. Hver manna er s\u00e1 e\u00f0 viti hva\u00f0 \u00ed manninum er utan alleinasta s\u00e1 andi sem me\u00f0 sj\u00e1lfum honum er? So l\u00edka veit og enginn hva\u00f0 Gu\u00f0s er nema Gu\u00f0s andi. En v\u00e9r h\u00f6fum ei me\u00f0teki\u00f0 \u00feessa heims anda heldur \u00feann anda sem af Gu\u00f0i er so a\u00f0 v\u00e9r vitum hva\u00f0 oss er af Gu\u00f0i gefi\u00f0, hvar v\u00e9r og af segjum, eigi me\u00f0ur \u00feeim or\u00f0um sem mannleg viska kennir heldur me\u00f0 \u00feeim or\u00f0um sem heilagur andi l\u00e6rir, d\u00e6mandi so andleg efni andlegana. En <span class=\"athugasemd\" title=\"a \/ (L\u00edkamlegur) \/ Hinn l\u00edkamlegi ma\u00f0ur er eftir \u00fev\u00ed hann er \u00e1n n\u00e1\u00f0arinnar me\u00f0 allri skynsemd, kunn\u00e1ttu og skilningarsinni og \u00f6llum form\u00e6tti og so sem hann er allra ???? skikka\u00f0ur\">[<\/span> l\u00edkamlegur ma\u00f0ur skynjar ekkert \u00fea\u00f0 sem er af Gu\u00f0s anda af \u00fev\u00ed a\u00f0 \u00fea\u00f0 er honum heimska og hann f\u00e6r eigi skili\u00f0 \u00fev\u00ed a\u00f0 \u00fea\u00f0 hl\u00fdtur andlegana a\u00f0 \u00farskur\u00f0ast. En s\u00e1 andlegur er hann gegnums\u00e9r alla hluti en hann ver\u00f0ur af \u00f6ngum rannsaka\u00f0ur. \u00dev\u00ed a\u00f0 hver hefur \u00feekkt hugskot Drottins e\u00f0a hver lag\u00f0i honum nokku\u00f0 r\u00e1\u00f0? En v\u00e9r h\u00f6fum Krists hugskot.<\/p>\n","protected":false},"excerpt":{"rendered":"<p>II. Og eg, g\u00f3\u00f0ir br\u00e6\u00f0ur, \u00fe\u00e1 eg kom til y\u00f0ar kom eg ekki me\u00f0ur or\u00f0ah\u00e6\u00f0 e\u00f0ur h\u00e1rri visku til y\u00f0ar a\u00f0 bo\u00f0a y\u00f0ur Gu\u00f0s pr\u00e9dikan. \u00dev\u00ed eg h\u00e9lt mig ekkert vita y\u00f0ar \u00e1 milli utan Jes\u00fam Krist \u00feann hinn krossfesta. Og eg var hj\u00e1 y\u00f0ur me\u00f0ur veikleika og me\u00f0 ugg og \u00f3tta miklum. M\u00edn r\u00e6\u00f0a og m\u00edn pr\u00e9dikan var eigi \u00ed snilldaror\u00f0um mannlegrar visku heldur \u00ed au\u00f0s\u00fdningu andans og kraftarins so a\u00f0 y\u00f0ar tr\u00fa s\u00e9 ei af mannlegri visku heldur af Gu\u00f0s krafti. En \u00fear v\u00e9r r\u00e6\u00f0um um \u00fea\u00f0 er \u00fe\u00f3 speki \u00e1 me\u00f0al \u00feeirra sem algj\u00f6r\u00f0ir eru en \u00fe\u00f3 <a href=\"https:\/\/biblian.is\/gudbrandsbiblia\/fyrra-korintubref-2-kafli\/\"> [&#8230;]<\/a><\/p>\n","protected":false},"author":1,"featured_media":0,"parent":0,"menu_order":0,"comment_status":"open","ping_status":"open","template":"bibliukaflar.php","meta":{"footnotes":""},"class_list":["post-3914","page","type-page","status-publish","hentry"],"_links":{"self":[{"href":"https:\/\/biblian.is\/gudbrandsbiblia\/wp-json\/wp\/v2\/pages\/3914","targetHints":{"allow":["GET"]}}],"collection":[{"href":"https:\/\/biblian.is\/gudbrandsbiblia\/wp-json\/wp\/v2\/pages"}],"about":[{"href":"https:\/\/biblian.is\/gudbrandsbiblia\/wp-json\/wp\/v2\/types\/page"}],"author":[{"embeddable":true,"href":"https:\/\/biblian.is\/gudbrandsbiblia\/wp-json\/wp\/v2\/users\/1"}],"replies":[{"embeddable":true,"href":"https:\/\/biblian.is\/gudbrandsbiblia\/wp-json\/wp\/v2\/comments?post=3914"}],"version-history":[{"count":0,"href":"https:\/\/biblian.is\/gudbrandsbiblia\/wp-json\/wp\/v2\/pages\/3914\/revisions"}],"wp:attachment":[{"href":"https:\/\/biblian.is\/gudbrandsbiblia\/wp-json\/wp\/v2\/media?parent=3914"}],"curies":[{"name":"wp","href":"https:\/\/api.w.org\/{rel}","templated":true}]}}