{"id":3908,"date":"2017-12-18T18:35:04","date_gmt":"2017-12-18T18:35:04","guid":{"rendered":"http:\/\/biblian.is\/gudbrandsbiblia\/romverjabrefid-12-kafli\/"},"modified":"2017-12-18T18:35:04","modified_gmt":"2017-12-18T18:35:04","slug":"romverjabrefid-12-kafli","status":"publish","type":"page","link":"https:\/\/biblian.is\/gudbrandsbiblia\/romverjabrefid-12-kafli\/","title":{"rendered":"R\u00f3mverjabr\u00e9fi\u00f0 12. kafli"},"content":{"rendered":"<p>XII.<\/p>\n<p>Fyrir \u00fev\u00ed bei\u00f0i eg y\u00f0ur, g\u00f3\u00f0ir br\u00e6\u00f0ur, fyrir miskunn Gu\u00f0s a\u00f0 \u00fe\u00e9r gefi\u00f0 y\u00f0ra l\u00edkami til \u00feess offurs sem lifandi er og heilagt og Gu\u00f0i \u00feakkn\u00e6mt hvert a\u00f0 er y\u00f0ar skynsammleg Gu\u00f0s \u00fej\u00f3nusta. <span class=\"athugasemd\" title=\"L\u00e6rd\u00f3mur \u00fat af g\u00f3\u00f0um verkum\">[<\/span> Og heg\u00f0i\u00f0 y\u00f0ur eigi eftir \u00feessum heimi heldur gj\u00f6ri\u00f0 y\u00f0ur umskiptilega me\u00f0 endurn\u00fdjungu y\u00f0vars hugskots so a\u00f0 \u00fe\u00e9r megi\u00f0 reyna hver a\u00f0 s\u00e9 g\u00f3\u00f0ur, \u00fe\u00e6gur og algj\u00f6r\u00f0ur Gu\u00f0s vilji.<\/p>\n<p>\t\u00dev\u00ed a\u00f0 eg segi fyrir \u00fe\u00e1 n\u00e1\u00f0 sem m\u00e9r er gefin hverjum sem einum y\u00f0ar \u00e1 milli \u00fea\u00f0 enginn haldi meir \u00fat af s\u00e9r en honum byrjar af s\u00e9r a\u00f0 halda heldur haldi hann \u00fat af s\u00e9r h\u00f3flega eftir \u00fev\u00ed sem Gu\u00f0 hefur \u00fatskipt hverjum og einum m\u00e6ling tr\u00faarinnar.<\/p>\n<p>\t\u00dev\u00ed a\u00f0 l\u00edka sem v\u00e9r h\u00f6fum marga limu \u00e1 einum l\u00edkama en allir limirnir hafa ei l\u00edka heg\u00f0an l\u00edka so erum v\u00e9r margir einn l\u00edkami \u00ed Christo en vor \u00e1 millum erum v\u00e9r hver annars limur og h\u00f6fum margh\u00e1tta\u00f0ar gjafir eftir \u00feeirri n\u00e1\u00f0 sem oss er gefin. Hafi nokkur sp\u00e1d\u00f3m \u00fe\u00e1 s\u00e9 hann tr\u00fanni l\u00edkur. Hefur nokkur emb\u00e6tti \u00fe\u00e1 g\u00e6ti hann \u00feess emb\u00e6ttis. Kennir nokkur \u00fe\u00e1 vakti hann \u00fe\u00e1 kenning. \u00c1minnir nokkur \u00fe\u00e1 hyggi hann a\u00f0 \u00feeirri \u00e1minning. Gefur nokkur \u00fe\u00e1 gefi hann einfaldlega. Stj\u00f3rnar nokkur \u00fe\u00e1 stj\u00f3rni hann me\u00f0 \u00e1hyggju. Fremur og nokkur miskunnsemi \u00fe\u00e1 gj\u00f6ri hann hana me\u00f0 g\u00f3\u00f0f\u00fdsi.<\/p>\n<p>\tElskan s\u00e9 fl\u00e6r\u00f0arlaus. Hati\u00f0 hi\u00f0 vonda en lo\u00f0i\u00f0 \u00e1 hinu g\u00f3\u00f0a. Br\u00f3\u00f0urlegur k\u00e6rleiki s\u00e9 \u00e1st\u00fa\u00f0legur y\u00f0ar \u00e1 milli. Hafi hver annan s\u00e9r \u00ed vir\u00f0ingum \u00e6\u00f0ra. Veri\u00f0 og eigi latir \u00ed \u00fev\u00ed \u00fe\u00e9r skulu\u00f0 vinna. Veri\u00f0 gl\u00f3andi \u00ed andanum. Heg\u00f0i\u00f0 y\u00f0ur eftir t\u00ed\u00f0inni. Veri\u00f0 gla\u00f0ir \u00ed voninni en \u00feolinm\u00f3\u00f0ir \u00ed kv\u00f6linni, sta\u00f0fastir \u00ed b\u00e6ninni. Annist nau\u00f0\u00feurftir vola\u00f0ra. Kostg\u00e6fi\u00f0 gestrisni. Blessi\u00f0 \u00fe\u00e1 er y\u00f0ur ofs\u00e6kja, blessi\u00f0 en b\u00f6lvi\u00f0 eigi. Fagni\u00f0 me\u00f0 f\u00f6gnundum en gr\u00e1ti\u00f0 me\u00f0 gr\u00e1tundum. Veri\u00f0 samhuga innbyr\u00f0is. Stundi\u00f0 eigi \u00fea\u00f0 hva\u00f0 h\u00e1tt er heldur l\u00fati\u00f0 a\u00f0 \u00fev\u00ed sem l\u00e1gt er. Veri\u00f0 eigi s\u00e9rkl\u00f3kir. Gjaldi\u00f0 \u00f6ngum illt \u00e1 m\u00f3ti illu. Leggi\u00f0 kapp \u00e1 a\u00f0 vera si\u00f0samir \u00fea\u00f0 m\u00f6gulegt er vi\u00f0 hvern mann og \u00fea\u00f0 \u00fe\u00e9r formegi\u00f0 \u00fe\u00e1 hafi\u00f0 fri\u00f0 vi\u00f0 alla menn.<\/p>\n<p>\tHefni\u00f0 y\u00f0ar eigi sj\u00e1lfir, m\u00ednir elskulegir, heldur gefi\u00f0 <span class=\"athugasemd\" title=\"a \/ (R\u00fam rei\u00f0i) \/ \u00dea\u00f0 er, eigi y\u00f0ar rei\u00f0i heldur Gu\u00f0s rei\u00f0i so a\u00f0 hann hefni \u00fev\u00ed a\u00f0 hans er hefndin\">[<\/span> r\u00fam rei\u00f0i Gu\u00f0s. \u00dev\u00ed a\u00f0 skrifa\u00f0 er: &#8222;M\u00edn er hefndin, eg vil endurgjalda, segir Drottinn.&#8220;<\/p>\n<p>\tN\u00fa ef \u00f3vin \u00feinn hungrar \u00fe\u00e1 gef honum f\u00e6\u00f0u, \u00feyrstir hann gef honum a\u00f0 drekka en n\u00e6r \u00fe\u00fa gj\u00f6rir \u00feetta \u00fe\u00e1 safnar \u00fe\u00fa gl\u00f3\u00f0um elds yfir h\u00f6fu\u00f0 honum. L\u00e1t ei yfirst\u00edga \u00feig hi\u00f0 vonda heldur yfirvinn \u00fe\u00fa hi\u00f0 vonda me\u00f0 g\u00f3\u00f0u.<\/p>\n","protected":false},"excerpt":{"rendered":"<p>XII. Fyrir \u00fev\u00ed bei\u00f0i eg y\u00f0ur, g\u00f3\u00f0ir br\u00e6\u00f0ur, fyrir miskunn Gu\u00f0s a\u00f0 \u00fe\u00e9r gefi\u00f0 y\u00f0ra l\u00edkami til \u00feess offurs sem lifandi er og heilagt og Gu\u00f0i \u00feakkn\u00e6mt hvert a\u00f0 er y\u00f0ar skynsammleg Gu\u00f0s \u00fej\u00f3nusta. [ Og heg\u00f0i\u00f0 y\u00f0ur eigi eftir \u00feessum heimi heldur gj\u00f6ri\u00f0 y\u00f0ur umskiptilega me\u00f0 endurn\u00fdjungu y\u00f0vars hugskots so a\u00f0 \u00fe\u00e9r megi\u00f0 reyna hver a\u00f0 s\u00e9 g\u00f3\u00f0ur, \u00fe\u00e6gur og algj\u00f6r\u00f0ur Gu\u00f0s vilji. \u00dev\u00ed a\u00f0 eg segi fyrir \u00fe\u00e1 n\u00e1\u00f0 sem m\u00e9r er gefin hverjum sem einum y\u00f0ar \u00e1 milli \u00fea\u00f0 enginn haldi meir \u00fat af s\u00e9r en honum byrjar af s\u00e9r a\u00f0 halda heldur haldi hann \u00fat af <a href=\"https:\/\/biblian.is\/gudbrandsbiblia\/romverjabrefid-12-kafli\/\"> [&#8230;]<\/a><\/p>\n","protected":false},"author":1,"featured_media":0,"parent":0,"menu_order":0,"comment_status":"open","ping_status":"open","template":"bibliukaflar.php","meta":{"footnotes":""},"class_list":["post-3908","page","type-page","status-publish","hentry"],"_links":{"self":[{"href":"https:\/\/biblian.is\/gudbrandsbiblia\/wp-json\/wp\/v2\/pages\/3908","targetHints":{"allow":["GET"]}}],"collection":[{"href":"https:\/\/biblian.is\/gudbrandsbiblia\/wp-json\/wp\/v2\/pages"}],"about":[{"href":"https:\/\/biblian.is\/gudbrandsbiblia\/wp-json\/wp\/v2\/types\/page"}],"author":[{"embeddable":true,"href":"https:\/\/biblian.is\/gudbrandsbiblia\/wp-json\/wp\/v2\/users\/1"}],"replies":[{"embeddable":true,"href":"https:\/\/biblian.is\/gudbrandsbiblia\/wp-json\/wp\/v2\/comments?post=3908"}],"version-history":[{"count":0,"href":"https:\/\/biblian.is\/gudbrandsbiblia\/wp-json\/wp\/v2\/pages\/3908\/revisions"}],"wp:attachment":[{"href":"https:\/\/biblian.is\/gudbrandsbiblia\/wp-json\/wp\/v2\/media?parent=3908"}],"curies":[{"name":"wp","href":"https:\/\/api.w.org\/{rel}","templated":true}]}}