{"id":3905,"date":"2017-12-18T18:35:04","date_gmt":"2017-12-18T18:35:04","guid":{"rendered":"http:\/\/biblian.is\/gudbrandsbiblia\/romverjabrefid-9-kafli\/"},"modified":"2017-12-18T18:35:04","modified_gmt":"2017-12-18T18:35:04","slug":"romverjabrefid-9-kafli","status":"publish","type":"page","link":"https:\/\/biblian.is\/gudbrandsbiblia\/romverjabrefid-9-kafli\/","title":{"rendered":"R\u00f3mverjabr\u00e9fi\u00f0 9. kafli"},"content":{"rendered":"<p>IX.<\/p>\n<p>Eg segi sannleik \u00ed Christo Jes\u00fa og l\u00fdg eigi, \u00feess m\u00e9r ber vitni m\u00edn samviska \u00ed heil\u00f6gum anda, a\u00f0 eg hefi st\u00f3ran harm og i\u00f0uglega hrygg\u00f0 \u00ed m\u00ednu hjarta. <span class=\"athugasemd\" title=\"\u00dat af eil\u00edfri Gu\u00f0s forsj?\">[<\/span> Eg hefi og \u00e6skt m\u00e9r \u00feess a\u00f0 vera b\u00f6lva\u00f0ur af Kristi fyrir m\u00edna br\u00e6\u00f0ur, hverjir a\u00f0 eru m\u00ednir fr\u00e6ndur eftir holdinu, sem eru af \u00cdsrael, hverjum arfleif\u00f0in tilheyrir, og so vegs\u00f3minn, s\u00e1ttm\u00e1linn og l\u00f6gm\u00e1li\u00f0, Gu\u00f0s \u00fej\u00f3nustan og fyrirheitin, hverra fe\u00f0ur eru og \u00feeir sem Kristur er \u00fat af kominn eftir holdinu, s\u00e1 sem a\u00f0 er Gu\u00f0 yfir \u00f6llum hlutum, blessa\u00f0ur um aldir. <span class=\"athugasemd\" title=\"Kristur \/ Gu\u00f0\">[<\/span> Amen.<\/p>\n<p>\tEn eg tala eigi \u00feetta til \u00feess a\u00f0 Gu\u00f0s or\u00f0 skyldu \u00fear fyrir \u00fati ver\u00f0a. \u00dev\u00ed a\u00f0 \u00fea\u00f0 eru ekki allt \u00cdsraelsmenn sem af \u00cdsrael eru og ekki allir \u00feeir synir sem af Abrahams s\u00e6\u00f0i eru &#8222;heldur skal \u00fe\u00e9r \u00ed \u00cdsaak \u00fea\u00f0 s\u00e6\u00f0i nefnt ver\u00f0a.&#8220; <span class=\"athugasemd\" title=\"Gen. 12\">[<\/span> \u00dea\u00f0 er, \u00feeir eru ekki Gu\u00f0 b\u00f6rn sem eftir holdinu er b\u00f6rn heldur ver\u00f0a \u00feeir sem eru fyrirheitsins b\u00f6rn fyrir s\u00e1\u00f0 reikna\u00f0ir. \u00dev\u00ed a\u00f0 \u00feetta er fyrirheitsor\u00f0i\u00f0 \u00fear hann segir: &#8222;\u00c1 \u00feeim t\u00edma mun eg koma og \u00fe\u00e1 skal Sara son hafa.&#8220; <span class=\"athugasemd\" title=\"Gen. 25\">[<\/span> <\/p>\n<p>\t\u00deetta er enn eigi a\u00f0eins \u00feeim heldur og \u00fe\u00e1 Rebekka var \u00feungu\u00f0 af f\u00f6\u00f0ur vorum \u00cdsaak \u00e1\u00f0ur en b\u00f6rnin voru f\u00e6dd og \u00feau h\u00f6f\u00f0u hvorki gj\u00f6rt gott n\u00e9 vont, svo a\u00f0 Gu\u00f0s fyrirhyggja st\u00f6\u00f0ug st\u00e6\u00f0i eftir \u00fatvalningunni, \u00fev\u00ed a\u00f0 henni var tilsagt, eigi \u00fat af ver\u00f0skuldan verkanna heldur \u00fat af n\u00e1\u00f0 \u00feess er kallar so: &#8222;Hinn meiri skal \u00fej\u00f3na hinum minna.&#8220; Eftir \u00fev\u00ed sem skrifa\u00f0 stendur: &#8222;Jakob elska\u00f0i eg en Esa\u00fa haf\u00f0i eg a\u00f0 hatri.&#8220; <span class=\"athugasemd\" title=\"Mal. 1\">[<\/span><\/p>\n<p>\tHva\u00f0 eigu v\u00e6r h\u00e9r til a\u00f0 segja? Er Gu\u00f0 \u00fe\u00e1 rangl\u00e1tur? Langt fr\u00e1 \u00fev\u00ed. \u00dev\u00ed a\u00f0 hann segir til Moysen: &#8222;Hvern eg n\u00e1\u00f0a \u00feeim em eg n\u00e1\u00f0ugur og hverjum eg miskunna \u00feeim em eg miskunnsamur.&#8220; <span class=\"athugasemd\" title=\"Exo. 33\">[<\/span> \u00dev\u00ed er \u00fea\u00f0 ei komi\u00f0 undir nokkurs vilja e\u00f0ur tilhlaupi heldur undir Gu\u00f0s miskunnsemd. \u00dev\u00ed Ritningin segir til fara\u00f3: &#8222;Til \u00feess uppvakta eg \u00feig a\u00f0 eg s\u00fdnda \u00e1 \u00fe\u00e9r minn kraft so a\u00f0 mitt nafn kunngj\u00f6rist um \u00f6ll l\u00f6nd.&#8220; <span class=\"athugasemd\" title=\"Exo. 9\">[<\/span> So miskunnar hann n\u00fa \u00feeim hann vill og forher\u00f0ir \u00feann hann vill. <\/p>\n<p>\t\u00de\u00fa segir \u00fe\u00e1 til m\u00edn: &#8222;Hverja skuld gefur hann oss \u00fe\u00e1? Hver f\u00e6r hans vilja \u00ed m\u00f3ti sta\u00f0i\u00f0?&#8220; J\u00e1 g\u00f3\u00f0ur ma\u00f0ur, hver ertu \u00fe\u00e1 ef \u00fe\u00fa vilt ganga \u00ed laga\u00fer\u00e6tu vi\u00f0 Gu\u00f0? Segir nokku\u00f0 efni\u00f0 svo til smi\u00f0sins: Hvar fyrir gj\u00f6r\u00f0ir \u00fe\u00fa mig so? E\u00f0a hefur ekki leirkerasmi\u00f0urinn vald til \u00fat af s\u00f6mum m\u00f3 a\u00f0 gj\u00f6ra anna\u00f0 keri\u00f0 til hei\u00f0urs en anna\u00f0 til sm\u00e1nar? \u00dev\u00ed \u00fe\u00e1 Gu\u00f0 vildi au\u00f0s\u00fdna s\u00edna rei\u00f0i og kunngj\u00f6ra s\u00edna magt hefur hann me\u00f0 mikilli \u00feolinm\u00e6\u00f0i umli\u00f0i\u00f0 kerin rei\u00f0innar sem b\u00fain eru til ford\u00e6mingar upp \u00e1 \u00fea\u00f0 hann s\u00fdndi r\u00edkd\u00f3m sinnar d\u00fdr\u00f0ar \u00e1 kerum miskunnarinnar \u00feau hann hefur \u00fatreitt til d\u00fdr\u00f0arinnar, hverja hann hefur kalla\u00f0, einkanlega oss. Eigi einasta \u00fe\u00e1 sem \u00fat af Gy\u00f0ingum eru heldur og einnin hei\u00f0ingjum, so sem hann segir fyrir Oseam sp\u00e1mann: <span class=\"athugasemd\" title=\"Osee 1 \/ Kallan hei\u00f0inna \u00fej\u00f3\u00f0a\">[<\/span> &#8222;Eg mun \u00fea\u00f0 kalla mitt f\u00f3lk sem ekki var mitt f\u00f3lk og \u00fe\u00e1 m\u00edna unnustu sem ekki var m\u00edn unnusta. Og \u00fea\u00f0 mun vera a\u00f0 \u00ed \u00feeim sta\u00f0 hvar til \u00feeirra var sagt: \u00de\u00e9r eru\u00f0 ekki mitt f\u00f3lk, \u00fear skulu \u00feeir kalla\u00f0ir ver\u00f0a Gu\u00f0s b\u00f6rn lifanda.&#8220;<\/p>\n<p>\tEn Esaias kallar yfir \u00cdsrael: <span class=\"athugasemd\" title=\"Esa. 27\">[<\/span> &#8222;\u00de\u00f3tt tala \u00cdsraelssona v\u00e6ri sem sj\u00e1varsandur \u00fe\u00e1 mundi \u00fe\u00f3 \u00fea\u00f0 eina sem afgangurinn er h\u00f3lpinn ver\u00f0a.&#8220; \u00dev\u00ed a\u00f0 s\u00edna r\u00e6\u00f0u mun hann fyrir \u00feeim stytta og \u00fe\u00e1 algj\u00f6ra til r\u00e9ttl\u00e6tis af \u00fev\u00ed a\u00f0 Drottinn mun forstokk\u00f3tt or\u00f0 gj\u00f6ra \u00e1 j\u00f6r\u00f0u. Og so sem Esaias sag\u00f0i \u00e1\u00f0ur fyrri: &#8222;Nema ef Drottinn Seba\u00f3t hef\u00f0i oss s\u00e6\u00f0i yfirl\u00e1ti\u00f0 \u00fe\u00e1 v\u00e6rum v\u00e9r or\u00f0nir sem Sodoma og l\u00edka sem Gomorra.&#8220;<\/p>\n<p>\tHva\u00f0 eigum v\u00e9r n\u00fa a\u00f0 segja? \u00dea\u00f0 eigum v\u00e9r a\u00f0 segja: A\u00f0 \u00feeir hei\u00f0ingjar sem ei hafa r\u00e9ttl\u00e6tinu eftirfylgt hafa r\u00e9ttl\u00e6ti\u00f0 h\u00f6ndla\u00f0. Eg segi af \u00fev\u00ed r\u00e9ttl\u00e6ti sem \u00fat af tr\u00fanni kemur. En \u00cdsrael hefur l\u00f6gm\u00e1lsins r\u00e9ttl\u00e6ti eftirfylgt og hefur \u00fe\u00f3 ekki komist til r\u00e9ttl\u00e6tis l\u00f6gm\u00e1lsins. Hvar fyrir? \u00dev\u00ed a\u00f0 \u00feeir hafa eigi leita\u00f0 \u00feess \u00fat af tr\u00fanni heldur so sem \u00fat af l\u00f6gm\u00e1lsins verkum. \u00dev\u00ed a\u00f0 \u00feeir hafa reki\u00f0 sig \u00e1 \u00feann <span class=\"athugasemd\" title=\" a \/ (Hindrunar) \/ Kristur r\u00e9ttl\u00e6tir \u00e1n verkanna en \u00fev\u00ed tr\u00faa \u00feeir eigi. Me\u00f0 \u00fev\u00ed reka \u00feeir sig \u00e1 hann og hindra sj\u00e1lfa sig\">[<\/span> hindrunarstein eftir \u00fev\u00ed sem skrifa\u00f0 er: &#8222;Sj\u00e1i\u00f0, a\u00f0 eg set \u00ed S\u00edon hindrunarstein og hneykslunarhellu. Og hver hann tr\u00fair \u00e1 hann s\u00e1 skal ekki a\u00f0 hneykslan ver\u00f0a.&#8220;<\/p>\n","protected":false},"excerpt":{"rendered":"<p>IX. Eg segi sannleik \u00ed Christo Jes\u00fa og l\u00fdg eigi, \u00feess m\u00e9r ber vitni m\u00edn samviska \u00ed heil\u00f6gum anda, a\u00f0 eg hefi st\u00f3ran harm og i\u00f0uglega hrygg\u00f0 \u00ed m\u00ednu hjarta. [ Eg hefi og \u00e6skt m\u00e9r \u00feess a\u00f0 vera b\u00f6lva\u00f0ur af Kristi fyrir m\u00edna br\u00e6\u00f0ur, hverjir a\u00f0 eru m\u00ednir fr\u00e6ndur eftir holdinu, sem eru af \u00cdsrael, hverjum arfleif\u00f0in tilheyrir, og so vegs\u00f3minn, s\u00e1ttm\u00e1linn og l\u00f6gm\u00e1li\u00f0, Gu\u00f0s \u00fej\u00f3nustan og fyrirheitin, hverra fe\u00f0ur eru og \u00feeir sem Kristur er \u00fat af kominn eftir holdinu, s\u00e1 sem a\u00f0 er Gu\u00f0 yfir \u00f6llum hlutum, blessa\u00f0ur um aldir. [ Amen. En eg tala eigi \u00feetta <a href=\"https:\/\/biblian.is\/gudbrandsbiblia\/romverjabrefid-9-kafli\/\"> [&#8230;]<\/a><\/p>\n","protected":false},"author":1,"featured_media":0,"parent":0,"menu_order":0,"comment_status":"open","ping_status":"open","template":"bibliukaflar.php","meta":{"footnotes":""},"class_list":["post-3905","page","type-page","status-publish","hentry"],"_links":{"self":[{"href":"https:\/\/biblian.is\/gudbrandsbiblia\/wp-json\/wp\/v2\/pages\/3905","targetHints":{"allow":["GET"]}}],"collection":[{"href":"https:\/\/biblian.is\/gudbrandsbiblia\/wp-json\/wp\/v2\/pages"}],"about":[{"href":"https:\/\/biblian.is\/gudbrandsbiblia\/wp-json\/wp\/v2\/types\/page"}],"author":[{"embeddable":true,"href":"https:\/\/biblian.is\/gudbrandsbiblia\/wp-json\/wp\/v2\/users\/1"}],"replies":[{"embeddable":true,"href":"https:\/\/biblian.is\/gudbrandsbiblia\/wp-json\/wp\/v2\/comments?post=3905"}],"version-history":[{"count":0,"href":"https:\/\/biblian.is\/gudbrandsbiblia\/wp-json\/wp\/v2\/pages\/3905\/revisions"}],"wp:attachment":[{"href":"https:\/\/biblian.is\/gudbrandsbiblia\/wp-json\/wp\/v2\/media?parent=3905"}],"curies":[{"name":"wp","href":"https:\/\/api.w.org\/{rel}","templated":true}]}}