{"id":3902,"date":"2017-12-18T18:35:04","date_gmt":"2017-12-18T18:35:04","guid":{"rendered":"http:\/\/biblian.is\/gudbrandsbiblia\/romverjabrefid-6-kafli\/"},"modified":"2017-12-18T18:35:04","modified_gmt":"2017-12-18T18:35:04","slug":"romverjabrefid-6-kafli","status":"publish","type":"page","link":"https:\/\/biblian.is\/gudbrandsbiblia\/romverjabrefid-6-kafli\/","title":{"rendered":"R\u00f3mverjabr\u00e9fi\u00f0 6. kafli"},"content":{"rendered":"<p>VI.<\/p>\n<p>Hva\u00f0 eigum v\u00e9r h\u00e9r til a\u00f0 segja? <span class=\"athugasemd\" title=\"Bar\u00e1tta og str\u00ed\u00f0 andans m\u00f3ti holdinu\">[<\/span> Skulu v\u00e9r \u00fe\u00e1 \u00ed syndinni bl\u00edfa svo a\u00f0 n\u00e1\u00f0in megi yfirgn\u00e6fa? Fjarri er \u00fev\u00ed! Hvernin skyldum v\u00e9r \u00fea\u00f0 vilja a\u00f0 lifa \u00ed syndinni eftir \u00fea\u00f0 v\u00e9r erum henni fr\u00e1deyddir? Viti \u00fe\u00e9r eigi a\u00f0 allir v\u00e9r sem sk\u00edr\u00f0ir erum \u00ed Jes\u00fa Christo \u00fea\u00f0 v\u00e9r erum \u00ed hans dau\u00f0a sk\u00edr\u00f0ir? \u00dev\u00ed erum v\u00e9r og einnin me\u00f0 honum greftra\u00f0ir fyrir sk\u00edrnina \u00ed dau\u00f0ann upp \u00e1 \u00fea\u00f0 l\u00edka sem Kristur er uppvakinn af dau\u00f0a fyri d\u00fdr\u00f0 f\u00f6\u00f0ursins l\u00edka so skulu v\u00e9r ganga \u00ed endurn\u00fdjungu l\u00edfdaganna. \u00dev\u00ed fyrst v\u00e9r erum me\u00f0 honum planta\u00f0ir so sem hann \u00ed hans dau\u00f0a so munum v\u00e9r og honum l\u00edkir ver\u00f0a \u00ed upprisunni. Me\u00f0 \u00fev\u00ed v\u00e9r vitum \u00fea\u00f0 a\u00f0 vor gamli ma\u00f0ur er me\u00f0 honum krossfestur so a\u00f0 afsk\u00e6fist l\u00edkami syndarinnar a\u00f0 eftir \u00fea\u00f0 \u00fej\u00f3nu\u00f0um v\u00e9r ekki syndinni. \u00dev\u00ed a\u00f0 hver sem deyddur er hann er r\u00e9ttl\u00e6ttur af syndinni.<\/p>\n<p>\tEn fyrst v\u00e9r erum me\u00f0 Kristi deyddir \u00fe\u00e1 tr\u00faum v\u00e9r \u00fea\u00f0 v\u00e9r munum og me\u00f0 honum lifa. En v\u00e9r vitum \u00fea\u00f0 Kristur er uppvakinn af dau\u00f0a og deyr eigi meir. Dau\u00f0inn mun og eigi framar meir drottna yfir honum. \u00dev\u00ed \u00fea\u00f0 hann d\u00f3 \u00fea\u00f0 er hann eitt sinn syndinni d\u00e1inn en \u00fea\u00f0 hann lifir \u00fea\u00f0 lifir hann Gu\u00f0i. So og l\u00edka skulu \u00fe\u00e9r halda y\u00f0ur sj\u00e1lfa \u00fear fyrir a\u00f0 \u00fe\u00e9r s\u00e9u\u00f0 og deyddir fr\u00e1 syndinni en lifi\u00f0 Gu\u00f0i \u00ed Drottni vorum Jes\u00fa Christo.<\/p>\n<p>\tFyrir \u00fev\u00ed l\u00e1ti\u00f0 n\u00fa syndina eigi <span class=\"athugasemd\" title=\"a \/ (Merk) \/ \u00deeir heil\u00f6gu finna en vondar girndir \u00ed holdinu en \u00feeir fylgja \u00feeim ekki\">[<\/span> drottna \u00ed y\u00f0rum dau\u00f0lega l\u00edkama svo a\u00f0 \u00fe\u00e9r s\u00e9u\u00f0 henni hl\u00fd\u00f0ugir \u00ed hennar girndum. Og lj\u00e1i\u00f0 eigi y\u00f0ra limu syndinni til rangl\u00e6tis herkl\u00e6\u00f0a heldur lj\u00e1i\u00f0 sj\u00e1lfa y\u00f0ur Gu\u00f0i l\u00edka sem af dau\u00f0a upplifna\u00f0a og y\u00f0ra limu Gu\u00f0i til r\u00e9ttl\u00e6tis herskr\u00fa\u00f0a. \u00dev\u00ed a\u00f0 syndin f\u00e6r eigi <span class=\"athugasemd\" title=\"b \/ So lengi sem andinn r\u00edkir \u00fe\u00e1 er samviskan frj\u00e1ls og \u00fevingar syndina \u00ed holdinu en \u00fe\u00e1 ma\u00f0ur er \u00e1n n\u00e1\u00f0arinnar \u00fe\u00e1 r\u00edkir syndin og \u00fe\u00e1 ford\u00e6mir l\u00f6gm\u00e1li\u00f0 samviskuna\">[<\/span> drottna\u00f0 yfir y\u00f0ur af \u00fev\u00ed a\u00f0 \u00fe\u00e9r eru\u00f0 eigi undir l\u00f6gm\u00e1linu heldur undir n\u00e1\u00f0inni.<\/p>\n<p>\tHvernin \u00fe\u00e1? Skulu v\u00e9r \u00fev\u00ed syndir dr\u00fdgja \u00fea\u00f0 v\u00e9r erum ei undir l\u00f6gm\u00e1linu heldur undir n\u00e1\u00f0inni? Fjarri s\u00e9 \u00fea\u00f0! Viti \u00fe\u00e9r eigi a\u00f0 hverjum sem \u00fe\u00e9r gefi\u00f0 y\u00f0ur til \u00fej\u00f3nustumanna undir hl\u00fd\u00f0ni hans \u00fej\u00f3nar eru \u00fe\u00e9r hverjum \u00fe\u00e9r hl\u00fd\u00f0ugir eru\u00f0, hvort \u00fea\u00f0 er syndinni til dau\u00f0ans e\u00f0ur hl\u00fd\u00f0ninni til r\u00e9ttl\u00e6tis? En Gu\u00f0i s\u00e9 \u00feakkir \u00fea\u00f0 \u00fe\u00e9r voru\u00f0 syndarinnar \u00fej\u00f3nustumenn en n\u00fa hl\u00fd\u00f0ugir vor\u00f0nir af hjarta \u00feeirri l\u00e6rd\u00f3msins \u00edmynd sem \u00fe\u00e9r eru\u00f0 tilgefnir. \u00dev\u00ed fyrst \u00fe\u00e9r ur\u00f0u\u00f0 frelsa\u00f0ir af syndinni \u00fe\u00e1 eru \u00fe\u00e9r vor\u00f0nir r\u00e9ttl\u00e6tisins \u00fej\u00f3nustumenn.<\/p>\n<p>\tEg hl\u00fdt l\u00edkamlega h\u00e9r af a\u00f0 segja fyrir y\u00f0vars holds breyskleika sakir. L\u00edka sem \u00fe\u00e9r hafi\u00f0 y\u00f0ra limu l\u00e9\u00f0 til a\u00f0 \u00fej\u00f3na \u00f3hreinleikanum \u00ed fr\u00e1 \u00f6\u00f0ru rangl\u00e6ti \u00ed anna\u00f0 l\u00edka so skulu \u00fe\u00e9r n\u00fa lj\u00e1 y\u00f0ra limu til a\u00f0 \u00fej\u00f3na r\u00e9ttl\u00e6tinu til helgunar. \u00dev\u00ed \u00fe\u00e1 \u00fe\u00e9r voru\u00f0 \u00fej\u00f3nustumenn syndarinnar voru \u00fe\u00e9r fr\u00ed fyrir r\u00e9ttl\u00e6tinu. Hvern \u00e1v\u00f6xt h\u00f6f\u00f0u \u00fe\u00e9r \u00feann t\u00edma? \u00deann \u00fe\u00e9r skammist y\u00f0ar n\u00fa af \u00fev\u00ed a\u00f0 endalok \u00feeirra hluta er dau\u00f0inn. En n\u00fa \u00fe\u00e9r eru\u00f0 frelsa\u00f0ir af syndinni og vor\u00f0nir Gu\u00f0s \u00fej\u00f3nustumenn hafi \u00fe\u00e9r y\u00f0varn \u00e1v\u00f6xt til helgunar en a\u00f0 endalokum eil\u00edft l\u00edf. \u00dev\u00ed a\u00f0 ver\u00f0launin syndarinnar er dau\u00f0inn en Gu\u00f0s gj\u00f6f er eil\u00edft l\u00edf \u00ed Drottni vorum Jes\u00fa Christo.<\/p>\n","protected":false},"excerpt":{"rendered":"<p>VI. Hva\u00f0 eigum v\u00e9r h\u00e9r til a\u00f0 segja? [ Skulu v\u00e9r \u00fe\u00e1 \u00ed syndinni bl\u00edfa svo a\u00f0 n\u00e1\u00f0in megi yfirgn\u00e6fa? Fjarri er \u00fev\u00ed! Hvernin skyldum v\u00e9r \u00fea\u00f0 vilja a\u00f0 lifa \u00ed syndinni eftir \u00fea\u00f0 v\u00e9r erum henni fr\u00e1deyddir? Viti \u00fe\u00e9r eigi a\u00f0 allir v\u00e9r sem sk\u00edr\u00f0ir erum \u00ed Jes\u00fa Christo \u00fea\u00f0 v\u00e9r erum \u00ed hans dau\u00f0a sk\u00edr\u00f0ir? \u00dev\u00ed erum v\u00e9r og einnin me\u00f0 honum greftra\u00f0ir fyrir sk\u00edrnina \u00ed dau\u00f0ann upp \u00e1 \u00fea\u00f0 l\u00edka sem Kristur er uppvakinn af dau\u00f0a fyri d\u00fdr\u00f0 f\u00f6\u00f0ursins l\u00edka so skulu v\u00e9r ganga \u00ed endurn\u00fdjungu l\u00edfdaganna. \u00dev\u00ed fyrst v\u00e9r erum me\u00f0 honum planta\u00f0ir so sem hann <a href=\"https:\/\/biblian.is\/gudbrandsbiblia\/romverjabrefid-6-kafli\/\"> [&#8230;]<\/a><\/p>\n","protected":false},"author":1,"featured_media":0,"parent":0,"menu_order":0,"comment_status":"open","ping_status":"open","template":"bibliukaflar.php","meta":{"footnotes":""},"class_list":["post-3902","page","type-page","status-publish","hentry"],"_links":{"self":[{"href":"https:\/\/biblian.is\/gudbrandsbiblia\/wp-json\/wp\/v2\/pages\/3902","targetHints":{"allow":["GET"]}}],"collection":[{"href":"https:\/\/biblian.is\/gudbrandsbiblia\/wp-json\/wp\/v2\/pages"}],"about":[{"href":"https:\/\/biblian.is\/gudbrandsbiblia\/wp-json\/wp\/v2\/types\/page"}],"author":[{"embeddable":true,"href":"https:\/\/biblian.is\/gudbrandsbiblia\/wp-json\/wp\/v2\/users\/1"}],"replies":[{"embeddable":true,"href":"https:\/\/biblian.is\/gudbrandsbiblia\/wp-json\/wp\/v2\/comments?post=3902"}],"version-history":[{"count":0,"href":"https:\/\/biblian.is\/gudbrandsbiblia\/wp-json\/wp\/v2\/pages\/3902\/revisions"}],"wp:attachment":[{"href":"https:\/\/biblian.is\/gudbrandsbiblia\/wp-json\/wp\/v2\/media?parent=3902"}],"curies":[{"name":"wp","href":"https:\/\/api.w.org\/{rel}","templated":true}]}}