{"id":3894,"date":"2017-12-18T18:35:00","date_gmt":"2017-12-18T18:35:00","guid":{"rendered":"http:\/\/biblian.is\/gudbrandsbiblia\/postulasagan-26-kafli\/"},"modified":"2017-12-18T18:35:00","modified_gmt":"2017-12-18T18:35:00","slug":"postulasagan-26-kafli","status":"publish","type":"page","link":"https:\/\/biblian.is\/gudbrandsbiblia\/postulasagan-26-kafli\/","title":{"rendered":"Postulasagan 26. kafli"},"content":{"rendered":"<p>XXVI.<\/p>\n<p>En Agrippa sag\u00f0i til P\u00e1ls: &#8222;\u00de\u00e9r leyfist sj\u00e1lfum a\u00f0 tala fyrir \u00feig.&#8220; \u00de\u00e1 svara\u00f0i P\u00e1ll og r\u00e9tti fram h\u00f6ndina: <span class=\"athugasemd\" title=\"1 \/ P\u00e1ll forsvarar sig fyrir Agrippa k\u00f3ngi\">[<\/span> &#8222;S\u00e6ll \u00feykjunst eg \u00feess, Agrippa konungur, a\u00f0 eg n\u00e1i \u00ed dag a\u00f0 forsvara mig fyrir \u00fe\u00e9r af \u00fev\u00ed \u00f6llu sem eg \u00e1klagast af Gy\u00f0ingum mest \u00fea\u00f0 \u00fe\u00fa veist allar venjur og spurningar Gy\u00f0inga. Fyrir \u00fev\u00ed bi\u00f0 eg \u00feig a\u00f0 \u00fe\u00fa vildir \u00feolinm\u00f3\u00f0lega heyra mig.<\/p>\n<p>\tA\u00f0 s\u00f6nnu m\u00edn \u00e6vi \u00ed fr\u00e1 barn\u00e6sku, hver veri\u00f0 hefur \u00feegar \u00ed uppruna hj\u00e1 \u00feessari \u00fej\u00f3\u00f0 \u00ed Jer\u00fasalem, vita allir Gy\u00f0ingar \u00feeir mig \u00feekktu for\u00f0um \u00ed uppvexti ef \u00feeir vildu \u00fear vitni um bera. \u00dev\u00ed a\u00f0 eg lif\u00f0a eftir hinni h\u00f6r\u00f0ustu si\u00f0venju vorrar gu\u00f0sd\u00fdrkunar, einn far\u00edseari. N\u00fa stend eg og ver\u00f0 \u00e1klaga\u00f0ur um \u00fe\u00e1 von fyrirheitsins \u00feess ske\u00f0 er af Gu\u00f0i til fe\u00f0ra vorra, tli \u00feess vorar t\u00f3lf kynkv\u00edslir vona s\u00e9r a\u00f0 koma me\u00f0 st\u00f6\u00f0ugri Gu\u00f0s \u00fej\u00f3nkan n\u00e1tt sem dag. Vegna \u00feeirrar vonar, herra konungur, \u00fe\u00e1 \u00e1klagast eg af Gy\u00f0ingum. Fyrir hva\u00f0 mun \u00fea\u00f0 \u00f3tr\u00faanlegt d\u00e6mast mega \u00fea\u00f0 Gu\u00f0 geti framli\u00f0na menn uppvaki\u00f0?<\/p>\n<p>\tEg meina\u00f0i a\u00f0 s\u00f6nnu me\u00f0 sj\u00e1lfum m\u00e9r \u00fea\u00f0 eg m\u00e6tta miki\u00f0 \u00ed m\u00f3ti gj\u00f6ra nafni Jes\u00fa af Na\u00f0saret, hva\u00f0 eg og gj\u00f6r\u00f0a til Jer\u00fasalem a\u00f0 eg lukta marga heilagan \u00ed myrkvastofu a\u00f0 fengnu yfirvaldi \u00fat af kennimannah\u00f6f\u00f0ingjum og \u00fe\u00e1 \u00feeir voru afteknir sag\u00f0a eg d\u00f3minn upp. <span class=\"athugasemd\" title=\"2 \/ Fr\u00e1s\u00f6gn um hans ofs\u00f3kn hvernin hann ofs\u00f3tti Christum\">[<\/span> Og um \u00f6ll samkunduh\u00fas kvaldi eg \u00fe\u00e1 oftlega og \u00fevinga\u00f0i \u00fe\u00e1 til gu\u00f0lastanar og eg var meir en h\u00f3fi gegndi \u00f3\u00f0ur \u00e1 \u00fea\u00f0 og veitti \u00feeim ofs\u00f3knir allt \u00ed utanlandsborgir. Fyrir hverra hluta sakir, \u00feann t\u00ed\u00f0 eg f\u00f3r til Damasco me\u00f0ur magt og bo\u00f0skap prestah\u00f6f\u00f0ingjanna, \u00fea\u00f0 \u00e1 mi\u00f0jum degi s\u00e1 eg, herra konungur, lj\u00f3s af himni s\u00f3larskini bjartara \u00fea\u00f0 um mig leiftra\u00f0i og um \u00fe\u00e1 er me\u00f0 m\u00e9r voru.<\/p>\n<p>\tEn \u00fe\u00e1 v\u00e9r f\u00e9llum allir til jar\u00f0ar heyr\u00f0a eg r\u00f6dd til m\u00edn tala s\u00fa er \u00e1 ebreska tungu sag\u00f0i: <span class=\"athugasemd\" title=\"3 \/ Fr\u00e1s\u00f6gn hvernin P\u00e1ll snerist\">[<\/span> Saul, Saul, hva\u00f0 ofs\u00e6kir \u00fe\u00fa mig? Hart er \u00fe\u00e9r a\u00f0 bakspyrna \u00ed m\u00f3t broddinum. En eg sag\u00f0a: Hver ert \u00fe\u00fa, herra? Hann sag\u00f0i: Eg em Jes\u00fas hvern \u00fe\u00fa ofs\u00e6kir. R\u00eds upp og statt \u00e1 f\u00e6tur \u00fe\u00edna \u00fev\u00ed a\u00f0 til \u00feess birtist eg \u00fe\u00e9r \u00fea\u00f0 eg skikka\u00f0i \u00feig til \u00fe\u00e9nara og vitnismanns \u00feeirra hluta hverra \u00fe\u00fa s\u00e1st og \u00feeirra sem eg skal \u00fe\u00e9r enn birta, frelsandi \u00feig af \u00feessu f\u00f3lki og hei\u00f0inni \u00fej\u00f3\u00f0, \u00e1 me\u00f0al hverra eg mun \u00feig \u00fatsenda \u00feeirra augum upp a\u00f0 l\u00faka so a\u00f0 \u00feeir sn\u00faist fr\u00e1 myrkrum til lj\u00f3sins og fr\u00e1 anskotans valdi til Gu\u00f0s so a\u00f0 \u00feeir me\u00f0taki syndanna fyrirgefning og arft\u00f6ku me\u00f0ur \u00feeim er helga\u00f0ir ver\u00f0a fyrir \u00fe\u00e1 tr\u00fa sem \u00e1 mig er.<\/p>\n<p>\tFyrir \u00fev\u00ed var eg ekki, herra konungur, himneskri birting vantr\u00faa\u00f0ur heldur bo\u00f0a\u00f0i eg hana \u00ed fyrstu \u00feeim \u00ed Damasco og Jer\u00fasalem og \u00fat um allar sveitir Gy\u00f0ingalands og s\u00ed\u00f0an hei\u00f0ingjum a\u00f0 \u00feeir gj\u00f6r\u00f0i yfirb\u00f3t og sneri s\u00e9r til Gu\u00f0s og gj\u00f6randi ver\u00f0ug verk i\u00f0ranarinnar. <span class=\"athugasemd\" title=\"4 \/ Um hans l\u00e6rd\u00f3m og kenning eftir \u00fea\u00f0 hann var umvendur\">[<\/span> Og fyrir \u00fe\u00e1 s\u00f6k gripu Gy\u00f0ingar mig \u00ed musterinu og einsettu s\u00e9r a\u00f0 l\u00edfl\u00e1ta mig. En fyrir Gu\u00f0s fullting er m\u00e9r bjarga\u00f0 \u00fea\u00f0 eg stend allt til \u00feessa dags vitnandi b\u00e6\u00f0i fyrir sm\u00e1m og st\u00f3rum, segandi ekkert anna\u00f0 en \u00fea\u00f0 er sp\u00e1mennirnir og Moyses hafa fyrirsagt a\u00f0 ske \u00e6tti \u00fea\u00f0 Christus skyldi l\u00ed\u00f0a og fyrstur vera \u00fat af upprisu framli\u00f0inna og s\u00e1 sem lj\u00f3si\u00f0 skyldi l\u00fd\u00f0num bo\u00f0a og so hei\u00f0num \u00fej\u00f3\u00f0um.&#8220;<\/p>\n<p>\tEn er hann haf\u00f0i svara\u00f0 \u00feessu fyrir sig sag\u00f0i Festus h\u00e1rri raust: <span class=\"athugasemd\" title=\"Festus ansar Paulo\">[<\/span> &#8222;\u00d3\u00f0ur ertu vor\u00f0inn, P\u00e1ll! \u00dea\u00f0 mikla b\u00f3kvit gj\u00f6rir \u00feig \u00f3\u00f0an!&#8220; En hann sag\u00f0i: &#8222;Eigi em eg \u00f3\u00f0ur, minn g\u00f3\u00f0i Festus, heldur tala eg sannleiksins og sk\u00fdrleiksins or\u00f0. \u00dev\u00ed herra konungurinn veit \u00feetta vel, hj\u00e1 hverjum eg r\u00e6\u00f0i alls \u00f6ruggur, \u00fev\u00ed eg meina a\u00f0 ekkert \u00feessara muni fyrir honum f\u00f3lgi\u00f0 vera af \u00fev\u00ed a\u00f0 \u00feetta er ekki \u00ed hyrningum ske\u00f0. Tr\u00fair \u00fe\u00fa, Agrippa, herra konungur, sp\u00e1m\u00f6nnunum? Eg veit a\u00f0 \u00fe\u00fa tr\u00fair.&#8220; En Agrippa sag\u00f0i til P\u00e1ls: &#8222;L\u00edti\u00f0 vantar \u00e1 a\u00f0 tala um fyrir m\u00e9r so eg gj\u00f6r\u00f0ist kristinn.&#8220; En P\u00e1ll sag\u00f0i: &#8222;\u00deess \u00e6ski eg af Gu\u00f0i \u00fea\u00f0 brestur \u00ed miklu e\u00f0ur litlu, eigi alleinasta \u00fe\u00fa heldur og einnin allir \u00feeir sem mig heyra \u00ed dag v\u00e6ri \u00fev\u00edl\u00edkir hv\u00edl\u00edkur e\u00f0 eg em undanteknum \u00feessum b\u00f6ndum.&#8220; Og \u00fe\u00e1 hann haf\u00f0i \u00feetta tala\u00f0 st\u00f3\u00f0 konungurinn upp og landstj\u00f3rnarinn og Bernice og \u00feeir e\u00f0 hj\u00e1 \u00feeim s\u00e1tu. En sem \u00feeir viku s\u00e9r afs\u00ed\u00f0a t\u00f6lu\u00f0u \u00feeir s\u00edn \u00e1 milli og s\u00f6g\u00f0u: &#8222;\u00deessi ma\u00f0ur hefur ekkert gj\u00f6rt \u00fea\u00f0 dau\u00f0a s\u00e9 e\u00f0ur banda vert.&#8220; \u00de\u00e1 sag\u00f0i Agrippa til Festo: &#8222;\u00deessi ma\u00f0ur haf\u00f0i m\u00e1tt laus vera l\u00e1tinn ef hann hef\u00f0i ekki skoti\u00f0 s\u00e9r fyrir keisarann.&#8220;<\/p>\n","protected":false},"excerpt":{"rendered":"<p>XXVI. En Agrippa sag\u00f0i til P\u00e1ls: &#8222;\u00de\u00e9r leyfist sj\u00e1lfum a\u00f0 tala fyrir \u00feig.&#8220; \u00de\u00e1 svara\u00f0i P\u00e1ll og r\u00e9tti fram h\u00f6ndina: [ &#8222;S\u00e6ll \u00feykjunst eg \u00feess, Agrippa konungur, a\u00f0 eg n\u00e1i \u00ed dag a\u00f0 forsvara mig fyrir \u00fe\u00e9r af \u00fev\u00ed \u00f6llu sem eg \u00e1klagast af Gy\u00f0ingum mest \u00fea\u00f0 \u00fe\u00fa veist allar venjur og spurningar Gy\u00f0inga. Fyrir \u00fev\u00ed bi\u00f0 eg \u00feig a\u00f0 \u00fe\u00fa vildir \u00feolinm\u00f3\u00f0lega heyra mig. A\u00f0 s\u00f6nnu m\u00edn \u00e6vi \u00ed fr\u00e1 barn\u00e6sku, hver veri\u00f0 hefur \u00feegar \u00ed uppruna hj\u00e1 \u00feessari \u00fej\u00f3\u00f0 \u00ed Jer\u00fasalem, vita allir Gy\u00f0ingar \u00feeir mig \u00feekktu for\u00f0um \u00ed uppvexti ef \u00feeir vildu \u00fear vitni um bera. \u00dev\u00ed <a href=\"https:\/\/biblian.is\/gudbrandsbiblia\/postulasagan-26-kafli\/\"> [&#8230;]<\/a><\/p>\n","protected":false},"author":1,"featured_media":0,"parent":0,"menu_order":0,"comment_status":"open","ping_status":"open","template":"bibliukaflar.php","meta":{"footnotes":""},"class_list":["post-3894","page","type-page","status-publish","hentry"],"_links":{"self":[{"href":"https:\/\/biblian.is\/gudbrandsbiblia\/wp-json\/wp\/v2\/pages\/3894","targetHints":{"allow":["GET"]}}],"collection":[{"href":"https:\/\/biblian.is\/gudbrandsbiblia\/wp-json\/wp\/v2\/pages"}],"about":[{"href":"https:\/\/biblian.is\/gudbrandsbiblia\/wp-json\/wp\/v2\/types\/page"}],"author":[{"embeddable":true,"href":"https:\/\/biblian.is\/gudbrandsbiblia\/wp-json\/wp\/v2\/users\/1"}],"replies":[{"embeddable":true,"href":"https:\/\/biblian.is\/gudbrandsbiblia\/wp-json\/wp\/v2\/comments?post=3894"}],"version-history":[{"count":0,"href":"https:\/\/biblian.is\/gudbrandsbiblia\/wp-json\/wp\/v2\/pages\/3894\/revisions"}],"wp:attachment":[{"href":"https:\/\/biblian.is\/gudbrandsbiblia\/wp-json\/wp\/v2\/media?parent=3894"}],"curies":[{"name":"wp","href":"https:\/\/api.w.org\/{rel}","templated":true}]}}