{"id":3886,"date":"2017-12-18T18:35:00","date_gmt":"2017-12-18T18:35:00","guid":{"rendered":"http:\/\/biblian.is\/gudbrandsbiblia\/postulasagan-18-kafli\/"},"modified":"2017-12-18T18:35:00","modified_gmt":"2017-12-18T18:35:00","slug":"postulasagan-18-kafli","status":"publish","type":"page","link":"https:\/\/biblian.is\/gudbrandsbiblia\/postulasagan-18-kafli\/","title":{"rendered":"Postulasagan 18. kafli"},"content":{"rendered":"<p>XVIII.<\/p>\n<p>Og eftir \u00fea\u00f0 gekk P\u00e1ll burt af A\u00feenu og kom til Corinthio og fann \u00fear einn Gy\u00f0ing, Aquilam a\u00f0 nafni, s\u00e1 er n\u00fdlegana var kominn af Vallandi, og hans h\u00fasfr\u00fa Priscilla, af \u00fev\u00ed a\u00f0 keisari Claudius haf\u00f0i bo\u00f0i\u00f0 \u00f6llum Gy\u00f0ingum a\u00f0 fara af R\u00f3m. <span class=\"athugasemd\" title=\"1 \/ Hva\u00f0 \u00ed Corinthoborg bar til\">[<\/span> Til \u00feess hins sama gekk hann inn. Og me\u00f0 \u00fev\u00ed a\u00f0 \u00feeir voru eins handverksmenn bleif hann hj\u00e1 \u00feeim og erfi\u00f0a\u00f0i. En \u00feeirra handverk var tjaldvefna\u00f0ur. <span class=\"athugasemd\" title=\"Paulus var tjaldvefari\">[<\/span> Og alla \u00fevottdaga kenndi hann \u00ed samkunduh\u00fasi og haf\u00f0i fort\u00f6lur fyrir Gy\u00f0ingum og einnin l\u00edka fyrir Grikkjum.<\/p>\n<p>\tEn er S\u00edlas og T\u00edm\u00f3teus komu af Macedonia \u00ferengdi andinn P\u00e1li til a\u00f0 vitna fyrir Gy\u00f0ingum \u00fea\u00f0 Jes\u00fas v\u00e6ri Kristur. <span class=\"athugasemd\" title=\"2 \/ Disputatio Pauls \u00ed Korintuborg\">[<\/span> En sem \u00feeir m\u00e6ltu \u00ed m\u00f3ti \u00fev\u00ed og t\u00f6lu\u00f0u h\u00e1\u00f0ungaror\u00f0 hristi hann s\u00edn f\u00f6t og sag\u00f0i til \u00feeirra: &#8222;Y\u00f0vart bl\u00f3\u00f0 s\u00e9 yfir y\u00f0ar h\u00f6f\u00f0i, hreinn geng eg eftir \u00feetta til hei\u00f0inna \u00fej\u00f3\u00f0a.&#8220; Og hann veik \u00fea\u00f0an og gekk inn \u00ed h\u00fas nokkurs \u00feess er Just var a\u00f0 nafni. Hann hei\u00f0ra\u00f0i Gu\u00f0. Hans h\u00fas var og hi\u00f0 n\u00e6sta samkundunni. En Krispus, hver e\u00f0 var foringi samkundunnar, tr\u00fa\u00f0i \u00e1 Drottin me\u00f0 \u00f6llu s\u00ednu hyski. <span class=\"athugasemd\" title=\"Krispus\">[<\/span> Og margir Korint\u00edumenn \u00feeir e\u00f0 tilheyr\u00f0u ur\u00f0u tr\u00faa\u00f0ir og l\u00e9tu sk\u00edra sig. <\/p>\n<p>\tEn Drottinn sag\u00f0i fyrir s\u00fdn um n\u00f3tt til P\u00e1ls: <span class=\"athugasemd\" title=\"3 \/ Paulus bl\u00edfur fyrir Gallione landsd\u00f3mara\">[<\/span> &#8222;\u00d3ttast eigi heldur tala \u00fe\u00fa og \u00feeg ekki \u00fev\u00ed a\u00f0 eg em me\u00f0 \u00fe\u00e9r og enginn skal \u00fe\u00e9r til leggja a\u00f0 \u00feig megi ska\u00f0a \u00fev\u00ed a\u00f0 margt f\u00f3lk er mitt \u00ed \u00feessari borg.&#8220; En hann sat \u00fear \u00e1ri\u00f0 um kring og sex m\u00e1nu\u00f0i og kenndi \u00feeim Gu\u00f0s or\u00f0.<\/p>\n<p>\tEn er Gallio var landstj\u00f3rnari \u00ed Achaia risu Gy\u00f0ingar upp me\u00f0 einum huga \u00ed m\u00f3ti P\u00e1li og leiddu hann fyrir d\u00f3mst\u00f3linn og s\u00f6g\u00f0u: &#8222;\u00deessi r\u00e6\u00f0ur m\u00f6nnum a\u00f0 d\u00fdrka Gu\u00f0 \u00ed m\u00f3ti l\u00f6gm\u00e1linu.&#8220; En \u00fe\u00e1 P\u00e1ll bj\u00f3 sig til a\u00f0 l\u00faka upp munninn sag\u00f0i Gallio til Gy\u00f0inga: &#8222;J\u00fa\u00f0ar m\u00ednir, ef \u00fea\u00f0 v\u00e6ri um nokkur rangindi e\u00f0ur vansemd \u00fe\u00e1 heyr\u00f0i eg y\u00f0ur gjarnan. En me\u00f0 \u00fev\u00ed \u00fea\u00f0 eru spurningar af or\u00f0um og n\u00f6fnum y\u00f0ars l\u00f6gm\u00e1ls megi \u00fe\u00e9r sj\u00e1lfir til sj\u00e1 \u00fev\u00ed a\u00f0 eg vil eigi \u00feeirra d\u00f3mari vera&#8220; og rak \u00fe\u00e1 fr\u00e1 d\u00f3mst\u00f3lnum. \u00de\u00e1 gripu allir Grikkir Sostenem samkundunnar h\u00f6f\u00f0ingja og sl\u00f3gu hann fyrir d\u00f3mst\u00f3linum. En Gallio gaf s\u00e9r \u00fear ekki a\u00f0.<\/p>\n<p>\tP\u00e1ll dvaldist \u00fear sj\u00e1lfur \u00ed marga daga. S\u00ed\u00f0an kvaddi hann br\u00e6\u00f0urnar og sigldi \u00ed Syriam og Priscilla og Aquila me\u00f0ur honum. <span class=\"athugasemd\" title=\"5 \/ Reisan P\u00e1ls \u00far Corinthoborg til Jer\u00fasalem\">[<\/span> Og hann raka\u00f0i h\u00f6fu\u00f0 sitt \u00ed Cencrea \u00fev\u00ed a\u00f0 hann haf\u00f0i heit \u00e1 hendi. Hann kom \u00fe\u00e1 ofan til Epheso og \u00fear skildi hann \u00feau eftir en hann gekk sj\u00e1lfur inn \u00ed samkunduna og \u00fereytti spurningar vi\u00f0 Gy\u00f0inga. En \u00feeir b\u00e1\u00f0u hann a\u00f0 hann blifi \u00fear enn lengra t\u00edma hj\u00e1 s\u00e9r. En hann sinnti \u00fev\u00ed eigi heldur kvaddi hann \u00fe\u00e1 og sag\u00f0i: &#8222;M\u00e9r byrjar me\u00f0 \u00f6llu \u00e1 \u00feeirri h\u00e1t\u00ed\u00f0 sem tilstendur a\u00f0 vera til Jer\u00fasalem. Heldur skal eg a\u00f0 Gu\u00f0s vilja koma til y\u00f0ar aftur.&#8220; Og er hann leysti fr\u00e1 Epheso kom hann til Cesarea, gekk upp og heilsa\u00f0i safn\u00f0ainum og f\u00f3r ofan til Antiochia og dvaldist \u00fear nokkra stund, f\u00f3r burt s\u00ed\u00f0an og gekk hva\u00f0 eftir \u00f6\u00f0ru um Galiciur\u00edki og Phrygiam, styrkjandi alla l\u00e6risveina. <span class=\"athugasemd\" title=\"6 \/ P\u00e1ll vitjar safna\u00f0arins um borgirnar Asie\">[<\/span> <\/p>\n<p>\tEn \u00fear kom til Epheso Gy\u00f0ingur nokkur, Apollo a\u00f0 nafni, f\u00e6ddur \u00ed Alexandria, m\u00e6lskuma\u00f0ur og m\u00e1ttugur \u00ed Ritningunum. <span class=\"athugasemd\" title=\"Apollo Alexandrinus\">[<\/span> \u00deessi var formenntur \u00ed vegi Drottins og tala\u00f0i me\u00f0 gl\u00f3andi anda og t\u00f3k a\u00f0 kenna allkappsamlega \u00fea\u00f0 hva\u00f0 Drottins er, vitandi einasta af sk\u00edrn Johannis. \u00deessi t\u00f3k tr\u00falega a\u00f0 pr\u00e9dika \u00ed samkundunni. En er Aquila og Priscilla heyr\u00f0u honum t\u00f3ku \u00feau hann a\u00f0 s\u00e9r og l\u00f6g\u00f0u enn innilegar \u00fat fyrir honum veg Drottins. Og \u00fe\u00e1 hann vildi reisa \u00ed Achaiam skrifu\u00f0u br\u00e6\u00f0urnir og r\u00e9\u00f0u l\u00e6risveinunum a\u00f0 \u00feeir me\u00f0taki hann. Og sem hann var \u00fear kominn b\u00e6tti hann um fyrir m\u00f6rgum \u00feeim er tr\u00faa\u00f0ir voru or\u00f0nir fyrir n\u00e1\u00f0ina. \u00dev\u00ed hann yfirvann Gy\u00f0inga allsk\u00f6ruglega, s\u00fdnandi \u00feeim opinberlega fyrir Ritningarnar \u00fea\u00f0 Jes\u00fas v\u00e6ri Kristur.<\/p>\n","protected":false},"excerpt":{"rendered":"<p>XVIII. Og eftir \u00fea\u00f0 gekk P\u00e1ll burt af A\u00feenu og kom til Corinthio og fann \u00fear einn Gy\u00f0ing, Aquilam a\u00f0 nafni, s\u00e1 er n\u00fdlegana var kominn af Vallandi, og hans h\u00fasfr\u00fa Priscilla, af \u00fev\u00ed a\u00f0 keisari Claudius haf\u00f0i bo\u00f0i\u00f0 \u00f6llum Gy\u00f0ingum a\u00f0 fara af R\u00f3m. [ Til \u00feess hins sama gekk hann inn. Og me\u00f0 \u00fev\u00ed a\u00f0 \u00feeir voru eins handverksmenn bleif hann hj\u00e1 \u00feeim og erfi\u00f0a\u00f0i. En \u00feeirra handverk var tjaldvefna\u00f0ur. [ Og alla \u00fevottdaga kenndi hann \u00ed samkunduh\u00fasi og haf\u00f0i fort\u00f6lur fyrir Gy\u00f0ingum og einnin l\u00edka fyrir Grikkjum. En er S\u00edlas og T\u00edm\u00f3teus komu af Macedonia \u00ferengdi andinn <a href=\"https:\/\/biblian.is\/gudbrandsbiblia\/postulasagan-18-kafli\/\"> [&#8230;]<\/a><\/p>\n","protected":false},"author":1,"featured_media":0,"parent":0,"menu_order":0,"comment_status":"open","ping_status":"open","template":"bibliukaflar.php","meta":{"footnotes":""},"class_list":["post-3886","page","type-page","status-publish","hentry"],"_links":{"self":[{"href":"https:\/\/biblian.is\/gudbrandsbiblia\/wp-json\/wp\/v2\/pages\/3886","targetHints":{"allow":["GET"]}}],"collection":[{"href":"https:\/\/biblian.is\/gudbrandsbiblia\/wp-json\/wp\/v2\/pages"}],"about":[{"href":"https:\/\/biblian.is\/gudbrandsbiblia\/wp-json\/wp\/v2\/types\/page"}],"author":[{"embeddable":true,"href":"https:\/\/biblian.is\/gudbrandsbiblia\/wp-json\/wp\/v2\/users\/1"}],"replies":[{"embeddable":true,"href":"https:\/\/biblian.is\/gudbrandsbiblia\/wp-json\/wp\/v2\/comments?post=3886"}],"version-history":[{"count":0,"href":"https:\/\/biblian.is\/gudbrandsbiblia\/wp-json\/wp\/v2\/pages\/3886\/revisions"}],"wp:attachment":[{"href":"https:\/\/biblian.is\/gudbrandsbiblia\/wp-json\/wp\/v2\/media?parent=3886"}],"curies":[{"name":"wp","href":"https:\/\/api.w.org\/{rel}","templated":true}]}}