{"id":3883,"date":"2017-12-18T18:35:00","date_gmt":"2017-12-18T18:35:00","guid":{"rendered":"http:\/\/biblian.is\/gudbrandsbiblia\/postulasagan-15-kafli\/"},"modified":"2017-12-18T18:35:00","modified_gmt":"2017-12-18T18:35:00","slug":"postulasagan-15-kafli","status":"publish","type":"page","link":"https:\/\/biblian.is\/gudbrandsbiblia\/postulasagan-15-kafli\/","title":{"rendered":"Postulasagan 15. kafli"},"content":{"rendered":"<p>XV.<\/p>\n<p>Og \u00feeir nokkrir sem ofan komu af Judea l\u00e6r\u00f0u br\u00e6\u00f0urna \u00fea\u00f0: <span class=\"athugasemd\" title=\"1 \/ Spurning Gy\u00f0inga \u00ed Antiochia ef a\u00f0 menn ver\u00f0a s\u00e1luh\u00f3lpnir \u00e1n umskur\u00f0arsk\u00edrnar\">[<\/span> &#8222;Nema ef \u00fe\u00e9r l\u00e1ti\u00f0 umskera y\u00f0ur eftir si\u00f0venju Moyses \u00fe\u00e1 kunni \u00fe\u00e9r ei s\u00e1luh\u00f3lpnir a\u00f0 ver\u00f0a.&#8220; Og af \u00fev\u00ed gj\u00f6r\u00f0ist \u00fear og \u00f3sam\u00feykki ei l\u00edti\u00f0. P\u00e1ll og Barnabas settu sig fast \u00ed m\u00f3ti \u00feeim. \u00de\u00e1 skikku\u00f0u \u00feeir P\u00e1l og Barnabam til og nokkra a\u00f0ra af \u00feeim a\u00f0 \u00feeir f\u00e6ri upp til postulanna og yfirprestanna \u00ed Jer\u00fasalem um \u00feetta \u00fer\u00e6tum\u00e1l. Og sem \u00feeir voru af safna\u00f0inum \u00e1 lei\u00f0 leiddir gengu \u00feeir um Phenicen og Samariam, segjandi hei\u00f0inna \u00fej\u00f3\u00f0a umvendan og gj\u00f6r\u00f0u \u00f6llum br\u00e6\u00f0rum mikinn f\u00f6gnu\u00f0. En \u00fe\u00e1 \u00feeir komu til Jer\u00fasalem me\u00f0t\u00f3kust \u00feeir af s\u00f6fnu\u00f0inum og postulunum og so af \u00f6ldungunum. Og \u00feeir kunngj\u00f6r\u00f0u \u00feeim fr\u00e1 hversu miki\u00f0 Gu\u00f0 hef\u00f0i gj\u00f6rt me\u00f0ur \u00feeim. \u00de\u00e1 risu upp nokkrir \u00fat af Phariseis selskap \u00feeir vi\u00f0 tr\u00fa h\u00f6f\u00f0u teki\u00f0, segjandi a\u00f0 \u00fea\u00f0 byrja\u00f0i a\u00f0 umskera \u00fe\u00e1 og bu\u00f0u a\u00f0 halda Moyses l\u00f6gm\u00e1l. En postularnir og prestarnir komu til samans a\u00f0 \u00feeir liti \u00e1 \u00feetta m\u00e1lefni.<\/p>\n<p>\tOg er mikil \u00fer\u00e1ttan haf\u00f0i veri\u00f0 st\u00f3\u00f0 P\u00e9tur upp og sag\u00f0i til \u00feeirra: <span class=\"athugasemd\" title=\"2 \/ Samkunda e\u00f0ur \u00feing postulanna og auldunganna til Jer\u00fasalem, hvar M\u00f3ses l\u00f6gm\u00e1l ver\u00f0ur afteki\u00f0\">[<\/span> &#8222;G\u00f3\u00f0ir menn og br\u00e6\u00f0ur, \u00fe\u00e9r viti\u00f0 a\u00f0 fyrir langri \u00e6vi \u00fea\u00f0 Gu\u00f0 hefur \u00fatvali\u00f0 vor \u00e1 milli a\u00f0 hei\u00f0nir menn skyldu heyra fyrir minn munn gu\u00f0sspjallsins or\u00f0 og so a\u00f0 tr\u00faa. Og Gu\u00f0 s\u00e1 hj\u00f6rtun kennir bar vitnisbur\u00f0 um gefandi \u00feeim heilagan anda so sem oss og gj\u00f6r\u00f0i \u00f6ngvan mun \u00e1 milli \u00feeirra og vor, hreinsandi me\u00f0 tr\u00fa vor hj\u00f6rtu. Fyrir hva\u00f0 freisti \u00fe\u00e9r n\u00fa Gu\u00f0s \u00fea\u00f0 \u00fe\u00e9r leggi\u00f0 ok yfir l\u00e6risveinanna h\u00e1ls hvert a\u00f0 ei g\u00e1tu bori\u00f0 hverki v\u00e6r n\u00e9 fe\u00f0ur vorir? Heldur tr\u00faum v\u00e9r a\u00f0 frelsast fyrir n\u00e1\u00f0 Drottins Jes\u00fa Christi me\u00f0 sama h\u00e6tti og \u00feeir.&#8220; \u00de\u00e1 \u00feag\u00f0i og allur m\u00fagurinn og hl\u00fdddu \u00feeim Barnaba og P\u00e1li er \u00feeir s\u00f6g\u00f0u fr\u00e1 hver teikn og st\u00f3rmerki a\u00f0 G\u00f0u haf\u00f0i gj\u00f6rt me\u00f0al hei\u00f0inna \u00fej\u00f3\u00f0a fyrir \u00fe\u00e1.<\/p>\n<p>\tEftir \u00fea\u00f0 \u00feeir \u00fe\u00f6gnu\u00f0u svara\u00f0i Jakob og sag\u00f0i: &#8222;\u00de\u00e9r menn, g\u00f3\u00f0ir br\u00e6\u00f0ur, heyri\u00f0 mig. S\u00edmon sag\u00f0i fram me\u00f0 hverjum h\u00e6tti Gu\u00f0 haf\u00f0i \u00ed fyrstu vitja\u00f0 og me\u00f0teki\u00f0 s\u00e9r f\u00f3lk \u00fat af hei\u00f0num \u00fej\u00f3\u00f0um \u00ed s\u00ednu nafni. Og \u00feessu samhlj\u00f3\u00f0a sp\u00e1mannaor\u00f0in so sem a\u00f0 skrifa\u00f0 er: Eftir \u00feetta mun eg aftur koma og uppbyggja tjaldb\u00fa\u00f0 Dav\u00ed\u00f0s hver a\u00f0 fallin er og hennar ni\u00f0urbrot skal eg endurbyggja og hana uppr\u00e9tta so a\u00f0 \u00feeir menn sem eftirbl\u00edfa skulu Drottins leita og \u00fear til allar hei\u00f0nar \u00fej\u00f3\u00f0ir yfir hverjar mitt nafn \u00e1kalla\u00f0 er, segir Drottin, s\u00e1 er \u00feetta gj\u00f6rir allt. <span class=\"athugasemd\" title=\"Amos 9 \/ Act. 17\">[<\/span> Gu\u00f0i eru \u00f6ll s\u00edn verk kunnig \u00ed fr\u00e1 veraldar upphafi. Fyrir \u00fev\u00ed \u00farskur\u00f0a eg \u00fea\u00f0 v\u00e9r gj\u00f6rum \u00f6ngva \u00fevingan \u00feeim sem sn\u00faast fr\u00e1 hei\u00f0ni til Gu\u00f0s heldur skrifum \u00feeim til a\u00f0 \u00feeir haldi sig fr\u00e1 \u00f3hreinleik skurgo\u00f0ad\u00fdrkunar og fr\u00e1 frillulifna\u00f0i og k\u00f6fnu\u00f0u og af bl\u00f3\u00f0i. <span class=\"athugasemd\" title=\"Supra IS\">[<\/span> \u00dev\u00ed a\u00f0 Moyses hefur fyrir langri \u00e6vi tilsett \u00ed \u00f6llum borgum \u00fea\u00f0 hann skuli pr\u00e9dikast \u00ed samkundum, hvar hann ver\u00f0ur og lesinn alla \u00fevottdaga.&#8220;<\/p>\n<p>\t\u00dea\u00f0 haga\u00f0i \u00fe\u00e1 postulunum og \u00f6ldungunum me\u00f0 \u00f6llum s\u00f6fnu\u00f0inum a\u00f0 \u00feeir \u00fatveldu af \u00feeim menn og sendi til Antiochiam me\u00f0 P\u00e1li og Barnaba, tileinka\u00f0an Judam \u00feann kalla\u00f0ur var Barsabas og Silam, inir \u00e6\u00f0stu menn me\u00f0al br\u00e6\u00f0ranna, og sendu sitt rit fyrir \u00feeirra hendur me\u00f0 \u00feessu atkv\u00e6\u00f0i:<\/p>\n<p>\t&#8222;V\u00e9r postular, prestar og br\u00e6\u00f0ur heilsum \u00feeim br\u00e6\u00f0runum er \u00fat af hei\u00f0ingjum og \u00ed Antiochia, Syria og Cilicia eru. <span class=\"athugasemd\" title=\"3 \/ Decretum og \u00farskur\u00f0ur safna\u00f0arins\">[<\/span> Me\u00f0 \u00fev\u00ed a\u00f0 v\u00e9r h\u00f6fum heyrt a\u00f0 nokkrir af oss eru \u00fatgengnir sem hafa sturla\u00f0 y\u00f0ur me\u00f0 or\u00f0um og flekka\u00f0 andir y\u00f0rar, bj\u00f3\u00f0andi y\u00f0ur a\u00f0 umskerast og l\u00f6gm\u00e1li\u00f0 a\u00f0 halda, hverjum v\u00e9r h\u00f6fum ekki sl\u00edkt bo\u00f0i\u00f0, \u00fev\u00ed hefur oss litist me\u00f0 eindr\u00e6gni samankomnum a\u00f0 senda til y\u00f0ar valinkunna menn me\u00f0 vorum elskulegum Barnaba og P\u00e1li hverjir menn a\u00f0 \u00fat hafa sett s\u00ednar s\u00e1lir fyrir nafn Drottins vors Jes\u00fa Christi. Fyrir \u00fev\u00ed sendum v\u00e9r Judam og Silam hverjir e\u00f0 sj\u00e1lfir mega me\u00f0 or\u00f0um segja y\u00f0ur hi\u00f0 sanna. <span class=\"athugasemd\" title=\"Act. 12\">[<\/span> \u00dev\u00ed a\u00f0 \u00fea\u00f0 l\u00edst heil\u00f6gum anda og oss a\u00f0 v\u00e9r skyldum \u00f6ngvar byr\u00f0ir leggja \u00e1 y\u00f0ur fyrir utan \u00feessa \u00fearflega hluti \u00fea\u00f0 \u00fe\u00e9r haldi\u00f0 y\u00f0ur af \u00fev\u00ed sem sk\u00fargo\u00f0um er f\u00f3rna\u00f0 og bl\u00f3\u00f0i og fr\u00e1 k\u00f6fnu\u00f0u og fr\u00e1 frillul\u00edfi, af hverju ef \u00fe\u00e9r var\u00f0veiti\u00f0 sj\u00e1lfa y\u00f0ur \u00fe\u00e1 gj\u00f6ri\u00f0 \u00fe\u00e9r vel. Lifi\u00f0 s\u00e6lir.&#8220;<\/p>\n<p>\t\u00de\u00e1 \u00feessir voru af sta\u00f0 sendir komu \u00feeir til Antiochiam og samans\u00f6fnu\u00f0u safna\u00f0inum og fengu \u00feeim br\u00e9fi\u00f0. <span class=\"athugasemd\" title=\"J\u00fadas \/ S\u00edlas\">[<\/span> \u00de\u00e1 \u00feeir l\u00e1su \u00fea\u00f0 ur\u00f0u \u00feeir af \u00feeirri huggan gla\u00f0ir. En J\u00fadas og S\u00edlas, hverjir a\u00f0 sp\u00e1menn voru, \u00e1minntu br\u00e6\u00f0urnar me\u00f0 n\u00f3gum or\u00f0um og styrktu \u00fe\u00e1. Og \u00feeir dv\u00f6ldust \u00fear um stundarsakir og ur\u00f0u s\u00ed\u00f0an me\u00f0 fri\u00f0i af br\u00e6\u00f0runum sendir til postulanna aftur. En Sila leist \u00e1 a\u00f0 vera \u00fear. P\u00e1ll og Barnabas dv\u00f6ldust \u00ed Antiochia, sendu og bo\u00f0u\u00f0u samt \u00f6\u00f0rum fleirum or\u00f0 Drottins.<\/p>\n<p>\tEn eftir nokkra daga sag\u00f0i P\u00e1ll til Barnaba: <span class=\"athugasemd\" title=\"4 \/ Visitatio \/ vitjan kirknanna\">[<\/span> &#8222;F\u00f6rum vi\u00f0 aftur og vitjum br\u00e6\u00f0ra vorra um allar borgir \u00ed hverjum vi\u00f0 h\u00f6fum bo\u00f0a\u00f0 or\u00f0 Drottins, hvernin a\u00f0 \u00feeir haga s\u00e9r.&#8220; En Barnabas gaf til r\u00e1\u00f0 a\u00f0 \u00feeir t\u00e6ki me\u00f0 s\u00e9r Johannem s\u00e1 er auknefndist Mark\u00fas. En P\u00e1ll vildi ekki a\u00f0 s\u00e1 sem fr\u00e1 \u00feeim haf\u00f0i sn\u00fai\u00f0 \u00far Pamphylia og gekk eigi me\u00f0 \u00feeim \u00ed verk skyldi me\u00f0fylgja. Og svo hart sundur\u00feykki var\u00f0 \u00feeirra \u00e1 milli a\u00f0 hver skildi vi\u00f0 annan. <span class=\"athugasemd\" title=\"5 \/ \u00c1greining P\u00e1ls og Barnabe. Eftird\u00e6mi mannlegs breyskleika og so me\u00f0 \u00feeim heil\u00f6gu\">[<\/span> Og Barnabas t\u00f3k a\u00f0 s\u00f6nnu Marcum me\u00f0 s\u00e9r og sigldi \u00ed Cipriam en P\u00e1ll kj\u00f6ri s\u00e9r Silam og var af br\u00e6\u00f0runum Gu\u00f0s n\u00e1\u00f0 b\u00edfala\u00f0ur. Og hann gekk um Syriam og Ciliciam styrkjandi s\u00f6fnu\u00f0ina.<\/p>\n","protected":false},"excerpt":{"rendered":"<p>XV. Og \u00feeir nokkrir sem ofan komu af Judea l\u00e6r\u00f0u br\u00e6\u00f0urna \u00fea\u00f0: [ &#8222;Nema ef \u00fe\u00e9r l\u00e1ti\u00f0 umskera y\u00f0ur eftir si\u00f0venju Moyses \u00fe\u00e1 kunni \u00fe\u00e9r ei s\u00e1luh\u00f3lpnir a\u00f0 ver\u00f0a.&#8220; Og af \u00fev\u00ed gj\u00f6r\u00f0ist \u00fear og \u00f3sam\u00feykki ei l\u00edti\u00f0. P\u00e1ll og Barnabas settu sig fast \u00ed m\u00f3ti \u00feeim. \u00de\u00e1 skikku\u00f0u \u00feeir P\u00e1l og Barnabam til og nokkra a\u00f0ra af \u00feeim a\u00f0 \u00feeir f\u00e6ri upp til postulanna og yfirprestanna \u00ed Jer\u00fasalem um \u00feetta \u00fer\u00e6tum\u00e1l. Og sem \u00feeir voru af safna\u00f0inum \u00e1 lei\u00f0 leiddir gengu \u00feeir um Phenicen og Samariam, segjandi hei\u00f0inna \u00fej\u00f3\u00f0a umvendan og gj\u00f6r\u00f0u \u00f6llum br\u00e6\u00f0rum mikinn f\u00f6gnu\u00f0. En \u00fe\u00e1 \u00feeir <a href=\"https:\/\/biblian.is\/gudbrandsbiblia\/postulasagan-15-kafli\/\"> [&#8230;]<\/a><\/p>\n","protected":false},"author":1,"featured_media":0,"parent":0,"menu_order":0,"comment_status":"open","ping_status":"open","template":"bibliukaflar.php","meta":{"footnotes":""},"class_list":["post-3883","page","type-page","status-publish","hentry"],"_links":{"self":[{"href":"https:\/\/biblian.is\/gudbrandsbiblia\/wp-json\/wp\/v2\/pages\/3883","targetHints":{"allow":["GET"]}}],"collection":[{"href":"https:\/\/biblian.is\/gudbrandsbiblia\/wp-json\/wp\/v2\/pages"}],"about":[{"href":"https:\/\/biblian.is\/gudbrandsbiblia\/wp-json\/wp\/v2\/types\/page"}],"author":[{"embeddable":true,"href":"https:\/\/biblian.is\/gudbrandsbiblia\/wp-json\/wp\/v2\/users\/1"}],"replies":[{"embeddable":true,"href":"https:\/\/biblian.is\/gudbrandsbiblia\/wp-json\/wp\/v2\/comments?post=3883"}],"version-history":[{"count":0,"href":"https:\/\/biblian.is\/gudbrandsbiblia\/wp-json\/wp\/v2\/pages\/3883\/revisions"}],"wp:attachment":[{"href":"https:\/\/biblian.is\/gudbrandsbiblia\/wp-json\/wp\/v2\/media?parent=3883"}],"curies":[{"name":"wp","href":"https:\/\/api.w.org\/{rel}","templated":true}]}}