{"id":3882,"date":"2017-12-18T18:35:00","date_gmt":"2017-12-18T18:35:00","guid":{"rendered":"http:\/\/biblian.is\/gudbrandsbiblia\/postulasagan-14-kafli\/"},"modified":"2017-12-18T18:35:00","modified_gmt":"2017-12-18T18:35:00","slug":"postulasagan-14-kafli","status":"publish","type":"page","link":"https:\/\/biblian.is\/gudbrandsbiblia\/postulasagan-14-kafli\/","title":{"rendered":"Postulasagan 14. kafli"},"content":{"rendered":"<p>XIIII.<\/p>\n<p>Og \u00fea\u00f0 ske\u00f0i \u00ed Iconia a\u00f0 \u00feeir gengu til l\u00edka inn \u00ed Gy\u00f0ingasamkundu og t\u00f6lu\u00f0u so a\u00f0 mikill mannfj\u00f6ldi tr\u00fa\u00f0i, b\u00e6\u00f0i J\u00fa\u00f0ar og Grikkir. <span class=\"athugasemd\" title=\"1 \/ Gj\u00f6rningar P\u00e1ls og Barnabe \u00ed Iconia\">[<\/span> En \u00feeir Gy\u00f0ingar sem mistr\u00faa voru uppv\u00f6ktu og til rei\u00f0i hv\u00f6ttu \u00ed m\u00f3t br\u00e6\u00f0runum hugi hei\u00f0inna manna. \u00de\u00f3 dv\u00f6ldu \u00feeir \u00fear um langan t\u00edma, styrklega erfi\u00f0andi me\u00f0 herrans fulltingi hver e\u00f0 sj\u00e1lfur vitni bar or\u00f0um sinnar n\u00e1\u00f0ar og veitti a\u00f0 t\u00e1kn og st\u00f3merki ske\u00f0u fyrir \u00feeirra hendur. En borgarm\u00fagurinn tv\u00edskiptist \u00ed sundur so a\u00f0 sumir h\u00e9ldu a\u00f0 s\u00f6nnu me\u00f0 Gy\u00f0ingum en sumir me\u00f0 postulunum.<\/p>\n<p>\tEn er gj\u00f6r\u00f0ist upphlaup me\u00f0 hei\u00f0ingjum og l\u00edka einnin me\u00f0 Gy\u00f0ingum og \u00feeirra yfirbo\u00f0urum so \u00feeir f\u00e6ri til me\u00f0 valdi og gr\u00fdttu \u00fe\u00e1 grj\u00f3ti \u00fe\u00e1 fornum \u00feeir og fl\u00fd\u00f0u \u00ed \u00fe\u00e6r borgir sem liggja \u00ed Lyconialandi, Listra og Derben, og alls sta\u00f0ar \u00ed \u00feeirra umliggjandi lands\u00e1lfur, og pr\u00e9diku\u00f0u \u00fear evangelium. <span class=\"athugasemd\" title=\"2 \/ \u00d3sam\u00feykki \u00ed Iconia\">[<\/span> Og ma\u00f0ur nokkur \u00ed L\u00fdstra sat f\u00f3tahrumur og var haltur fr\u00e1 sinnar m\u00f3\u00f0ur kvi\u00f0i, s\u00e1 er aldrei haf\u00f0i enn gengi\u00f0. Hann heyr\u00f0i P\u00e1l m\u00e6la. Og sem hann leit \u00e1 hann og s\u00e1 a\u00f0 hann tr\u00fa\u00f0i \u00fea\u00f0 honum m\u00e6tti hj\u00e1lpa sag\u00f0i hann me\u00f0 h\u00e1rri r\u00f6ddu: &#8222;Statt uppr\u00e9ttur \u00e1 \u00fe\u00edna f\u00e6tur!&#8220; Og hann spratt upp og gekk. En er l\u00fd\u00f0urinn leit hva\u00f0 P\u00e1ll haf\u00f0i gj\u00f6rt h\u00f3fu \u00feeir upp hlj\u00f3\u00f0 s\u00edn \u00e1 lycaonesku og s\u00f6g\u00f0u: &#8222;Gu\u00f0in eru m\u00f6nnum l\u00edk vor\u00f0in og til vor ofanstigin!&#8220; Og Barnabam k\u00f6llu\u00f0u \u00feeir J\u00fap\u00edter en P\u00e1l Mercurium af \u00fev\u00ed a\u00f0 hann var framberi or\u00f0sins. En J\u00fap\u00edters prestur s\u00e1 er fyrir borginni var flutti b\u00e6\u00f0i yxn og kransa fyrir dyrnar og vildi f\u00f3rnf\u00e6ra \u00feeim me\u00f0 f\u00f3lkinu.<\/p>\n<p>\t\u00de\u00e1 er postularnir P\u00e1ll og Barnabas heyr\u00f0u \u00fea\u00f0 hrifu \u00feeir kl\u00e6\u00f0i s\u00edn, stukku \u00fat til f\u00f3lksins, k\u00f6llu\u00f0u og s\u00f6g\u00f0u: <span class=\"athugasemd\" title=\"3 \/ Pr\u00e9dikan P\u00e1ls og Barnabe\">[<\/span> &#8222;\u00de\u00e9r menn, hv\u00ed gj\u00f6ri \u00fe\u00e9r \u00feetta? Vi\u00f0 erum og dau\u00f0legir menn l\u00edka sem \u00fe\u00e9r og bj\u00f3\u00f0um y\u00f0ur a\u00f0 sn\u00faast fr\u00e1 \u00feessum h\u00e9g\u00f3mum til lifanda Gu\u00f0s s\u00e1 er gj\u00f6r\u00f0i himin og j\u00f6r\u00f0, sj\u00f3 og allt hva\u00f0 \u00ed \u00feeim er, hver um li\u00f0nar aldir hefur allar \u00fej\u00f3\u00f0ir ganga l\u00e1ti\u00f0 s\u00edna sj\u00e1lfs vegu og \u00fe\u00f3 a\u00f0 s\u00f6nnu hefur hann eigi forl\u00e1ti\u00f0 sj\u00e1lfan sig \u00e1n vitnisbur\u00f0ar \u00fe\u00e1 hann veitir gott og gefur oss d\u00f6gg af himni og frj\u00f3fsama t\u00edma, uppfyllandi vor hj\u00f6rtu me\u00f0 f\u00e6\u00f0slu og fagna\u00f0i.&#8220; <span class=\"athugasemd\" title=\"Rom. 9\">[<\/span> Og er \u00feeir s\u00f6g\u00f0u \u00feetta g\u00e1tu \u00feeir \u00fe\u00f3 varla stillt l\u00fd\u00f0inn so a\u00f0 \u00feeir f\u00f3rnu\u00f0u \u00feeim eigi.<\/p>\n<p>\t\u00de\u00e1 komu \u00fear nokkrir Gy\u00f0ingar fr\u00e1 Antiochia og Iconia hverjir a\u00f0 umt\u00f6ldu l\u00fd\u00f0inn svo a\u00f0 \u00feeir gr\u00fdttu P\u00e1l og dr\u00f3gu \u00fat af borginni, meinandi hann dau\u00f0an vera. <span class=\"athugasemd\" title=\"4 \/ P\u00e1ll ver\u00f0ur gr\u00fdttur \/ 2. Cor. 11\">[<\/span> En \u00fe\u00e1 l\u00e6risveinarnir umkringdu hann st\u00f3\u00f0 hann upp og gekk inn \u00ed borgina. Og deginum eftir f\u00f3r hann me\u00f0 Barnaba til Derben og pr\u00e9dika\u00f0i evangelium \u00ed \u00feeirri borg og l\u00e6r\u00f0i \u00fear margan, vendi s\u00ed\u00f0an aftur til Lystram, Iconiam og Antiochiam, styrkjandi andir l\u00e6risveinanna og \u00e1minnandi \u00fe\u00e1 a\u00f0 \u00feeir v\u00e6ri sta\u00f0fastir \u00ed tr\u00fanni og \u00fea\u00f0: &#8222;A\u00f0 oss byrjar fyrir margar hrellingar inn a\u00f0 ganga \u00ed Gu\u00f0s r\u00edki.&#8220; Og \u00feeir skikku\u00f0u \u00feeim \u00f6ldunga \u00ed s\u00e9rhverja samkundu, b\u00e1\u00f0ust fyrir og f\u00f6stu\u00f0u og f\u00f3lu \u00fe\u00e1 s\u00ed\u00f0an \u00feeim Drottni \u00e1 hendi \u00e1 hvern \u00feeir tr\u00fa\u00f0u.<\/p>\n<p>\tOg er \u00feeir h\u00f6f\u00f0u gengi\u00f0 um Pisidiam komu \u00feeir \u00ed Pamphiliam og t\u00f6lu\u00f0u or\u00f0 Drottins til Pergan og f\u00f3ru ofan til Atthaliam. <span class=\"athugasemd\" title=\"5 \/ P\u00e1ll og Barnabas komu \u00ed Antiochiam\">[<\/span> \u00dea\u00f0an sigldu \u00feeir til Antiochiam hva\u00f0an \u00feeir voru af Gu\u00f0s n\u00e1\u00f0 tilfengnir \u00ed \u00fea\u00f0 verk hvert \u00feeir h\u00f6f\u00f0u fullkomna\u00f0. Og sem \u00feeir voru komnir og samansafna\u00f0 s\u00f6fnu\u00f0inum t\u00f6ldu \u00feeir fram hve miki\u00f0 Gu\u00f0 hef\u00f0i gj\u00f6rt me\u00f0ur \u00feeim og hvernin hann hef\u00f0i dyrum tr\u00faarinnar upploki\u00f0 fyrir hei\u00f0ingjum. Og \u00fear dv\u00f6ldu \u00feeir eigi skamma stund hj\u00e1 l\u00e6risveinunum.<\/p>\n","protected":false},"excerpt":{"rendered":"<p>XIIII. Og \u00fea\u00f0 ske\u00f0i \u00ed Iconia a\u00f0 \u00feeir gengu til l\u00edka inn \u00ed Gy\u00f0ingasamkundu og t\u00f6lu\u00f0u so a\u00f0 mikill mannfj\u00f6ldi tr\u00fa\u00f0i, b\u00e6\u00f0i J\u00fa\u00f0ar og Grikkir. [ En \u00feeir Gy\u00f0ingar sem mistr\u00faa voru uppv\u00f6ktu og til rei\u00f0i hv\u00f6ttu \u00ed m\u00f3t br\u00e6\u00f0runum hugi hei\u00f0inna manna. \u00de\u00f3 dv\u00f6ldu \u00feeir \u00fear um langan t\u00edma, styrklega erfi\u00f0andi me\u00f0 herrans fulltingi hver e\u00f0 sj\u00e1lfur vitni bar or\u00f0um sinnar n\u00e1\u00f0ar og veitti a\u00f0 t\u00e1kn og st\u00f3merki ske\u00f0u fyrir \u00feeirra hendur. En borgarm\u00fagurinn tv\u00edskiptist \u00ed sundur so a\u00f0 sumir h\u00e9ldu a\u00f0 s\u00f6nnu me\u00f0 Gy\u00f0ingum en sumir me\u00f0 postulunum. En er gj\u00f6r\u00f0ist upphlaup me\u00f0 hei\u00f0ingjum og l\u00edka einnin me\u00f0 <a href=\"https:\/\/biblian.is\/gudbrandsbiblia\/postulasagan-14-kafli\/\"> [&#8230;]<\/a><\/p>\n","protected":false},"author":1,"featured_media":0,"parent":0,"menu_order":0,"comment_status":"open","ping_status":"open","template":"bibliukaflar.php","meta":{"footnotes":""},"class_list":["post-3882","page","type-page","status-publish","hentry"],"_links":{"self":[{"href":"https:\/\/biblian.is\/gudbrandsbiblia\/wp-json\/wp\/v2\/pages\/3882","targetHints":{"allow":["GET"]}}],"collection":[{"href":"https:\/\/biblian.is\/gudbrandsbiblia\/wp-json\/wp\/v2\/pages"}],"about":[{"href":"https:\/\/biblian.is\/gudbrandsbiblia\/wp-json\/wp\/v2\/types\/page"}],"author":[{"embeddable":true,"href":"https:\/\/biblian.is\/gudbrandsbiblia\/wp-json\/wp\/v2\/users\/1"}],"replies":[{"embeddable":true,"href":"https:\/\/biblian.is\/gudbrandsbiblia\/wp-json\/wp\/v2\/comments?post=3882"}],"version-history":[{"count":0,"href":"https:\/\/biblian.is\/gudbrandsbiblia\/wp-json\/wp\/v2\/pages\/3882\/revisions"}],"wp:attachment":[{"href":"https:\/\/biblian.is\/gudbrandsbiblia\/wp-json\/wp\/v2\/media?parent=3882"}],"curies":[{"name":"wp","href":"https:\/\/api.w.org\/{rel}","templated":true}]}}