{"id":3880,"date":"2017-12-18T18:35:00","date_gmt":"2017-12-18T18:35:00","guid":{"rendered":"http:\/\/biblian.is\/gudbrandsbiblia\/postulasagan-12-kafli\/"},"modified":"2017-12-18T18:35:00","modified_gmt":"2017-12-18T18:35:00","slug":"postulasagan-12-kafli","status":"publish","type":"page","link":"https:\/\/biblian.is\/gudbrandsbiblia\/postulasagan-12-kafli\/","title":{"rendered":"Postulasagan 12. kafli"},"content":{"rendered":"<p>XII.<\/p>\n<p>\u00c1 \u00feeim t\u00edma lag\u00f0i Her\u00f3des hendur \u00e1 nokkra af safna\u00f0inum a\u00f0 p\u00edna \u00fe\u00e1. <span class=\"athugasemd\" title=\"1 \/ Fj\u00f3r\u00f0a ofs\u00f3kn safna\u00f0arins. Jacobus l\u00edfl\u00e1tinn\">[<\/span> Hann l\u00e9t \u00fe\u00e1 drepa Jakob br\u00f3\u00f0ur Johannis me\u00f0 sver\u00f0i. Og er hann s\u00e1 a\u00f0 \u00fea\u00f0 \u00feekktist Gy\u00f0ingum f\u00f3r hann til og l\u00e9t h\u00f6ndla Petrum. En \u00feetta var um p\u00e1ska. Og sem hann haf\u00f0i hann gr\u00edpa l\u00e1ti\u00f0 l\u00e9t hann setja hann \u00ed myrkvastofu og f\u00e9kk hann \u00ed hendur inum fj\u00f3r\u00f0a parti fj\u00f3r\u00f0ungasta\u00f0askiptis hermanna til var\u00f0veislu, viljandi eftir p\u00e1skana framselja hann f\u00f3lkinu. <span class=\"athugasemd\" title=\"2 \/ Petrus l\u00e1tinn \u00ed myrkvastofu\">[<\/span> Og P\u00e9tur geymdist a\u00f0 s\u00f6nnu \u00ed myrkvastofu. En s\u00f6fnu\u00f0urinn ba\u00f0 \u00ed \u00e1kafa fyrir honum til Gu\u00f0s. Og \u00fe\u00e1 er Her\u00f3des vildi hann framlei\u00f0a l\u00e1ta svaf P\u00e9tur \u00e1 \u00feeirri n\u00f3tt me\u00f0al tveggja str\u00ed\u00f0smanna, bundinn tveimur j\u00e1rnvi\u00f0jum, en var\u00f0menirnir forv\u00f6ru\u00f0u \u00fati fyrir dyrunum myrkvastofuna.<\/p>\n<p>\tOg sj\u00e1, a\u00f0 engill Drottins st\u00f3\u00f0 \u00fear og lj\u00f3s skein \u00ed h\u00fasinu. <span class=\"athugasemd\" title=\"3 \/ Engillinn frelsar Petrum \u00far myrkvastofunni\">[<\/span> Hann laust \u00e1 s\u00ed\u00f0u P\u00e9turs, uppvakti hann og sag\u00f0i: &#8222;Statt upp skyndilega.&#8220; Og hlekkirnir f\u00e9llu af hans h\u00f6ndum. Engillinn sag\u00f0i \u00fe\u00e1 til hans: &#8222;Gyrt \u00feig og tak sk\u00f3 \u00fe\u00edna \u00e1 \u00feig.&#8220; Og hann gj\u00f6r\u00f0i so. Hann sag\u00f0i og til hans: &#8222;Legg \u00feinn kyrtil yfir \u00feig og fylg m\u00e9r.&#8220; Og hann gekk \u00fat og fylgdi honum. Og eigi vissi hann \u00fea\u00f0 til sanns sem fyrir engilinn gj\u00f6r\u00f0ist heldur meinti hann sig s\u00fdn sj\u00e1. Og \u00feeir gengu um hi\u00f0 fyrsta og anna\u00f0 var\u00f0hald og komu til j\u00e1rnhli\u00f0sins er l\u00e1 til borgarinnar en \u00fea\u00f0 lauk s\u00e9r upp sj\u00e1lft. Og \u00feeir gengu \u00fat. En sem \u00feeir reiku\u00f0u eitt str\u00e6ti veik engillinn s\u00e9r jafnsnart fr\u00e1 honum.<\/p>\n<p>\tOg er P\u00e9tur kom til sj\u00e1lfs s\u00edns sag\u00f0i hann: &#8222;N\u00fa veit eg sennilega \u00fea\u00f0 Drottinn sendi engil sinn og frelsa\u00f0i mig af hendi Herodis og af allri eftirv\u00e6ntan Gy\u00f0ingal\u00fd\u00f0s.&#8220; Og sem hann g\u00e6tti s\u00edn kom hann til h\u00fasa Mar\u00edu m\u00f3\u00f0ur Johannis \u00feess sem kalla\u00f0ur var Mark\u00fas hvar e\u00f0 margir voru til samans komnir og b\u00e1\u00f0ust fyrir. En sem P\u00e9tur laust \u00e1 dyrahur\u00f0ina gekk st\u00falka fram a\u00f0 sj\u00e1 til, s\u00fa Rode var a\u00f0 nafni. Og er h\u00fan \u00feekkti hlj\u00f3\u00f0 P\u00e9turs lauk h\u00fan eigi upp hur\u00f0unni fyrir feginleika heldur hlj\u00f3p h\u00fan inn og sag\u00f0i a\u00f0 P\u00e9tur st\u00e6\u00f0i \u00fati fyrir hur\u00f0unni. En \u00feeir s\u00f6g\u00f0u til hennar: &#8222;Ertu galin?&#8220; H\u00fan h\u00e9lt \u00fev\u00ed fastara \u00e1 a\u00f0 \u00fea\u00f0 v\u00e6ri so. \u00deeir s\u00f6g\u00f0u: &#8222;\u00dea\u00f0 er hans engill.&#8220; En P\u00e9tur klappa\u00f0i \u00fev\u00ed t\u00ed\u00f0ara \u00e1. Og er \u00feeir luku upp s\u00e1u \u00feeir hann og undru\u00f0ust. En hann benti \u00feeim me\u00f0 hendinni a\u00f0 \u00feeir \u00feeg\u00f0i og sag\u00f0i fr\u00e1 hvernin Drottinn hef\u00f0i leitt hann \u00fat \u00far myrkvastofunni og sag\u00f0i: &#8222;Kunngj\u00f6ri\u00f0 \u00feetta Jacobo og br\u00e6\u00f0runum.&#8220; Hann gekk \u00fat \u00fea\u00f0an og gekk burt \u00ed annan sta\u00f0.<\/p>\n<p>\tEn \u00fe\u00e1 dagur kom var eigi l\u00edtil angursemi \u00e1 milli str\u00ed\u00f0smannanna hva\u00f0 vor\u00f0i\u00f0 haf\u00f0i af P\u00e9tri. <span class=\"athugasemd\" title=\"4 \/ Historian um Her\u00f3des Agrippa og hans dau\u00f0a\">[<\/span> En er Her\u00f3des heimti hann og fann eigi l\u00e9t hann forheyra var\u00f0mennina og skipa\u00f0i \u00fe\u00e1 burtleidda, f\u00f3r s\u00ed\u00f0an af Judea ofan til Cesarea og \u00fear dvaldist hann. \u00dev\u00ed a\u00f0 hann var miss\u00e1ttur vi\u00f0 \u00fe\u00e1 \u00ed Tyro og S\u00eddon. En \u00feeir komu me\u00f0 einu samheldi til hans og r\u00e1\u00f0gu\u00f0ust um vi\u00f0 Blastum, hver e\u00f0 var konungsins dr\u00f3ttseti, og beiddust fri\u00f0ar af \u00fev\u00ed a\u00f0 \u00feeirra bygg\u00f0arl\u00f6g n\u00e6r\u00f0ust af konungsins landi. En \u00e1 tilsettum degi kl\u00e6ddist Her\u00f3des konunglegum skr\u00fa\u00f0a, settist \u00e1 d\u00f3mst\u00f3linn og h\u00f3f s\u00e9r r\u00e6\u00f0u til \u00feeirra. En f\u00f3lki\u00f0 t\u00f3k a\u00f0 kalla: &#8222;Gu\u00f0s r\u00f6dd er \u00feetta en eigi manns!&#8220; Jafnskj\u00f3tt sl\u00f3 hann engill Drottins af \u00fev\u00ed hann gaf eigi Gu\u00f0 hei\u00f0urinn. <span class=\"athugasemd\" title=\"5 \/ Hefndarpl\u00e1ga Herodis fyrir hans ofs\u00f3kn sem hann veitti s\u00f6fnu\u00f0inum\">[<\/span> Var\u00f0 hann etinn af m\u00f6\u00f0kum og anda\u00f0ist.<\/p>\n<p>\tOr\u00f0 Drottins t\u00f3ku a\u00f0 vaxa og margfaldast. En er Barnabas og Saulus komu til Jer\u00fasalem aftur og afventu \u00feeim \u00fe\u00e6r vistir og t\u00f3ku me\u00f0 s\u00e9r Johannem \u00feann er a\u00f0 vi\u00f0urnefni h\u00e9t Mark\u00fas.<\/p>\n","protected":false},"excerpt":{"rendered":"<p>XII. \u00c1 \u00feeim t\u00edma lag\u00f0i Her\u00f3des hendur \u00e1 nokkra af safna\u00f0inum a\u00f0 p\u00edna \u00fe\u00e1. [ Hann l\u00e9t \u00fe\u00e1 drepa Jakob br\u00f3\u00f0ur Johannis me\u00f0 sver\u00f0i. Og er hann s\u00e1 a\u00f0 \u00fea\u00f0 \u00feekktist Gy\u00f0ingum f\u00f3r hann til og l\u00e9t h\u00f6ndla Petrum. En \u00feetta var um p\u00e1ska. Og sem hann haf\u00f0i hann gr\u00edpa l\u00e1ti\u00f0 l\u00e9t hann setja hann \u00ed myrkvastofu og f\u00e9kk hann \u00ed hendur inum fj\u00f3r\u00f0a parti fj\u00f3r\u00f0ungasta\u00f0askiptis hermanna til var\u00f0veislu, viljandi eftir p\u00e1skana framselja hann f\u00f3lkinu. [ Og P\u00e9tur geymdist a\u00f0 s\u00f6nnu \u00ed myrkvastofu. En s\u00f6fnu\u00f0urinn ba\u00f0 \u00ed \u00e1kafa fyrir honum til Gu\u00f0s. Og \u00fe\u00e1 er Her\u00f3des vildi hann framlei\u00f0a l\u00e1ta <a href=\"https:\/\/biblian.is\/gudbrandsbiblia\/postulasagan-12-kafli\/\"> [&#8230;]<\/a><\/p>\n","protected":false},"author":1,"featured_media":0,"parent":0,"menu_order":0,"comment_status":"open","ping_status":"open","template":"bibliukaflar.php","meta":{"footnotes":""},"class_list":["post-3880","page","type-page","status-publish","hentry"],"_links":{"self":[{"href":"https:\/\/biblian.is\/gudbrandsbiblia\/wp-json\/wp\/v2\/pages\/3880","targetHints":{"allow":["GET"]}}],"collection":[{"href":"https:\/\/biblian.is\/gudbrandsbiblia\/wp-json\/wp\/v2\/pages"}],"about":[{"href":"https:\/\/biblian.is\/gudbrandsbiblia\/wp-json\/wp\/v2\/types\/page"}],"author":[{"embeddable":true,"href":"https:\/\/biblian.is\/gudbrandsbiblia\/wp-json\/wp\/v2\/users\/1"}],"replies":[{"embeddable":true,"href":"https:\/\/biblian.is\/gudbrandsbiblia\/wp-json\/wp\/v2\/comments?post=3880"}],"version-history":[{"count":0,"href":"https:\/\/biblian.is\/gudbrandsbiblia\/wp-json\/wp\/v2\/pages\/3880\/revisions"}],"wp:attachment":[{"href":"https:\/\/biblian.is\/gudbrandsbiblia\/wp-json\/wp\/v2\/media?parent=3880"}],"curies":[{"name":"wp","href":"https:\/\/api.w.org\/{rel}","templated":true}]}}