{"id":3877,"date":"2017-12-18T18:34:57","date_gmt":"2017-12-18T18:34:57","guid":{"rendered":"http:\/\/biblian.is\/gudbrandsbiblia\/postulasagan-9-kafli\/"},"modified":"2017-12-18T18:34:57","modified_gmt":"2017-12-18T18:34:57","slug":"postulasagan-9-kafli","status":"publish","type":"page","link":"https:\/\/biblian.is\/gudbrandsbiblia\/postulasagan-9-kafli\/","title":{"rendered":"Postulasagan 9. kafli"},"content":{"rendered":"<p>IX.<\/p>\n<p>Saul bl\u00e9s \u00f3gnun og aldurtila \u00ed gegn larisveinum Drottins, gekk til kennimannah\u00f6f\u00f0ingjans og beiddist af honum br\u00e9fa til samkundunnar \u00ed Damasco so a\u00f0 ef hann fyndi \u00fear nokkra \u00feess vegar, karla e\u00f0ur kvinnur, a\u00f0 hann f\u00e6r\u00f0i \u00fe\u00e1 bundna til Jer\u00fasalem. <span class=\"athugasemd\" title=\"1 \/ Historian \u00fat af S. Paulo, hvernin hann snerist til tr\u00faarinnar \/ Anno Christi xxxiiii\">[<\/span> Og sem hann var \u00e1 veg kominn ske\u00f0i \u00fea\u00f0 so er hann t\u00f3k a\u00f0 n\u00e1lgast Damasco a\u00f0 \u00ed skyndingu leiftra\u00f0i um hann lj\u00f3s af himni og hann f\u00e9ll til jar\u00f0ar og heyr\u00f0i r\u00f6ddina er til hans sag\u00f0i: <span class=\"athugasemd\" title=\"2 \/ Vitnisbur\u00f0ur a\u00f0 Gu\u00f0 af sk\u00e6rri miskunnsemi me\u00f0taki \u00fe\u00e1 sem sn\u00faast \u00e1n verkanna ver\u00f0skuldunar\">[<\/span> &#8222;Saul, Saul, \u00fev\u00ed ofs\u00e6kir \u00fe\u00fa mig?&#8220; En hann sag\u00f0i: &#8222;Hver ertu, l\u00e1var\u00f0ur?&#8220; Drottinn sag\u00f0i: &#8222;Eg em Jes\u00fas hvern \u00fe\u00fa ofs\u00e6kir. Hart er \u00fe\u00e9r a\u00f0 bakspyrna m\u00f3t broddunum.&#8220; En hann skj\u00e1lfandi og felmsfullur sag\u00f0i: &#8222;Drottinn, hva\u00f0 viltu eg gj\u00f6ri?&#8220; Drottinn sag\u00f0i til hans: &#8222;Statt upp og gakk inn \u00ed borgina og \u00fear mun \u00fe\u00e9r sagt ver\u00f0a hva\u00f0 \u00fe\u00e9r byrjar a\u00f0 gj\u00f6ra.&#8220;<\/p>\n<p>\tEn \u00feeir menn sem me\u00f0 honum f\u00f3ru st\u00f3\u00f0u felmsfullir, heyr\u00f0u a\u00f0 v\u00edsu r\u00f6ddina en s\u00e1u \u00fe\u00f3 \u00f6ngvan. Saul st\u00f3\u00f0 \u00fe\u00e1 upp fr\u00e1 j\u00f6r\u00f0unni og me\u00f0 uppluktum augum s\u00e1 hann ekkert. En \u00feeir h\u00e9ldu um h\u00f6nd hans og leiddu hann inn \u00ed Damascum. Og so var hann \u00ed \u00ferj\u00e1 daga a\u00f0 hann s\u00e1 eigi og eigi \u00e1t hann n\u00e9 drakk.<\/p>\n<p>\tEn \u00ed Damasco var s\u00e1 l\u00e6risveinn sem h\u00e9t Anan\u00edas. Og \u00ed s\u00fdn \u00fe\u00e1 sag\u00f0i Drottinn til hans: &#8222;\u00de\u00fa Anania.&#8220; En hann ansa\u00f0i: &#8222;S\u00e9, h\u00e9r em eg, herra.&#8220; Drottinn sag\u00f0i til hans: &#8222;Statt upp og gakk \u00ed \u00fea\u00f0 str\u00e6ti sem kallast Hi\u00f0 r\u00e9tta og spyr a\u00f0 \u00ed h\u00fasi J\u00fada eftir \u00feeim sem Saul er a\u00f0 nafni \u00fat af Tarsen. \u00dev\u00ed sj\u00e1 n\u00fa, a\u00f0 hann bi\u00f0ur. Og \u00ed sj\u00f3n s\u00e1 hann mann inn til s\u00edn koma, Ananiam a\u00f0 nafni, leggjandi h\u00f6nd yfir sig so a\u00f0 hann yr\u00f0i sj\u00e1andi aftur.&#8220;<\/p>\n<p>\tAnanias svara\u00f0i: &#8222;Drottinn, \u00fat af m\u00f6rgum hefi eg heyrt um \u00feennan mann hva\u00f0 miki\u00f0 illt hann hefur gj\u00f6rt \u00fe\u00ednum heil\u00f6gum til Jer\u00fasalem og h\u00e9r hefur hann \u00fat af kennimannah\u00f6f\u00f0ingjanum vald til a\u00f0 binda \u00fe\u00e1 alla sem \u00feitt nafn \u00e1kalla.&#8220; En Drottinn sag\u00f0i til hans: &#8222;Far \u00fe\u00fa \u00fev\u00ed a\u00f0 \u00feessi er m\u00e9r \u00fatvali\u00f0 ker a\u00f0 hann beri mitt nafn fyrir hei\u00f0inn l\u00fd\u00f0 og konunga og fyrir \u00cdsraelssonum. Eg mun og s\u00fdna honum hversu miki\u00f0 honum ber a\u00f0 l\u00ed\u00f0a fyrir m\u00edns nafns sakir.&#8220;<\/p>\n<p>\tOg Ananias f\u00f3r \u00feanga\u00f0 og gekk inn \u00ed h\u00fasi\u00f0, lag\u00f0i yfir hann hendur og sag\u00f0i: &#8222;Saul br\u00f3\u00f0ir, Drottinn Jes\u00fas sendi mig hinga\u00f0 hver birtist \u00fe\u00e9r \u00e1 veginum \u00feeim er \u00fe\u00fa komt hinga\u00f0 so a\u00f0 \u00fe\u00fa fengir s\u00fdn aftur og uppfylltist heil\u00f6gum anda.&#8220; Og jafnskj\u00f3tt f\u00e9ll af hans augum so sem anna\u00f0 fiskhreistur og hann f\u00e9kk s\u00fdn aftur. Hann st\u00f3\u00f0 upp og l\u00e9t sk\u00edra sig, t\u00f3k s\u00ed\u00f0an f\u00e6\u00f0slu til s\u00edn og styrkti sig.<\/p>\n<p>\tSaul var \u00fe\u00e1 nokkra daga hj\u00e1 \u00feeim l\u00e6risveinum er voru \u00ed Damasco. <span class=\"athugasemd\" title=\"3 \/ Gj\u00f6rningar Pauls \u00ed Damasco\">[<\/span> Og jafnsnart gekk hann \u00ed Gy\u00f0ingasamkundu og t\u00f3k a\u00f0 pr\u00e9dika \u00feeim Jes\u00fam, \u00fea\u00f0 hann sami v\u00e6ri Gu\u00f0s sonur. En \u00feeim bl\u00f6skra\u00f0i \u00f6llum er honum heyr\u00f0u og t\u00f3ku a\u00f0 segja: &#8222;Er \u00feessi eigi s\u00e1 sem til Jer\u00fasalem str\u00edddi \u00e1 alla \u00fe\u00e1 sem \u00feetta nafn \u00e1k\u00f6llu\u00f0u og hinga\u00f0 kom til \u00feess a\u00f0 lei\u00f0a \u00fe\u00e1 bundna fyrir kennimannah\u00f6f\u00f0ingja?&#8220; En Saul t\u00f3k a\u00f0 styrkjast miklu framar og hnekkti \u00feeim Gy\u00f0ingum sem \u00ed Damasco bjuggu, fulleflandi \u00fea\u00f0 a\u00f0 s\u00e1 v\u00e6ri Kristur.<\/p>\n<p>\tOg m\u00f6rgum d\u00f6gum \u00fear eftir h\u00e9ldu Gy\u00f0ingar samstefnu s\u00edn \u00e1 milli a\u00f0 \u00feeir afl\u00edfu\u00f0u hann. <span class=\"athugasemd\" title=\"4 \/ Paulus staddur \u00ed h\u00e1ska fyrir sakir vi\u00f0urkenningar og l\u00e6rd\u00f3ms Christi\">[<\/span> En \u00feeirra v\u00e9lr\u00e6\u00f0i ur\u00f0u Saulo undirv\u00edsu\u00f0. En \u00feeir var\u00f0veittu n\u00f3tt og dag portin so a\u00f0 \u00feeir fengi hann \u00ed hel slegi\u00f0. \u00de\u00e1 t\u00f3ku hann l\u00e6risveinarnir um n\u00f3tt og l\u00e9tu hann yfir m\u00farinn og l\u00e9tu \u00ed k\u00f6rf ofan s\u00edga.<\/p>\n<p>\tEn \u00fe\u00e1 Saul kom til Jer\u00fasalem freista\u00f0i hann \u00feess a\u00f0 samlaga sig til l\u00e6risveinanna. <span class=\"athugasemd\" title=\"5 \/ Paulus kemur til Jer\u00fasalem \u00e1 \u00feri\u00f0ja \u00e1ri eftir \u00fea\u00f0 hann snerist\">[<\/span> Og \u00feeir \u00f3ttu\u00f0ust hann allir tr\u00faandi eigi \u00fev\u00ed a\u00f0 hann v\u00e6ri l\u00e6risveinn. En Barnabas t\u00f3k hann og leiddi til postulanna og sag\u00f0i \u00feeim \u00ed fr\u00e1 hversu hann hef\u00f0i s\u00e9\u00f0 Drottin \u00e1 veginum og \u00fea\u00f0 hann hef\u00f0i tala\u00f0 vi\u00f0 hann og hvernin hann hef\u00f0i til Damasco tr\u00falega pr\u00e9dika\u00f0 nafn Jes\u00fa. Og hann var hj\u00e1 \u00feeim, gekk \u00fat og inn til Jer\u00fasalem og pr\u00e9dika\u00f0i nafn Drottins Jes\u00fa tr\u00falegana. \u00de\u00e1 t\u00f3k hann a\u00f0 tala og heyja spurningar vi\u00f0 hina g\u00edrsku en \u00feeir leitu\u00f0u vi\u00f0 a\u00f0 l\u00edfl\u00e1ta hann. <span class=\"athugasemd\" title=\"6 \/ Aunnur h\u00e1skasemd Pauli \u00ed Jer\u00fasalem\">[<\/span> \u00de\u00e1 br\u00e6\u00f0urnir fornumu \u00fea\u00f0 leiddu \u00feeir hann \u00fat til Cesaream og sendu hann til Tarsen. Og so haf\u00f0i s\u00f6fnu\u00f0urinn a\u00f0 s\u00f6nnu fri\u00f0 um allt Judeam og Galileam og Samariam, hresstust upp og gengu \u00ed \u00f3tta Drottins og margf\u00f6ldu\u00f0ust \u00ed huggun heilags anda.<\/p>\n<p>\t\u00dea\u00f0 ske\u00f0i og \u00fe\u00e1 P\u00e9tur fer\u00f0a\u00f0ist um kring allra a\u00f0 vitja \u00fea\u00f0 hann kom einnin til \u00feeirra heilagra sem bjuggu \u00ed Lydda. <span class=\"athugasemd\" title=\"7 \/ Gj\u00f6rningar Petri \u00ed Lydda og Joppe. Eneas l\u00e6knast\">[<\/span> \u00dear fann hann mann \u00feann sem Eneas var a\u00f0 nafni hver e\u00f0 legi\u00f0 haf\u00f0i \u00ed rekkju meir en \u00ed \u00e1tta \u00e1r. Hann var sj\u00fakur \u00ed kveisu. P\u00e9tur sag\u00f0i til hans: &#8222;Eneas, Jes\u00fas Kristur gj\u00f6ri \u00feig heilan, statt upp og rei\u00f0 upp sj\u00e1lfur um \u00feig.&#8220; Og hann st\u00f3\u00f0 jafnsnart upp og allir s\u00e1u hann \u00feeir sem bjuggu \u00ed Lydda og Assarona hverjir og snerust til Drottins.<\/p>\n<p>\tEn \u00ed Joppe var s\u00fa l\u00e6rd\u00f3msins \u00fej\u00f3nustukvinna sem Tab\u00ed\u00fea var a\u00f0 nafni, hva\u00f0 er \u00fatleggst Dorkas, \u00fea\u00f0 heitir &#8222;sk\u00f3gargeit&#8220;. <span class=\"athugasemd\" title=\"8 \/ Thabitani uppvekur P\u00e9tur af dau\u00f0a\">[<\/span> H\u00fan var full g\u00f3\u00f0ra verka og me\u00f0ur \u00f6lmusugj\u00f6r\u00f0ir sem h\u00fan veitti. En \u00e1 \u00feeim d\u00f6gum bar so til a\u00f0 h\u00fan t\u00f3k s\u00f3tt og anda\u00f0ist. Og sem \u00feeir h\u00f6f\u00f0u \u00fevegi\u00f0 hana settu \u00feeir hana \u00ed bor\u00f0stofuna. En me\u00f0 \u00fev\u00ed a\u00f0 Lydda liggur \u00ed grennd vi\u00f0 Joppen og \u00fe\u00e1 l\u00e6risveinarnir heyr\u00f0u \u00fea\u00f0 a\u00f0 P\u00e9tur v\u00e6ri \u00fear sendu \u00feeir til hans og b\u00e1\u00f0u hann um a\u00f0 hann l\u00e9ti s\u00e9r ekki \u00feungt \u00feykja til \u00feeirra a\u00f0 koma.<\/p>\n<p>\tEn P\u00e9tur st\u00f3\u00f0 upp og f\u00f3r me\u00f0 \u00feeim. Og er hann kom \u00fear leiddu \u00feeir hann \u00ed bor\u00f0stofuna. Og allar ekkjurnar flykktust um kring hann gr\u00e1tandi og s\u00fdndu honum \u00fe\u00e1 kyrtla og kl\u00e6\u00f0na\u00f0 sem Dorkas haf\u00f0i gj\u00f6rt me\u00f0an h\u00fan var hj\u00e1 \u00feeim. Og er P\u00e9tur haf\u00f0i \u00fe\u00e1 alla \u00fatdrifi\u00f0 f\u00e9ll hann \u00e1 kn\u00e9n, ba\u00f0st fyrir og snerist a\u00f0 l\u00edkamanum og sag\u00f0i: &#8222;Tab\u00ed\u00fea, statt upp!&#8220; En h\u00fan lauk upp s\u00ednum augum og er h\u00fan s\u00e1 Petrum setti h\u00fan sig upp. En hann r\u00e9tti henni h\u00f6ndina og reisti hana upp og kala\u00f0i \u00e1 hina heil\u00f6gu og \u00e1 ekkjurnar og afhenti \u00feeim hana lifandi. Og \u00fea\u00f0 kunngj\u00f6r\u00f0ist um alla Joppen og margir tr\u00fa\u00f0u \u00e1 Drottin. \u00dea\u00f0 ske\u00f0i og so a\u00f0 hann bleif marga daga \u00ed Joppen hj\u00e1 S\u00edmoni \u00feeim nokkrum sem var einn s\u00fatari.<\/p>\n","protected":false},"excerpt":{"rendered":"<p>IX. Saul bl\u00e9s \u00f3gnun og aldurtila \u00ed gegn larisveinum Drottins, gekk til kennimannah\u00f6f\u00f0ingjans og beiddist af honum br\u00e9fa til samkundunnar \u00ed Damasco so a\u00f0 ef hann fyndi \u00fear nokkra \u00feess vegar, karla e\u00f0ur kvinnur, a\u00f0 hann f\u00e6r\u00f0i \u00fe\u00e1 bundna til Jer\u00fasalem. [ Og sem hann var \u00e1 veg kominn ske\u00f0i \u00fea\u00f0 so er hann t\u00f3k a\u00f0 n\u00e1lgast Damasco a\u00f0 \u00ed skyndingu leiftra\u00f0i um hann lj\u00f3s af himni og hann f\u00e9ll til jar\u00f0ar og heyr\u00f0i r\u00f6ddina er til hans sag\u00f0i: [ &#8222;Saul, Saul, \u00fev\u00ed ofs\u00e6kir \u00fe\u00fa mig?&#8220; En hann sag\u00f0i: &#8222;Hver ertu, l\u00e1var\u00f0ur?&#8220; Drottinn sag\u00f0i: &#8222;Eg em Jes\u00fas hvern \u00fe\u00fa ofs\u00e6kir. <a href=\"https:\/\/biblian.is\/gudbrandsbiblia\/postulasagan-9-kafli\/\"> [&#8230;]<\/a><\/p>\n","protected":false},"author":1,"featured_media":0,"parent":0,"menu_order":0,"comment_status":"open","ping_status":"open","template":"bibliukaflar.php","meta":{"footnotes":""},"class_list":["post-3877","page","type-page","status-publish","hentry"],"_links":{"self":[{"href":"https:\/\/biblian.is\/gudbrandsbiblia\/wp-json\/wp\/v2\/pages\/3877","targetHints":{"allow":["GET"]}}],"collection":[{"href":"https:\/\/biblian.is\/gudbrandsbiblia\/wp-json\/wp\/v2\/pages"}],"about":[{"href":"https:\/\/biblian.is\/gudbrandsbiblia\/wp-json\/wp\/v2\/types\/page"}],"author":[{"embeddable":true,"href":"https:\/\/biblian.is\/gudbrandsbiblia\/wp-json\/wp\/v2\/users\/1"}],"replies":[{"embeddable":true,"href":"https:\/\/biblian.is\/gudbrandsbiblia\/wp-json\/wp\/v2\/comments?post=3877"}],"version-history":[{"count":0,"href":"https:\/\/biblian.is\/gudbrandsbiblia\/wp-json\/wp\/v2\/pages\/3877\/revisions"}],"wp:attachment":[{"href":"https:\/\/biblian.is\/gudbrandsbiblia\/wp-json\/wp\/v2\/media?parent=3877"}],"curies":[{"name":"wp","href":"https:\/\/api.w.org\/{rel}","templated":true}]}}