{"id":3872,"date":"2017-12-18T18:34:57","date_gmt":"2017-12-18T18:34:57","guid":{"rendered":"http:\/\/biblian.is\/gudbrandsbiblia\/postulasagan-4-kafli\/"},"modified":"2017-12-18T18:34:57","modified_gmt":"2017-12-18T18:34:57","slug":"postulasagan-4-kafli","status":"publish","type":"page","link":"https:\/\/biblian.is\/gudbrandsbiblia\/postulasagan-4-kafli\/","title":{"rendered":"Postulasagan 4. kafli"},"content":{"rendered":"<p>IIII.<\/p>\n<p>En sem \u00feeir t\u00f6lu\u00f0u til f\u00f3lksins komu til \u00feeirra prestar og yfirbo\u00f0arar musterisins og Saducei. <span class=\"athugasemd\" title=\"1 \/ Fyrsta ofs\u00f3kn eftir kenning og jarteiknir postulanna\">[<\/span> \u00deeim misl\u00edka\u00f0i \u00fea\u00f0 a\u00f0 \u00feeir skyldu l\u00e6ra f\u00f3lki\u00f0 og \u00fea\u00f0 \u00feeir bo\u00f0u\u00f0u \u00ed nafni Jes\u00fa upprisu af dau\u00f0a, l\u00f6g\u00f0u hendur \u00e1 \u00fe\u00e1 og settu \u00fe\u00e1 \u00ed var\u00f0hald til n\u00e6sta morguns \u00fev\u00ed a\u00f0 kveld var komi\u00f0. En margir af \u00feeim er or\u00f0i\u00f0 heyr\u00f0u gj\u00f6r\u00f0ust tr\u00faa\u00f0ir og tala \u00feeirra manna var\u00f0 n\u00e6r fimm \u00fe\u00fasundum.<\/p>\n<p>\tEn a\u00f0 morni komnum samans\u00f6fnu\u00f0ust h\u00f6f\u00f0ingjar \u00feeirra og \u00f6ldungar og skriftl\u00e6r\u00f0ir \u00ed Jer\u00fasalem og Hannas kennimannah\u00f6f\u00f0ingi og Ka\u00edfas, J\u00f3hannes og Alexander og so margir sem \u00feeir voru \u00fat af kennimannakyninu skikku\u00f0u \u00fe\u00e1 mitt fram fyrir sig og spur\u00f0u \u00fe\u00e1 a\u00f0: &#8222;Af hverjum krafti e\u00f0a \u00ed hvers nafni gj\u00f6r\u00f0u\u00f0 \u00fe\u00e9r \u00feetta?&#8220; P\u00e9tur, fullur af heil\u00f6gum anda, sag\u00f0i til \u00feeirra: <span class=\"athugasemd\" title=\"2 \/ J\u00e1tning Petri alvarleg a\u00f0 Christus s\u00e9 einkafrelsari heimsins\">[<\/span> &#8222;Heyri \u00fe\u00e9r h\u00f6f\u00f0ingjar l\u00fd\u00f0sins og \u00f6ldungar \u00ed \u00cdsrael: \u00de\u00f3tt v\u00e9r ranns\u00f6kust \u00ed dag um \u00fea\u00f0 er v\u00e9r gj\u00f6r\u00f0um vel til \u00feessum sj\u00faka manni og af hverju skjali hann var heilbrig\u00f0ur gj\u00f6r \u00fe\u00e1 s\u00e9 y\u00f0ur \u00fea\u00f0 og \u00f6llu \u00cdsraelsf\u00f3lki kunnigt \u00fea\u00f0 \u00feessi stendur (\u00ed nafni Jes\u00fa Christi af Na\u00f0saret \u00feann \u00fe\u00e9r krossfestu\u00f0, hvern er Gu\u00f0 uppvakti af dau\u00f0a) h\u00e9r fyrir y\u00f0ur heilbrig\u00f0ur. Hann er og s\u00e1 steinn sem \u00fatsk\u00fafa\u00f0ur er af y\u00f0ur uppbyggjurum, hver e\u00f0 gj\u00f6r\u00f0ur er a\u00f0 h\u00f6f\u00f0i hyrningar. Og eigi er \u00ed nokkrum \u00f6\u00f0rum heilsugj\u00f6f \u00fev\u00ed a\u00f0 \u00fear er ekkert anna\u00f0 nafn gefi\u00f0 himninum undir \u00e1 me\u00f0al manna \u00ed hverju oss byrjar s\u00e1luh\u00f3lpnum a\u00f0 ver\u00f0a.&#8220;<\/p>\n<p>\tEn sem \u00feeir s\u00e1u st\u00f6\u00f0ugleik P\u00e9turs Og Johannis undra\u00f0i \u00fe\u00e1 \u00fev\u00ed \u00feeir vissu fyrir sann \u00fea\u00f0 \u00feeir voru \u00f3l\u00e6r\u00f0ir og leikmenn og \u00feekktu \u00fe\u00e1 \u00fea\u00f0 \u00feeir h\u00f6f\u00f0u veri\u00f0 me\u00f0 Jes\u00fa. <span class=\"athugasemd\" title=\"3 \/ Postularnir \u00f3l\u00e6r\u00f0ir\">[<\/span> En \u00feeir s\u00e1u manninn \u00feann sem heill var or\u00f0inn standa hj\u00e1 \u00feeim og kunnu \u00fear ekki \u00ed m\u00f3t a\u00f0 segja. \u00de\u00e1 skipu\u00f0u \u00feeir \u00feeim \u00fat \u00ed burt fr\u00e1 r\u00e1\u00f0inu og t\u00f3ku \u00fe\u00e1 a\u00f0 r\u00e1\u00f0gast um s\u00edn \u00e1 milli og s\u00f6g\u00f0u: <span class=\"athugasemd\" title=\"4 \/ Forher\u00f0sla G\u00f0inga\">[<\/span> &#8222;Hva\u00f0 skulu v\u00e9r gj\u00f6ra \u00feessum m\u00f6nnum? \u00dev\u00ed a\u00f0 \u00fea\u00f0 teikn sem af \u00feeim er gj\u00f6rt er kunnigt \u00f6llum \u00feeim sem \u00ed Jer\u00fasalem byggja og v\u00e6r getum \u00fev\u00ed ei neita\u00f0. En so a\u00f0 \u00fea\u00f0 skuli eigi v\u00ed\u00f0ara \u00fatspyrjast me\u00f0al f\u00f3lksins \u00fe\u00e1 \u00f3gnum \u00feeim alvarlega a\u00f0 \u00feeir segi eigi neinum manni h\u00e9\u00f0an \u00ed fr\u00e1 af \u00feessu nafni.&#8220;<\/p>\n<p>\tOg \u00feeir l\u00e9tu kalla \u00e1 \u00fe\u00e1 og bu\u00f0u \u00feeim a\u00f0 \u00feeir t\u00f6lu\u00f0u ei me\u00f0 nokkru m\u00f3ti n\u00e9 kenndu \u00ed nafni Jes\u00fa. En P\u00e9tur og J\u00f3hannes sv\u00f6ru\u00f0u og s\u00f6g\u00f0u til \u00feeirra: <span class=\"athugasemd\" title=\"5 \/ Alvara Petri og Johannis\">[<\/span> &#8222;D\u00e6mi \u00fe\u00e9r sj\u00e1lfir hvort \u00fea\u00f0 er r\u00e9tt \u00ed Gu\u00f0s augliti a\u00f0 v\u00e9r skulum framar hl\u00fd\u00f0a y\u00f0ur en Gu\u00f0i. \u00dev\u00ed a\u00f0 \u00fea\u00f0 megum v\u00e6r eigi a\u00f0 v\u00e9r skulum eigi tala \u00fea\u00f0 hva\u00f0 v\u00e9r h\u00f6fum heyrt og s\u00e9\u00f0.&#8220; En \u00feeir \u00f3gnu\u00f0u \u00feeim og l\u00e9tu \u00fe\u00e1 lausa og fundu eigi hvernin \u00feeir g\u00e6ti \u00fe\u00e1 p\u00ednt fyrir f\u00f3lksins sakir af \u00fev\u00ed a\u00f0 allir lofu\u00f0u Gu\u00f0 yfir \u00fev\u00ed sem til haf\u00f0i bori\u00f0. \u00dev\u00ed a\u00f0 s\u00e1 ma\u00f0ur var meir en fj\u00f6rut\u00edgir \u00e1ra gamall \u00e1 hverjum e\u00f0 ske\u00f0 var \u00feetta heilsuteikn.<\/p>\n<p>\tOg sem \u00feessir voru lausir l\u00e1tnir komu \u00feeir til sinna, kunngj\u00f6r\u00f0u \u00feeim hva\u00f0 helst a\u00f0 prestah\u00f6f\u00f0ingjar og \u00f6ldungarnir h\u00f6f\u00f0u til \u00feeirra sagt. <span class=\"athugasemd\" title=\"6 \/ \u00deakkargj\u00f6r\u00f0 fyrir endurlausn og verndan\">[<\/span> \u00de\u00e1 \u00feeir heyr\u00f0u \u00fea\u00f0 h\u00f3fu \u00feeir upp me\u00f0 einum huga s\u00edna r\u00f6dd til Gu\u00f0s og s\u00f6g\u00f0u: &#8222;\u00de\u00fa Drottinn sem ert s\u00e1 Gu\u00f0 er gj\u00f6r\u00f0ir himin og j\u00f6r\u00f0, sj\u00f3inn og alla hluti hverjir \u00ed \u00feeim eru, s\u00e1 \u00fe\u00fa sag\u00f0ir fyrir munn \u00fe\u00edns \u00fej\u00f3ns Dav\u00ed\u00f0s: Fyrir \u00fev\u00ed \u00e6ddu so hinir hei\u00f0nu og f\u00f3lki\u00f0 \u00e1setti \u00fea\u00f0 hva\u00f0 h\u00e9g\u00f3mlegt var? Konungar jar\u00f0arinnar h\u00e9ldu til sama og h\u00f6f\u00f0ingjar samans\u00f6fnu\u00f0ust \u00ed eitt \u00ed gegn Drottni og \u00ed gegn hans Kristi.<\/p>\n<p>\t\u00dev\u00ed sennilega komu \u00feeir til samans \u00ed \u00feessari borg \u00ed gegn \u00fe\u00ednum heilaga syni Jes\u00fa \u00feann \u00fe\u00fa smurt haf\u00f0ir, Her\u00f3des og pontverskur P\u00edlatus samt \u00f6\u00f0rum hei\u00f0ingjum og \u00cdsraelsf\u00f3lki a\u00f0 gj\u00f6ra hva\u00f0 \u00fe\u00edn h\u00f6nd og \u00feitt r\u00e1\u00f0 haf\u00f0i \u00e1\u00f0ur fyrri hugsa\u00f0 hva\u00f0 ske skyldi. Og n\u00fa, Drottinn, l\u00edt \u00fe\u00fa \u00e1 \u00feeirra heitingar og gef \u00fe\u00ednum \u00fej\u00f3num me\u00f0 allri al\u00fa\u00f0 a\u00f0 tala \u00feitt or\u00f0 og r\u00e9tt \u00fat \u00fe\u00edna h\u00f6nd so a\u00f0 \u00fear ske teikn, heilsur manna og st\u00f3rmerki fyrir nafn \u00fe\u00edns heilags sonar Jes\u00fa.&#8220; <span class=\"athugasemd\" title=\"7 \/ B\u00e6n a\u00f0 Gu\u00f0 vilji vera hj\u00e1 \u00feeirra l\u00e6rd\u00f3mi og kenningu\">[<\/span> Og sem \u00feeir h\u00f6f\u00f0u be\u00f0i\u00f0 fyrir hr\u00e6r\u00f0ist s\u00e1 sta\u00f0ur \u00ed hverjum \u00feeir voru til samans safna\u00f0ir og \u00feeir ur\u00f0u allir fullir af heil\u00f6gum anda og t\u00f6lu\u00f0u Gu\u00f0s or\u00f0 me\u00f0 allri al\u00fa\u00f0.<\/p>\n<p>\tEn mannmerg\u00f0 \u00feeirri er tr\u00fa\u00f0i var eitt hjarta og ein \u00f6nd. Og eigi sag\u00f0i nokkur \u00feeirra a\u00f0 \u00fea\u00f0 v\u00e6ri sitt er hann \u00e1tti heldur voru \u00feeim allir hlutir sameiginlegir. Og af miklum krafti g\u00e1fu postularnir vitnisbur\u00f0 af upprisu Drottins Gu\u00f0s vors Jes\u00fa Christi og mikil n\u00e1\u00f0 var \u00feeim \u00f6llum. \u00dear var og enginn \u00feurfandi \u00fev\u00ed a\u00f0 so margir sem \u00feeir voru er akra e\u00f0ur h\u00fas \u00e1ttu \u00feeir seldu \u00fea\u00f0 og fluttu ver\u00f0kaup \u00feeirra peninga sem \u00feeir h\u00f6f\u00f0u selt og l\u00f6g\u00f0u fram fyrir f\u00e6tur postulanna og s\u00e9rhverjum skiptist eftir \u00fev\u00ed hann haf\u00f0i \u00fe\u00f6rf til. <span class=\"athugasemd\" title=\"8 \/ Sam\u00feykkt safna\u00f0arins og sameiginleg eign allra hluta\">[<\/span> <\/p>\n<p>\tEn J\u00f3ses s\u00e1 er auknefndur var af post\u00f6lunum Barnabas (hva\u00f0 er \u00fe\u00fd\u00f0ist Huggunarsonur), Lev\u00edti a\u00f0 \u00e6tt \u00fat af Ciprien, hann haf\u00f0i akur og seldi hann, bar ver\u00f0i\u00f0 og lag\u00f0i fyrir f\u00e6tur postulanna.<\/p>\n","protected":false},"excerpt":{"rendered":"<p>IIII. En sem \u00feeir t\u00f6lu\u00f0u til f\u00f3lksins komu til \u00feeirra prestar og yfirbo\u00f0arar musterisins og Saducei. [ \u00deeim misl\u00edka\u00f0i \u00fea\u00f0 a\u00f0 \u00feeir skyldu l\u00e6ra f\u00f3lki\u00f0 og \u00fea\u00f0 \u00feeir bo\u00f0u\u00f0u \u00ed nafni Jes\u00fa upprisu af dau\u00f0a, l\u00f6g\u00f0u hendur \u00e1 \u00fe\u00e1 og settu \u00fe\u00e1 \u00ed var\u00f0hald til n\u00e6sta morguns \u00fev\u00ed a\u00f0 kveld var komi\u00f0. En margir af \u00feeim er or\u00f0i\u00f0 heyr\u00f0u gj\u00f6r\u00f0ust tr\u00faa\u00f0ir og tala \u00feeirra manna var\u00f0 n\u00e6r fimm \u00fe\u00fasundum. En a\u00f0 morni komnum samans\u00f6fnu\u00f0ust h\u00f6f\u00f0ingjar \u00feeirra og \u00f6ldungar og skriftl\u00e6r\u00f0ir \u00ed Jer\u00fasalem og Hannas kennimannah\u00f6f\u00f0ingi og Ka\u00edfas, J\u00f3hannes og Alexander og so margir sem \u00feeir voru \u00fat af kennimannakyninu skikku\u00f0u <a href=\"https:\/\/biblian.is\/gudbrandsbiblia\/postulasagan-4-kafli\/\"> [&#8230;]<\/a><\/p>\n","protected":false},"author":1,"featured_media":0,"parent":0,"menu_order":0,"comment_status":"open","ping_status":"open","template":"bibliukaflar.php","meta":{"footnotes":""},"class_list":["post-3872","page","type-page","status-publish","hentry"],"_links":{"self":[{"href":"https:\/\/biblian.is\/gudbrandsbiblia\/wp-json\/wp\/v2\/pages\/3872","targetHints":{"allow":["GET"]}}],"collection":[{"href":"https:\/\/biblian.is\/gudbrandsbiblia\/wp-json\/wp\/v2\/pages"}],"about":[{"href":"https:\/\/biblian.is\/gudbrandsbiblia\/wp-json\/wp\/v2\/types\/page"}],"author":[{"embeddable":true,"href":"https:\/\/biblian.is\/gudbrandsbiblia\/wp-json\/wp\/v2\/users\/1"}],"replies":[{"embeddable":true,"href":"https:\/\/biblian.is\/gudbrandsbiblia\/wp-json\/wp\/v2\/comments?post=3872"}],"version-history":[{"count":0,"href":"https:\/\/biblian.is\/gudbrandsbiblia\/wp-json\/wp\/v2\/pages\/3872\/revisions"}],"wp:attachment":[{"href":"https:\/\/biblian.is\/gudbrandsbiblia\/wp-json\/wp\/v2\/media?parent=3872"}],"curies":[{"name":"wp","href":"https:\/\/api.w.org\/{rel}","templated":true}]}}