{"id":3861,"date":"2017-12-18T18:34:57","date_gmt":"2017-12-18T18:34:57","guid":{"rendered":"http:\/\/biblian.is\/gudbrandsbiblia\/johannesargudspjall-14-kafli\/"},"modified":"2017-12-18T18:34:57","modified_gmt":"2017-12-18T18:34:57","slug":"johannesargudspjall-14-kafli","status":"publish","type":"page","link":"https:\/\/biblian.is\/gudbrandsbiblia\/johannesargudspjall-14-kafli\/","title":{"rendered":"J\u00f3hannesargu\u00f0spjall 14. kafli"},"content":{"rendered":"<p>XIIII.<\/p>\n<p>\u00de\u00e1 sag\u00f0i hann til sinna l\u00e6risveina: <span class=\"athugasemd\" title=\"1 \/ Huggun \u00ed gegn h\u00e1skasemdum, ofs\u00f3knum og fleirium forhindrunum\">[<\/span> &#8222;Hryggvist eigi \u00ed y\u00f0ru hjarta. Tr\u00fai \u00fe\u00e9r \u00e1 Gu\u00f0, \u00fe\u00e1 tr\u00fai \u00fe\u00e9r \u00e1 mig. \u00cd m\u00edns f\u00f6\u00f0urs h\u00fasi eru margar verur en ef eigi so v\u00e6ri \u00fe\u00e1 seg\u00f0i eg a\u00f0 eg f\u00e6ra a\u00f0 tilb\u00faa y\u00f0ur sta\u00f0. Og ef eg fer h\u00e9\u00f0an a\u00f0 tilb\u00faa y\u00f0ur sta\u00f0 \u00fe\u00e1 vil eg \u00fe\u00f3 aftur koma og taka y\u00f0ur til m\u00edn sj\u00e1lfs so \u00fe\u00e9r s\u00e9u\u00f0 \u00fear sem eg er. Og hvert eg fer \u00fea\u00f0 viti \u00fe\u00e9r og veginn viti \u00fe\u00e9r.&#8220;<\/p>\n<p>\tT\u00f3mas sag\u00f0i til hans: <span class=\"athugasemd\" title=\"2 \/ Af vi\u00f0urkenningu f\u00f6\u00f0ursins og sonarins\">[<\/span> &#8222;Herra, v\u00e9r vitum eigi hvert \u00fe\u00fa fer e\u00f0a hvernin megu v\u00e9r \u00fe\u00e1 veginn vita?&#8220; Jes\u00fas sag\u00f0i til hans: &#8222;Eg em vegurinn, sannleikurinn og l\u00edfi\u00f0. Enginn kemur til m\u00edns f\u00f6\u00f0urs nema fyrir mig. Ef \u00fe\u00e9r \u00feekki\u00f0 mig \u00fe\u00e1 \u00feekki \u00fe\u00e9r og minn f\u00f6\u00f0ur. Og n\u00fa h\u00e9\u00f0an \u00ed fr\u00e1 \u00fe\u00e1 \u00feekki \u00fe\u00e9r og so s\u00e1u \u00fe\u00e9r hann.&#8220;<\/p>\n<p>\tPhilippus sag\u00f0i til hans: &#8222;Herra, s\u00fdn oss f\u00f6\u00f0urinn. \u00dea n\u00e6gir oss.&#8220; Jes\u00fas sag\u00f0i til hans: <span class=\"athugasemd\" title=\"3 \/ \u00c1v\u00edtan Philippi \u00feekkjandi ekki Christum\">[<\/span> &#8222;So lengi er eg \u00ed hj\u00e1 y\u00f0ur og \u00fe\u00fa \u00feekkir mig eigi, Philippe? Hver mig s\u00e9r s\u00e1 s\u00e9r og f\u00f6\u00f0urinn og hvernin segir \u00fe\u00fa \u00fe\u00e1: S\u00fdn oss f\u00f6\u00f0urinn? Tr\u00fair \u00fe\u00fa eigi a\u00f0 eg em me\u00f0 f\u00f6\u00f0urnum og fa\u00f0irinn me\u00f0 m\u00e9r? \u00deau or\u00f0 eg tala til y\u00f0ar \u00feau tala eg eigi af sj\u00e1lfum m\u00e9r. Fa\u00f0irinn s\u00e1 sem me\u00f0ur m\u00e9r byggir hann sj\u00e1lfur gj\u00f6rir \u00feau verk. Tr\u00fai\u00f0 m\u00e9r a\u00f0 eg s\u00e9 me\u00f0 f\u00f6\u00f0urnum og fa\u00f0irinn me\u00f0ur m\u00e9r. Ef eigi annars \u00fe\u00e1 tr\u00fai\u00f0 m\u00e9r \u00fe\u00f3 fyrir verkanna sakir.<\/p>\n<p>\tSannlega, sannlega segi eg y\u00f0ur: <span class=\"athugasemd\" title=\"4 \/ Kraftur dau\u00f0ans Christi\">[<\/span> Hver hann tr\u00fair \u00e1 mig s\u00e1 mun gj\u00f6ra \u00feau verk sem eg gj\u00f6ri. Hann mun og gj\u00f6ra \u00feessum meiri \u00fev\u00ed a\u00f0 eg fer til m\u00edns f\u00f6\u00f0urs. Og hvers \u00fe\u00e9r bi\u00f0ji\u00f0 f\u00f6\u00f0urinn \u00ed m\u00ednu nafni \u00fea\u00f0 vil eg gj\u00f6ra so a\u00f0 fa\u00f0irinn d\u00fdrkist \u00ed syninum. <span class=\"athugasemd\" title=\"5 \/ Vitnisbur\u00f0ur gu\u00f0d\u00f3msins Christi\">[<\/span> Hver \u00fe\u00e9r bi\u00f0ji\u00f0 \u00ed m\u00ednu nafni \u00fea\u00f0 vil eg gj\u00f6ra.<\/p>\n<p>\tEf \u00fe\u00e9r elski\u00f0 mig \u00fe\u00e1 haldi\u00f0 m\u00edn bo\u00f0or\u00f0. Og eg mun bi\u00f0ja f\u00f6\u00f0urinn a\u00f0 hann gefi y\u00f0ur annan huggara, \u00feann er bl\u00edfur me\u00f0 y\u00f0ur eil\u00edflega, \u00feann sannleiksanda hvern heimurinn f\u00e6r eigi me\u00f0teki\u00f0 \u00fev\u00ed hann s\u00e9r hann eigi og \u00feekkir hann eigi. <span class=\"athugasemd\" title=\"6 \/ Fyrirheit heilags anda og huggunartraust\">[<\/span> En \u00fe\u00e9r \u00feekki\u00f0 hann \u00fev\u00ed a\u00f0 hann bl\u00edfur hj\u00e1 y\u00f0ur og mun vera me\u00f0 y\u00f0ur. Eigi l\u00e6t eg y\u00f0ur f\u00f6\u00f0urlausa, eg kem til y\u00f0ar.<\/p>\n<p>\tInnan skamms t\u00edma \u00fe\u00e1 mun heimurinn ei sj\u00e1 mig meir en \u00fe\u00e9r skulu\u00f0 sj\u00e1 mig \u00fev\u00ed a\u00f0 eg lifi og \u00fe\u00e9r munu\u00f0 lifa. \u00c1 \u00feeim degi kenni \u00fe\u00e9r a\u00f0 eg er me\u00f0 f\u00f6\u00f0urnum og fa\u00f0irinn me\u00f0 m\u00e9r og eg me\u00f0 y\u00f0ur.<\/p>\n<p>\tHver hann hefir m\u00edn bo\u00f0or\u00f0 og heldur \u00feau hann er s\u00e1 sem mig elskar. En hver hann elskar mig s\u00e1 elskast af m\u00ednum f\u00f6\u00f0ur og eg mun elska hann og eg mun opinbera mig honum.&#8220; \u00de\u00e1 sag\u00f0i J\u00fadas, eigi \u00cdskar\u00edot, til hans: &#8222;Herra, hva\u00f0 ver\u00f0ur \u00feess gj\u00f6rt a\u00f0 \u00fe\u00fa munt vilja opinbera sj\u00e1lfan \u00feig oss en eigi heiminum?&#8220; Jes\u00fas svara\u00f0i og sag\u00f0i til hans: <span class=\"athugasemd\" title=\"7 \/ \u00datm\u00e1lan kristilegrar kirkju\">[<\/span> &#8222;Hver hann elskar mig s\u00e1 var\u00f0veitir m\u00edn or\u00f0 og minn fa\u00f0ir mun elska hann og vi\u00f0 komum til hans og gj\u00f6rum okkur \u00ed hj\u00e1 honum vistarveru. En hver hann elskar eigi mig s\u00e1 var\u00f0veitir eigi m\u00edn or\u00f0. Og \u00fea\u00f0 or\u00f0 er \u00fe\u00e9r heyri\u00f0 er eigi mitt heldur f\u00f6\u00f0ursins \u00feess er mig sendi.<\/p>\n<p>\t\u00deetta sag\u00f0a eg y\u00f0ur \u00e1 me\u00f0an eg var hj\u00e1 y\u00f0ur. En huggarinn, hinn heilagi andi, \u00feann er minn fa\u00f0ir mun senda y\u00f0ur \u00ed m\u00ednu nafni, hann sj\u00e1lfur mun l\u00e6ra y\u00f0ur alla hluti og \u00e1minna y\u00f0ur \u00e1 allt hva\u00f0 eg sag\u00f0a y\u00f0ur. <span class=\"athugasemd\" title=\"8 \/ Enn fyrirheit heilags anda\">[<\/span> \t<\/p>\n<p>\tMinn fri\u00f0 l\u00e6t eg hj\u00e1 y\u00f0ur, minn fri\u00f0 gef eg y\u00f0ur. <span class=\"athugasemd\" title=\"9 \/ Um fri\u00f0 og f\u00f6gnu\u00f0 hjartans \u00ed Gu\u00f0i\">[<\/span> Ei so sem heimurinn gefur \u00fe\u00e1 gef eg y\u00f0ur. Y\u00f0art hjarta hryggvist eigi n\u00e9 skelfist. \u00de\u00e9r heyr\u00f0u\u00f0 \u00fea\u00f0 eg sag\u00f0a y\u00f0ur: Eg fer og kem til y\u00f0ar. Ef \u00fe\u00e9r elsku\u00f0u\u00f0 mig \u00fe\u00e1 gleddust \u00fe\u00e9r vi\u00f0 \u00fea\u00f0 a\u00f0 eg sag\u00f0a: Eg fer til f\u00f6\u00f0ursins, \u00fea\u00f0 fa\u00f0irinn er m\u00e9r meiri. Og n\u00fa sag\u00f0a eg y\u00f0ur \u00fea\u00f0 fyrr en \u00fea\u00f0 sker so a\u00f0 \u00fe\u00e9r tr\u00fai\u00f0 \u00fe\u00e1 \u00fea\u00f0 er ske\u00f0.<\/p>\n<p>\tH\u00e9r eftir mun eg eigi tala margt vi\u00f0 y\u00f0ur. \u00dev\u00ed h\u00f6f\u00f0ingi \u00feessa heims kemur og me\u00f0 mig hefur hann ekkert heldur \u00fea\u00f0 a\u00f0 heimurinn kenni \u00fea\u00f0 eg elska f\u00f6\u00f0urinn og \u00fea\u00f0 eg gj\u00f6ri so sem fa\u00f0irinn hefur m\u00e9r bo\u00f0i\u00f0. <span class=\"athugasemd\" title=\"10 \/ Huggun \u00fat af sigurvinningu Christi oss gefinni\">[<\/span> St\u00f6ndum upp og f\u00f6rum h\u00e9\u00f0an.<\/p>\n","protected":false},"excerpt":{"rendered":"<p>XIIII. \u00de\u00e1 sag\u00f0i hann til sinna l\u00e6risveina: [ &#8222;Hryggvist eigi \u00ed y\u00f0ru hjarta. Tr\u00fai \u00fe\u00e9r \u00e1 Gu\u00f0, \u00fe\u00e1 tr\u00fai \u00fe\u00e9r \u00e1 mig. \u00cd m\u00edns f\u00f6\u00f0urs h\u00fasi eru margar verur en ef eigi so v\u00e6ri \u00fe\u00e1 seg\u00f0i eg a\u00f0 eg f\u00e6ra a\u00f0 tilb\u00faa y\u00f0ur sta\u00f0. Og ef eg fer h\u00e9\u00f0an a\u00f0 tilb\u00faa y\u00f0ur sta\u00f0 \u00fe\u00e1 vil eg \u00fe\u00f3 aftur koma og taka y\u00f0ur til m\u00edn sj\u00e1lfs so \u00fe\u00e9r s\u00e9u\u00f0 \u00fear sem eg er. Og hvert eg fer \u00fea\u00f0 viti \u00fe\u00e9r og veginn viti \u00fe\u00e9r.&#8220; T\u00f3mas sag\u00f0i til hans: [ &#8222;Herra, v\u00e9r vitum eigi hvert \u00fe\u00fa fer e\u00f0a hvernin megu v\u00e9r \u00fe\u00e1 <a href=\"https:\/\/biblian.is\/gudbrandsbiblia\/johannesargudspjall-14-kafli\/\"> [&#8230;]<\/a><\/p>\n","protected":false},"author":1,"featured_media":0,"parent":0,"menu_order":0,"comment_status":"open","ping_status":"open","template":"bibliukaflar.php","meta":{"footnotes":""},"class_list":["post-3861","page","type-page","status-publish","hentry"],"_links":{"self":[{"href":"https:\/\/biblian.is\/gudbrandsbiblia\/wp-json\/wp\/v2\/pages\/3861","targetHints":{"allow":["GET"]}}],"collection":[{"href":"https:\/\/biblian.is\/gudbrandsbiblia\/wp-json\/wp\/v2\/pages"}],"about":[{"href":"https:\/\/biblian.is\/gudbrandsbiblia\/wp-json\/wp\/v2\/types\/page"}],"author":[{"embeddable":true,"href":"https:\/\/biblian.is\/gudbrandsbiblia\/wp-json\/wp\/v2\/users\/1"}],"replies":[{"embeddable":true,"href":"https:\/\/biblian.is\/gudbrandsbiblia\/wp-json\/wp\/v2\/comments?post=3861"}],"version-history":[{"count":0,"href":"https:\/\/biblian.is\/gudbrandsbiblia\/wp-json\/wp\/v2\/pages\/3861\/revisions"}],"wp:attachment":[{"href":"https:\/\/biblian.is\/gudbrandsbiblia\/wp-json\/wp\/v2\/media?parent=3861"}],"curies":[{"name":"wp","href":"https:\/\/api.w.org\/{rel}","templated":true}]}}