{"id":3860,"date":"2017-12-18T18:34:57","date_gmt":"2017-12-18T18:34:57","guid":{"rendered":"http:\/\/biblian.is\/gudbrandsbiblia\/johannesargudspjall-13-kafli\/"},"modified":"2017-12-18T18:34:57","modified_gmt":"2017-12-18T18:34:57","slug":"johannesargudspjall-13-kafli","status":"publish","type":"page","link":"https:\/\/biblian.is\/gudbrandsbiblia\/johannesargudspjall-13-kafli\/","title":{"rendered":"J\u00f3hannesargu\u00f0spjall 13. kafli"},"content":{"rendered":"<p>XIII.<\/p>\n<p>Fyrir p\u00e1skah\u00e1t\u00ed\u00f0ina \u00fe\u00e1 Jes\u00fas vissi a\u00f0 hans t\u00edmi var kominn a\u00f0 hann gengi \u00far \u00feessum heimi til f\u00f6\u00f0ursins og l\u00edka sem hann elska\u00f0i s\u00edna \u00fe\u00e1 er h\u00e9r voru \u00ed heimi, so elska\u00f0i hann \u00fe\u00e1 allt til enda. Og a\u00f0 gj\u00f6r\u00f0ri kveldm\u00e1lt\u00ed\u00f0inni (\u00fev\u00ed a\u00f0 dj\u00f6fullinn haf\u00f0i \u00fe\u00e1 \u00feegar sent \u00ed hjarta J\u00fadasar S\u00edmonssonar \u00cdskar\u00edot a\u00f0 hann sviki hann) vissi Jes\u00fas \u00fea\u00f0 fa\u00f0irinn haf\u00f0i allt gefi\u00f0 honum \u00ed hendur og \u00fea\u00f0 a\u00f0 hann var af Gu\u00f0i \u00fatkominn og til Gu\u00f0s \u00fe\u00e1 f\u00e6ri hann. \u00de\u00e1 st\u00f3\u00f0 hann upp fr\u00e1 kveldm\u00e1lt\u00ed\u00f0inni, lag\u00f0i af s\u00e9r kl\u00e6\u00f0in og t\u00f3k eitt l\u00ednkl\u00e6\u00f0i, gyrti um sig, eftir \u00fea\u00f0 hellti hann vatni \u00ed eina munlaug og t\u00f3k til a\u00f0 \u00fevo f\u00e6turna \u00e1 l\u00e6risveinunum og \u00feurrka\u00f0i me\u00f0ur \u00fev\u00ed l\u00ednkl\u00e6\u00f0i er hann var me\u00f0 gyrtur. <span class=\"athugasemd\" title=\"1 \/ F\u00f3ta\u00fevotturinn. Hann merkir a\u00f0 syndir og dau\u00f0i \u00fev\u00e6st af oss og eil\u00edft l\u00edf og r\u00e9ttl\u00e6ti gefst oss fyrir Christum\">[<\/span> <\/p>\n<p>\t\u00de\u00e1 kom hann til S\u00edmonar Petri. En P\u00e9tur sag\u00f0i til hans: &#8222;Herra, \u00e1ttu a\u00f0 \u00fevo \u00e1 m\u00e9r f\u00e6tur?&#8220; Jes\u00fas svara\u00f0i og sag\u00f0i honum: &#8222;Hva\u00f0 eg gj\u00f6ri \u00fea\u00f0 veist \u00fe\u00fa n\u00fa eigi en seinna veitst \u00fe\u00fa \u00fea\u00f0.&#8220; \u00de\u00e1 sag\u00f0i P\u00e9tur til hans: &#8222;Aldrei um \u00e6vi skalt \u00fe\u00fa m\u00ednar f\u00e6tur \u00fevo.&#8220; Jes\u00fas svara\u00f0i honum: &#8222;Ef eg skal ei \u00fevo \u00fe\u00e9r \u00fe\u00e1 hefur \u00fe\u00fa ei hlutdeild me\u00f0ur m\u00e9r.&#8220; S\u00edmon Petrus sag\u00f0i \u00fe\u00e1 til hans: &#8222;Herra, ekki einasta f\u00e6turna heldur jafnvel h\u00f6fu\u00f0 og hendur.&#8220; Jes\u00fas sag\u00f0i \u00fe\u00e1 til hans: &#8222;S\u00e1 \u00feveginn er hann \u00fearf eigi a\u00f0 \u00fevo nema f\u00e6turnar \u00fev\u00ed hann er allur hreinn. \u00de\u00e9r eru\u00f0 og hreinir en eigi allir.&#8220; \u00dev\u00ed hann vissi fyrir hver s\u00e1 var er hann mundi sv\u00edkja. Fyrir \u00fea\u00f0 sag\u00f0i hann: &#8222;\u00de\u00e9r eru\u00f0 ei allir hreinir.&#8220;<\/p>\n<p>\tEn eftir \u00fea\u00f0 hann haf\u00f0i \u00fevegi\u00f0 f\u00e6tur \u00feeirra t\u00f3k hann s\u00edn kl\u00e6\u00f0i, settist ni\u00f0ur aftur og sag\u00f0i \u00fe\u00e1 enn til \u00feeirra: <span class=\"athugasemd\" title=\"2 \/ Eftird\u00e6mi Christi kennife\u00f0rum fyrirsett\">[<\/span> &#8222;Viti \u00fe\u00e9r hva\u00f0 eg gj\u00f6r\u00f0a y\u00f0ur? \u00de\u00e9r kalli\u00f0 mig meistara og herra. \u00de\u00e9r segi\u00f0 \u00fea\u00f0 og r\u00e9tt \u00fev\u00ed a\u00f0 eg er hann og. N\u00fa ef eg, y\u00f0ar herra og meistari, \u00fevo y\u00f0ra f\u00e6tur, \u00fe\u00e1 skulu \u00fe\u00e9r og innbyr\u00f0is \u00fevo hver annars f\u00e6tur. \u00deetta gaf eg y\u00f0ur til eftird\u00e6mis svo \u00fe\u00e9r gj\u00f6ri\u00f0 l\u00edka sem eg gj\u00f6r\u00f0i vi\u00f0 y\u00f0ur. Sannlega, sannlega segi eg y\u00f0ur a\u00f0 \u00fej\u00f3ninn er eigi meiri s\u00ednum herra n\u00e9 sendibo\u00f0inn \u00feeim er hann \u00fat sendi.<\/p>\n<p>\tEf \u00fe\u00e9r viti\u00f0 \u00feetta \u00fe\u00e1 eru \u00fe\u00e9r s\u00e6lir ef \u00fe\u00e9r gj\u00f6ri\u00f0 \u00feetta. Ei segi eg af y\u00f0ur \u00f6llum \u0096 eg veit hverja eg hefi \u00fatvali\u00f0 \u0096 heldur \u00fea\u00f0 a\u00f0 uppfyllist Ritningin: S\u00e1 sem a\u00f0 etur brau\u00f0 me\u00f0ur m\u00e9r, hann tre\u00f0ur mig undir f\u00e6tur. N\u00fa segi eg y\u00f0ur \u00fea\u00f0 \u00e1\u00f0ur en \u00fea\u00f0 sker so a\u00f0 \u00fe\u00e9r tr\u00fai\u00f0 \u00fe\u00e1 \u00fea\u00f0 er ske\u00f0 a\u00f0 eg em hann. <span class=\"athugasemd\" title=\"3 \/ Fyrirs\u00f6gn um svikarann, hver hann mundi vera\">[<\/span> Sannlega, sannlega \u00fe\u00e1 segi eg y\u00f0ur: Hver hann me\u00f0tekur \u00feann er eg sendi s\u00e1 me\u00f0tekur mig. En hver hann me\u00f0tekur mig hann me\u00f0tekur hann sem mig sendi.&#8220;<\/p>\n<p>\t\u00de\u00e1 Jes\u00fas haf\u00f0i \u00feetta sagt hrygg\u00f0ist hann \u00ed s\u00ednum anda, votta\u00f0i og sag\u00f0i: &#8222;Sannlega, sannlega segi eg y\u00f0ur: Einn af y\u00f0ur mun forr\u00e1\u00f0a mig.&#8220; \u00de\u00e1 leit hver l\u00e6risveinanna til annars, uggandi vi\u00f0 af hverjum hann sag\u00f0i. En \u00fear var einn af hans l\u00e6risveinum sem sat til bor\u00f0sins \u00ed fa\u00f0mi Jes\u00fa, hvern e\u00f0 Jes\u00fas elska\u00f0i. Honum benti S\u00edmon Petrus a\u00f0 hann spyr\u00f0i hann hver s\u00e1 v\u00e6ri er hann haf\u00f0i til tala\u00f0. Af \u00fev\u00ed hann l\u00e1 \u00fe\u00e1 brj\u00f3sti Jes\u00fa. Og hann sag\u00f0i til hans: &#8222;Herra, hver er s\u00e1?&#8220; Jes\u00fas svara\u00f0i: &#8222;S\u00e1 er hann a\u00f0 hverjum eg r\u00e9tti v\u00f6kva\u00f0an brau\u00f0bita.&#8220; Og \u00fe\u00e1 hann v\u00f6kva\u00f0i brau\u00f0i\u00f0 gaf hann \u00fea\u00f0 J\u00fadasi S\u00edmonssyni \u00cdskar\u00edot. <span class=\"athugasemd\" title=\"4 \/ Hann l\u00e6tur \u00ed lj\u00f3si svikarann\">[<\/span> Og eftir \u00feann bita f\u00f3r andskotinn \u00ed hann.<\/p>\n<p>\t\u00de\u00e1 sag\u00f0i Jes\u00fas til hans: &#8222;Hva\u00f0 \u00fe\u00fa gj\u00f6rir \u00fe\u00e1 gj\u00f6r \u00fea\u00f0 snart.&#8220; En enginn af \u00feeim sem til bor\u00f0sins s\u00e1tu vissi til hvers hann tala\u00f0i. Sumir \u00e6tlu\u00f0u \u00fea\u00f0 af \u00fev\u00ed a\u00f0 J\u00fadas haf\u00f0i f\u00e9pyngjuna a\u00f0 Jes\u00fas mundi segja honum: &#8222;Kaup \u00fea\u00f0 er oss gj\u00f6rist \u00fe\u00f6rf til h\u00e1t\u00ed\u00f0ardagsins&#8220; e\u00f0a a\u00f0 hann g\u00e6fi nokku\u00f0 f\u00e1t\u00e6kum. Og \u00fe\u00e1 hann haf\u00f0i bitann teki\u00f0 gekk hann strax \u00fat og \u00fe\u00e1 var n\u00f3tt. En \u00fe\u00e1 hann var \u00fatgenginn sag\u00f0i Jes\u00fas: <span class=\"athugasemd\" title=\"5 \/ Augl\u00fdsing Mannsins sonar og Gu\u00f0s f\u00f6\u00f0urs\">[<\/span> &#8222;N\u00fa er Mannsins sonur augl\u00fdstur og Gu\u00f0 er augl\u00fdstur me\u00f0 honum. Fyrst Gu\u00f0 er augl\u00fdstur me\u00f0 honum \u00fe\u00e1 mun Gu\u00f0 augl\u00fdsa hann \u00ed sj\u00e1lfum s\u00e9r og snarlega mun hann augl\u00fdsa hann.<\/p>\n<p>\tSonakorn m\u00edn, eg em enn litla stund hj\u00e1 y\u00f0ur. \u00de\u00e9r leiti\u00f0 m\u00edn og l\u00edka sem eg sag\u00f0i vi\u00f0 Gy\u00f0inga: Hvert eg fer \u00feanga\u00f0 kunni \u00fe\u00e9r eigi a\u00f0 koma, og n\u00fa segi eg y\u00f0ur. <span class=\"athugasemd\" title=\"6 \/ Fyrirs\u00f6gn um hans dau\u00f0a\">[<\/span> Eitt n\u00fdtt bo\u00f0or\u00f0 \u00fe\u00e1 gef eg y\u00f0ur: <span class=\"athugasemd\" title=\"7 \/ Um \u00fea\u00f0 n\u00fdja bo\u00f0or\u00f0\">[<\/span> A\u00f0 \u00fe\u00e9r elski\u00f0 hver annan. L\u00edka sem eg elska\u00f0i y\u00f0ur, so skulu \u00fe\u00e9r og elskast innbyr\u00f0is. Og af \u00fev\u00ed kenna allir a\u00f0 \u00fe\u00e9r eru\u00f0 m\u00ednir l\u00e6risveinar ef \u00fe\u00e9r hafi\u00f0 k\u00e6rleikann y\u00f0ar \u00e1 milli.&#8220; S\u00edmon Petrus segir til hans: &#8222;Herra, hvert fer \u00fe\u00fa?&#8220; Jes\u00fas svara\u00f0i honum: &#8222;\u00deanga\u00f0 sem eg fer m\u00e1ttu n\u00fa a\u00f0 sinni eigi fylgja m\u00e9r en seinna meir \u00fe\u00e1 muntu fylgja m\u00e9r.&#8220; P\u00e9tur segir til hans: <span class=\"athugasemd\" title=\"8 \/ \u00d3forsj\u00e1leg hreysti Petri og hans straff\">[<\/span> &#8222;Herra, \u00fev\u00ed m\u00e1 eg n\u00fa eigi fylgja \u00fe\u00e9r? Eg vil setja mitt l\u00edf \u00fat fyrir \u00feig.&#8220; Jes\u00fas svara\u00f0i honum: &#8222;Hva\u00f0 mundir \u00fe\u00fa setja \u00feitt l\u00edf \u00fat fyrir mig? Sannlega, sannlega segi eg \u00fe\u00e9r a\u00f0 haninn gelur ei \u00e1\u00f0ur en \u00fe\u00fa hefur neita\u00f0 m\u00e9r \u00ferisvar.<\/p>\n","protected":false},"excerpt":{"rendered":"<p>XIII. Fyrir p\u00e1skah\u00e1t\u00ed\u00f0ina \u00fe\u00e1 Jes\u00fas vissi a\u00f0 hans t\u00edmi var kominn a\u00f0 hann gengi \u00far \u00feessum heimi til f\u00f6\u00f0ursins og l\u00edka sem hann elska\u00f0i s\u00edna \u00fe\u00e1 er h\u00e9r voru \u00ed heimi, so elska\u00f0i hann \u00fe\u00e1 allt til enda. Og a\u00f0 gj\u00f6r\u00f0ri kveldm\u00e1lt\u00ed\u00f0inni (\u00fev\u00ed a\u00f0 dj\u00f6fullinn haf\u00f0i \u00fe\u00e1 \u00feegar sent \u00ed hjarta J\u00fadasar S\u00edmonssonar \u00cdskar\u00edot a\u00f0 hann sviki hann) vissi Jes\u00fas \u00fea\u00f0 fa\u00f0irinn haf\u00f0i allt gefi\u00f0 honum \u00ed hendur og \u00fea\u00f0 a\u00f0 hann var af Gu\u00f0i \u00fatkominn og til Gu\u00f0s \u00fe\u00e1 f\u00e6ri hann. \u00de\u00e1 st\u00f3\u00f0 hann upp fr\u00e1 kveldm\u00e1lt\u00ed\u00f0inni, lag\u00f0i af s\u00e9r kl\u00e6\u00f0in og t\u00f3k eitt l\u00ednkl\u00e6\u00f0i, gyrti um sig, eftir <a href=\"https:\/\/biblian.is\/gudbrandsbiblia\/johannesargudspjall-13-kafli\/\"> [&#8230;]<\/a><\/p>\n","protected":false},"author":1,"featured_media":0,"parent":0,"menu_order":0,"comment_status":"open","ping_status":"open","template":"bibliukaflar.php","meta":{"footnotes":""},"class_list":["post-3860","page","type-page","status-publish","hentry"],"_links":{"self":[{"href":"https:\/\/biblian.is\/gudbrandsbiblia\/wp-json\/wp\/v2\/pages\/3860","targetHints":{"allow":["GET"]}}],"collection":[{"href":"https:\/\/biblian.is\/gudbrandsbiblia\/wp-json\/wp\/v2\/pages"}],"about":[{"href":"https:\/\/biblian.is\/gudbrandsbiblia\/wp-json\/wp\/v2\/types\/page"}],"author":[{"embeddable":true,"href":"https:\/\/biblian.is\/gudbrandsbiblia\/wp-json\/wp\/v2\/users\/1"}],"replies":[{"embeddable":true,"href":"https:\/\/biblian.is\/gudbrandsbiblia\/wp-json\/wp\/v2\/comments?post=3860"}],"version-history":[{"count":0,"href":"https:\/\/biblian.is\/gudbrandsbiblia\/wp-json\/wp\/v2\/pages\/3860\/revisions"}],"wp:attachment":[{"href":"https:\/\/biblian.is\/gudbrandsbiblia\/wp-json\/wp\/v2\/media?parent=3860"}],"curies":[{"name":"wp","href":"https:\/\/api.w.org\/{rel}","templated":true}]}}