{"id":3856,"date":"2017-12-18T18:34:53","date_gmt":"2017-12-18T18:34:53","guid":{"rendered":"http:\/\/biblian.is\/gudbrandsbiblia\/johannesargudspjall-9-kafli\/"},"modified":"2017-12-18T18:34:53","modified_gmt":"2017-12-18T18:34:53","slug":"johannesargudspjall-9-kafli","status":"publish","type":"page","link":"https:\/\/biblian.is\/gudbrandsbiblia\/johannesargudspjall-9-kafli\/","title":{"rendered":"J\u00f3hannesargu\u00f0spjall 9. kafli"},"content":{"rendered":"<p>IX.<\/p>\n<p>Og \u00fe\u00e1 e\u00f0 Jes\u00fas gekk framhj\u00e1 s\u00e1 hann \u00feann einn mann sem blindur var borinn. <span class=\"athugasemd\" title=\"1 \/ S\u00e1 blindur var borinn f\u00e6r s\u00fdn\">[<\/span> Hans l\u00e6risveinar spur\u00f0u hann \u00fe\u00e1 a\u00f0 og s\u00f6g\u00f0u: &#8222;Rabb\u00ed, hvert braut \u00feessi e\u00f0ur hans foreldrar a\u00f0 hann f\u00e6ddist so blindur?&#8220; Jes\u00fas svara\u00f0i: &#8222;Eigi braut \u00feessi n\u00e9 hans foreldrar heldur a\u00f0 Gu\u00f0s verk skulu augl\u00fdsast \u00e1 honum. M\u00e9r byrjar a\u00f0 verka hans verk \u00feess mig sendi \u00e1 me\u00f0an a\u00f0 dagur er. N\u00f3ttin kemur n\u00e6r enginn f\u00e6r verka\u00f0. So lengi sem eg er \u00ed ver\u00f6ldinni \u00fe\u00e1 em eg lj\u00f3s veraldar.&#8220;<\/p>\n<p>\t\u00de\u00e1 hann haf\u00f0i sagt \u00feetta sp\u00fdtti hann \u00e1 j\u00f6r\u00f0ina og gj\u00f6r\u00f0i s\u00e9r hr\u00e1kasaur og neri saurnum um augu hins blinda og sag\u00f0i honum: &#8222;Far \u00fe\u00fa til d\u00edkisins S\u00edl\u00f3a (hva\u00f0 a\u00f0 \u00fe\u00fd\u00f0ist &#8222;sendur&#8220;) og \u00fevo \u00fe\u00e9r.&#8220; \u00de\u00e1 gekk hann og \u00fevo s\u00e9r og kom sj\u00e1andi. \u00de\u00e1 s\u00f6g\u00f0u n\u00e1grannar hans og \u00feeir sem hann h\u00f6f\u00f0u \u00e1\u00f0ur \u00feekkt a\u00f0 hann var \u00f6lmusuma\u00f0ur: &#8222;Er \u00fea\u00f0 eigi s\u00e1 sem sat og beiddi?&#8220; Sumir s\u00f6g\u00f0u: &#8222;Hann er \u00fea\u00f0&#8220; en a\u00f0rir s\u00f6g\u00f0u: &#8222;L\u00edkur er hann honum.&#8220; Hann sj\u00e1lfur sag\u00f0i: &#8222;Eg em s\u00e1.&#8220; \u00deeir s\u00f6g\u00f0u \u00fe\u00e1 vi\u00f0 hann: &#8222;Hvernin eru \u00fe\u00edn augu upplokin?&#8220; Hann svara\u00f0i og sag\u00f0i: &#8222;S\u00e1 ma\u00f0ur sem nefnist Jes\u00fas gj\u00f6r\u00f0i s\u00e9r saur og rei\u00f0 \u00e1 m\u00edn augu og hann sag\u00f0i m\u00e9r: Far \u00fe\u00fa til d\u00edkisins S\u00edl\u00f3a og \u00fevo \u00fe\u00e9r. Eg gekk og \u00fevo m\u00e9r og f\u00e9kk s\u00fdnina.&#8220; \u00deeir s\u00f6g\u00f0u til hans: &#8222;Hver er hann?&#8220; Hann sag\u00f0i: &#8222;Eg veit eigi.&#8220;<\/p>\n<p>\t\u00de\u00e1 leiddu \u00feeir hann fyrir Phariseos sem \u00e1\u00f0ur haf\u00f0i blindur veri\u00f0. En \u00fe\u00e1 var \u00fevottdagur er Jes\u00fas gj\u00f6r\u00f0i \u00feann saurinn og opna\u00f0i hans augu. \u00de\u00e1 spur\u00f0u Pharisei hann enn a\u00f0 hvernin hann hef\u00f0i s\u00fdnina fengi\u00f0. En hann sag\u00f0i \u00feeim: <span class=\"athugasemd\" title=\"2 \/ \u00der\u00e6ta vegna \u00feess blinda hvar af jarteignin ver\u00f0ur enn opinberari\">[<\/span>&#8222;Saur lag\u00f0i hann \u00e1 m\u00edn augu. Eg \u00fevo\u00f0i m\u00e9r og n\u00fa s\u00e9 eg.&#8220; \u00de\u00e1 s\u00f6g\u00f0u sumir af Phariseis: &#8222;Eigi er \u00feessi ma\u00f0ur af Gu\u00f0i \u00fea\u00f0 hann heldur eigi \u00fevottdaginn.&#8220; En a\u00f0rir s\u00f6g\u00f0u: &#8222;Hvernin m\u00e1 syndugur ma\u00f0ur gj\u00f6ra \u00fev\u00edl\u00edka teikn?&#8220; Og \u00fear var\u00f0 sundur\u00feykkja \u00feeirra \u00e1 milli. \u00de\u00e1 s\u00f6g\u00f0u \u00feeir enn til hins blinda: &#8222;Hva\u00f0 segir \u00fe\u00fa af honum \u00fea\u00f0 hann opna\u00f0i \u00fe\u00edn augu?&#8220; En hann sag\u00f0i: &#8222;Sp\u00e1ma\u00f0ur er hann.&#8220;<\/p>\n<p>\tGy\u00f0ingar tr\u00fa\u00f0u eigi af honum a\u00f0 hann hef\u00f0i blindur veri\u00f0 og v\u00e6ri n\u00fa skyggn or\u00f0inn \u00feanga\u00f0 til \u00feeir k\u00f6llu\u00f0u \u00e1 hans foreldra sem s\u00fdnina haf\u00f0i aftur fengi\u00f0 og spur\u00f0u \u00fe\u00e1 a\u00f0, svo segandi: &#8222;Er hann ykkar son hvern \u00fe\u00e9r segi\u00f0 blindan borinnn vera? E\u00f0a hvernin s\u00e9r hann n\u00fa?&#8220; Hans foreldrar sv\u00f6ru\u00f0u \u00feeim og s\u00f6g\u00f0u: &#8222;Vi\u00f0 vitum a\u00f0 \u00feessi er okkar sonur og \u00fea\u00f0 hann var blindur borinn. En me\u00f0 hverjum h\u00e6tti hann s\u00e9r n\u00fa \u00fea\u00f0 vitum vi\u00f0 ekki e\u00f0ur hver hans augu opna\u00f0i, \u00fea\u00f0 vitum vi\u00f0 ekki. Hann hefur sj\u00e1lfur aldur til a\u00f0 vara fyrir sig, spyrji\u00f0 hann a\u00f0.&#8220; \u00deetta s\u00f6g\u00f0u hans fe\u00f0gin af \u00fev\u00ed a\u00f0 \u00feau \u00f3ttu\u00f0ust Gy\u00f0inga. \u00dev\u00ed a\u00f0 Gy\u00f0ingar hy\u00f6f\u00f0u \u00fe\u00e1 \u00feegar sambl\u00e1si\u00f0 me\u00f0 s\u00e9r \u00fea\u00f0 ef nokkur me\u00f0kenndi hann Christum a\u00f0 s\u00e1 skyldi \u00fatrekinn af \u00feeirra samkundum. Fyrir \u00fev\u00ed s\u00f6g\u00f0u hans fe\u00f0gin: &#8222;Hann er n\u00f3gu gamall, spyrji\u00f0 hann a\u00f0.&#8220;<\/p>\n<p>\t\u00de\u00e1 k\u00f6llu\u00f0u \u00feeir aftur \u00ed \u00f6\u00f0ru sinni \u00e1 \u00feann mann sem blindur haf\u00f0i veri\u00f0 og s\u00f6g\u00f0u honum: &#8222;Gef Gu\u00f0i hei\u00f0urinn. V\u00e9r vitum a\u00f0 \u00feessi ma\u00f0ur er syndugur.&#8220; Hann svara\u00f0i og sag\u00f0i: &#8222;Er hann syndugur, \u00fea\u00f0 veit eg ekki. Eitt veit eg, a\u00f0 eg var blindur og n\u00fa s\u00e9 eg.&#8220; \u00deeir s\u00f6g\u00f0u \u00fe\u00e1 til hans: &#8222;Hva\u00f0 gj\u00f6r\u00f0i hann \u00fe\u00e9r e\u00f0a hvernin lauk hann upp \u00fe\u00ednum augum?&#8220; Hann svara\u00f0i \u00feeim: &#8222;Eg sag\u00f0a y\u00f0ur n\u00fa \u00fea\u00f0. Hafi \u00fe\u00e9r ekki heyrt \u00fea\u00f0? Til hvers vilji \u00fe\u00e9r heyra \u00fea\u00f0 aftur? E\u00f0a vilji \u00fe\u00e9r ver\u00f0a hans l\u00e6risveinar?&#8220; \u00de\u00e1 b\u00f6lvu\u00f0u \u00feeir honum og s\u00f6g\u00f0u: &#8222;Vertu hans l\u00e6risveinn en v\u00e6r erum Moyses l\u00e6risveinar. V\u00e9r vitum a\u00f0 Gu\u00f0 tala\u00f0i vi\u00f0 Moysen en v\u00e9r vitum eigi hva\u00f0an \u00feessi er!&#8220;<\/p>\n<p>\tS\u00e1 ma\u00f0ur svara\u00f0i og sag\u00f0i \u00feeim: &#8222;\u00dea\u00f0 er undarlegt a\u00f0 \u00fe\u00e9r viti\u00f0 eigi hva\u00f0an hann er og \u00fe\u00f3 lauk hann upp m\u00ednum augum. En v\u00e9r vitum a\u00f0 Gu\u00f0 heyrir eigi synduga heldur \u00fea\u00f0 ef nokkur er Gu\u00f0s d\u00fdrkari og gj\u00f6rir eftir hans vilja, \u00feann heyrir hann. Um aldur hefir \u00fea\u00f0 eigi heyrt veri\u00f0 a\u00f0 nokkur hafi upp loki\u00f0 \u00feess manns augum sem blindur var borinn. V\u00e6ri \u00feessi ma\u00f0ur eigi af Gu\u00f0i \u00fe\u00e1 m\u00e6tti hann ekkert gj\u00f6ra.&#8220; \u00de\u00e1 sv\u00f6ru\u00f0u \u00feeir og s\u00f6g\u00f0u til hans: &#8222;Allur ertu \u00ed synd alinn og \u00fe\u00fa l\u00e6rir oss!&#8220; Og \u00fe\u00e1 r\u00e1ku \u00feeir hann \u00fat.<\/p>\n<p>\t\u00de\u00e1 Jes\u00fas heyr\u00f0i \u00fea\u00f0 a\u00f0 \u00feeir h\u00f6f\u00f0u hann \u00fatreki\u00f0 og er hann fann hann \u00fe\u00e1 sag\u00f0i hann til hans: <span class=\"athugasemd\" title=\"3 \/ Bannf\u00e6r\u00f0ur af Phariseis, me\u00f0tekinn af Christo\">[<\/span> &#8222;Tr\u00fair \u00fe\u00fa \u00e1 Gu\u00f0s son?&#8220; Hann svara\u00f0i og sag\u00f0i: &#8222;Herra, hvar er hann so a\u00f0 eg tr\u00fai \u00e1 hann?&#8220; Jes\u00fas sag\u00f0i til hans: &#8222;\u00de\u00fa s\u00e1tt hann og hann sem vi\u00f0 \u00feig talar, s\u00e1 er hann.&#8220; Hinn svara\u00f0i: &#8222;Herra, eg tr\u00fai.&#8220; Og hann tilba\u00f0 hann. Jes\u00fas sag\u00f0i: &#8222;Til d\u00f3ms kom eg \u00ed \u00feennan heim a\u00f0 \u00feeir sem eigi sj\u00e1 skyldu sj\u00e1 og a\u00f0 \u00feeir blindir sem sj\u00e1.&#8220; Og nokkrir af Phariseis heyr\u00f0u \u00feetta sem hj\u00e1 honum voru og s\u00f6g\u00f0u til hans: &#8222;E\u00f0a eru v\u00e9r \u00fe\u00e1 blindir?&#8220; Jes\u00fas sag\u00f0i \u00feeim: &#8222;Ef \u00fe\u00e9r v\u00e6ru\u00f0 blindir \u00fe\u00e1 hef\u00f0u \u00fe\u00e9r \u00f6ngva synd. N\u00fa fyrst \u00fe\u00e9r segi\u00f0: V\u00e9r sj\u00e1um, \u00fe\u00e1 bl\u00edfur y\u00f0ar synd.<\/p>\n","protected":false},"excerpt":{"rendered":"<p>IX. Og \u00fe\u00e1 e\u00f0 Jes\u00fas gekk framhj\u00e1 s\u00e1 hann \u00feann einn mann sem blindur var borinn. [ Hans l\u00e6risveinar spur\u00f0u hann \u00fe\u00e1 a\u00f0 og s\u00f6g\u00f0u: &#8222;Rabb\u00ed, hvert braut \u00feessi e\u00f0ur hans foreldrar a\u00f0 hann f\u00e6ddist so blindur?&#8220; Jes\u00fas svara\u00f0i: &#8222;Eigi braut \u00feessi n\u00e9 hans foreldrar heldur a\u00f0 Gu\u00f0s verk skulu augl\u00fdsast \u00e1 honum. M\u00e9r byrjar a\u00f0 verka hans verk \u00feess mig sendi \u00e1 me\u00f0an a\u00f0 dagur er. N\u00f3ttin kemur n\u00e6r enginn f\u00e6r verka\u00f0. So lengi sem eg er \u00ed ver\u00f6ldinni \u00fe\u00e1 em eg lj\u00f3s veraldar.&#8220; \u00de\u00e1 hann haf\u00f0i sagt \u00feetta sp\u00fdtti hann \u00e1 j\u00f6r\u00f0ina og gj\u00f6r\u00f0i s\u00e9r hr\u00e1kasaur og neri <a href=\"https:\/\/biblian.is\/gudbrandsbiblia\/johannesargudspjall-9-kafli\/\"> [&#8230;]<\/a><\/p>\n","protected":false},"author":1,"featured_media":0,"parent":0,"menu_order":0,"comment_status":"open","ping_status":"open","template":"bibliukaflar.php","meta":{"footnotes":""},"class_list":["post-3856","page","type-page","status-publish","hentry"],"_links":{"self":[{"href":"https:\/\/biblian.is\/gudbrandsbiblia\/wp-json\/wp\/v2\/pages\/3856","targetHints":{"allow":["GET"]}}],"collection":[{"href":"https:\/\/biblian.is\/gudbrandsbiblia\/wp-json\/wp\/v2\/pages"}],"about":[{"href":"https:\/\/biblian.is\/gudbrandsbiblia\/wp-json\/wp\/v2\/types\/page"}],"author":[{"embeddable":true,"href":"https:\/\/biblian.is\/gudbrandsbiblia\/wp-json\/wp\/v2\/users\/1"}],"replies":[{"embeddable":true,"href":"https:\/\/biblian.is\/gudbrandsbiblia\/wp-json\/wp\/v2\/comments?post=3856"}],"version-history":[{"count":0,"href":"https:\/\/biblian.is\/gudbrandsbiblia\/wp-json\/wp\/v2\/pages\/3856\/revisions"}],"wp:attachment":[{"href":"https:\/\/biblian.is\/gudbrandsbiblia\/wp-json\/wp\/v2\/media?parent=3856"}],"curies":[{"name":"wp","href":"https:\/\/api.w.org\/{rel}","templated":true}]}}