{"id":3853,"date":"2017-12-18T18:34:53","date_gmt":"2017-12-18T18:34:53","guid":{"rendered":"http:\/\/biblian.is\/gudbrandsbiblia\/johannesargudspjall-6-kafli\/"},"modified":"2017-12-18T18:34:53","modified_gmt":"2017-12-18T18:34:53","slug":"johannesargudspjall-6-kafli","status":"publish","type":"page","link":"https:\/\/biblian.is\/gudbrandsbiblia\/johannesargudspjall-6-kafli\/","title":{"rendered":"J\u00f3hannesargu\u00f0spjall 6. kafli"},"content":{"rendered":"<p>VI.<\/p>\n<p>Eftir \u00feetta f\u00f3r Jes\u00fas burt yfir um sj\u00e1inn Galilee til sta\u00f0arins Tiberias. <span class=\"athugasemd\" title=\"Math. 14 \/ Mar. 6 \/ Luc. 9\">[<\/span> Og mikill mannfj\u00f6ldi fylgdi honum eftir af \u00fev\u00ed \u00feeir s\u00e1u \u00feau jarteikn er hann gj\u00f6r\u00f0i \u00e1 sj\u00fakum. Jes\u00fas gekk \u00fe\u00e1 upp \u00e1 eitt fjall og settist \u00fear sj\u00e1lfur me\u00f0ur s\u00ednum l\u00e6risveinum. \u00de\u00e1 var og p\u00e1skah\u00e1t\u00ed\u00f0 Gy\u00f0inga n\u00e1l\u00e6g. Jes\u00fas h\u00f3f \u00fe\u00e1 upp s\u00edn augu og s\u00e1 a\u00f0 margt f\u00f3lk dreif a\u00f0 honum. \u00de\u00e1 sag\u00f0i hann vi\u00f0 Philippum: &#8222;Hvar kaupum v\u00e9r brau\u00f0 \u00fea\u00f0 \u00feessir neyti?&#8220; En \u00feetta sag\u00f0i hann af \u00fev\u00ed a\u00f0 hann vildi reyna hann \u00fev\u00ed a\u00f0 hann vissi sj\u00e1lfur hva\u00f0 hann vildi gj\u00f6ra.<\/p>\n<p>\tPhilippus svara\u00f0i honum: <span class=\"athugasemd\" title=\"1 \/ Fimm \u00fe\u00fasund manna mett me\u00f0 fimm brau\u00f0um og ii fiskum\">[<\/span> &#8222;Tv\u00f6 hundru\u00f0 peninga brau\u00f0 n\u00e6gjast \u00feeim eigi \u00fe\u00f3 a\u00f0 hver einn f\u00e1i \u00fe\u00e1 nokku\u00f0 l\u00edti\u00f0.&#8220; \u00de\u00e1 sag\u00f0i honum einn af hans l\u00e6risveinum, Andreas br\u00f3\u00f0ir S\u00edmonar Petri: &#8222;H\u00e9r er eitt ungmenni s\u00e1 hefur fimm byggbrau\u00f0 og tvo fiska. En hva\u00f0 skal \u00feetta me\u00f0al so margra?&#8220; \u00de\u00e1 sag\u00f0i Jes\u00fas: &#8222;L\u00e1ti\u00f0 mennina setjast ni\u00f0ur.&#8220; \u00dear var \u00ed \u00feeim sta\u00f0 miki\u00f0 gras. \u00de\u00e1 settust \u00fear ni\u00f0ur kallmenn a\u00f0 t\u00f6lu n\u00e6r fimm \u00fe\u00fasundum. Jes\u00fas t\u00f3k brau\u00f0in og gj\u00f6r\u00f0i \u00feakkir og f\u00e9kk s\u00ednum l\u00e6risveinum en l\u00e6risveinarnir fengu \u00feeim sem ni\u00f0ur h\u00f6f\u00f0u sest, l\u00edka einnin af fiskunum so miki\u00f0 sem \u00feeir vildu.<\/p>\n<p>\tEn \u00fe\u00e1 \u00feeir voru mettir sag\u00f0i hann til sinna l\u00e6risveina: <span class=\"athugasemd\" title=\"2 \/ Bo\u00f0 og skipan gegndar og sparneytni\">[<\/span> &#8222;Safni\u00f0 saman \u00fe\u00e6r leifar sem afganga so ekkert spillist.&#8220; En \u00feeir s\u00f6fnu\u00f0u saman og fylldu upp t\u00f3lf karfir me\u00f0ur \u00feessar leifar af fimm byggbrau\u00f0um, hvert e\u00f0 auk var \u00feess sem \u00feeir h\u00f6f\u00f0u neytt. \u00de\u00e1 er \u00feessir menn s\u00e1u \u00fea\u00f0 a\u00f0 Jes\u00fas gj\u00f6r\u00f0i \u00feetta teikn s\u00f6g\u00f0u \u00feeir: &#8222;\u00deessi er sannlega s\u00e1 sp\u00e1ma\u00f0ur sem \u00ed heiminn skal koma.&#8220; En \u00fe\u00e1 Jes\u00fas fann \u00fea\u00f0 a\u00f0 \u00feeir mundu koma a\u00f0 gr\u00edpa hann og kj\u00f3sa til konungs fl\u00fd\u00f0i hann einn upp aftur \u00e1 fjalli\u00f0. <span class=\"athugasemd\" title=\"3 \/ Jes\u00fas forn\u00e6mist k\u00f3ngstign\">[<\/span> <\/p>\n<p>\tA\u00f0 kveldi gengu hans l\u00e6risveinar ofan til sj\u00e1var, stigu \u00feeir \u00e1 skip og \u00fe\u00e1 \u00feeir komu yfir um \u00feann sj\u00f3 til Kapernaum var \u00feer myrkt or\u00f0i\u00f0. Jes\u00fas var \u00fe\u00e1 eigi kominn til \u00feeirra. En sj\u00f3rinn t\u00f3k a\u00f0 \u00e6sast upp af miklu ve\u00f0ri. \u00deeir h\u00f6f\u00f0u \u00fe\u00e1 r\u00f3i\u00f0 fimm og tuttugu e\u00f0ur \u00ferj\u00e1tigu skei\u00f0a. \u00deeir s\u00e1u \u00fe\u00e1 Jes\u00fam ganganda \u00e1 sj\u00f3num og kominn n\u00e6r skipinu. <span class=\"athugasemd\" title=\"4 \/ Jes\u00fas gekk \u00e1 sj\u00f3num\">[<\/span> \u00deeir \u00f3ttu\u00f0ust \u00fe\u00e1. En hann sag\u00f0i til \u00feeirra: &#8222;Eg em, \u00f3ttist \u00fe\u00e9r eigi.&#8220; \u00de\u00e1 vildu \u00feeir hafa teki\u00f0 hann inn \u00e1 skipi\u00f0. Og jafnsnart var skipi\u00f0 komi\u00f0 a\u00f0 \u00fev\u00ed landi sem \u00feeir f\u00f3ru til.<\/p>\n<p>\tAnnan dag eftir s\u00e1 f\u00f3lki\u00f0 sem hinumegin sj\u00e1varins st\u00f3\u00f0 a\u00f0 eigi var \u00fear anna\u00f0 skip til nema \u00fea\u00f0 eina sem hans l\u00e6risveinar h\u00f6f\u00f0u \u00e1 stigi\u00f0 og Jes\u00fas haf\u00f0i eigi sj\u00e1lfur stigi\u00f0 \u00e1 \u00fea\u00f0 skip me\u00f0ur s\u00ednum l\u00e6risveinum heldur voru hans l\u00e6risveinar einir af sta\u00f0 farnir. \u00dear komu og yfir um \u00f6nnur skip fr\u00e1 T\u00edber\u00edas hva\u00f0 n\u00e6rri er \u00feeim sta\u00f0 sem \u00feeir h\u00f6f\u00f0u brau\u00f0in eti\u00f0 fyrir herrans \u00feakkargj\u00f6r\u00f0. Og \u00fe\u00e1 er f\u00f3lki\u00f0 s\u00e1 a\u00f0 Jes\u00fas var eigi \u00fear og eigi heldur hans l\u00e6risveinar st\u00e9 \u00fea\u00f0 \u00e1 skipin, kom til Kapernaum og leita\u00f0i a\u00f0 Jes\u00fa.<\/p>\n<p>\tOg \u00fe\u00e1 \u00feeir h\u00f6f\u00f0u fundi\u00f0 hann hinumegin sj\u00e1varins s\u00f6g\u00f0u \u00feeir til hans: &#8222;Rabb\u00ed, n\u00e6r komstu hinga\u00f0?&#8220; Jes\u00fas svara\u00f0i \u00feeim og sag\u00f0i: <span class=\"athugasemd\" title=\"5 \/ Straff f\u00f3lksins leitandi a\u00f0 Christum sinnar gagnsemdar vegna\">[<\/span> &#8222;Sannlega, sannlega segi eg y\u00f0ur: \u00de\u00e9r leiti\u00f0 m\u00edn eigi af \u00fev\u00ed a\u00f0 \u00fe\u00e9r s\u00e1u\u00f0 teiknin heldur af \u00fev\u00ed a\u00f0 \u00fe\u00e9r neyttu\u00f0 af brau\u00f0unum og ur\u00f0u\u00f0 saddir. Verki\u00f0 ei \u00feeirrar f\u00e6\u00f0u sem forgengur heldur \u00feeirrar sem st\u00f6\u00f0ug bl\u00edfur til eil\u00edfs l\u00edfs hverja e\u00f0 Mannsins sonur mun gefa y\u00f0ur \u00fev\u00ed a\u00f0 Gu\u00f0 fa\u00f0ir hefur hann innsigla\u00f0.&#8220;<\/p>\n<p>\t\u00de\u00e1 s\u00f6g\u00f0u \u00feeir til hans: &#8222;Hva\u00f0 skulu v\u00e9r \u00fe\u00e1 gj\u00f6ra svo v\u00e9r gj\u00f6rum Gu\u00f0s verk?&#8220; Jes\u00fas svara\u00f0i og sag\u00f0i \u00feeim: &#8222;\u00dea\u00f0 eru Gu\u00f0s verk a\u00f0 \u00fe\u00e9r tr\u00fai\u00f0 \u00e1 hann \u00feann hann sendi.&#8220; \u00de\u00e1 s\u00f6g\u00f0u \u00feeir til hans: &#8222;Hvort gj\u00f6rir \u00fe\u00fa fyrir teikn so a\u00f0 v\u00e9r sj\u00e1um og tr\u00faum \u00fe\u00e9r? Hva\u00f0 gj\u00f6rir \u00fe\u00fa? Fe\u00f0ur vorir \u00e1tu himnabrau\u00f0 \u00e1 ey\u00f0im\u00f6rku sem skrifa\u00f0 stendur: Hann gaf \u00feeim a\u00f0 eta brau\u00f0 af himni.&#8220; \u00de\u00e1 sag\u00f0i Jes\u00fas til \u00feeirra: <span class=\"athugasemd\" title=\"6 \/ Samjafnan Mosis og Christi\">[<\/span> &#8222;Sannlega, sannlega segi eg y\u00f0ur a\u00f0 eigi gaf Moyses y\u00f0ur brau\u00f0 af himni heldur gefur fa\u00f0ir minn y\u00f0ur satt brau\u00f0 af himni. \u00dev\u00ed a\u00f0 \u00feetta er Gu\u00f0s brau\u00f0 \u00fea\u00f0 sem af himni st\u00e9 ofan og heiminum gefur l\u00edf.&#8220;<\/p>\n<p>\t\u00deeir s\u00f6g\u00f0u \u00fe\u00e1 vi\u00f0 hann: &#8222;Herra, gef oss jafnan \u00feetta brau\u00f0.&#8220; En Jes\u00fas svara\u00f0i \u00feeim \u00fe\u00e1: <span class=\"athugasemd\" title=\"7 \/ Christus er \u00fea\u00f0 lifanda brau\u00f0\">[<\/span> &#8222;Eg em l\u00edfsins brau\u00f0. Hver hann kemur til m\u00edn \u00feann mun eigi hungra og s\u00e1 hann tr\u00fair \u00e1 mig hann mun aldreigi \u00feyrsta. Eg sag\u00f0a y\u00f0ur \u00fea\u00f0 \u00fe\u00e9r hafi\u00f0 mig s\u00e9nan og tr\u00fai\u00f0 \u00fe\u00f3 eigi. Allt hva\u00f0 fa\u00f0irinn gefur m\u00e9r \u00fea\u00f0 kemur til m\u00edn og hvern \u00feann sem til m\u00edn kemur hann mun eg eigi \u00fatreka. \u00dev\u00ed a\u00f0 eg st\u00e9 ofan af himni, eigi upp \u00e1 \u00fea\u00f0 a\u00f0 eg gj\u00f6ri minn vilja heldur hans vilja sem mig sendi. \u00deetta er f\u00f6\u00f0ursins vilji \u00fees mig sendi a\u00f0 eg glati \u00f6ngu af \u00f6llu \u00fev\u00ed sem hann gaf m\u00e9r heldur skal eg uppvekja \u00fea\u00f0 \u00e1 efsta degi. En \u00fea\u00f0 er m\u00edns f\u00f6\u00f0urs vilji \u00feess mig sendi a\u00f0 hver s\u00e1 sem soninn s\u00e9r og tr\u00fair \u00e1 hann hafi eil\u00edft l\u00edf og eg mun uppvekja hann \u00e1 efsta degi.&#8220;<\/p>\n<p>\t\u00de\u00e1 m\u00f6glu\u00f0u J\u00fa\u00f0ar yfir \u00fev\u00ed \u00fea\u00f0 hann sag\u00f0i: <span class=\"athugasemd\" title=\"8 \/ M\u00f6glan Gy\u00f0inga \/ \u00deessi kap. talar ekki um sacramentum brau\u00f0s og v\u00edns heldur um \u00fe\u00e1 andlegu neyslu sem er a\u00f0 tr\u00faa a\u00f0 Christus, Gu\u00f0 og ma\u00f0ur, hafi \u00fathellt s\u00ednu bl\u00f3\u00f0i fyrir oss\">[<\/span> &#8222;Eg em \u00fea\u00f0 brau\u00f0 hvert e\u00f0 ofan st\u00e9 af himni.&#8220; Og \u00feeir s\u00f6g\u00f0u: &#8222;Er eigi Jes\u00fas \u00feessi sonur J\u00f3sefs hvers a\u00f0 v\u00e9r \u00feekkjum b\u00e6\u00f0i f\u00f6\u00f0ur og m\u00f3\u00f0ur? Hvernin segir hann \u00fe\u00e1 \u00fea\u00f0 eg egm ofanstiginn af himni?&#8220; Jes\u00fas svara\u00f0i \u00feeim: &#8222;M\u00f6gli\u00f0 eigi innbyr\u00f0is. Enginn f\u00e6r til m\u00edn komi\u00f0 nema s\u00e1 fa\u00f0ir sem mig sendi togi hann og eg mun uppvekja hann \u00e1 efsta degi. So er og skrifa\u00f0 \u00e1 sp\u00e1mannab\u00f3kum: A\u00f0 \u00feeir munu alllir ver\u00f0a af Gu\u00f0i l\u00e6r\u00f0ir. Hver helst n\u00fa heyrir af f\u00f6\u00f0urnum og l\u00e6rir \u00fea\u00f0 s\u00e1 kemur til m\u00edn. Eigi \u00fea\u00f0 a\u00f0 nokkur hafi f\u00f6\u00f0urinn s\u00e9nan nema s\u00e1 sem er af f\u00f6\u00f0urnum, hann hefur s\u00e9\u00f0 f\u00f6\u00f0urinn.<\/p>\n<p>\tSannlega, sannlega segi eg y\u00f0ur: Hver sem tr\u00fair \u00e1 mig hann hefur eil\u00edft l\u00edf. Eg em l\u00edfsins brau\u00f0. Fe\u00f0ur y\u00f0rir \u00e1tu himnabrau\u00f0 \u00ed ey\u00f0im\u00f6rku og eru dau\u00f0ir. \u00deetta er \u00fea\u00f0 brau\u00f0 sem oftanst\u00e9 af himni. Hver sem etur af \u00fev\u00ed hann deyr eigi. Eg em \u00fea\u00f0 lifanda brau\u00f0 sem af himni st\u00e9 ofan. Hver sem etur af \u00feessu brau\u00f0i s\u00e1 lifir eil\u00edflega. Og \u00fea\u00f0 brau\u00f0 sem eg mun gefa er mitt hold hvert a\u00f0 eg mun \u00fatgefa heiminum til l\u00edfs.&#8220;<\/p>\n<p>\tJ\u00fa\u00f0ar \u00fer\u00e1ttu\u00f0u \u00fe\u00e1 s\u00edn \u00e1 milli, so segjandi: &#8222;Hvernin f\u00e6r \u00feessi gefi\u00f0 oss sitt hold a\u00f0 eta?&#8220; Jes\u00fas sag\u00f0i til \u00feeirra: <span class=\"athugasemd\" title=\"9 \/ Hvernin menn skulu neyta Krists\">[<\/span> &#8222;Sannlega, sannlega segi eg y\u00f0ur: Nema ef \u00fe\u00e9r eti\u00f0 hold Mannsins sonar og drekki\u00f0 hans bl\u00f3\u00f0 \u00fe\u00e1 hafi \u00fe\u00e9r ekki l\u00edfi\u00f0 me\u00f0 y\u00f0ur. Hver hann etur mitt hold og drekkur mitt bl\u00f3\u00f0 s\u00e1 hefir eil\u00edft l\u00edf og eg mun uppvekja hann \u00e1 efsta degi. \u00dev\u00ed mitt hold er s\u00f6nn f\u00e6\u00f0a og mitt bl\u00f3\u00f0 er sannur drykkur. Hver hann etur mitt hold og drekkur mitt bl\u00f3\u00f0 s\u00e1 bl\u00edfur \u00ed m\u00e9r og eg me\u00f0 honum. L\u00edka sem a\u00f0 mig sendi lifandi fa\u00f0ir og eg lifi sakir f\u00f6\u00f0ursins, so og hver hann etur mig s\u00e1 mun og lifa fyrir m\u00ednar sakir. \u00deetta er \u00fea\u00f0 brau\u00f0 sem ofan st\u00e9 af himni. Eigi so sem \u00fea\u00f0 y\u00f0rir fe\u00f0ur h\u00f6f\u00f0u himnabrau\u00f0 eti\u00f0 og eru dau\u00f0ir. Hver hann etur \u00feetta brau\u00f0 s\u00e1 lifir a\u00f0 eil\u00edfu.&#8220;<\/p>\n<p>\t\u00deetta sag\u00f0i hann, kennandi \u00ed samkunduh\u00fasinu til Kapernaum. En margir af hans l\u00e6risveinum sem \u00feetta heyr\u00f0u s\u00f6g\u00f0u: <span class=\"athugasemd\" title=\"10 \/ Hneykslan l\u00e6risveinanna\">[<\/span> &#8222;H\u00f6r\u00f0 er \u00feessi r\u00e6\u00f0a, hver kann henni a\u00f0 heyra?&#8220; En er Jes\u00fas vissi me\u00f0ur sj\u00e1lfum s\u00e9r a\u00f0 hans l\u00e6risveinar m\u00f6glu\u00f0u af \u00feessu \u00fe\u00e1 sag\u00f0i hann til \u00feeirra: &#8222;Mis\u00feokkar y\u00f0ur \u00feetta? Hva\u00f0 mun \u00fe\u00e1 ef \u00fe\u00e9r s\u00e6u\u00f0 Mannsins son uppst\u00edga \u00feanga\u00f0 sem hann var fyrr? Andinn er s\u00e1 er l\u00edfgar, holdi\u00f0 er til einskis n\u00fdtt. \u00deau or\u00f0 er eg tala fyrir y\u00f0ur, \u00feau eru andi og l\u00edf. En nokkrir eru \u00feeir af y\u00f0ur hverjir eigi tr\u00faa.&#8220; \u00dev\u00ed a\u00f0 Jes\u00fas vissi af upphafi hverjir eigi voru tr\u00faa\u00f0ir og hver s\u00e1 var er hann mundi sv\u00edkja. Og hann sag\u00f0i: &#8222;Fyrir \u00fev\u00ed sag\u00f0a eg y\u00f0ur \u00fea\u00f0 enginn f\u00e6r til m\u00edn komi\u00f0 nema a\u00f0 honum s\u00e9 \u00fea\u00f0 gefi\u00f0 af m\u00ednum f\u00f6\u00f0ur.&#8220;<\/p>\n<p>\tEftir \u00fea\u00f0 gengu margir af hans l\u00e6risveinum aftur til baka og gengu ei lengur \u00fea\u00f0an af me\u00f0ur honum. <span class=\"athugasemd\" title=\"11 \/ Affall l\u00e6risveinanna\">[<\/span> \u00de\u00e1 sag\u00f0i Jes\u00fas til \u00feeirra t\u00f3lf: &#8222;Vilji \u00fe\u00e9r og fr\u00e1ganga?&#8220; En honum svara\u00f0i S\u00edmon Petrus: <span class=\"athugasemd\" title=\"12 \/ J\u00e1tning og st\u00f6\u00f0ugleiki postulanna\">[<\/span> &#8222;Herra, hvert skulum v\u00e6r fara? \u00de\u00fa hefur or\u00f0 eil\u00edfs l\u00edfs. V\u00e9r tr\u00faum og kennum \u00fea\u00f0 \u00fe\u00fa ert Kristur, sonur Gu\u00f0s lifanda.&#8220; Jes\u00fas svara\u00f0i \u00feeim: &#8222;Hefi eg eigi \u00fatvali\u00f0 y\u00f0ur t\u00f3lf? Og einn af y\u00f0ur er dj\u00f6full. En hann sag\u00f0i af J\u00fadasi S\u00edmonssyni \u00cdskar\u00edot \u00fev\u00ed a\u00f0 hann sveik hann \u00fe\u00f3 a\u00f0 hann v\u00e6ri einn af t\u00f3lf.<\/p>\n","protected":false},"excerpt":{"rendered":"<p>VI. Eftir \u00feetta f\u00f3r Jes\u00fas burt yfir um sj\u00e1inn Galilee til sta\u00f0arins Tiberias. [ Og mikill mannfj\u00f6ldi fylgdi honum eftir af \u00fev\u00ed \u00feeir s\u00e1u \u00feau jarteikn er hann gj\u00f6r\u00f0i \u00e1 sj\u00fakum. Jes\u00fas gekk \u00fe\u00e1 upp \u00e1 eitt fjall og settist \u00fear sj\u00e1lfur me\u00f0ur s\u00ednum l\u00e6risveinum. \u00de\u00e1 var og p\u00e1skah\u00e1t\u00ed\u00f0 Gy\u00f0inga n\u00e1l\u00e6g. Jes\u00fas h\u00f3f \u00fe\u00e1 upp s\u00edn augu og s\u00e1 a\u00f0 margt f\u00f3lk dreif a\u00f0 honum. \u00de\u00e1 sag\u00f0i hann vi\u00f0 Philippum: &#8222;Hvar kaupum v\u00e9r brau\u00f0 \u00fea\u00f0 \u00feessir neyti?&#8220; En \u00feetta sag\u00f0i hann af \u00fev\u00ed a\u00f0 hann vildi reyna hann \u00fev\u00ed a\u00f0 hann vissi sj\u00e1lfur hva\u00f0 hann vildi gj\u00f6ra. Philippus svara\u00f0i honum: <a href=\"https:\/\/biblian.is\/gudbrandsbiblia\/johannesargudspjall-6-kafli\/\"> [&#8230;]<\/a><\/p>\n","protected":false},"author":1,"featured_media":0,"parent":0,"menu_order":0,"comment_status":"open","ping_status":"open","template":"bibliukaflar.php","meta":{"footnotes":""},"class_list":["post-3853","page","type-page","status-publish","hentry"],"_links":{"self":[{"href":"https:\/\/biblian.is\/gudbrandsbiblia\/wp-json\/wp\/v2\/pages\/3853","targetHints":{"allow":["GET"]}}],"collection":[{"href":"https:\/\/biblian.is\/gudbrandsbiblia\/wp-json\/wp\/v2\/pages"}],"about":[{"href":"https:\/\/biblian.is\/gudbrandsbiblia\/wp-json\/wp\/v2\/types\/page"}],"author":[{"embeddable":true,"href":"https:\/\/biblian.is\/gudbrandsbiblia\/wp-json\/wp\/v2\/users\/1"}],"replies":[{"embeddable":true,"href":"https:\/\/biblian.is\/gudbrandsbiblia\/wp-json\/wp\/v2\/comments?post=3853"}],"version-history":[{"count":0,"href":"https:\/\/biblian.is\/gudbrandsbiblia\/wp-json\/wp\/v2\/pages\/3853\/revisions"}],"wp:attachment":[{"href":"https:\/\/biblian.is\/gudbrandsbiblia\/wp-json\/wp\/v2\/media?parent=3853"}],"curies":[{"name":"wp","href":"https:\/\/api.w.org\/{rel}","templated":true}]}}