{"id":3852,"date":"2017-12-18T18:34:53","date_gmt":"2017-12-18T18:34:53","guid":{"rendered":"http:\/\/biblian.is\/gudbrandsbiblia\/johannesargudspjall-5-kafli\/"},"modified":"2017-12-18T18:34:53","modified_gmt":"2017-12-18T18:34:53","slug":"johannesargudspjall-5-kafli","status":"publish","type":"page","link":"https:\/\/biblian.is\/gudbrandsbiblia\/johannesargudspjall-5-kafli\/","title":{"rendered":"J\u00f3hannesargu\u00f0spjall 5. kafli"},"content":{"rendered":"<p>V.<\/p>\n<p>Eftir \u00fea\u00f0 var h\u00e1t\u00ed\u00f0 Gy\u00f0inga og Jes\u00fas f\u00f3r upp til Jer\u00fasalem. <span class=\"athugasemd\" title=\"1 \/ Hv\u00edtasunnuh\u00e1t\u00ed\u00f0\">[<\/span> En \u00ed Jer\u00fasalem hj\u00e1 fj\u00e1rh\u00fasinu er vatsd\u00edki sem kallast \u00e1 ebresku Betseda, hafandi fimm forbyrgi. \u00cd \u00feeim l\u00e1 mikill fj\u00f6ldi sj\u00fakra manna, blindra, haltra, visna\u00f0ra, b\u00ed\u00f0andi eftir vatsins hr\u00e6ring. En engill Drottins st\u00e9 ofan \u00ed tilsettan t\u00edma \u00ed d\u00edki\u00f0 og hr\u00e6r\u00f0i upp vatni\u00f0. Hver sem n\u00fa fyrstur st\u00e9 ofan \u00ed d\u00edki\u00f0 eftir vatsins hr\u00e6ring s\u00e1 var\u00f0 heill af hverri s\u00f3tt sem hann var haldinn. \u00dear var einn s\u00e1 ma\u00f0ur sem \u00ferj\u00e1t\u00edgi og \u00e1tta \u00e1r haf\u00f0i sj\u00fakur veri\u00f0. \u00de\u00e1 Jes\u00fas leit \u00feennan liggjanda og fornam a\u00f0 hann haf\u00f0i langan t\u00edma sj\u00fakur veri\u00f0 segir hann til hans: &#8222;Viltu heilbrig\u00f0ur ver\u00f0a?&#8220; Hinn sj\u00faki svara\u00f0i honum: &#8222;Herra, eg hefi eigi \u00feann mann \u00fe\u00e1 vatni\u00f0 hr\u00e6rist a\u00f0 l\u00e1ti mig \u00ed d\u00edki\u00f0 \u00fev\u00ed n\u00e6r eg kem a\u00f0 \u00fe\u00e1 st\u00edgur annar fyrr inn en eg.&#8220;<\/p>\n<p>\tJes\u00fas sag\u00f0i til hans: <span class=\"athugasemd\" title=\"2 \/ Jes\u00fas l\u00e6knar \u00feann sj\u00faka \u00f3be\u00f0inn\">[<\/span> &#8222;R\u00eds upp, tak s\u00e6ng \u00fe\u00edna og gakk!&#8220; Og strax var\u00f0 s\u00e1 ma\u00f0ur heilbrig\u00f0ur og t\u00f3k s\u00edna s\u00e6ng og gekk \u00fea\u00f0an. En \u00e1 \u00feeim degi var \u00fevottdagur. \u00de\u00e1 s\u00f6g\u00f0u Gy\u00f0ingar honum sem heilbrig\u00f0ur var or\u00f0inn: <span class=\"athugasemd\" title=\"3 \/ Hvort Kristur og hann sem heilbrig\u00f0ur var gj\u00f6r brj\u00f3ti \u00fevottdaginn\">[<\/span> &#8222;\u00dea\u00f0 er \u00fevottdagur, eigi h\u00e6fir \u00fe\u00e9r a\u00f0 bera s\u00e6ng \u00fe\u00edna.&#8220; Hann svara\u00f0i \u00feeim: &#8222;S\u00e1 mig heilan gj\u00f6r\u00f0i hann sag\u00f0i m\u00e9r: Tak s\u00e6ng \u00fe\u00edna og gakk.&#8220; \u00deeir spur\u00f0u hann: &#8222;Hver er s\u00e1 ma\u00f0ur er \u00fe\u00e9r sag\u00f0i: Tak s\u00e6ng \u00fe\u00edna og gakk?&#8220; En s\u00e1 sem heilbrig\u00f0ur var or\u00f0inn vissi eigi hver hann var. \u00dev\u00ed a\u00f0 Jes\u00fas haf\u00f0i viki\u00f0 s\u00e9r afvega fyrst a\u00f0 so mikill mannfj\u00f6ldi var \u00ed \u00feeim sta\u00f0.<\/p>\n<p>\tEftir \u00feetta hitti Jes\u00fas hann \u00ed musterinu og sag\u00f0i til hans: &#8222;S\u00e9, n\u00fa ertu heill or\u00f0inn. Syndga n\u00fa eigi oftar so a\u00f0 \u00feig hendi eigi anna\u00f0 verra.&#8220; S\u00e1 ma\u00f0ur f\u00f3r og undirv\u00edsa\u00f0i Gy\u00f0ingum a\u00f0 Jes\u00fas v\u00e6ri s\u00e1 sem hann haf\u00f0i heilan gj\u00f6rt. En fyrir \u00fea\u00f0 ofs\u00f3ttu Gy\u00f0ingar Jes\u00fam og leitu\u00f0ust um a\u00f0 dey\u00f0a hann af \u00fev\u00ed a\u00f0 hann gj\u00f6r\u00f0i \u00feetta \u00e1 \u00fevottdegi. Jes\u00fas svara\u00f0i \u00feeim: <span class=\"athugasemd\" title=\"4 \/ Jes\u00fas forsvarar sinn gj\u00f6rning\">[<\/span> &#8222;Fa\u00f0ir minn verkar allt hinga\u00f0 til. Eg verka og.&#8220; En fyrir \u00feetta s\u00f3ttu Gy\u00f0ingar meir til a\u00f0 dey\u00f0a hann \u00fev\u00ed a\u00f0 hann braut eigi a\u00f0 einasta \u00fevottdaginn heldur sag\u00f0i og a\u00f0 Gu\u00f0 v\u00e6ri sinn fa\u00f0ir, gj\u00f6randi sig svo Gu\u00f0i jafnan.<\/p>\n<p>\tJes\u00fas svara\u00f0i og sag\u00f0i til \u00feeirra: <span class=\"athugasemd\" title=\"5 \/ Sonurinn er f\u00f6\u00f0urnum saml\u00edkur\">[<\/span> &#8222;Sannlega, sannlega segi eg y\u00f0ur: Sonurinn f\u00e6r ekkert af sj\u00e1lfum s\u00e9r gj\u00f6rt nema \u00fea\u00f0 hann s\u00e9r f\u00f6\u00f0urinn gj\u00f6ra. \u00dev\u00ed a\u00f0 hva\u00f0 helst hann gj\u00f6rir, \u00fea\u00f0 gj\u00f6rir og einnin sonurinn. \u00dev\u00ed fa\u00f0irinn elskar soninn og s\u00fdnir honum allt \u00fea\u00f0 hann gj\u00f6rir og enn mun hann s\u00fdna honum \u00f6nnur verk \u00feessum meiri so a\u00f0 \u00fe\u00e9r munu\u00f0 undrast. \u00dev\u00ed a\u00f0 so sem fa\u00f0irinn uppvekur dau\u00f0a og l\u00edfgar, so l\u00edfgar og sonurinn \u00fe\u00e1 sem hann vill. \u00dev\u00ed eigi d\u00e6mir fa\u00f0irinn nokkurn heldur gaf hann syninum allan d\u00f3m a\u00f0 allir hei\u00f0ri soninn so sem \u00feeir hei\u00f0ra f\u00f6\u00f0urinn. Hver hann hei\u00f0rar ei soninn, s\u00e1 hei\u00f0rar eigi f\u00f6\u00f0urinn s\u00e1 sem hann sendi. Sannlega, sannlega segi eg y\u00f0ur: <span class=\"athugasemd\" title=\"6 \/ Ver\u00f0kaup \u00feeirra sem soninn hei\u00f0ra er eil\u00edft l\u00edf\">[<\/span> Hver m\u00edn or\u00f0 heyrir og tr\u00fair \u00feeim sem sendi mig, s\u00e1 hefir eil\u00edft l\u00edf. Og eigi kemur hann \u00ed d\u00f3m heldur l\u00ed\u00f0ur hann \u00far dau\u00f0a til l\u00edfs.<\/p>\n<p>\tSannlega, sannlega segi eg y\u00f0ur, a\u00f0 s\u00fa stund kemur og er n\u00fa \u00fea\u00f0 dau\u00f0ir munu heyra r\u00f6dd Gu\u00f0s sonar og \u00feeir sem heyra munu lifa. <span class=\"athugasemd\" title=\"7 \/ Vitnan um gu\u00f0d\u00f3minn Christi\">[<\/span> \u00dev\u00ed a\u00f0 l\u00edka sem fa\u00f0irinn hefur l\u00edfi\u00f0 \u00ed s\u00e9r sj\u00e1lfum so gaf hann syninum a\u00f0 hafa l\u00edfi\u00f0 \u00ed sj\u00e1lfum s\u00e9r. Hann gaf honum og vald til yfir a\u00f0 d\u00e6ma af \u00fev\u00ed a\u00f0 hann er Mannsins sonur. Eigi skulu \u00fe\u00e9r undrast \u00feetta \u00fev\u00ed a\u00f0 s\u00fa stund kemur \u00e1 hverri a\u00f0 allir \u00feeir sem \u00ed gr\u00f6f\u00f6num eru skulu heyra r\u00f6dd Gu\u00f0s sonar. Og \u00feeir munu \u00fe\u00e1 framganga sem gott gj\u00f6r\u00f0u til l\u00edfsins upprisu en \u00feeir sem illa gj\u00f6r\u00f0u \u00ed d\u00f3msupprisu.<\/p>\n<p>\tEigi f\u00e6 eg af m\u00e9r sj\u00e1lfum gj\u00f6rt nokku\u00f0. Sem eg heyri so d\u00e6mi eg. Og minn d\u00f3mur er r\u00e9ttur \u00fev\u00ed a\u00f0 eg leita eigi m\u00edns vilja heldur hans vilja sem mig sendi. Ef eg ber m\u00e9r sj\u00e1lfum vitni \u00fe\u00e1 er mitt vitni ekki satt. Annar er s\u00e1 sem af m\u00e9r ber vitni og eg veit a\u00f0 hans vitni er satt \u00fea\u00f0 hann ber af m\u00e9r.<\/p>\n<p>\t\u00de\u00e9r sendu\u00f0 til Johannem og hann bar sannleikanum vitni. <span class=\"athugasemd\" title=\"8 \/ Straffan a\u00f0 \u00feeir vildu ekki tr\u00faa Johanne\">[<\/span> En eg teki eigi vitni af m\u00f6nnum heldur segi eg y\u00f0ur \u00feetta upp \u00e1 \u00fe\u00e9r hj\u00e1lpist. Hann var sk\u00ednanda og loganda lj\u00f3s en \u00fe\u00e9r vildu\u00f0 skamma stund gle\u00f0jast af hans lj\u00f3si. Eg hefi enn meira vitni en Johannis vitni \u00fev\u00ed a\u00f0 \u00feau verk sem fa\u00f0irinn gaf m\u00e9r a\u00f0 eg fullkomni \u00feau, \u00feau verkin sem eg gj\u00f6ri bera m\u00e9r vitni \u00fea\u00f0 fa\u00f0irinn hafi mig sent. Og fa\u00f0irinn s\u00e1 sem mig sendi hann sj\u00e1lfur bar m\u00e9r vitni. <span class=\"athugasemd\" title=\"9 \/ F\u00f6\u00f0ursins vitnisbur\u00f0ur\">[<\/span> Eigi hafi \u00fe\u00e9r nokkurn t\u00edma heyrt hans r\u00f6dd n\u00e9 s\u00e9\u00f0 hans mynd og hans or\u00f0 hafi \u00fe\u00e9r ei \u00ed y\u00f0ur bl\u00edfandi \u00fev\u00ed a\u00f0 \u00feann hann sendi, honum tr\u00fai\u00f0 \u00fe\u00e9r eigi.<\/p>\n<p>\tRannsaki\u00f0 Ritningina \u00fev\u00ed a\u00f0 \u00fe\u00e9r meini\u00f0 y\u00f0ur \u00ed henni a\u00f0 hafa eil\u00edf l\u00edf og h\u00fan er \u00fea\u00f0 hver af m\u00e9r ber vitni. Og eigi vilji \u00fe\u00e9r koma til m\u00edn svo a\u00f0 \u00fe\u00e9r hef\u00f0u\u00f0 l\u00edf. Eg tek \u00f6ngva d\u00fdr\u00f0 af m\u00f6nnum en eg \u00feekki y\u00f0ur a\u00f0 \u00fe\u00e9r hafi\u00f0 eigi Gus \u00e1stsemd me\u00f0 y\u00f0ur. Eg kom \u00ed m\u00edns f\u00f6\u00f0urs nafni og \u00fe\u00e9r me\u00f0t\u00f3ku\u00f0 mig eigi. Ef annar kemur \u00ed s\u00ednu eigin nafni, \u00feann me\u00f0taki \u00fe\u00e9r. Hvernin megi \u00fe\u00e9r tr\u00faa \u00fear sem \u00fe\u00e9r taki\u00f0 d\u00fdr\u00f0 innbyr\u00f0is hver af \u00f6\u00f0rum? Og \u00fe\u00e1 d\u00fdr\u00f0 sem af einum Gu\u00f0i er, hennar leiti \u00fe\u00e9r eigi.<\/p>\n<p>\tEigi skulu \u00fe\u00e9r \u00fea\u00f0 meina a\u00f0 eg muni klaga y\u00f0ur fyrir f\u00f6\u00f0urnum. <span class=\"athugasemd\" title=\"10 \/ Vitnan Moisis \u00fat af Christo\">[<\/span> \u00dear er s\u00e1 sem y\u00f0ur klagar, Moyses, \u00e1 hvern \u00fe\u00e9r voni\u00f0. Ef \u00fe\u00e9r try\u00f0u\u00f0 Moysi so try\u00f0u\u00f0 \u00fe\u00e9r og m\u00e9r \u00fev\u00ed a\u00f0 af m\u00e9r skrifa\u00f0i hann. \u00dev\u00ed ef \u00fe\u00e9r tr\u00fai\u00f0 eigi hans skrif, hvernin megi \u00fe\u00e9r \u00fe\u00e1 m\u00ednum or\u00f0um tr\u00faa?&#8220;<\/p>\n","protected":false},"excerpt":{"rendered":"<p>V. Eftir \u00fea\u00f0 var h\u00e1t\u00ed\u00f0 Gy\u00f0inga og Jes\u00fas f\u00f3r upp til Jer\u00fasalem. [ En \u00ed Jer\u00fasalem hj\u00e1 fj\u00e1rh\u00fasinu er vatsd\u00edki sem kallast \u00e1 ebresku Betseda, hafandi fimm forbyrgi. \u00cd \u00feeim l\u00e1 mikill fj\u00f6ldi sj\u00fakra manna, blindra, haltra, visna\u00f0ra, b\u00ed\u00f0andi eftir vatsins hr\u00e6ring. En engill Drottins st\u00e9 ofan \u00ed tilsettan t\u00edma \u00ed d\u00edki\u00f0 og hr\u00e6r\u00f0i upp vatni\u00f0. Hver sem n\u00fa fyrstur st\u00e9 ofan \u00ed d\u00edki\u00f0 eftir vatsins hr\u00e6ring s\u00e1 var\u00f0 heill af hverri s\u00f3tt sem hann var haldinn. \u00dear var einn s\u00e1 ma\u00f0ur sem \u00ferj\u00e1t\u00edgi og \u00e1tta \u00e1r haf\u00f0i sj\u00fakur veri\u00f0. \u00de\u00e1 Jes\u00fas leit \u00feennan liggjanda og fornam a\u00f0 hann haf\u00f0i <a href=\"https:\/\/biblian.is\/gudbrandsbiblia\/johannesargudspjall-5-kafli\/\"> [&#8230;]<\/a><\/p>\n","protected":false},"author":1,"featured_media":0,"parent":0,"menu_order":0,"comment_status":"open","ping_status":"open","template":"bibliukaflar.php","meta":{"footnotes":""},"class_list":["post-3852","page","type-page","status-publish","hentry"],"_links":{"self":[{"href":"https:\/\/biblian.is\/gudbrandsbiblia\/wp-json\/wp\/v2\/pages\/3852","targetHints":{"allow":["GET"]}}],"collection":[{"href":"https:\/\/biblian.is\/gudbrandsbiblia\/wp-json\/wp\/v2\/pages"}],"about":[{"href":"https:\/\/biblian.is\/gudbrandsbiblia\/wp-json\/wp\/v2\/types\/page"}],"author":[{"embeddable":true,"href":"https:\/\/biblian.is\/gudbrandsbiblia\/wp-json\/wp\/v2\/users\/1"}],"replies":[{"embeddable":true,"href":"https:\/\/biblian.is\/gudbrandsbiblia\/wp-json\/wp\/v2\/comments?post=3852"}],"version-history":[{"count":0,"href":"https:\/\/biblian.is\/gudbrandsbiblia\/wp-json\/wp\/v2\/pages\/3852\/revisions"}],"wp:attachment":[{"href":"https:\/\/biblian.is\/gudbrandsbiblia\/wp-json\/wp\/v2\/media?parent=3852"}],"curies":[{"name":"wp","href":"https:\/\/api.w.org\/{rel}","templated":true}]}}