{"id":3850,"date":"2017-12-18T18:34:53","date_gmt":"2017-12-18T18:34:53","guid":{"rendered":"http:\/\/biblian.is\/gudbrandsbiblia\/johannesargudspjall-3-kafli\/"},"modified":"2017-12-18T18:34:53","modified_gmt":"2017-12-18T18:34:53","slug":"johannesargudspjall-3-kafli","status":"publish","type":"page","link":"https:\/\/biblian.is\/gudbrandsbiblia\/johannesargudspjall-3-kafli\/","title":{"rendered":"J\u00f3hannesargu\u00f0spjall 3. kafli"},"content":{"rendered":"<p>III.<\/p>\n<p>\u00dear var einn mann \u00ed bland Phariseos, Nik\u00f3demus a\u00f0 nafni. <span class=\"athugasemd\" title=\"1 \/ Disputatio og samtal um greinarmun r\u00e9ttl\u00e6tis eftir skynseminni og tr\u00faarinnar r\u00e9ttl\u00e6tis\">[<\/span> Hann var einn af h\u00f6f\u00f0ingjum Gy\u00f0inga. Hann kom til Jes\u00fa um n\u00f3tt og sag\u00f0i til hans: &#8222;Rabb\u00ed, v\u00e9r vitium a\u00f0 \u00fe\u00fa ert einn meistari af Gu\u00f0i kominn \u00fev\u00ed a\u00f0 enginn getur gj\u00f6rt \u00feau t\u00e1kn sem \u00fe\u00fa gj\u00f6rir nema Gu\u00f0 s\u00e9 me\u00f0 honum.&#8220; Jes\u00fas svara\u00f0i og sag\u00f0i til hans: &#8222;Sannlega, sannlega segi eg \u00fe\u00e9r: Nema ef s\u00e1 er nokkur sem a\u00f0 n\u00fdju ver\u00f0ur endurborinn, hann f\u00e6r ei a\u00f0 sj\u00e1 Gu\u00f0s r\u00edki.&#8220; \u00de\u00e1 sag\u00f0i Nik\u00f3demus til hans: &#8222;Hvernin m\u00e1 ma\u00f0urinn endurberast \u00fe\u00e1 hann er gamall? E\u00f0ur f\u00e6r hann stigi\u00f0 aftur \u00ed sinnar m\u00f3\u00f0ur kvi\u00f0 og f\u00e6\u00f0st so?&#8220; Jes\u00fas svara\u00f0i: <span class=\"athugasemd\" title=\"2 \/ Af endurgetningunni\">[<\/span> &#8222;Sannlega, sannlega segi eg \u00fe\u00e9r: Nema s\u00e1 sem endurborinn ver\u00f0ur af vatni og anda, hann getur eigi inngengi\u00f0 \u00ed Gu\u00f0s r\u00edki. Hva\u00f0 af holdinu f\u00e6\u00f0ist, \u00fea\u00f0 er hold, og hva\u00f0 sem f\u00e6\u00f0ist af andanum, \u00fea\u00f0 er andi. Undra \u00fe\u00fa eigi \u00fe\u00f3 eg segi \u00fe\u00e9r a\u00f0 y\u00f0ur byrja\u00f0i a\u00f0 n\u00fdju a\u00f0 endurf\u00e6\u00f0ast. Vindurinn bl\u00e6s hvert hann vill og \u00fe\u00fa heyrir hans \u00feyt en eigi veistu hva\u00f0an hann kemur e\u00f0ur hvert hann fer. So eru allir \u00feeir sem af andanum eru endurbornir.&#8220;<\/p>\n<p>\tNik\u00f3demus svara\u00f0i og sag\u00f0i honum: &#8222;Hvernin m\u00e1 \u00feetta ske?&#8220; Jes\u00fas svara\u00f0i og sag\u00f0i: <span class=\"athugasemd\" title=\"3 \/ \u00c1v\u00edtan far\u00edsearans\">[<\/span> &#8222;Ertu meistari \u00ed \u00cdsrael og veist eigi \u00feetta? Sannlega, sannlega segi eg \u00fe\u00e9r a\u00f0 v\u00e9r segjum \u00fea\u00f0 v\u00e9r vitum og vitnum \u00fea\u00f0 v\u00e9r s\u00e9\u00f0 h\u00f6fum og vort vitni me\u00f0taki\u00f0 \u00fe\u00e9r eigi. Og ef \u00fe\u00e9r tr\u00fai\u00f0 eigi \u00fe\u00e1 eg segi y\u00f0ur af jar\u00f0legum hlutum, hvernin munu \u00fe\u00e9r tr\u00faa mega ef eg seg\u00f0i y\u00f0ur af himneskum hlutum?<\/p>\n<p>\tEnginn mun og uppst\u00edga til himna nema s\u00e1 sem ofan st\u00e9 af himni, Sonur mannsins s\u00e1 sem er af himni. Og so sem Moyses uppfesti h\u00f6ggorminn \u00ed ey\u00f0im\u00f6rku, l\u00edka byrjar Mannsins syni upp a\u00f0 festast a\u00f0 allir \u00feeir er \u00e1 hann tr\u00faa fortapist eigi heldur a\u00f0 \u00feeir hafi eil\u00edft l\u00edf. <span class=\"athugasemd\" title=\"4 \/ Sannarlegt r\u00e9ttl\u00e6ti er ekki l\u00f6gm\u00e1lsins si\u00f0semd heldur \u00fea\u00f0 a\u00f0 tr\u00faa \u00e1 Christum krossfestan og upprisinn\">[<\/span> <\/p>\n<p>\tSvo elska\u00f0i Gu\u00f0 heiminn a\u00f0 hann gaf \u00fat sinn eingetinn son til \u00feess a\u00f0 allir \u00feeir sem \u00e1 hann tr\u00faa fyrirfarist eigi heldur a\u00f0 \u00feeir hafi eil\u00edft l\u00edf. \u00dev\u00ed eigi sendi Gu\u00f0 son sinn \u00ed heiminn a\u00f0 hann d\u00e6mi heiminn heldur a\u00f0 heimurinn frelsist fyrir hann. Hver \u00e1 hann tr\u00fair d\u00e6mist ei en hver hann tr\u00fair eigi hann er n\u00fa \u00feegar d\u00e6mdur \u00fev\u00ed a\u00f0 hann tr\u00fair eigi \u00e1 nafn eingetins Gu\u00f0s sonar. En \u00feessi er d\u00f3murinn: <span class=\"athugasemd\" title=\"Mar. 13 \/ Math. 26\">[<\/span> Lj\u00f3si\u00f0 kom \u00ed heiminn og mennirnir elsku\u00f0u meir myrkri\u00f0 en lj\u00f3si\u00f0 \u00fev\u00ed \u00feeirra verk voru vond. Hver illa gj\u00f6rir s\u00e1 hatar lj\u00f3si\u00f0. Hann kemur og eigi til lj\u00f3ssins a\u00f0 eigi straffist hans verk. En hver sannleikinn gj\u00f6rir hann kemur til lj\u00f3ssins so a\u00f0 hans gj\u00f6r\u00f0ir ver\u00f0i kunnar \u00fev\u00ed a\u00f0 \u00fe\u00e6r eru \u00ed Gu\u00f0i gj\u00f6r\u00f0ar.&#8220;<\/p>\n<p>\tEftir \u00feetta kemur Jes\u00fas og hans l\u00e6risveinar til Gy\u00f0ingalands og dvaldist \u00fear me\u00f0 \u00feeim og sk\u00edr\u00f0i. J\u00f3hannes var \u00fear enn og sk\u00edr\u00f0i vi\u00f0 Enon, n\u00e6rri Sal\u00edm \u00fev\u00ed a\u00f0 \u00fear voru v\u00f6tn m\u00f6rg. \u00deeir komu \u00feanga\u00f0 og sk\u00edr\u00f0ust \u00fev\u00ed a\u00f0 J\u00f3hannes var eigi \u00fe\u00e1 inn l\u00e1tinn \u00ed myrkvastofu.<\/p>\n<p>\tEn \u00fe\u00e1 gj\u00f6r\u00f0ist ein spurning af l\u00e6risveinum Johannis vi\u00f0 Gy\u00f0inga um hreinsunina. <span class=\"athugasemd\" title=\"5 \/ Spurning hvert Christo leyfist a\u00f0 sk\u00edra\">[<\/span> \u00deeir komu til Johannis og s\u00f6g\u00f0u honum: &#8222;Meistari, s\u00e1 sem h\u00e9r var hinumegin J\u00f3rdanar, af hverjum \u00fe\u00fa bart vitni, s\u00e9, hann sk\u00edrir n\u00fa og allir koma til hans.&#8220; J\u00f3hannes svara\u00f0i og sag\u00f0i: <span class=\"athugasemd\" title=\"6 \/ Greinarmunur \u00e1 milli Christum og Johannis og annarra sp\u00e1manna\">[<\/span> &#8222;Ma\u00f0ur f\u00e6r eigi me\u00f0teki\u00f0 nokku\u00f0 nema honum ver\u00f0i \u00fea\u00f0 af himnum gefi\u00f0. \u00de\u00e9r eru\u00f0 sj\u00e1lfir m\u00edn vitni \u00fea\u00f0 eg sag\u00f0a a\u00f0 eigi v\u00e6ri eg Kristur heldur \u00fea\u00f0 a\u00f0 eg v\u00e6ra fyrir honum sendur. Hver e\u00f0 br\u00fa\u00f0ina hefur, s\u00e1 er br\u00fa\u00f0guminn, en vinur br\u00fa\u00f0gumans er s\u00e1 sem stendur og hl\u00fd\u00f0ir honum, gle\u00f0jandist af fagna\u00f0i fyrir br\u00fa\u00f0gumans r\u00f6dd. S\u00e1 sami minn f\u00f6gnu\u00f0ur er n\u00fa uppfylldur. Honum ber a\u00f0 vaxa en m\u00e9r a\u00f0 minnka.<\/p>\n<p>\tS\u00e1 sem a\u00f0 ofan a\u00f0 kemur, hann er yfir \u00f6llum. Hver hann er af j\u00f6r\u00f0u, hann er j\u00f6r\u00f0 og af j\u00f6r\u00f0u talar hann. En s\u00e1 sem kemur af himni, hann er yfir \u00f6llum. Og hva\u00f0 hann s\u00e1 og heyr\u00f0i, \u00fea\u00f0 vitnar hann og enginn tekur hans vitnisbur\u00f0. En hver hann tekur hans vitnisbur\u00f0, s\u00e1 innsiglar \u00fea\u00f0 a\u00f0 Gu\u00f0 s\u00e9 sannur. \u00dev\u00ed hvern \u00feann sem Gu\u00f0 sendir s\u00e1 talar Gu\u00f0s or\u00f0 \u00fev\u00ed a\u00f0 eigi gefur Gu\u00f0 sinn anda a\u00f0 skammti. Fa\u00f0irinn elskar soninn og allt gaf hann \u00ed hans hendur. Hver hann tr\u00fair \u00e1 soninn, s\u00e1 hefur eil\u00edft l\u00edf, en hver hann tr\u00fair ekki \u00e1 soninn, hann mun eigi sj\u00e1 l\u00edfi\u00f0 heldur bl\u00edfur Gu\u00f0s rei\u00f0i yfir honum.&#8220; <span class=\"athugasemd\" title=\"7 \/ Eil\u00edft l\u00edf er skenkur Gu\u00f0s og me\u00f0tekst me\u00f0 tr\u00fanni en ei me\u00f0 verkum l\u00f6gm\u00e1lsins\">[<\/span><\/p>\n","protected":false},"excerpt":{"rendered":"<p>III. \u00dear var einn mann \u00ed bland Phariseos, Nik\u00f3demus a\u00f0 nafni. [ Hann var einn af h\u00f6f\u00f0ingjum Gy\u00f0inga. Hann kom til Jes\u00fa um n\u00f3tt og sag\u00f0i til hans: &#8222;Rabb\u00ed, v\u00e9r vitium a\u00f0 \u00fe\u00fa ert einn meistari af Gu\u00f0i kominn \u00fev\u00ed a\u00f0 enginn getur gj\u00f6rt \u00feau t\u00e1kn sem \u00fe\u00fa gj\u00f6rir nema Gu\u00f0 s\u00e9 me\u00f0 honum.&#8220; Jes\u00fas svara\u00f0i og sag\u00f0i til hans: &#8222;Sannlega, sannlega segi eg \u00fe\u00e9r: Nema ef s\u00e1 er nokkur sem a\u00f0 n\u00fdju ver\u00f0ur endurborinn, hann f\u00e6r ei a\u00f0 sj\u00e1 Gu\u00f0s r\u00edki.&#8220; \u00de\u00e1 sag\u00f0i Nik\u00f3demus til hans: &#8222;Hvernin m\u00e1 ma\u00f0urinn endurberast \u00fe\u00e1 hann er gamall? E\u00f0ur f\u00e6r hann stigi\u00f0 aftur <a href=\"https:\/\/biblian.is\/gudbrandsbiblia\/johannesargudspjall-3-kafli\/\"> [&#8230;]<\/a><\/p>\n","protected":false},"author":1,"featured_media":0,"parent":0,"menu_order":0,"comment_status":"open","ping_status":"open","template":"bibliukaflar.php","meta":{"footnotes":""},"class_list":["post-3850","page","type-page","status-publish","hentry"],"_links":{"self":[{"href":"https:\/\/biblian.is\/gudbrandsbiblia\/wp-json\/wp\/v2\/pages\/3850","targetHints":{"allow":["GET"]}}],"collection":[{"href":"https:\/\/biblian.is\/gudbrandsbiblia\/wp-json\/wp\/v2\/pages"}],"about":[{"href":"https:\/\/biblian.is\/gudbrandsbiblia\/wp-json\/wp\/v2\/types\/page"}],"author":[{"embeddable":true,"href":"https:\/\/biblian.is\/gudbrandsbiblia\/wp-json\/wp\/v2\/users\/1"}],"replies":[{"embeddable":true,"href":"https:\/\/biblian.is\/gudbrandsbiblia\/wp-json\/wp\/v2\/comments?post=3850"}],"version-history":[{"count":0,"href":"https:\/\/biblian.is\/gudbrandsbiblia\/wp-json\/wp\/v2\/pages\/3850\/revisions"}],"wp:attachment":[{"href":"https:\/\/biblian.is\/gudbrandsbiblia\/wp-json\/wp\/v2\/media?parent=3850"}],"curies":[{"name":"wp","href":"https:\/\/api.w.org\/{rel}","templated":true}]}}