{"id":3849,"date":"2017-12-18T18:34:53","date_gmt":"2017-12-18T18:34:53","guid":{"rendered":"http:\/\/biblian.is\/gudbrandsbiblia\/johannesargudspjall-2-kafli\/"},"modified":"2017-12-18T18:34:53","modified_gmt":"2017-12-18T18:34:53","slug":"johannesargudspjall-2-kafli","status":"publish","type":"page","link":"https:\/\/biblian.is\/gudbrandsbiblia\/johannesargudspjall-2-kafli\/","title":{"rendered":"J\u00f3hannesargu\u00f0spjall 2. kafli"},"content":{"rendered":"<p>II.<\/p>\n<p>Og \u00feri\u00f0ja dag \u00fear eftir var\u00f0 br\u00fa\u00f0kaup til Kana \u00ed Galilea og \u00fear var m\u00f3\u00f0ir Jes\u00fa. <span class=\"athugasemd\" title=\"1 \/ Brullaup \u00ed Kana Galilee\">[<\/span> Jes\u00fas var bo\u00f0inn og hans l\u00e6risveinar til br\u00fa\u00f0kaupsins. Og er \u00fe\u00e1 \u00feraut v\u00edni\u00f0 sag\u00f0i m\u00f3\u00f0ir Jes\u00fa til hans: &#8222;\u00deeir hafa eigi v\u00edn.&#8220; Jes\u00fas sag\u00f0i til hennar: <span class=\"athugasemd\" title=\"Forte sic \/ Hva\u00f0 kemur \u00fea\u00f0 vi\u00f0 mig og \u00feig\">[<\/span> &#8222;\u00de\u00fa kona, hva\u00f0 hefi eg me\u00f0 \u00feig? M\u00edn stund er ei enn komin.&#8220; M\u00f3\u00f0ir hans sag\u00f0i vi\u00f0 \u00fej\u00f3nustumennina: &#8222;Hva\u00f0 helst hann segir y\u00f0ur, \u00fea\u00f0 gj\u00f6ri\u00f0.&#8220; En \u00fear voru sex steinker, sett eftir venju ebreskrar hreinsunar. Hvert eitt t\u00f3k tvo e\u00f0a \u00ferj\u00e1 m\u00e6lir. Jes\u00fas tala\u00f0i til \u00feeirra: &#8222;Fylli\u00f0 upp kerin af vatni.&#8220; Og \u00feeir fylltu \u00feau allt \u00e1 barma. Og hann sag\u00f0i \u00feeim: &#8222;Helli\u00f0 n\u00fa \u00e1 og f\u00e6ri\u00f0 k\u00e6meistaranum. Og \u00feeir f\u00e6r\u00f0u honum. En \u00fe\u00e1 k\u00e6meistarinn smakka\u00f0i v\u00edni\u00f0 \u00fea\u00f0 vatn haf\u00f0i veri\u00f0 vissi hann ekki hva\u00f0an \u00fea\u00f0 kom en \u00fej\u00f3nustumennirnir sem vatni\u00f0 s\u00f3ttu vissu \u00fea\u00f0. Hann kallar \u00e1 br\u00fa\u00f0gumann og segir honum: &#8222;Allir menn gefa \u00ed fyrstu gott v\u00edn og n\u00e6r \u00feeir gj\u00f6rast \u00f6lva\u00f0ir \u00fe\u00e1 \u00fea\u00f0 hi\u00f0 l\u00e9ttara. En \u00fe\u00fa hefur geymt hi\u00f0 g\u00f3\u00f0a allt til \u00feessa.&#8220;<\/p>\n<p>\t\u00deetta er hi\u00f0 fyrsta jarteikn \u00fea\u00f0 Jes\u00fas gj\u00f6r\u00f0i til Kana \u00ed Galilea og hann opinbera\u00f0i s\u00edna d\u00fdr\u00f0 og hans l\u00e6risveinar tr\u00fa\u00f0u \u00e1 hann. Eftir \u00fea\u00f0 f\u00f3r hann ofan til Kapernaum, hann og m\u00f3\u00f0ir hans, br\u00e6\u00f0ur hans og l\u00e6risveinar og voru \u00fear eigi mj\u00f6g marga daga.<\/p>\n<p>\t\u00de\u00e1 var og n\u00e1l\u00e6g p\u00e1skah\u00e1t\u00ed\u00f0 Gy\u00f0inga. Og Jes\u00fas f\u00f3r upp til Jer\u00fasalem og fann \u00ed musterinu sitjandi \u00fe\u00e1 sem seldu naut, sau\u00f0i, d\u00fafur og \u00fe\u00e1 sem umskipti gj\u00f6r\u00f0u \u00e1 peningum. <span class=\"athugasemd\" title=\"2 \/ Seljendur og kaupendur \u00fatreknir af musterinu\">[<\/span> \u00de\u00e1 gj\u00f6r\u00f0i hann s\u00e9r svipu af strengjum og rak \u00fat alla af musterinu, b\u00e6\u00f0i naut og sau\u00f0i og hratt ni\u00f0ur peningum og bor\u00f0um \u00feeirra er umskiptin gj\u00f6r\u00f0u og sag\u00f0i vi\u00f0 \u00fe\u00e1 sem d\u00fafurnar seldu: &#8222;Beri \u00fe\u00e9r \u00feetta burt h\u00e9\u00f0an og gj\u00f6ri\u00f0 eigi m\u00edns f\u00f6\u00f0urs h\u00fas a\u00f0 s\u00f6luh\u00fasi!&#8220; Hans l\u00e6risveinar hugleiddu \u00fe\u00e1 hva\u00f0 skrifa\u00f0 er: &#8222;Vandl\u00e6ti h\u00fass \u00fe\u00edns \u00e1t mig.&#8220;<\/p>\n<p>\t\u00de\u00e1 \u00f6nsu\u00f0u J\u00fa\u00f0ar og s\u00f6g\u00f0u honum: &#8222;Hvert teikn s\u00fdnir \u00fe\u00fa oss a\u00f0 \u00fe\u00fa megir \u00feetta gj\u00f6ra?&#8220; Jes\u00fas svara\u00f0i og sag\u00f0i \u00feeim: <span class=\"athugasemd\" title=\"3 \/ Teikn Christi alm\u00e6ttis, afleggjandi og afturtakandi s\u00edna \u00f6nd\">[<\/span> &#8222;Brj\u00f3ti\u00f0 \u00feetta musteri en eg skal \u00e1 \u00feri\u00f0ja degi \u00fea\u00f0 uppreisa.&#8220; \u00de\u00e1 s\u00f6g\u00f0u Gy\u00f0ingar: &#8222;\u00deetta musteri er uppbyggt \u00ed sex og fj\u00f6rut\u00edgi \u00e1r en \u00fe\u00fa vilt uppreisa \u00fea\u00f0 \u00e1 \u00ferim d\u00f6gum?&#8220; Hann tala\u00f0i um musteri s\u00edns l\u00edkama. Og \u00fe\u00e1 hann var af dau\u00f0a upprisinn hugleiddu hans l\u00e6risveinar a\u00f0 hann haf\u00f0i \u00feetta m\u00e6lt og tr\u00fa\u00f0u Ritningunni og \u00feeim or\u00f0um er Jes\u00fas haf\u00f0i tala\u00f0.<\/p>\n<p>\tEn sem hann var \u00ed Jer\u00fasalem um p\u00e1ska, \u00e1 \u00feeim h\u00e1t\u00ed\u00f0ardegi, \u00fe\u00e1 tr\u00fa\u00f0u margir \u00e1 hans nafn, \u00feeir sem s\u00e1u \u00feau t\u00e1kn er hann gj\u00f6r\u00f0i. En Jes\u00fas tr\u00fa\u00f0i \u00feeim eigi til um sj\u00e1lfan sig af \u00fev\u00ed a\u00f0 hann \u00feekkti alla og \u00feurfti eigi vi\u00f0 a\u00f0 nokkur b\u00e6ri manninum vitni \u00fev\u00ed a\u00f0 hann sj\u00e1lfur vissi hva\u00f0 me\u00f0 manninum var.<\/p>\n","protected":false},"excerpt":{"rendered":"<p>II. Og \u00feri\u00f0ja dag \u00fear eftir var\u00f0 br\u00fa\u00f0kaup til Kana \u00ed Galilea og \u00fear var m\u00f3\u00f0ir Jes\u00fa. [ Jes\u00fas var bo\u00f0inn og hans l\u00e6risveinar til br\u00fa\u00f0kaupsins. Og er \u00fe\u00e1 \u00feraut v\u00edni\u00f0 sag\u00f0i m\u00f3\u00f0ir Jes\u00fa til hans: &#8222;\u00deeir hafa eigi v\u00edn.&#8220; Jes\u00fas sag\u00f0i til hennar: [ &#8222;\u00de\u00fa kona, hva\u00f0 hefi eg me\u00f0 \u00feig? M\u00edn stund er ei enn komin.&#8220; M\u00f3\u00f0ir hans sag\u00f0i vi\u00f0 \u00fej\u00f3nustumennina: &#8222;Hva\u00f0 helst hann segir y\u00f0ur, \u00fea\u00f0 gj\u00f6ri\u00f0.&#8220; En \u00fear voru sex steinker, sett eftir venju ebreskrar hreinsunar. Hvert eitt t\u00f3k tvo e\u00f0a \u00ferj\u00e1 m\u00e6lir. Jes\u00fas tala\u00f0i til \u00feeirra: &#8222;Fylli\u00f0 upp kerin af vatni.&#8220; Og \u00feeir fylltu \u00feau <a href=\"https:\/\/biblian.is\/gudbrandsbiblia\/johannesargudspjall-2-kafli\/\"> [&#8230;]<\/a><\/p>\n","protected":false},"author":1,"featured_media":0,"parent":0,"menu_order":0,"comment_status":"open","ping_status":"open","template":"bibliukaflar.php","meta":{"footnotes":""},"class_list":["post-3849","page","type-page","status-publish","hentry"],"_links":{"self":[{"href":"https:\/\/biblian.is\/gudbrandsbiblia\/wp-json\/wp\/v2\/pages\/3849","targetHints":{"allow":["GET"]}}],"collection":[{"href":"https:\/\/biblian.is\/gudbrandsbiblia\/wp-json\/wp\/v2\/pages"}],"about":[{"href":"https:\/\/biblian.is\/gudbrandsbiblia\/wp-json\/wp\/v2\/types\/page"}],"author":[{"embeddable":true,"href":"https:\/\/biblian.is\/gudbrandsbiblia\/wp-json\/wp\/v2\/users\/1"}],"replies":[{"embeddable":true,"href":"https:\/\/biblian.is\/gudbrandsbiblia\/wp-json\/wp\/v2\/comments?post=3849"}],"version-history":[{"count":0,"href":"https:\/\/biblian.is\/gudbrandsbiblia\/wp-json\/wp\/v2\/pages\/3849\/revisions"}],"wp:attachment":[{"href":"https:\/\/biblian.is\/gudbrandsbiblia\/wp-json\/wp\/v2\/media?parent=3849"}],"curies":[{"name":"wp","href":"https:\/\/api.w.org\/{rel}","templated":true}]}}