{"id":3843,"date":"2017-12-18T18:34:53","date_gmt":"2017-12-18T18:34:53","guid":{"rendered":"http:\/\/biblian.is\/gudbrandsbiblia\/lukasargudspjall-20-kafli\/"},"modified":"2017-12-18T18:34:53","modified_gmt":"2017-12-18T18:34:53","slug":"lukasargudspjall-20-kafli","status":"publish","type":"page","link":"https:\/\/biblian.is\/gudbrandsbiblia\/lukasargudspjall-20-kafli\/","title":{"rendered":"L\u00fakasargu\u00f0spjall 20. kafli"},"content":{"rendered":"<p>XX.<\/p>\n<p>Og \u00fea\u00f0 ske\u00f0i \u00e1 einum \u00feessara daga \u00fe\u00e1 hann var a\u00f0 kenna f\u00f3lkinu \u00ed musterinu og a\u00f0 pr\u00e9dika evangelium \u00fe\u00e1 komu til hans prestah\u00f6f\u00f0ingjar og skriftl\u00e6r\u00f0ir me\u00f0 \u00f6ldungum, t\u00f6lu\u00f0u til hans og s\u00f6g\u00f0u: <span class=\"athugasemd\" title=\"1 \/ Um magt og vald Christi\">[<\/span> &#8222;Seg oss, af hverri magt er \u00fe\u00fa gj\u00f6r\u00f0ir \u00feetta e\u00f0a hver er s\u00e1 sem \u00fe\u00e9r gaf \u00feessa magt?&#8220; Jes\u00fas svara\u00f0i og sag\u00f0i til \u00feeirra: &#8222;Eg vil spyrja y\u00f0ur og a\u00f0 einu or\u00f0i, svari\u00f0 m\u00e9r: <span class=\"athugasemd\" title=\"2 \/ Sk\u00edrn Johannis og hva\u00f0an h\u00fan var \/ Math. 21 \/ Marc. 12\">[<\/span> Sk\u00edrn Johannis, var h\u00fan af himni e\u00f0ur af m\u00f6nnum?&#8220; En \u00feeir hugsu\u00f0u me\u00f0 sj\u00e1lfum s\u00e9r og s\u00f6g\u00f0u: &#8222;Ef v\u00e9r segjum: Af himni, so segir hann: Fyrir \u00fev\u00ed tr\u00fa\u00f0u \u00fe\u00e9r henni eigi? En ef v\u00e9r segum: Af m\u00f6nnum, \u00fe\u00e1 mun allur l\u00fd\u00f0ur lemja oss grj\u00f3ti \u00fev\u00ed a\u00f0 \u00feeir eru \u00f6ruggir \u00ed \u00fev\u00ed a\u00f0 J\u00f3hannes v\u00e6ri sp\u00e1ma\u00f0ur.&#8220; Og \u00feeir sv\u00f6ru\u00f0u a\u00f0 \u00feeir vissu ei hva\u00f0an h\u00fan v\u00e6ri. Og Jes\u00fas sag\u00f0i til \u00feeirra: &#8222;\u00de\u00e1 segi eg y\u00f0ur eigi heldur af hverri magt eg gj\u00f6ri \u00feetta.&#8220;<\/p>\n<p>\tEn hann t\u00f3k \u00fe\u00e1 a\u00f0 segja til f\u00f3lksins \u00feessa eftirl\u00edking: <span class=\"athugasemd\" title=\"3 \/ Straff Pharisei \u00fatsk\u00fafandi Christo\">[<\/span> &#8222;Nokkur ma\u00f0ur planta\u00f0i v\u00edngar\u00f0 og bygg\u00f0i hann v\u00edngar\u00f0sm\u00f6nnum, f\u00f3r s\u00ed\u00f0an og var \u00ed burt um langan t\u00edma. Og er t\u00edmi var til sendi hann einn \u00fej\u00f3n til v\u00edngar\u00f0smannanna a\u00f0 \u00feeir g\u00e6fi honum af \u00e1vexti v\u00edngar\u00f0sins, hvern v\u00edngar\u00f0smennirnir h\u00fa\u00f0flettu og l\u00e9tu t\u00f3mum h\u00f6ndum fr\u00e1 s\u00e9r fara. Og um \u00fea\u00f0 fram sendi hann \u00fat annan \u00fej\u00f3n. En \u00feeir str\u00fdktu hann og d\u00e1ru\u00f0u og l\u00e9tu erindislausan \u00ed burt fara. Og enn yfir \u00fea\u00f0 fram sendi hann \u00fat hinn \u00feri\u00f0ja hvern \u00feeir lemstru\u00f0u s\u00e1rum og r\u00e1ku burt s\u00ed\u00f0an. En \u00fe\u00e1 sag\u00f0i herrann v\u00edngar\u00f0sins: Hva\u00f0 skal eg til gj\u00f6ra? Eg mun senda son minn elskulegan, m\u00e1 vera a\u00f0 \u00fe\u00e1 \u00feeir sj\u00e1 hann \u00fe\u00e1 feili \u00feeir s\u00e9r.<\/p>\n<p>\tEn \u00fe\u00e1 v\u00edngar\u00f0smennirnir s\u00e1u soninn \u00feenktu \u00feeir me\u00f0 sj\u00e1lfum s\u00e9r og s\u00f6g\u00f0u: \u00deessi er erfinginn, komi\u00f0 afl\u00edfum hann so a\u00f0 vor ver\u00f0i arfleif\u00f0in. Og \u00feeir hnepptu hann \u00fat af v\u00edngar\u00f0inum og l\u00edfl\u00e9tu hann. Hva\u00f0 mun n\u00fa herrann v\u00edngar\u00f0sins gj\u00f6ra til vi\u00f0 \u00fe\u00e1? Hann mun koma og tort\u00fdna \u00feessum v\u00edngar\u00f0sm\u00f6nnum og byggja sinn v\u00edngar\u00f0 \u00f6\u00f0rum.&#8220; \u00de\u00e1 \u00feeir heyr\u00f0u \u00fea\u00f0 s\u00f6g\u00f0u \u00feeir: &#8222;Fj\u00e6rri er \u00fev\u00ed!&#8220;<\/p>\n<p>\tEn hann horf\u00f0i \u00e1 \u00fe\u00e1 og sag\u00f0i: &#8222;Hva\u00f0 er \u00fe\u00e1 \u00fea\u00f0 hva\u00f0 \u00fear skrifa\u00f0 er: <span class=\"athugasemd\" title=\"Psal. 97\">[<\/span> \u00deann stein hvern uppbyggendur forkl\u00f6gu\u00f0u, s\u00e1 er or\u00f0inn a\u00f0 h\u00f6f\u00f0i hyrningar? Hver hann fellur \u00e1 \u00feennan stein s\u00e1 mun sundurmerjast en \u00e1 hvern hann fellur \u00feann mun hann kremja.&#8220; Og kennimannah\u00f6f\u00f0ingjar og skriftl\u00e6r\u00f0ir leitu\u00f0u eftir hvernin \u00feeir fengi hendur \u00e1 hann lagt \u00ed \u00fea\u00f0 sinn og \u00f3ttu\u00f0ust f\u00f3lki\u00f0 a\u00f0 \u00fev\u00ed a\u00f0 \u00feeir formerktu a\u00f0 hann haf\u00f0i sagt til \u00feeirra \u00feessa eftirl\u00edking.<\/p>\n<p>\t\u00deeir h\u00f6f\u00f0u og var\u00f0h\u00f6ld \u00e1 honum og sendu \u00fat talsmenn hverjir s\u00e9r \u00e1ttu a\u00f0 breyta sem v\u00e6ri \u00feeir aldyggvir so a\u00f0 \u00feeir g\u00e6tu veitt hann \u00ed or\u00f0um og afhent hann valdsstj\u00f3rninni og yfirvaldinu landstj\u00f3rnarans. <span class=\"athugasemd\" title=\"Math. 22 \/ Math. 12\">[<\/span> Og \u00feeir spur\u00f0u hann a\u00f0 og s\u00f6g\u00f0u: &#8222;Meistar, v\u00e6r vitum \u00fe\u00fa segir r\u00e9tt og kennir og \u00e1l\u00edtur eigi nokkurs manns yfirlit heldur kennir \u00fe\u00fa Gu\u00f0s g\u00f6tu \u00ed sannleika. Hvert h\u00e6fir oss a\u00f0 gefa keisaranum skatt e\u00f0a eigi?&#8220; <span class=\"athugasemd\" title=\"4 \/ Um skattgjaldi\u00f0 keisarans\">[<\/span> En hann merkti \u00feeirra fl\u00e1tskap og sag\u00f0i til \u00feeirra: &#8222;Hva\u00f0 freisti \u00fe\u00e9r m\u00edn? S\u00fdni\u00f0 m\u00e9r peninginn, hvers mynd og innskrift hefur hann?&#8220; \u00deeir sv\u00f6ru\u00f0u og s\u00f6g\u00f0u: &#8222;Keisarans.&#8220; Hann sag\u00f0i \u00fe\u00e1 til \u00feeirra: &#8222;\u00dev\u00ed gefi\u00f0 keisaranum hva\u00f0 keisarans er og Gu\u00f0i hva\u00f0 Gu\u00f0s er.&#8220; Og \u00feeir g\u00e1tu eigi straffa\u00f0 hans or\u00f0 fyrir f\u00f3lkinu, undrandi hans andsv\u00f6r og \u00fe\u00f6gnu\u00f0u.<\/p>\n<p>\tEn nokkrir af Saduceis gengu til hans hverjir neita upprisuna vera, spur\u00f0u hann a\u00f0 og s\u00f6g\u00f0u: <span class=\"athugasemd\" title=\"Math. 22 \/ Deut. 5 \/ 5 \/ Um upprisu framli\u00f0inna\">[<\/span> &#8222;Meistari, Moyses skrifa\u00f0i oss ef a\u00f0 einhvers br\u00f3\u00f0ir anda\u00f0ist s\u00e1 er eiginkonu \u00e6tti og v\u00e6ri hann barnlaus d\u00e1inn \u00fe\u00e1 skal hans br\u00f3\u00f0ir taka hans konu og uppvekja so s\u00ednum br\u00f3\u00f0ur s\u00e6\u00f0i. N\u00fa voru \u00fear sj\u00f6 br\u00e6\u00f0ur og hinn elsti f\u00e9kk s\u00e9r eiginar konu og anda\u00f0ist erfingjalaus. Og s\u00e1 annar f\u00e9kk hennar og anda\u00f0ist barnlaus. Og hinn \u00feri\u00f0ji \u00e1tti hana. L\u00edka og einnin allir \u00feeir sj\u00f6 og l\u00e9tu ei b\u00f6rn eftir og \u00f6ndu\u00f0ust en seinast allra \u00feeirra anda\u00f0ist og konan. Hvers \u00feeirra eiginkona ver\u00f0ur h\u00fan n\u00fa \u00ed upprisunni? \u00dev\u00ed a\u00f0 allir sj\u00f6 hafa \u00feeir haft hana til eignarkonu.&#8220;<\/p>\n<p>\tOg Jes\u00fas svara\u00f0i og sag\u00f0i til \u00feeirra: &#8222;Synir \u00feessar veraldar giftast og l\u00e1ta gifta sig en \u00feeir sem ver\u00f0ugir ver\u00f0a a\u00f0 \u00f6\u00f0last hinn annan heim og upprisunnar af dau\u00f0anum \u00feeir munu hverki giftast n\u00e9 sig gifta l\u00e1ta \u00fev\u00ed \u00feeir geta eigi oftar d\u00e1i\u00f0 \u00fev\u00ed \u00feeir eru englum l\u00edkir og Gu\u00f0s b\u00f6rn \u00e1 me\u00f0an \u00feeir eru upprisunnar b\u00f6rn. En \u00fea\u00f0 e\u00f0 hinir framli\u00f0nu munu uppr\u00edsa hefur Moyses au\u00f0s\u00fdnt vi\u00f0 sk\u00f3garrunninn \u00fe\u00e1 hann kalla\u00f0i Drottin Gu\u00f0 Abrahams, Gu\u00f0 \u00cdsaaks, Gu\u00f0 Jacob. <span class=\"athugasemd\" title=\"Exo. 3\">[<\/span> En Gu\u00f0 hann er eigi dau\u00f0ra heldur lifandra manna Gu\u00f0 \u00fev\u00ed a\u00f0 \u00feeir lifa honum allir.&#8220; \u00de\u00e1 sv\u00f6ru\u00f0u nokkrir af hinum skriftl\u00e6r\u00f0u og s\u00f6g\u00f0u: &#8222;Meistari, \u00fe\u00fa hefur vel sagt.&#8220; Og \u00feeir dirf\u00f0ust eigi framar a\u00f0 spyrja hann nokkurs.<\/p>\n<p>\tEn hann sag\u00f0i til \u00feeirra: <span class=\"athugasemd\" title=\"6 \/ Hver Christus hann s\u00e9\">[<\/span> &#8222;Hvernin segja \u00feeir Krist vera Dav\u00ed\u00f0s son? Og sj\u00e1lfur Dav\u00ed\u00f0 segir \u00ed s\u00e1lmab\u00f3kinni: Drottinn sag\u00f0i til m\u00edns Drottins: Sit \u00fe\u00fa til minnar h\u00e6gri handar \u00fear til eg legg \u00fe\u00edna \u00f3vini til skarar \u00feinna f\u00f3ta. Fyrst Dav\u00ed\u00f0 kallar hann Drottin, hvernin er hann \u00fe\u00e1 hans sonur?&#8220;<\/p>\n<p>\tEn \u00f6llu f\u00f3lkinu \u00e1heyrandi \u00fe\u00e1 sag\u00f0i hann til sinna l\u00e6risveina: <span class=\"athugasemd\" title=\"7 \/ \u00c1girni og metna\u00f0ur Phariseis straffast\">[<\/span> &#8222;Vakti\u00f0 y\u00f0ur fyrir hinum skriftl\u00e6r\u00f0u, hverjir ganga vilja \u00ed s\u00ed\u00f0um kl\u00e6\u00f0um og k\u00e6rar hafa kve\u00f0jur \u00e1 torgum og hin fremstu s\u00e6ti \u00ed samkunduh\u00fasum og \u00e6\u00f0stan sess \u00ed samdrykkjum, hverjir uppsvelgja ekknanna h\u00fas me\u00f0 yfirvarpi langs b\u00e6nahalds. \u00deeir \u00f6\u00f0last \u00feess \u00feyngri fyrird\u00e6ming.&#8220;<\/p>\n","protected":false},"excerpt":{"rendered":"<p>XX. Og \u00fea\u00f0 ske\u00f0i \u00e1 einum \u00feessara daga \u00fe\u00e1 hann var a\u00f0 kenna f\u00f3lkinu \u00ed musterinu og a\u00f0 pr\u00e9dika evangelium \u00fe\u00e1 komu til hans prestah\u00f6f\u00f0ingjar og skriftl\u00e6r\u00f0ir me\u00f0 \u00f6ldungum, t\u00f6lu\u00f0u til hans og s\u00f6g\u00f0u: [ &#8222;Seg oss, af hverri magt er \u00fe\u00fa gj\u00f6r\u00f0ir \u00feetta e\u00f0a hver er s\u00e1 sem \u00fe\u00e9r gaf \u00feessa magt?&#8220; Jes\u00fas svara\u00f0i og sag\u00f0i til \u00feeirra: &#8222;Eg vil spyrja y\u00f0ur og a\u00f0 einu or\u00f0i, svari\u00f0 m\u00e9r: [ Sk\u00edrn Johannis, var h\u00fan af himni e\u00f0ur af m\u00f6nnum?&#8220; En \u00feeir hugsu\u00f0u me\u00f0 sj\u00e1lfum s\u00e9r og s\u00f6g\u00f0u: &#8222;Ef v\u00e9r segjum: Af himni, so segir hann: Fyrir \u00fev\u00ed tr\u00fa\u00f0u \u00fe\u00e9r henni <a href=\"https:\/\/biblian.is\/gudbrandsbiblia\/lukasargudspjall-20-kafli\/\"> [&#8230;]<\/a><\/p>\n","protected":false},"author":1,"featured_media":0,"parent":0,"menu_order":0,"comment_status":"open","ping_status":"open","template":"bibliukaflar.php","meta":{"footnotes":""},"class_list":["post-3843","page","type-page","status-publish","hentry"],"_links":{"self":[{"href":"https:\/\/biblian.is\/gudbrandsbiblia\/wp-json\/wp\/v2\/pages\/3843","targetHints":{"allow":["GET"]}}],"collection":[{"href":"https:\/\/biblian.is\/gudbrandsbiblia\/wp-json\/wp\/v2\/pages"}],"about":[{"href":"https:\/\/biblian.is\/gudbrandsbiblia\/wp-json\/wp\/v2\/types\/page"}],"author":[{"embeddable":true,"href":"https:\/\/biblian.is\/gudbrandsbiblia\/wp-json\/wp\/v2\/users\/1"}],"replies":[{"embeddable":true,"href":"https:\/\/biblian.is\/gudbrandsbiblia\/wp-json\/wp\/v2\/comments?post=3843"}],"version-history":[{"count":0,"href":"https:\/\/biblian.is\/gudbrandsbiblia\/wp-json\/wp\/v2\/pages\/3843\/revisions"}],"wp:attachment":[{"href":"https:\/\/biblian.is\/gudbrandsbiblia\/wp-json\/wp\/v2\/media?parent=3843"}],"curies":[{"name":"wp","href":"https:\/\/api.w.org\/{rel}","templated":true}]}}