{"id":3838,"date":"2017-12-18T18:34:50","date_gmt":"2017-12-18T18:34:50","guid":{"rendered":"http:\/\/biblian.is\/gudbrandsbiblia\/lukasargudspjall-15-kafli\/"},"modified":"2017-12-18T18:34:50","modified_gmt":"2017-12-18T18:34:50","slug":"lukasargudspjall-15-kafli","status":"publish","type":"page","link":"https:\/\/biblian.is\/gudbrandsbiblia\/lukasargudspjall-15-kafli\/","title":{"rendered":"L\u00fakasargu\u00f0spjall 15. kafli"},"content":{"rendered":"<p>XV.<\/p>\n<p>N\u00e6r allir tollheimtumenn og bersyndugir n\u00e1l\u00e6g\u00f0ust hann a\u00f0 heyra honum. <span class=\"athugasemd\" title=\"1 \/ Af \u00f3m\u00e6lanlegri Gu\u00f0s miskunn kallandi alla til i\u00f0ranar\">[<\/span> Og Pharisei og skriftl\u00e6r\u00f0ir m\u00f6glu\u00f0u og s\u00f6g\u00f0u: &#8222;\u00deessi me\u00f0tekur synduga og etur me\u00f0ur \u00feeim.&#8220; En hann sag\u00f0i \u00feessa eftirl\u00edking til \u00feeirra og sag\u00f0i: &#8222;Hver er s\u00e1 \u00ed bland y\u00f0ur sem hefur hundra\u00f0 sau\u00f0a og ef hann t\u00fdnir einum af \u00feeim forl\u00e6tur eigi hann n\u00edu og n\u00edutigu \u00ed ey\u00f0im\u00f6rku og fer eftir \u00feeim er t\u00fdndist \u00feanga\u00f0 til hann finnur hann? Og n\u00e6r hann hefur hann fundi\u00f0 leggur hann hann upp me\u00f0 fagna\u00f0i s\u00e9r \u00e1 her\u00f0ar, kemur heim og samankallar vini og n\u00e1granna og segir til \u00feeirra: <span class=\"athugasemd\" title=\"Matth. 18 \/ Infra. 19\">[<\/span> Samgle\u00f0jist me\u00f0 m\u00e9r \u00fev\u00ed a\u00f0 eg hefi minn sau\u00f0 aftur fundi\u00f0 sem tapa\u00f0ur var. Eg segi y\u00f0ur a\u00f0 l\u00edka svo mun f\u00f6gnu\u00f0ur ver\u00f0a \u00e1 himnum yfir einum syndugum \u00feeim er i\u00f0ran gj\u00f6rir, meir en yfir \u00feeim n\u00edu og n\u00edut\u00edgu r\u00e9ttl\u00e1tum er eigi \u00feurfa yfirb\u00f3tar vi\u00f0. E\u00f0a hver s\u00fa kona e\u00f0 hefur t\u00edu peninga og ef h\u00fan t\u00fdnir einum, kveikir h\u00fan eigi lj\u00f3s og s\u00f3par h\u00fasi\u00f0 og leitar vandlega \u00fear til h\u00fan finnur hann? Og n\u00e6r h\u00fan hefir fundi\u00f0 hann samankallar h\u00fan vinkonur s\u00ednar og grannkonur og segir: Samgle\u00f0jist m\u00e9r \u00fev\u00ed a\u00f0 eg hefi minn pening aftur fundi\u00f0 hverjum eg haf\u00f0a t\u00fdnt. L\u00edka so segi eg y\u00f0ur a\u00f0 f\u00f6gnu\u00f0ur mun vera fyrir englum Gu\u00f0s yfir einum syndugum \u00feeim yfirb\u00f3t gj\u00f6rir.&#8220;<\/p>\n<p>\tOg hann sag\u00f0i: <span class=\"athugasemd\" title=\"3 \/ D\u00e6mi Gu\u00f0s st\u00f3rrar miskunnar me\u00f0takandi synduga til i\u00f0ranar\">[<\/span>&#8222;Nokkur ma\u00f0ur var s\u00e1 er haf\u00f0i tvo syni. Og hinn yngri af \u00feeim sag\u00f0i til f\u00f6\u00f0us s\u00edns: Fa\u00f0ir, gef m\u00e9r \u00fe\u00e1 deild af g\u00f3ssinu sem m\u00e9r ber. Og hann skipti me\u00f0 \u00feeim g\u00f3ssinu. Og innan f\u00e1rra daga \u00fe\u00e1 dr\u00f3 hinn yngri sonurinn allt til samans og reisti s\u00ed\u00f0an lagt burt \u00ed fjarl\u00e6gt r\u00edki og fort\u00e6r\u00f0i \u00fear s\u00ednu g\u00f3ssi \u00ed ey\u00f0slulegum lifna\u00f0i. Og eftir \u00e1 er hann haf\u00f0i \u00f6llu s\u00f3a\u00f0 gj\u00f6r\u00f0ist megnt hungur \u00ed \u00fev\u00ed sama r\u00edki so hann t\u00f3k ves\u00f6ld a\u00f0 \u00feola. Hann f\u00f3r og h\u00e9lt til hj\u00e1 einum borgari \u00feess r\u00edkis. Og s\u00e1 sendi hann \u00fat \u00e1 sinn b\u00fasta\u00f0 a\u00f0 hann g\u00e6tti \u00fear sv\u00edna. Hann f\u00fdsti og a\u00f0 se\u00f0ja sinn maga af drafi \u00fev\u00ed er sv\u00ednin \u00e1tu og enginn gaf honum.<\/p>\n<p>\tEn hann komst \u00fe\u00e1 vi\u00f0 og sag\u00f0i: <span class=\"athugasemd\" title=\"3 \/ L\u00e6rd\u00f3mur og d\u00e6mi r\u00e9ttrar i\u00f0ranar\">[<\/span> Hve margir leigumenn \u00fe\u00e1 eru \u00ed m\u00edns f\u00f6\u00f0urs h\u00fasi \u00feeir e\u00f0 hafa n\u00e6g\u00f0 a brau\u00f0um en eg ferst \u00ed hungri \u00feessu! \u00dev\u00ed skal eg upp standa og fara til f\u00f6\u00f0ur m\u00edns og segja til hans: Fa\u00f0ir, eg syndga\u00f0i \u00ed himininn og fyrir \u00fe\u00e9r. \u00dev\u00ed er eg eigi ver\u00f0ugur a\u00f0 kallast \u00feinn sonur. Gj\u00f6r mig \u00fev\u00ed sem einn af \u00fe\u00ednum leigum\u00f6nnum. Hann reis upp og kom til f\u00f6\u00f0ur s\u00edns. Og er hann var enn langt \u00ed burt \u00fea\u00f0an leit hann fa\u00f0ir hans og s\u00e1 aumur \u00e1 honum, hlj\u00f3p a\u00f0 og f\u00e9ll um h\u00e1ls honum og kyssti hann. En sonurinn sag\u00f0i til hans: Fa\u00f0ir, eg syndga\u00f0i \u00ed himininn og fyrir \u00fe\u00e9r. Af \u00fev\u00ed em eg n\u00fa eigi ver\u00f0ugur a\u00f0 kallast sonur \u00feinn. En fa\u00f0irinn sag\u00f0i til \u00fej\u00f3na sinna: Beri\u00f0 strax hinga\u00f0 hi\u00f0 \u00e6\u00f0sta kl\u00e6\u00f0i og f\u00e6ri\u00f0 hann \u00ed og gefi\u00f0 hring \u00e1 hans h\u00f6nd og sk\u00f3 \u00e1 hans f\u00e6tur, s\u00e6ki\u00f0 alinn k\u00e1lf og sl\u00e1tri\u00f0 honum og neytum so og verum k\u00e1tir. \u00dev\u00ed a\u00f0 \u00feessi minn sonur var dau\u00f0ur og endurlifna\u00f0i, hann t\u00fdndist og er n\u00fa fundinn. Og \u00feeir t\u00f3ku a\u00f0 gle\u00f0jast.<\/p>\n<p>\tEn hans hinn eldri sonur var \u00e1 akri og er hann kom og n\u00e1lga\u00f0ist h\u00fasi\u00f0 heyr\u00f0i hann kve\u00f0skap og dansl\u00e6ti og kalla\u00f0i einn af \u00fej\u00f3nustum\u00f6nnunum til s\u00edn og spur\u00f0i hva\u00f0 \u00feetta v\u00e6ri. <span class=\"athugasemd\" title=\"4 \/ Huggun a\u00f0 s\u00e1 fortapa\u00f0i sonur ?kst til n\u00e1\u00f0ar\">[<\/span> S\u00e1 sag\u00f0i honum: Br\u00f3\u00f0ir \u00feinn er kominn og sl\u00e1tra\u00f0i fa\u00f0ir \u00feinn \u00f6ldum k\u00e1lfi \u00fea\u00f0 hann f\u00e9kk hann heilan aftur. En hann \u00feykktist vi\u00f0 og vildi eigi inn ganga. \u00de\u00e1 gekk fa\u00f0ir hans \u00fat og bau\u00f0 honum. En hann svara\u00f0i og sag\u00f0i til f\u00f6\u00f0ur s\u00edns: <span class=\"athugasemd\" title=\"5 \/ Hr\u00e6sni hins eldra sonar\">[<\/span> Sj\u00e1, hve m\u00f6rg \u00e1r \u00fej\u00f3na eg \u00fe\u00e9r og aldrei enn yfirgefi\u00f0 \u00fe\u00edn bo\u00f0or\u00f0 og \u00fe\u00fa gafst m\u00e9r enn aldrei ki\u00f0 so a\u00f0 eg m\u00e6tti me\u00f0ur m\u00ednum vinum gla\u00f0ur vera. En n\u00fa er \u00feessi \u00feinn sonur kominn hver e\u00f0 haf\u00f0i sv\u00e6lt s\u00ednu g\u00f3ssi me\u00f0ur portkonum, \u00fe\u00e1 sl\u00e1tra\u00f0ir \u00fe\u00fa honum alinn k\u00e1lf. En hann sag\u00f0i honum: Son minn, \u00fe\u00fa ert jafnan hj\u00e1 m\u00e9r og allt hva\u00f0 mitt er \u00fea er \u00feitt. \u00dev\u00ed \u00e6ttir \u00fe\u00fa n\u00fa a\u00f0 vera k\u00e1tur og g\u00f3\u00f0sinna\u00f0ur \u00fea\u00f0 \u00feessi \u00feinn br\u00f3\u00f0ir var dau\u00f0ur og endurlifna\u00f0i, hann t\u00fdndist og er aftur fundinn.&#8220;<\/p>\n","protected":false},"excerpt":{"rendered":"<p>XV. N\u00e6r allir tollheimtumenn og bersyndugir n\u00e1l\u00e6g\u00f0ust hann a\u00f0 heyra honum. [ Og Pharisei og skriftl\u00e6r\u00f0ir m\u00f6glu\u00f0u og s\u00f6g\u00f0u: &#8222;\u00deessi me\u00f0tekur synduga og etur me\u00f0ur \u00feeim.&#8220; En hann sag\u00f0i \u00feessa eftirl\u00edking til \u00feeirra og sag\u00f0i: &#8222;Hver er s\u00e1 \u00ed bland y\u00f0ur sem hefur hundra\u00f0 sau\u00f0a og ef hann t\u00fdnir einum af \u00feeim forl\u00e6tur eigi hann n\u00edu og n\u00edutigu \u00ed ey\u00f0im\u00f6rku og fer eftir \u00feeim er t\u00fdndist \u00feanga\u00f0 til hann finnur hann? Og n\u00e6r hann hefur hann fundi\u00f0 leggur hann hann upp me\u00f0 fagna\u00f0i s\u00e9r \u00e1 her\u00f0ar, kemur heim og samankallar vini og n\u00e1granna og segir til \u00feeirra: [ Samgle\u00f0jist me\u00f0 <a href=\"https:\/\/biblian.is\/gudbrandsbiblia\/lukasargudspjall-15-kafli\/\"> [&#8230;]<\/a><\/p>\n","protected":false},"author":1,"featured_media":0,"parent":0,"menu_order":0,"comment_status":"open","ping_status":"open","template":"bibliukaflar.php","meta":{"footnotes":""},"class_list":["post-3838","page","type-page","status-publish","hentry"],"_links":{"self":[{"href":"https:\/\/biblian.is\/gudbrandsbiblia\/wp-json\/wp\/v2\/pages\/3838","targetHints":{"allow":["GET"]}}],"collection":[{"href":"https:\/\/biblian.is\/gudbrandsbiblia\/wp-json\/wp\/v2\/pages"}],"about":[{"href":"https:\/\/biblian.is\/gudbrandsbiblia\/wp-json\/wp\/v2\/types\/page"}],"author":[{"embeddable":true,"href":"https:\/\/biblian.is\/gudbrandsbiblia\/wp-json\/wp\/v2\/users\/1"}],"replies":[{"embeddable":true,"href":"https:\/\/biblian.is\/gudbrandsbiblia\/wp-json\/wp\/v2\/comments?post=3838"}],"version-history":[{"count":0,"href":"https:\/\/biblian.is\/gudbrandsbiblia\/wp-json\/wp\/v2\/pages\/3838\/revisions"}],"wp:attachment":[{"href":"https:\/\/biblian.is\/gudbrandsbiblia\/wp-json\/wp\/v2\/media?parent=3838"}],"curies":[{"name":"wp","href":"https:\/\/api.w.org\/{rel}","templated":true}]}}