{"id":3829,"date":"2017-12-18T18:34:50","date_gmt":"2017-12-18T18:34:50","guid":{"rendered":"http:\/\/biblian.is\/gudbrandsbiblia\/lukasargudspjall-6-kafli\/"},"modified":"2017-12-18T18:34:50","modified_gmt":"2017-12-18T18:34:50","slug":"lukasargudspjall-6-kafli","status":"publish","type":"page","link":"https:\/\/biblian.is\/gudbrandsbiblia\/lukasargudspjall-6-kafli\/","title":{"rendered":"L\u00fakasargu\u00f0spjall 6. kafli"},"content":{"rendered":"<p>VI.<\/p>\n<p>En \u00fea\u00f0 bar til \u00e1 annan h\u00e1t\u00ed\u00f0ardag ins fyrsta \u00fevottdags a\u00f0 hann gekk um s\u00e1\u00f0na akra og hans l\u00e6risveinar t\u00edndu axin ofan af korninu og \u00e1tu, n\u00faandi \u00feau me\u00f0 h\u00f6ndum s\u00e9r. <span class=\"athugasemd\" title=\"1 \/ Af \u00fevottdeginum\">[<\/span> En nokkrir af Phariseis s\u00f6g\u00f0u til \u00feeirra: &#8222;Fyrir \u00fev\u00ed gj\u00f6ri \u00fe\u00e9r \u00fea\u00f0 sem eigi leyfist \u00e1 \u00fevottd\u00f6gum?&#8220; Jes\u00fas svara\u00f0i og sag\u00f0i til \u00feeirra: &#8222;Hafi \u00fe\u00e9r eigi lesi\u00f0 hva\u00f0 Dav\u00ed\u00f0 gj\u00f6r\u00f0i n\u00e6r hann hungra\u00f0i sj\u00e1lfan og \u00fe\u00e1 sem me\u00f0 honum voru, hvernin a\u00f0 hann gekk inn \u00ed Gu\u00f0s h\u00fasi\u00f0 og t\u00f3k sko\u00f0unarbrau\u00f0in og \u00e1t og gaf \u00feeim sem me\u00f0 honum voru, \u00feau er \u00f6ngvum leyf\u00f0ist a\u00f0 eta nema kennim\u00f6nnunum einum?&#8220; Og hann sag\u00f0i til \u00feeirra: &#8222;Mannsins sonur er herra og einnin \u00fevottdagsins.&#8220;<\/p>\n<p>\t\u00dea\u00f0 ske\u00f0i og enn \u00e1 \u00f6\u00f0rum \u00fevottdegi a\u00f0 hann gekk inn \u00ed samkunduh\u00fasi\u00f0 og kenndi. <span class=\"athugasemd\" title=\"2 \/ Visin h\u00f6nd l\u00e6knast \u00e1 \u00fevottdegi\">[<\/span> Og \u00fear var s\u00e1 ma\u00f0ur sem hin h\u00e6gra h\u00f6nd var \u00e1 visnu\u00f0. En skriftl\u00e6r\u00f0ir og Pharisei hug\u00f0u a\u00f0 hvert hann l\u00e6kna\u00f0i \u00e1 \u00fevottd\u00f6gum so a\u00f0 \u00feeir fyndi \u00fea\u00f0 hvar af \u00feeir m\u00e6ttu hann \u00e1k\u00e6ra. En hann merkti vel \u00feeirra hugsan og sag\u00f0i til mannsins \u00feess sem h\u00f6ndina haf\u00f0i visna\u00f0a: &#8222;R\u00eds \u00fe\u00fa upp og statt h\u00e9r \u00ed mitt.&#8220; Hann reis upp og st\u00f3\u00f0 \u00fear. En Jes\u00fas sag\u00f0i til \u00feeirra: &#8222;Eg spyr y\u00f0ur a\u00f0: Hvort h\u00e6fir \u00e1 \u00fevottd\u00f6gum vel a\u00f0 gj\u00f6ra e\u00f0ur illa, l\u00edfinu a\u00f0 for\u00f0a e\u00f0ur tort\u00fdna?&#8220; Og hann leit til allra \u00feeirra er \u00ed kringum hann voru og sag\u00f0i til mannsins: &#8222;R\u00e9ttu \u00fat \u00fe\u00edna h\u00f6nd.&#8220; Og hann r\u00e9tti hana \u00fat en s\u00fa hans h\u00f6nd var\u00f0 so heil sem hin \u00f6nnur. En \u00feeir fylltust af heimsku og t\u00f6lu\u00f0u til hver vi\u00f0 annan hva\u00f0 \u00feeir vildu af Jes\u00fa gj\u00f6ra.<\/p>\n<p>\tEn \u00fea\u00f0 gj\u00f6r\u00f0ist \u00e1 \u00feeim d\u00f6gum a\u00f0 hann gekk \u00e1 eitt fjall a\u00f0 bi\u00f0jast fyrir og hann var um \u00fe\u00e1 n\u00f3tt \u00e1 b\u00e6num til Gu\u00f0s. <span class=\"athugasemd\" title=\"Math. 10 \/ Marc. 4\">[<\/span> Og \u00fe\u00e1 e\u00f0 dagur var kalla\u00f0i hann s\u00edna l\u00e6risveina og kj\u00f6ri t\u00f3lf af \u00feeim hverja a\u00f0 hann nefndi apostula: <span class=\"athugasemd\" title=\"3 \/ Kallan \u00feeirra t\u00f3lf postula\">[<\/span> S\u00edmon, \u00feann hann kalla\u00f0i Petrum, og Andream br\u00f3\u00f0ur hans, Jacobum og Johannem, Philippum og Bartolomeum, Mattheum og Thomam, Jacobum son Alphei og S\u00edmon sem kalla\u00f0ist Zelotes, Judab Jacobson og Judam Iskar\u00edot hver a\u00f0 var svikarinn.<\/p>\n<p>\tOg hann f\u00f3r ofan me\u00f0ur \u00feeim af fjallinu og gekk \u00e1 einn sl\u00e9ttan fl\u00f6t \u00ed m\u00f6rkinni og flokkur hans l\u00e6risveina og mikill fj\u00f6ldi annars l\u00fd\u00f0s af allri Judea og Jer\u00fasalem og \u00far Tyro og Sidon vi\u00f0 sj\u00f3inn hverjir komnir voru honum a\u00f0 heyra og \u00fea\u00f0 \u00feeir l\u00e6knu\u00f0ust af s\u00ednum s\u00f3ttum og a\u00f0 \u00feeir sem kv\u00f6ldust af \u00f3hreinum aundum yr\u00f0i heilbrig\u00f0ir. Og allur l\u00fd\u00f0ur s\u00f3tti til honum a\u00f0 n\u00e1 \u00fev\u00ed a\u00f0 kraftur gekk \u00fat fr\u00e1 honum og hann l\u00e6kna\u00f0i \u00fe\u00e1 alla.<\/p>\n<p>\tOg hann h\u00f3f s\u00edn augu upp yfir l\u00e6risveina s\u00edna og sag\u00f0i: <span class=\"athugasemd\" title=\"4 \/ Hverjir s\u00e6lir eru\">[<\/span> &#8222;S\u00e6lir eru \u00fe\u00e9r vola\u00f0ir \u00fea\u00f0 y\u00f0art er Gu\u00f0s r\u00edki. S\u00e6lir eru \u00fe\u00e9r sem hungra\u00f0ir eru\u00f0 n\u00fa \u00fev\u00ed a\u00f0 \u00fe\u00e9r skulu\u00f0 saddir ver\u00f0a. S\u00e6lir eru \u00fe\u00e9r sem n\u00fa gr\u00e1ti\u00f0 \u00fev\u00ed a\u00f0 \u00fe\u00e9r munu\u00f0 hl\u00e6ja. S\u00e6lir eru \u00fe\u00e9r \u00fe\u00f3 a\u00f0 menn hati y\u00f0ur og fr\u00e1skilji y\u00f0ur og hallm\u00e6li og forleggi y\u00f0art nafn so sem annars illvirkja vegna Mannsins sonar. Fagni \u00fe\u00e9r og gle\u00f0jist \u00e1 \u00feeim degi \u00fev\u00ed sj\u00e1, y\u00f0art ver\u00f0kaup er miki\u00f0 \u00e1 himni \u00fev\u00ed \u00feannin gj\u00f6r\u00f0u og \u00feeirra fe\u00f0ur vi\u00f0 sp\u00e1mennina.<\/p>\n<p>\tEn \u00fear \u00ed m\u00f3t: <span class=\"athugasemd\" title=\"Math. 5 \/ 5 \/ Hverjir s\u00e9 vesalir\">[<\/span> Ve y\u00f0ur au\u00f0igum sem h\u00e9r hafi\u00f0 y\u00f0ra huggan. Ve y\u00f0ur sem n\u00fa eru\u00f0 saddir \u00fev\u00ed a\u00f0 y\u00f0ur mun hungra. Ve y\u00f0ur sem hl\u00e6i\u00f0 n\u00fa \u00fev\u00ed a\u00f0 \u00fe\u00e9r munu\u00f0 \u00e6pa og \u00fdla. Ve y\u00f0ur n\u00e6r e\u00f0 hver ma\u00f0ur lofar y\u00f0ur \u00fev\u00ed a\u00f0 so gj\u00f6r\u00f0u og \u00feeirra fe\u00f0ur vi\u00f0 hina f\u00f6lsku sp\u00e1menn.<\/p>\n<p>\tEn eg segi y\u00f0ur sem \u00e1heyri\u00f0: <span class=\"athugasemd\" title=\"6 \/ K\u00e6rleikans bo\u00f0or\u00f0\">[<\/span> Elski \u00fe\u00e9r \u00f3vini y\u00f0ra, gj\u00f6ri\u00f0 \u00feeim vel til sem y\u00f0ur hata, blessi\u00f0 \u00fe\u00e1 er y\u00f0ur b\u00f6lva og bi\u00f0ji\u00f0 fyrir \u00feeim sem y\u00f0ur mis\u00feyrma. Og hver hann sl\u00e6r \u00feig \u00e1 einn kinnvangann bj\u00f3\u00f0 honum og annan fr\u00e1. Og hver hann tekur af \u00fe\u00e9r \u00feinn m\u00f6ttul \u00fe\u00e1 ver honum eigi \u00feinn kyrtil. Og hver \u00feig bi\u00f0ur \u00feeim gef og hver hann tekur burt hva\u00f0 \u00feitt er \u00fea\u00f0 heimt eigi aftur. Og so sem \u00fe\u00e9r vilji\u00f0 a\u00f0 a\u00f0rir menn gj\u00f6ri vi\u00f0 y\u00f0ur gj\u00f6ri \u00fe\u00e9r l\u00edka so vi\u00f0 \u00fe\u00e1.<\/p>\n<p>\tOg ef \u00fe\u00e9r elski\u00f0 \u00fe\u00e1 sem y\u00f0ur elska hver er \u00fe\u00e1 y\u00f0ar \u00fe\u00f6kk? \u00dev\u00ed a\u00f0 syndugir elska s\u00edna elskendur. Og \u00fe\u00f3 \u00fe\u00e9r gj\u00f6ri\u00f0 \u00feeim gott er y\u00f0ur gj\u00f6ra vel til hver ver\u00f0ur y\u00f0ar \u00fe\u00f6kk? \u00dev\u00ed a\u00f0 \u00feetta gj\u00f6ra einnin hinir syndugu. Og \u00fe\u00f3 \u00fe\u00e9r skipti\u00f0 vi\u00f0 \u00fe\u00e1 af hverjum \u00fe\u00e9r v\u00e6nti\u00f0 launa hver ver\u00f0ur \u00fe\u00e1 y\u00f0ar \u00fe\u00f6kk? \u00dev\u00ed a\u00f0 syndugir b\u00fdta vi\u00f0 synduga a\u00f0 \u00feeir taki l\u00edkt vi\u00f0 l\u00edku. Hvar fyrir \u00fe\u00e1 elski \u00fe\u00e9r \u00f3vini y\u00f0ra, gj\u00f6ri\u00f0 gott og b\u00fdti\u00f0 einskis \u00fear fyrir v\u00e6ntandi. \u00de\u00e1 mun y\u00f0art ver\u00f0kaup miki\u00f0 ver\u00f0a og \u00fe\u00e9r munu\u00f0 ver\u00f0a synir Hins h\u00e6\u00f0sta \u00fev\u00ed a\u00f0 hann er g\u00f3\u00f0f\u00fas vi\u00f0ur \u00f3\u00feakkl\u00e1ta og vonda.<\/p>\n<p>\tFyrir \u00fev\u00ed veri\u00f0 og miskunnsamir l\u00edka sem y\u00f0ar fa\u00f0ir er miskunnsamur. <span class=\"athugasemd\" title=\"Math. 7 \/ 7 \/ A\u00f0skiljanleg bo\u00f0or\u00f0\">[<\/span> Eigi skulu \u00fe\u00e9r d\u00e6ma a\u00f0 \u00fe\u00e9r d\u00e6mist eigi. Ford\u00e6mi\u00f0 eigi so a\u00f0 \u00fe\u00e9r ford\u00e6mist eigi. Fyrirgefi\u00f0, \u00fe\u00e1 mun y\u00f0ur og fyrirgefast. Gefi\u00f0 og y\u00f0ur skal gefast, g\u00f3\u00f0a og saman\u00ferykkta, skekna og yfirflj\u00f3tanlega m\u00e6ling munu \u00feeir gefa \u00ed y\u00f0art skaut. \u00dev\u00ed a\u00f0 me\u00f0ur \u00feessari s\u00f6mu m\u00e6lingu hverri \u00fe\u00e9r m\u00e6li\u00f0 \u00fat mun y\u00f0ur aftur m\u00e6last.&#8220;<\/p>\n<p>\tOg hann sag\u00f0i \u00feeim eina eftirl\u00edking: <span class=\"athugasemd\" title=\"Math. 5 \/ Math. 7\">[<\/span> &#8222;F\u00e6r blindur nokku\u00f0 leitt blindan? Falla \u00feeir eigi b\u00e1\u00f0ir \u00ed gr\u00f6fina? Eigi er l\u00e6risveinninn yfir s\u00ednum meistara. \u00dev\u00ed n\u00e6r e\u00f0 hver er so sem hans meistari \u00fe\u00e1 er hann algj\u00f6r\u00f0ur. En hvar s\u00e9r \u00fe\u00fa \u00f6gn \u00ed \u00fe\u00edns br\u00f3\u00f0urs auga en a\u00f0 \u00feeim vagli sem \u00ed \u00fe\u00ednu auga er g\u00e1ir \u00fe\u00fa eigi! E\u00f0a hvernin m\u00e1ttu segja br\u00f3\u00f0ur \u00fe\u00ednum: Br\u00f3\u00f0ir, leyf a\u00f0 eg dragi \u00f6gnina \u00far auga \u00fe\u00ednu, er \u00fe\u00fa s\u00e9r eigi sj\u00e1lfur vaglinn \u00ed \u00fe\u00ednu auga! \u00de\u00fa hr\u00e6snari, drag \u00fe\u00fa fyrst \u00fat vaglinn \u00far \u00fe\u00ednu auga og sj\u00e1 \u00fe\u00e1 til a\u00f0 \u00fe\u00fa dragir \u00fat \u00f6gnina af \u00fe\u00edns br\u00f3\u00f0urs auga. <\/p>\n<p>\t\u00dev\u00ed ekkert gott tr\u00e9 ber vondan \u00e1v\u00f6xt og ekkert vont tr\u00e9 ber g\u00f3\u00f0an \u00e1v\u00f6xt. <span class=\"athugasemd\" title=\"8 \/ Af \u00e1vextinum \u00feekkist tr\u00e9\u00f0\">[<\/span> Hver tr\u00e9 mun og kennast af s\u00ednum \u00e1vexti. \u00dev\u00ed a\u00f0 eigi lesa menn saman f\u00edkjur af klungri og eigi heldur v\u00ednber af sk\u00f3garrunni. G\u00f3\u00f0ur ma\u00f0ur af g\u00f3\u00f0um sj\u00f3\u00f0 s\u00edns hjarta fremur gott og illur ma\u00f0ur af vondum sj\u00f3\u00f0 s\u00edns hjarta fremur illt. \u00dev\u00ed a\u00f0 af gn\u00e6g\u00f0 hjartans m\u00e6lir munnurinn.<\/p>\n<p>\tTil hvers kalli\u00f0 \u00fe\u00e9r mig herra, herra, og gj\u00f6ri\u00f0 eigi \u00fea\u00f0 eg segi? Hver hann kemur til m\u00edn, heyrir m\u00edn or\u00f0 og gj\u00f6rir \u00feau, \u00fe\u00e1 mun eg s\u00fdna y\u00f0ur a\u00f0 hverjum hann er l\u00edkur: <span class=\"athugasemd\" title=\"9 \/ Eftirl\u00edking af einum byggingamanni\">[<\/span> Hann er l\u00edkur \u00feeim manni er bygg\u00f0i upp h\u00fas og gr\u00f3f dj\u00fapt og setti \u00feess grundv\u00f6ll \u00e1 hellusteini. En er vatshr\u00ed\u00f0ina gj\u00f6r\u00f0i dundi vatsfl\u00f3\u00f0i\u00f0 a\u00f0 h\u00fasinu og m\u00e1tti \u00fea\u00f0 eigi hr\u00e6ra \u00fev\u00ed a\u00f0 \u00fea\u00f0 var grundvalla\u00f0 \u00e1 hellusteini. En hver hann heyrir \u00feau og gj\u00f6rir eigi hann er l\u00edkur \u00feeim manni er bygg\u00f0i sitt h\u00fas \u00e1 j\u00f6r\u00f0u \u00e1n grundv\u00f6lls, a\u00f0 hverju vatsfl\u00f3\u00f0i\u00f0 dundi og \u00fea\u00f0 f\u00e9ll jafnsnart og hrapan \u00feess h\u00fass var mikil.&#8220;<\/p>\n","protected":false},"excerpt":{"rendered":"<p>VI. En \u00fea\u00f0 bar til \u00e1 annan h\u00e1t\u00ed\u00f0ardag ins fyrsta \u00fevottdags a\u00f0 hann gekk um s\u00e1\u00f0na akra og hans l\u00e6risveinar t\u00edndu axin ofan af korninu og \u00e1tu, n\u00faandi \u00feau me\u00f0 h\u00f6ndum s\u00e9r. [ En nokkrir af Phariseis s\u00f6g\u00f0u til \u00feeirra: &#8222;Fyrir \u00fev\u00ed gj\u00f6ri \u00fe\u00e9r \u00fea\u00f0 sem eigi leyfist \u00e1 \u00fevottd\u00f6gum?&#8220; Jes\u00fas svara\u00f0i og sag\u00f0i til \u00feeirra: &#8222;Hafi \u00fe\u00e9r eigi lesi\u00f0 hva\u00f0 Dav\u00ed\u00f0 gj\u00f6r\u00f0i n\u00e6r hann hungra\u00f0i sj\u00e1lfan og \u00fe\u00e1 sem me\u00f0 honum voru, hvernin a\u00f0 hann gekk inn \u00ed Gu\u00f0s h\u00fasi\u00f0 og t\u00f3k sko\u00f0unarbrau\u00f0in og \u00e1t og gaf \u00feeim sem me\u00f0 honum voru, \u00feau er \u00f6ngvum leyf\u00f0ist a\u00f0 eta nema <a href=\"https:\/\/biblian.is\/gudbrandsbiblia\/lukasargudspjall-6-kafli\/\"> [&#8230;]<\/a><\/p>\n","protected":false},"author":1,"featured_media":0,"parent":0,"menu_order":0,"comment_status":"open","ping_status":"open","template":"bibliukaflar.php","meta":{"footnotes":""},"class_list":["post-3829","page","type-page","status-publish","hentry"],"_links":{"self":[{"href":"https:\/\/biblian.is\/gudbrandsbiblia\/wp-json\/wp\/v2\/pages\/3829","targetHints":{"allow":["GET"]}}],"collection":[{"href":"https:\/\/biblian.is\/gudbrandsbiblia\/wp-json\/wp\/v2\/pages"}],"about":[{"href":"https:\/\/biblian.is\/gudbrandsbiblia\/wp-json\/wp\/v2\/types\/page"}],"author":[{"embeddable":true,"href":"https:\/\/biblian.is\/gudbrandsbiblia\/wp-json\/wp\/v2\/users\/1"}],"replies":[{"embeddable":true,"href":"https:\/\/biblian.is\/gudbrandsbiblia\/wp-json\/wp\/v2\/comments?post=3829"}],"version-history":[{"count":0,"href":"https:\/\/biblian.is\/gudbrandsbiblia\/wp-json\/wp\/v2\/pages\/3829\/revisions"}],"wp:attachment":[{"href":"https:\/\/biblian.is\/gudbrandsbiblia\/wp-json\/wp\/v2\/media?parent=3829"}],"curies":[{"name":"wp","href":"https:\/\/api.w.org\/{rel}","templated":true}]}}