{"id":3823,"date":"2017-12-18T18:34:50","date_gmt":"2017-12-18T18:34:50","guid":{"rendered":"http:\/\/biblian.is\/gudbrandsbiblia\/markusargudspjall-16-kafli\/"},"modified":"2017-12-18T18:34:50","modified_gmt":"2017-12-18T18:34:50","slug":"markusargudspjall-16-kafli","status":"publish","type":"page","link":"https:\/\/biblian.is\/gudbrandsbiblia\/markusargudspjall-16-kafli\/","title":{"rendered":"Mark\u00fasargu\u00f0spjall 16. kafli"},"content":{"rendered":"<p>XVI.<\/p>\n<p>Og er \u00fevottdagurinn var li\u00f0inn keyptu \u00fe\u00e6r Mar\u00eda Magdalena og Mar\u00eda Jacobi og Sal\u00f3me d\u00fdrleg smyrsl a\u00f0 \u00fe\u00e6r k\u00e6mi og smyr\u00f0i Jes\u00fam. <span class=\"athugasemd\" title=\"1 \/ \u00dat af upprisu Christi\">[<\/span> Og mj\u00f6g snemma morguns einn \u00fevottdaganna komu \u00fe\u00e6r til grafarinnar um s\u00f3laruppruna. Og hver \u00feeirra sag\u00f0i til annarrar: &#8222;Hver mun velta fyrir oss steininum af grafarmunnanum?&#8220; Og \u00fe\u00e6r litu \u00feanga\u00f0 og s\u00e1u a\u00f0 steinninn var afveltur \u00fev\u00ed a\u00f0 hann var n\u00e6sta mikill. Og \u00fe\u00e6r f\u00f3ru inn \u00ed gr\u00f6fina og s\u00e1u eitt ungmenni sitja til h\u00e6gri hli\u00f0ar skr\u00fdddan s\u00ed\u00f0u kl\u00e6\u00f0i hv\u00edtu og \u00feeim bl\u00f6skra\u00f0i vi\u00f0.<\/p>\n<p>\tEn hann sag\u00f0i til \u00feeirra: &#8222;Eigi skulu \u00fe\u00e9r hr\u00e6\u00f0ast. \u00de\u00e9r leiti\u00f0 a\u00f0 hinum krossfesta Jes\u00fa af Na\u00f0saret. Hann er upprisinn og er eigi h\u00e9r. Sj\u00e1i\u00f0 \u00feann sta\u00f0 hvar \u00feeir l\u00f6g\u00f0u hann. Gangi\u00f0 heldur burt og segi\u00f0 hans l\u00e6risveinum og P\u00e9tri \u00fea\u00f0 hann muni ganga fram fyrir y\u00f0ur \u00ed Galilea. \u00dear munu \u00fe\u00e9r sj\u00e1 hann eftir \u00fev\u00ed sem hann sag\u00f0i y\u00f0ur.&#8220; En \u00fe\u00e6r gengu \u00fat skyndilega og fl\u00fd\u00f0u fr\u00e1 gr\u00f6finni \u00fev\u00ed a\u00f0 kominn var yfir \u00fe\u00e6r uggur og skj\u00e1lfti. Og ekkert s\u00f6g\u00f0u \u00fe\u00e6r neinum \u00fev\u00ed a\u00f0 \u00fe\u00e6r voru hr\u00e6ddar.<\/p>\n<p>\tEn er Jes\u00fas haf\u00f0i snemma morguns upprisi\u00f0 \u00e1 fyrsta degi \u00fevottdaganna \u00fe\u00e1 birti hann sig fyrst Mar\u00edu Magdalenu fr\u00e1 hverri hann haf\u00f0i \u00fatreki\u00f0 sj\u00f6 dj\u00f6fla. <span class=\"athugasemd\" title=\"2 \/ Opinberan Christi\">[<\/span> H\u00fan f\u00f3r og kunngj\u00f6r\u00f0i \u00feeim sem me\u00f0ur henni h\u00f6rmu\u00f0u og gr\u00e9tu. Og er \u00feeir heyr\u00f0u a\u00f0 hann lif\u00f0i og hann v\u00e6ri s\u00e9\u00f0ur af henni tr\u00fa\u00f0u \u00feeir eigi. En eftir \u00fea\u00f0 au\u00f0s\u00fdndi hann sig tveimur af \u00feeim \u00ed annarri l\u00edking \u00fe\u00e1 er \u00feeir gengu um \u00feorpagrundirnar. \u00deeir gengu og burt og kunngj\u00f6r\u00f0u hinum \u00f6\u00f0rum. \u00deeim tr\u00fa\u00f0u \u00feeir og eigi.<\/p>\n<p>\tEn seinast er \u00feeir ellefu s\u00e1tu til bor\u00f0s birti hann sig og \u00e1v\u00edta\u00f0i \u00feeirra vantr\u00fa og hjartans har\u00f0\u00fa\u00f0 \u00fea\u00f0 \u00feeir h\u00f6f\u00f0u eigi tr\u00faa\u00f0 \u00feeim sem hann h\u00f6f\u00f0u s\u00e9\u00f0 upprisinn og sag\u00f0i til \u00feeirra: <span class=\"athugasemd\" title=\"3 \/ Bo\u00f0an Christi til postulanna fyrir hans uppstigning\">[<\/span> &#8222;Fari\u00f0 \u00fat um allan heiminn, pr\u00e9diki\u00f0 evangelium allri skepnu. Hver hann tr\u00fair og ver\u00f0ur sk\u00edr\u00f0ur s\u00e1 skal frelsa\u00f0ur ver\u00f0a en hver eigi tr\u00fair hann skal ford\u00e6mast.<\/p>\n<p>\tEn teiknin er \u00feeim munu fylgja sem tr\u00faa eru \u00feessi: \u00cd m\u00ednu nafni munu \u00feeir dj\u00f6fla \u00fat reka, n\u00fdjar tungur tala, h\u00f6ggorma upp taka og ef \u00feeir drekka nokku\u00f0 banvanlegt skal \u00fea\u00f0 eigi \u00feeim granda, yfir sj\u00faka munu \u00feeir hendur leggja og \u00fe\u00e1 mun \u00feeim batna.&#8220; Og eftir \u00fea\u00f0 e\u00f0 Drottinn Jes\u00fas haf\u00f0i tala\u00f0 vi\u00f0 \u00fe\u00e1 var hann uppnuminn til himins og situr til Gu\u00f0s h\u00e6gri handar. En \u00feeir gengu \u00fat og pr\u00e9diku\u00f0u alls sta\u00f0ar Drottni samverkanda og or\u00f0i\u00f0 styrkjanda me\u00f0ur eftirfylgjandi teiknum.<\/p>\n<p>Endir gu\u00f0sspjalla hins heilaga Marcus.<\/p>\n","protected":false},"excerpt":{"rendered":"<p>XVI. Og er \u00fevottdagurinn var li\u00f0inn keyptu \u00fe\u00e6r Mar\u00eda Magdalena og Mar\u00eda Jacobi og Sal\u00f3me d\u00fdrleg smyrsl a\u00f0 \u00fe\u00e6r k\u00e6mi og smyr\u00f0i Jes\u00fam. [ Og mj\u00f6g snemma morguns einn \u00fevottdaganna komu \u00fe\u00e6r til grafarinnar um s\u00f3laruppruna. Og hver \u00feeirra sag\u00f0i til annarrar: &#8222;Hver mun velta fyrir oss steininum af grafarmunnanum?&#8220; Og \u00fe\u00e6r litu \u00feanga\u00f0 og s\u00e1u a\u00f0 steinninn var afveltur \u00fev\u00ed a\u00f0 hann var n\u00e6sta mikill. Og \u00fe\u00e6r f\u00f3ru inn \u00ed gr\u00f6fina og s\u00e1u eitt ungmenni sitja til h\u00e6gri hli\u00f0ar skr\u00fdddan s\u00ed\u00f0u kl\u00e6\u00f0i hv\u00edtu og \u00feeim bl\u00f6skra\u00f0i vi\u00f0. En hann sag\u00f0i til \u00feeirra: &#8222;Eigi skulu \u00fe\u00e9r hr\u00e6\u00f0ast. \u00de\u00e9r leiti\u00f0 a\u00f0 <a href=\"https:\/\/biblian.is\/gudbrandsbiblia\/markusargudspjall-16-kafli\/\"> [&#8230;]<\/a><\/p>\n","protected":false},"author":1,"featured_media":0,"parent":0,"menu_order":0,"comment_status":"open","ping_status":"open","template":"bibliukaflar.php","meta":{"footnotes":""},"class_list":["post-3823","page","type-page","status-publish","hentry"],"_links":{"self":[{"href":"https:\/\/biblian.is\/gudbrandsbiblia\/wp-json\/wp\/v2\/pages\/3823","targetHints":{"allow":["GET"]}}],"collection":[{"href":"https:\/\/biblian.is\/gudbrandsbiblia\/wp-json\/wp\/v2\/pages"}],"about":[{"href":"https:\/\/biblian.is\/gudbrandsbiblia\/wp-json\/wp\/v2\/types\/page"}],"author":[{"embeddable":true,"href":"https:\/\/biblian.is\/gudbrandsbiblia\/wp-json\/wp\/v2\/users\/1"}],"replies":[{"embeddable":true,"href":"https:\/\/biblian.is\/gudbrandsbiblia\/wp-json\/wp\/v2\/comments?post=3823"}],"version-history":[{"count":0,"href":"https:\/\/biblian.is\/gudbrandsbiblia\/wp-json\/wp\/v2\/pages\/3823\/revisions"}],"wp:attachment":[{"href":"https:\/\/biblian.is\/gudbrandsbiblia\/wp-json\/wp\/v2\/media?parent=3823"}],"curies":[{"name":"wp","href":"https:\/\/api.w.org\/{rel}","templated":true}]}}