{"id":3822,"date":"2017-12-18T18:34:50","date_gmt":"2017-12-18T18:34:50","guid":{"rendered":"http:\/\/biblian.is\/gudbrandsbiblia\/markusargudspjall-15-kafli\/"},"modified":"2017-12-18T18:34:50","modified_gmt":"2017-12-18T18:34:50","slug":"markusargudspjall-15-kafli","status":"publish","type":"page","link":"https:\/\/biblian.is\/gudbrandsbiblia\/markusargudspjall-15-kafli\/","title":{"rendered":"Mark\u00fasargu\u00f0spjall 15. kafli"},"content":{"rendered":"<p>XV.<\/p>\n<p>Og strax um morguninn h\u00e9ldu h\u00f6fu\u00f0prestarnir me\u00f0 \u00f6ldungunum og skriftl\u00e6r\u00f0um og \u00f6llu r\u00e1\u00f0uneytinu r\u00e1\u00f0stefnu og bundu Jes\u00fam, leiddu hann og framseldu Pilato. <span class=\"athugasemd\" title=\"Mat. 27 \/ Luc. 22 \/ J\u00f3h. 18 \/ 1 \/ Hva\u00f0 fyrir Pilato gj\u00f6r\u00f0ist\">[<\/span> Og P\u00edlatus spur\u00f0i hann a\u00f0: &#8222;Ertu konungur Gy\u00f0inga?&#8220; En hann svara\u00f0i og sag\u00f0i til hans: &#8222;\u00de\u00fa segir \u00fea\u00f0.&#8220; Og h\u00f6fu\u00f0prestarnir \u00e1kl\u00f6gu\u00f0u hann har\u00f0lega. P\u00edlatus spur\u00f0i hann enn aftur a\u00f0 og sag\u00f0i: &#8222;Svarar \u00fe\u00fa \u00f6ngu? Sj\u00e1, \u00ed hversu m\u00f6rgu \u00feeir \u00e1k\u00e6ra \u00feig.&#8220; En Jes\u00fas svara\u00f0i honum \u00f6ngu \u00fea\u00f0an \u00ed fr\u00e1 so a\u00f0 P\u00edlatus undra\u00f0ist. <span class=\"athugasemd\" title=\"2 \/ \u00deaugnin Christi\">[<\/span> <\/p>\n<p>\tEn hann var vanur a\u00f0 l\u00e1ta \u00feeim lausan um h\u00e1t\u00ed\u00f0ina einn af bandingjum eftir hverjum helst \u00feeir beiddust. <span class=\"athugasemd\" title=\"3 \/ Vani a\u00f0 l\u00e1ta lausan einn fanganna \/ Math. 27\">[<\/span> En \u00fear var s\u00e1 e\u00f0 nefndist Barrabas me\u00f0ur illr\u00e6\u00f0ism\u00f6nnum bundinn hver \u00ed upphlaupinu haf\u00f0i v\u00edg unni\u00f0. Og \u00fe\u00e1 f\u00f3lki\u00f0 gekk upp t\u00f3k \u00fea\u00f0 a\u00f0 bi\u00f0ja a\u00f0 hann veitti \u00fev\u00ed sem hann plaga\u00f0i jafnan. En P\u00edlataus svara\u00f0i \u00feeim og sag\u00f0i: &#8222;Vilji \u00fe\u00e9r a\u00f0 eg l\u00e1ti y\u00f0ur Gy\u00f0inganna konunginn lausan?&#8220; \u00dev\u00ed a\u00f0 hann vissi a\u00f0 h\u00f6fu\u00f0prestarnir h\u00f6f\u00f0u af \u00f6fund framselt hann. En h\u00f6fu\u00f0prestarnir eggju\u00f0u l\u00fd\u00f0inn a\u00f0 hann g\u00e6fi \u00feeim heldur Barrabam lausan.<\/p>\n<p>\tP\u00edlatus svara\u00f0i enn aftur og sag\u00f0i til \u00feeirra: &#8222;Hva\u00f0 vilji \u00fe\u00e9r \u00fe\u00e1 a\u00f0 eg skuli gj\u00f6ra honum hvern \u00fe\u00e9r segi\u00f0 konung Gy\u00f0inganna?&#8220; En \u00feeir k\u00f6llu\u00f0u \u00fe\u00e1 aftur: <span class=\"athugasemd\" title=\"4 \/ \u00c6\u00f0i Gy\u00f0inganna\">[<\/span> &#8222;Krossfestu hann!&#8220; P\u00edlatus sag\u00f0i til \u00feeirra: &#8222;Hva\u00f0 illt hefur hann gj\u00f6rt?&#8220; En \u00feeir k\u00f6llu\u00f0u \u00fev\u00ed meir: &#8222;Krossfestu hann!&#8220; En P\u00edlatus vildi f\u00f3lkinu fulln\u00e6gja gj\u00f6ra, l\u00e9t \u00feeim lausan Barrabam og framseldi \u00feeim Jes\u00fam svipum bar\u00f0an a\u00f0 hann krossfestist. <span class=\"athugasemd\" title=\"5 \/ H\u00fa\u00f0str\u00fdking, kr\u00fdning, h\u00e6\u00f0ing Christi\">[<\/span> <\/p>\n<p>\tEn str\u00ed\u00f0s\u00fe\u00e9nararnir leiddu hann \u00ed fordyr \u00feingh\u00fassins og k\u00f6llu\u00f0u saman allan h\u00f3pinn og f\u00e6r\u00f0u hann \u00ed purpurakl\u00e6\u00f0i, fl\u00e9ttandi \u00feyrnik\u00f3r\u00f3nu og settu \u00e1 hann og t\u00f3ku a\u00f0 heilsa honum: &#8222;Heill s\u00e9rtu, k\u00f3ngur Gy\u00f0inga!&#8220; og sl\u00f3gu hans h\u00f6fu\u00f0 me\u00f0 reyrvendi og hr\u00e6ktu \u00e1 hann, f\u00e9llu \u00e1 kn\u00e9 og tilb\u00e1\u00f0u hann.<\/p>\n<p>\tOg \u00fe\u00e1 \u00feeir h\u00f6f\u00f0u spotta\u00f0 hann f\u00e6r\u00f0u \u00feeir hann \u00far purpuranum og f\u00e6r\u00f0u hann aftur \u00ed s\u00edn kl\u00e6\u00f0i og leiddu hann \u00fat a\u00f0 \u00feeir krossfestu hann. \u00deeir \u00ferengdu og \u00feeim sem fram hj\u00e1 gekk, S\u00edmoni hinum s\u00fdrneska, er kominn var af akurlandi, f\u00f6\u00f0ur \u00feeirra Alexandri og Ruffi, a\u00f0 hann b\u00e6ri hans kross. Og \u00feeir h\u00f6f\u00f0u hann \u00ed \u00feann sta\u00f0 er h\u00e9t Golgata, \u00fea\u00f0 \u00fe\u00fd\u00f0ist: &#8222;Hausaskeljasta\u00f0ur&#8220;. Og \u00feeir g\u00e1fu honum myrra\u00f0 v\u00edn a\u00f0 drekka og hann t\u00f3k \u00fea\u00f0 eigi til s\u00edn.<\/p>\n<p>\tOg \u00fe\u00e1 er \u00feeir h\u00f6f\u00f0u krossfest hann skiptu \u00feeir kl\u00e6\u00f0um hans og k\u00f6stu\u00f0u hlutverpi yfir \u00feeim hva\u00f0 hver t\u00e6ki. <span class=\"athugasemd\" title=\"6 \/ Krossfesting Christi og kl\u00e6\u00f0askipting\">[<\/span> En \u00fea\u00f0 var um \u00feri\u00f0ju stund er \u00feeir krossfestu hann. Og titill hans sakferlis var upp yfir honum skrifa\u00f0ur \u00fea\u00f0 hann v\u00e6ri konungur Gy\u00f0inga. Og me\u00f0 honum krossfestu \u00feeir tvo spillvirkja, einn til h\u00e6gri handar en annan til vinstri. Og s\u00fa Ritning er uppfylld sem segir: &#8222;Me\u00f0ur illvirkjum er hann reikna\u00f0ur.&#8220;<\/p>\n<p>\tOg \u00feeir sem gengu \u00fear fram hj\u00e1 h\u00e6ddu hann, sk\u00f3ku h\u00f6fu\u00f0 s\u00edn og s\u00f6g\u00f0u: <span class=\"athugasemd\" title=\"7 \/ Gu\u00f0lastanir gegn \u00feeim krossfesta Christo\">[<\/span> &#8222;Svei, hvernin ni\u00f0urbr\u00fdtur \u00fe\u00fa musteri Gu\u00f0s og byggir upp \u00e1 \u00ferim d\u00f6gum aftur? Frelsa \u00fe\u00fa sj\u00e1lfan \u00feig og st\u00edg ni\u00f0ur af krossinum!&#8220; L\u00edka einnin sp\u00e9u\u00f0u hann h\u00f6fu\u00f0prestarnir s\u00edn \u00e1 me\u00f0al me\u00f0ur skriftl\u00e6r\u00f0um og s\u00f6g\u00f0u: &#8222;A\u00f0ra frelsa\u00f0i hann, sj\u00e1lfan sig getur hann eigi frelsa\u00f0! S\u00e9 hann Kristur, konungur \u00cdsraels, st\u00edgi hann n\u00fa ni\u00f0ur af krossinum a\u00f0 v\u00e9r sj\u00e1um og megum so tr\u00faa!&#8220; Og \u00feeir er me\u00f0 honum voru krossfestir \u00e1t\u00f6ldu hann einnin.<\/p>\n<p>\tOg a\u00f0 li\u00f0inni s\u00e9ttu stund ur\u00f0u myrkur um allt landi\u00f0 allt til n\u00edundu stundar. <span class=\"athugasemd\" title=\"8 \/ Myrkur yfir allri j\u00f6r\u00f0u\">[<\/span> Og \u00e1 hinni n\u00edundu stund kalla\u00f0i Jes\u00fas upp h\u00e1rri r\u00f6ddu og sag\u00f0i: <span class=\"athugasemd\" title=\"9 \/ Kristur kallar sig yfirgefinn\">[<\/span> &#8222;El\u00ed, El\u00ed, lama a sabatan\u00ed?&#8220; Hva\u00f0 er \u00fatleggst: &#8222;Gu\u00f0 minn, Gu\u00f0 minn, \u00fev\u00ed forl\u00e9stu mig?&#8220; Og \u00fe\u00e1 nokkrir af \u00feeim er \u00fear st\u00f3\u00f0u hj\u00e1 heyr\u00f0u \u00fea\u00f0 s\u00f6g\u00f0u \u00feeir: &#8222;Sj\u00e1, hann kallar \u00e1 Eliam.&#8220; En einn hlj\u00f3p a\u00f0 og fyllti upp njar\u00f0arv\u00f6tt me\u00f0 edik l\u00e1tandi upp \u00e1 einn reyrlegg, gaf honum so a\u00f0 drekka og sag\u00f0i: &#8222;L\u00e1t vera, sj\u00e1um hvert El\u00edas kemur a\u00f0 taka hann ofan.&#8220;<\/p>\n<p>\tEn Jes\u00fas kalla\u00f0i upp h\u00e1rri r\u00f6ddu og anda\u00f0ist. <span class=\"athugasemd\" title=\"10 \/ Andl\u00e1t Christi\">[<\/span> Og tjaldi\u00f0 musterisins rifna\u00f0i sundur \u00ed tvennt fr\u00e1 ofanver\u00f0u allt ni\u00f0ur \u00ed gegnum. En er hundra\u00f0sh\u00f6f\u00f0inginn s\u00e1 \u00fea\u00f0, hver \u00fear st\u00f3\u00f0 gegnt, a\u00f0 hann kalla\u00f0i so \u00fe\u00e1 er hann l\u00e9st sag\u00f0i hann: <span class=\"athugasemd\" title=\"Mat. 17 \/ Luc. 13 \/ J\u00f3h. 19\">[<\/span> &#8222;Sennilega hefir \u00feessi ma\u00f0ur veri\u00f0 Gu\u00f0s sonur.&#8220; Og konur voru \u00fear og langt fr\u00e1, horf\u00f0u \u00e1 \u00fea\u00f0, \u00e1 me\u00f0al hverra var Mar\u00eda Magdalena og Mar\u00eda minna Jakobs og J\u00f3sefs m\u00f3\u00f0ir og Sal\u00f3me (og \u00fe\u00e1 hann var \u00ed Galilea h\u00f6f\u00f0u \u00fe\u00e6r fylgt honum eftir og \u00fej\u00f3na\u00f0 honum) og margar a\u00f0rar hverjar undir eins h\u00f6f\u00f0u upp fari\u00f0 til Jer\u00fasalem.<\/p>\n<p>\tOg \u00fe\u00e1 er kveld var komi\u00f0 (af \u00fev\u00ed \u00fea\u00f0 var affangadagur hver a\u00f0 er n\u00e6stur fyrir \u00fevottdaginn) kom J\u00f3sef af Arimathea, einn e\u00f0laborinn r\u00e1\u00f0herra, s\u00e1 er og stunda\u00f0i eftir Gu\u00f0s r\u00edki. <span class=\"athugasemd\" title=\"13 \/ Greftran Christi\">[<\/span> Hann gekk djarflega inn til Pilato og ba\u00f0 um l\u00edkama Jes\u00fa. En P\u00edlatus undra\u00f0ist a\u00f0 hann v\u00e6ri \u00feegar l\u00e1tinn og kalla\u00f0i hundra\u00f0sh\u00f6f\u00f0ingjann til s\u00edn, spur\u00f0i hann a\u00f0 ef hann v\u00e6ri \u00feegar anda\u00f0ur. Og er hann var \u00feess v\u00eds or\u00f0inn af hundra\u00f0smanninum gaf hann J\u00f3sef l\u00edkamann. En J\u00f3sef keypti l\u00ednd\u00faka, t\u00f3k hann ofan og sveipa\u00f0i hann \u00ed l\u00e9refti og lag\u00f0i hann \u00ed gr\u00f6fina hver e\u00f0 kl\u00f6ppu\u00f0 var \u00ed einum steini og velti steini a\u00f0 grafarmunnanum. En Mar\u00eda Magdalena og J\u00f3sefs m\u00f3\u00f0ir s\u00e1u hvar hann var lag\u00f0ur.<\/p>\n","protected":false},"excerpt":{"rendered":"<p>XV. Og strax um morguninn h\u00e9ldu h\u00f6fu\u00f0prestarnir me\u00f0 \u00f6ldungunum og skriftl\u00e6r\u00f0um og \u00f6llu r\u00e1\u00f0uneytinu r\u00e1\u00f0stefnu og bundu Jes\u00fam, leiddu hann og framseldu Pilato. [ Og P\u00edlatus spur\u00f0i hann a\u00f0: &#8222;Ertu konungur Gy\u00f0inga?&#8220; En hann svara\u00f0i og sag\u00f0i til hans: &#8222;\u00de\u00fa segir \u00fea\u00f0.&#8220; Og h\u00f6fu\u00f0prestarnir \u00e1kl\u00f6gu\u00f0u hann har\u00f0lega. P\u00edlatus spur\u00f0i hann enn aftur a\u00f0 og sag\u00f0i: &#8222;Svarar \u00fe\u00fa \u00f6ngu? Sj\u00e1, \u00ed hversu m\u00f6rgu \u00feeir \u00e1k\u00e6ra \u00feig.&#8220; En Jes\u00fas svara\u00f0i honum \u00f6ngu \u00fea\u00f0an \u00ed fr\u00e1 so a\u00f0 P\u00edlatus undra\u00f0ist. [ En hann var vanur a\u00f0 l\u00e1ta \u00feeim lausan um h\u00e1t\u00ed\u00f0ina einn af bandingjum eftir hverjum helst \u00feeir beiddust. [ En \u00fear var <a href=\"https:\/\/biblian.is\/gudbrandsbiblia\/markusargudspjall-15-kafli\/\"> [&#8230;]<\/a><\/p>\n","protected":false},"author":1,"featured_media":0,"parent":0,"menu_order":0,"comment_status":"open","ping_status":"open","template":"bibliukaflar.php","meta":{"footnotes":""},"class_list":["post-3822","page","type-page","status-publish","hentry"],"_links":{"self":[{"href":"https:\/\/biblian.is\/gudbrandsbiblia\/wp-json\/wp\/v2\/pages\/3822","targetHints":{"allow":["GET"]}}],"collection":[{"href":"https:\/\/biblian.is\/gudbrandsbiblia\/wp-json\/wp\/v2\/pages"}],"about":[{"href":"https:\/\/biblian.is\/gudbrandsbiblia\/wp-json\/wp\/v2\/types\/page"}],"author":[{"embeddable":true,"href":"https:\/\/biblian.is\/gudbrandsbiblia\/wp-json\/wp\/v2\/users\/1"}],"replies":[{"embeddable":true,"href":"https:\/\/biblian.is\/gudbrandsbiblia\/wp-json\/wp\/v2\/comments?post=3822"}],"version-history":[{"count":0,"href":"https:\/\/biblian.is\/gudbrandsbiblia\/wp-json\/wp\/v2\/pages\/3822\/revisions"}],"wp:attachment":[{"href":"https:\/\/biblian.is\/gudbrandsbiblia\/wp-json\/wp\/v2\/media?parent=3822"}],"curies":[{"name":"wp","href":"https:\/\/api.w.org\/{rel}","templated":true}]}}