{"id":3814,"date":"2017-12-18T18:34:46","date_gmt":"2017-12-18T18:34:46","guid":{"rendered":"http:\/\/biblian.is\/gudbrandsbiblia\/markusargudspjall-8-kafli\/"},"modified":"2017-12-18T18:34:46","modified_gmt":"2017-12-18T18:34:46","slug":"markusargudspjall-8-kafli","status":"publish","type":"page","link":"https:\/\/biblian.is\/gudbrandsbiblia\/markusargudspjall-8-kafli\/","title":{"rendered":"Mark\u00fasargu\u00f0spjall 8. kafli"},"content":{"rendered":"<p>VIII.<\/p>\n<p>\u00c1 \u00feeim d\u00f6gum \u00fe\u00e1 \u00fear var enn margt f\u00f3lk komi\u00f0 saman og haf\u00f0i ei matar kalla\u00f0i Jes\u00fas s\u00edna l\u00e6risveina til s\u00edn og sag\u00f0i til \u00feeirra: <span class=\"athugasemd\" title=\"1 \/ Fj\u00f6gur \u00fe\u00fasund manna s\u00f6dd me\u00f0 sj\u00f6 brau\u00f0um og f\u00e1m fiskum\">[<\/span> &#8222;Eg kenni aumur \u00e1 f\u00f3lkinu \u00fev\u00ed a\u00f0 \u00feeir hafa n\u00fa \u00ferj\u00e1 daga hj\u00e1 m\u00e9r veri\u00f0 og hafa ekki til matar haft og ef eg l\u00e6t \u00fe\u00e1 fastandi fr\u00e1 m\u00e9r heim fara ver\u00f0a \u00feeir hungurmor\u00f0a \u00e1 lei\u00f0inni.&#8220; \u00dea\u00f0 sumir voru langt a\u00f0 komnir. L\u00e6risveinarnir sv\u00f6ru\u00f0u honum: &#8222;Hva\u00f0an t\u00f6ku v\u00e6r brau\u00f0 h\u00e9r \u00e1 \u00f6r\u00e6fum a\u00f0 v\u00e9r se\u00f0jum \u00fe\u00e1?&#8220; Og hann spur\u00f0i \u00fe\u00e1 a\u00f0: &#8222;Hversu m\u00f6rg brau\u00f0 \u00fe\u00e1 hafi \u00fe\u00e9r?&#8220; \u00deeir s\u00f6g\u00f0u: &#8222;Sj\u00f6.&#8220; Og \u00fe\u00e1 bau\u00f0 hann f\u00f3lkinu a\u00f0 skipa s\u00e9r ni\u00f0ur \u00e1 foldina. Og hann t\u00f3k \u00fe\u00e1 \u00feau sj\u00f6 brau\u00f0in, \u00feakka\u00f0i og braut \u00feau og gaf s\u00ednum larisveinum a\u00f0 \u00feeir leg\u00f0u \u00feau fram og \u00feeir l\u00f6g\u00f0u \u00feau fram fyrir f\u00f3lki\u00f0. \u00deeir h\u00f6f\u00f0u og f\u00e1eina fiska. Hann blessa\u00f0i \u00fe\u00e1 og bau\u00f0 \u00fe\u00e1 fram a\u00f0 leggja. En \u00feeir neyttu og ur\u00f0u mettir. \u00deeir t\u00f3ku og upp \u00fea\u00f0 yfir var, sj\u00f6 karfir me\u00f0ur afgangsleifar. Og \u00feeir voru sem eti\u00f0 h\u00f6f\u00f0u n\u00e6r fj\u00f3rum \u00fe\u00fasundum. Og hann l\u00e9t \u00fe\u00e1 \u00ed burt fara fr\u00e1 s\u00e9r.<\/p>\n<p>\tOg strax \u00fe\u00e1 st\u00e9 hann \u00e1 skip me\u00f0ur s\u00ednum l\u00e6risveinum og kom \u00ed \u00fe\u00e6r lands\u00e1lfur er heita Dalman\u00fata. <span class=\"athugasemd\" title=\"2 \/ Straff Phariseis bi\u00f0jandis eftir teikni\">[<\/span> Pharisei gengu \u00fat og t\u00f3ku a\u00f0 hafa spurningar vi\u00f0 hann, freistu\u00f0u hans og eftir leittu af honum eins teikns af himni. En hann var\u00f0 \u00ferunginn \u00ed s\u00ednum anda og sag\u00f0i: &#8222;Til hvers \u00fe\u00e1 s\u00e6kir \u00feessi kynsl\u00f3\u00f0 eftir teikni? Sannlega \u00fe\u00e1 segi eg y\u00f0ur a\u00f0 \u00feessari kynsl\u00f3\u00f0 gefst ekkert teikn.&#8220; Og hann forl\u00e9t \u00fe\u00e1 og st\u00e9 \u00e1 skip og f\u00f3r yfir um aftur.<\/p>\n<p>\t\u00deeir h\u00f6f\u00f0u og gleymt a\u00f0 taka brau\u00f0 me\u00f0ur s\u00e9r og h\u00f6f\u00f0u ekki nema eitt brau\u00f0 me\u00f0ur s\u00e9r \u00ed skipinu. <span class=\"athugasemd\" title=\"Matth. 6\">[<\/span> En hann bau\u00f0 \u00feeim og sag\u00f0i: <span class=\"athugasemd\" title=\"3 \/ Af Phariseis s\u00fardeigi\">[<\/span> &#8222;Sj\u00e1i\u00f0 til og vari\u00f0 y\u00f0ur vi\u00f0 s\u00fardeigi \u00feeirra Phariseis og so vi\u00f0 s\u00fardeigi Herodis.&#8220; En \u00feeir hugsu\u00f0u allt anna\u00f0 og s\u00f6g\u00f0u hver vi\u00f0 annan: &#8222;\u00dea\u00f0 er af \u00fev\u00ed a\u00f0 v\u00e9r h\u00f6fum engin brau\u00f0.&#8220; Og er Jes\u00fas fornam \u00fea\u00f0 sag\u00f0i hann til \u00feeirra: &#8222;Hva\u00f0 hugsi \u00fe\u00e9r um \u00fea\u00f0 \u00fe\u00f3 \u00fe\u00e9r hafi\u00f0 ekki brau\u00f0in? Skynji \u00fe\u00e9r ekkert n\u00e9 undirstandi\u00f0? Hafi \u00fe\u00e9r enn forblinda\u00f0 y\u00f0art hjarta? Hafi\u00f0 \u00fe\u00f3 augu en sj\u00e1i\u00f0 eigi og eyru en heyri\u00f0 eigi. \u00de\u00e9r hugsi\u00f0 og eigi \u00fear eftir a\u00f0 eg braut fimm brau\u00f0 \u00ed millum fimm \u00fe\u00fasunda. <span class=\"athugasemd\" title=\"J\u00f3h. 6 \/ Matth. 14 \/ Sup. 6\">[<\/span> Hversu margar karfir fullar me\u00f0 afgangsleifar t\u00f3ku \u00fe\u00e9r \u00fe\u00e1 upp?&#8220; \u00deeir s\u00f6g\u00f0u: &#8222;T\u00f3lf.&#8220; &#8222;En \u00fe\u00e1 eg braut \u00feau sj\u00f6 \u00e1 millum fj\u00f6gra \u00fe\u00fasunda? Hversu margar karfir fullar me\u00f0 leifar t\u00f3ku \u00fe\u00e9r \u00fe\u00e1 upp?&#8220; \u00deeir s\u00f6g\u00f0u: &#8222;Sj\u00f6.&#8220; Og hann sag\u00f0i til \u00feeirra: &#8222;Hvernin eru \u00fe\u00e9r \u00fe\u00e1 skynsemdarlausir?&#8220;<\/p>\n<p>\tHann kom og til Betsa\u00edda. Og \u00feeir leiddu \u00fe\u00e1 einn blindan mann til hans og b\u00e1\u00f0u hann um a\u00f0 hann t\u00e6ki \u00e1 honum. <span class=\"athugasemd\" title=\"4 \/ Blindur ver\u00f0ur sj\u00e1andi\">[<\/span> En hann t\u00f3k \u00ed h\u00f6nd hins blinda og leiddi hann \u00fat af fyrir utan kaupt\u00fani\u00f0, sp\u00fdtti \u00ed hans augu og lag\u00f0i s\u00ednar hendur yfir hann og spur\u00f0i hann a\u00f0 hvert hann s\u00e6i nokku\u00f0. En hann leit upp og sag\u00f0i: &#8222;Eg s\u00e9 mennina sem sk\u00f3gartr\u00e9 v\u00e6ri er \u00fear ganga.&#8220; \u00de\u00e1 lag\u00f0i hann enn aftur s\u00ednar hendur yfir hans augu og bau\u00f0 honum enn upp a\u00f0 l\u00edta. Og hann var\u00f0 so lagf\u00e6r\u00f0ur a\u00f0 hann s\u00e1 allt kl\u00e1rlega. Og hann sendi hann so til s\u00edns heimilis og sag\u00f0i: &#8222;Gakk eigi inn aftur \u00ed kaupt\u00fani\u00f0, seg \u00fea\u00f0 og ei neinum \u00fear inni.&#8220;<\/p>\n<p>\tJes\u00fas gekk og hans l\u00e6risveinar inn \u00ed eitt kaupt\u00fan sta\u00f0arins Cesare Philippi. Og \u00e1 lei\u00f0inni \u00fe\u00e1 spur\u00f0i hann s\u00edna l\u00e6risveina a\u00f0: <span class=\"athugasemd\" title=\"5 \/ Spurning hver Christus er\">[<\/span> &#8222;Hvern segja menn mig vera?&#8220; \u00deeir \u00f6nsu\u00f0u: &#8222;\u00deeir segja \u00fe\u00fa s\u00e9rt J\u00f3hannes baptista en a\u00f0rir segja \u00fe\u00fa s\u00e9rt El\u00edas en sumir a\u00f0 \u00fe\u00fa s\u00e9rt einn af sp\u00e1m\u00f6nnum.&#8220; \u00de\u00e1 sag\u00f0i hann til \u00feeirra: &#8222;En \u00fe\u00e9r, hvern segi \u00fe\u00e9r \u00fe\u00e1 mig vera?&#8220; \u00de\u00e1 svara\u00f0i P\u00e9tur og sag\u00f0i til hans: &#8222;\u00de\u00fa ert Kristur.&#8220; Og hann \u00feagga\u00f0i \u00fe\u00e1 a\u00f0 \u00feeir seg\u00f0i \u00fea\u00f0 ei neinum \u00fat af honum.<\/p>\n<p>\tHann t\u00f3k \u00fe\u00e1 og til a\u00f0 kenna \u00feeim \u00fea\u00f0 Mannsins sonur skyldi margt \u00feola og hrakinn vera af \u00f6ldungunum, h\u00f6fu\u00f0prestum og skriftl\u00e6r\u00f0um og l\u00edfl\u00e1tinn vera og \u00e1 hinum \u00feri\u00f0ja degi upp a\u00f0 r\u00edsa. <span class=\"athugasemd\" title=\"6 \/ Fyrirs\u00f6gn um hans dau\u00f0a og upprisu\">[<\/span> Hann tala\u00f0i og \u00feessi or\u00f0 berlega \u00fat. P\u00e9tur t\u00f3k \u00fe\u00e1 \u00e1 h\u00f6ndum og \u00e1taldi hann. En hann sneri s\u00e9r vi\u00f0 og leit til sinna l\u00e6risveina, hasta\u00f0i \u00e1 Petrum og sag\u00f0i: &#8222;Far \u00e1 bak m\u00e9r aftur, \u00fe\u00fa andskoti, \u00fev\u00ed a\u00f0 \u00fe\u00fa skynjar eigi \u00fea\u00f0 gu\u00f0legt er heldur \u00fea\u00f0 sem l\u00edkamlegt er.&#8220;<\/p>\n<p>\tOg a\u00f0 samank\u00f6llu\u00f0u f\u00f3lkinu samt me\u00f0 hans l\u00e6risveinum sag\u00f0i hann til \u00feeirra: <span class=\"athugasemd\" title=\"8 \/ Pr\u00e9dikan um kross og ofs\u00f3knir\">[<\/span>&#8222;Hver hann vill m\u00e9r eftirfylgja afneiti s\u00e1 sj\u00e1lfum s\u00e9r og taki sinn kross \u00e1 sig og fylgi m\u00e9r so eftir. \u00dev\u00ed a\u00f0 hver hann stundar \u00e1 a\u00f0 forsvara sitt l\u00edf, s\u00e1 mun \u00fev\u00ed tort\u00fdna, og hver hann l\u00e6tur sitt l\u00edf fyrir m\u00ednar sakir og evangelii, s\u00e1 mun var\u00f0veita \u00fea\u00f0. Hva\u00f0 sto\u00f0ar \u00fea\u00f0 manninum \u00fe\u00f3tt hann eignist allan heim og gj\u00f6r\u00f0i so \u00fear me\u00f0 glatan sinni s\u00e1lu? E\u00f0ur hva\u00f0 m\u00e1 ma\u00f0urinn \u00fea\u00f0 gefa a\u00f0 hann frelsi s\u00edna \u00f6nd me\u00f0? En hver hann skammast m\u00edn e\u00f0ur minna or\u00f0a hj\u00e1 \u00feessari h\u00f3rd\u00f3msins og syndugri kynsl\u00f3\u00f0 \u00feann mun Mannsins sonur og forsm\u00e1 \u00fe\u00e1 hann kemur me\u00f0 s\u00ednum englum \u00ed d\u00fdr\u00f0 s\u00edns f\u00f6\u00f0urs.&#8220; Hann sag\u00f0i og \u00fe\u00e1 til \u00feeirra: &#8222;Sannlega segi eg y\u00f0ur a\u00f0 h\u00e9r standa nokkrir af \u00feeim hverjir eigi smakka dau\u00f0ann \u00fear til \u00feeir sj\u00e1 Gu\u00f0s r\u00edki me\u00f0 krafti komanda.&#8220;<\/p>\n","protected":false},"excerpt":{"rendered":"<p>VIII. \u00c1 \u00feeim d\u00f6gum \u00fe\u00e1 \u00fear var enn margt f\u00f3lk komi\u00f0 saman og haf\u00f0i ei matar kalla\u00f0i Jes\u00fas s\u00edna l\u00e6risveina til s\u00edn og sag\u00f0i til \u00feeirra: [ &#8222;Eg kenni aumur \u00e1 f\u00f3lkinu \u00fev\u00ed a\u00f0 \u00feeir hafa n\u00fa \u00ferj\u00e1 daga hj\u00e1 m\u00e9r veri\u00f0 og hafa ekki til matar haft og ef eg l\u00e6t \u00fe\u00e1 fastandi fr\u00e1 m\u00e9r heim fara ver\u00f0a \u00feeir hungurmor\u00f0a \u00e1 lei\u00f0inni.&#8220; \u00dea\u00f0 sumir voru langt a\u00f0 komnir. L\u00e6risveinarnir sv\u00f6ru\u00f0u honum: &#8222;Hva\u00f0an t\u00f6ku v\u00e6r brau\u00f0 h\u00e9r \u00e1 \u00f6r\u00e6fum a\u00f0 v\u00e9r se\u00f0jum \u00fe\u00e1?&#8220; Og hann spur\u00f0i \u00fe\u00e1 a\u00f0: &#8222;Hversu m\u00f6rg brau\u00f0 \u00fe\u00e1 hafi \u00fe\u00e9r?&#8220; \u00deeir s\u00f6g\u00f0u: &#8222;Sj\u00f6.&#8220; Og \u00fe\u00e1 bau\u00f0 <a href=\"https:\/\/biblian.is\/gudbrandsbiblia\/markusargudspjall-8-kafli\/\"> [&#8230;]<\/a><\/p>\n","protected":false},"author":1,"featured_media":0,"parent":0,"menu_order":0,"comment_status":"open","ping_status":"open","template":"bibliukaflar.php","meta":{"footnotes":""},"class_list":["post-3814","page","type-page","status-publish","hentry"],"_links":{"self":[{"href":"https:\/\/biblian.is\/gudbrandsbiblia\/wp-json\/wp\/v2\/pages\/3814","targetHints":{"allow":["GET"]}}],"collection":[{"href":"https:\/\/biblian.is\/gudbrandsbiblia\/wp-json\/wp\/v2\/pages"}],"about":[{"href":"https:\/\/biblian.is\/gudbrandsbiblia\/wp-json\/wp\/v2\/types\/page"}],"author":[{"embeddable":true,"href":"https:\/\/biblian.is\/gudbrandsbiblia\/wp-json\/wp\/v2\/users\/1"}],"replies":[{"embeddable":true,"href":"https:\/\/biblian.is\/gudbrandsbiblia\/wp-json\/wp\/v2\/comments?post=3814"}],"version-history":[{"count":0,"href":"https:\/\/biblian.is\/gudbrandsbiblia\/wp-json\/wp\/v2\/pages\/3814\/revisions"}],"wp:attachment":[{"href":"https:\/\/biblian.is\/gudbrandsbiblia\/wp-json\/wp\/v2\/media?parent=3814"}],"curies":[{"name":"wp","href":"https:\/\/api.w.org\/{rel}","templated":true}]}}