{"id":3810,"date":"2017-12-18T18:34:46","date_gmt":"2017-12-18T18:34:46","guid":{"rendered":"http:\/\/biblian.is\/gudbrandsbiblia\/markusargudspjall-4-kafli\/"},"modified":"2017-12-18T18:34:46","modified_gmt":"2017-12-18T18:34:46","slug":"markusargudspjall-4-kafli","status":"publish","type":"page","link":"https:\/\/biblian.is\/gudbrandsbiblia\/markusargudspjall-4-kafli\/","title":{"rendered":"Mark\u00fasargu\u00f0spjall 4. kafli"},"content":{"rendered":"<p>IIII.<\/p>\n<p>Hann t\u00f3k enn aftur a\u00f0 kenna \u00feeim vi\u00f0 sj\u00f3inn. <span class=\"athugasemd\" title=\"Math. 13 \/ Luc. 8\">[<\/span> \u00dear safna\u00f0ist saman margt f\u00f3lk til hans so a\u00f0 hann var\u00f0 a\u00f0 st\u00edga \u00e1 skip og sat so \u00e1 sj\u00f3num og allt \u00fea\u00f0 f\u00f3lk st\u00f3\u00f0 \u00fear \u00e1 landi vi\u00f0 sj\u00f3inn. Og hann kenndi \u00feeim margt \u00ed eftirl\u00edkingum.<\/p>\n<p>\tOg \u00ed sinni pr\u00e9dikan \u00fe\u00e1 sag\u00f0i hann til \u00feeirra: <span class=\"athugasemd\" title=\"1 \/ Eftirl\u00edking \u00fat af s\u00e6\u00f0aranum\">[<\/span> &#8222;Heyri \u00fe\u00e9r. Sj\u00e1, einn s\u00e1\u00f0s\u00e6\u00f0ari gekk \u00fat a\u00f0 s\u00e1. Og \u00fea\u00f0 var\u00f0 \u00fe\u00e1 hann s\u00e1\u00f0i a\u00f0 sumt f\u00e9ll utan hj\u00e1 veginum og \u00fear komu fuglar loftsins og \u00e1tu \u00fea\u00f0 upp. En sumt f\u00e9ll \u00ed gr\u00fdtt akurlendi \u00fear \u00fea\u00f0 haf\u00f0i ekki mikla j\u00f6r\u00f0 og rann flj\u00f3tlega upp \u00fev\u00ed a\u00f0 \u00fea\u00f0 haf\u00f0i \u00f6ngva jar\u00f0ard\u00fdpt. Og \u00fe\u00e1 er s\u00f3lin gekk upp skr\u00e6ldist \u00fea\u00f0 og af \u00fev\u00ed a\u00f0 \u00fea\u00f0 haf\u00f0i \u00f6ngva r\u00f3t \u00fe\u00e1 visna\u00f0i \u00fea\u00f0. Og sumt f\u00e9ll \u00ed bland \u00feyrna og \u00feyrnarnir v\u00f3xu upp yfir og k\u00e6f\u00f0u \u00fea\u00f0 so \u00fea\u00f0 f\u00e6r\u00f0i \u00f6ngvan \u00e1v\u00f6xt. Og sumt f\u00e9ll \u00ed g\u00f3\u00f0a j\u00f6r\u00f0 og f\u00e6r\u00f0i \u00e1v\u00f6xt, hvert e\u00f0 uppv\u00f3x og frj\u00f3vga\u00f0ist. Og sumt f\u00e6r\u00f0i \u00fer\u00edtugfaldan og anna\u00f0 sextugfaldan og sumt hundra\u00f0faldan \u00e1v\u00f6xt.&#8220; Og hann sag\u00f0i til \u00feeirra: &#8222;Hver hann hefir eyru til a\u00f0 heyra s\u00e1 heyri.&#8220;<\/p>\n<p>\tOg \u00fe\u00e1 hann var einnsaman spur\u00f0u \u00feeir sem hj\u00e1 honum voru (me\u00f0 \u00feeim t\u00f3lf) hann a\u00f0 \u00feessari eftirl\u00edkingu. <span class=\"athugasemd\" title=\"Hv\u00ed Christus talar \u00ed eftirl\u00edkingum\">[<\/span> Og hann sag\u00f0i til \u00feeirra: &#8222;Y\u00f0ur er \u00fea\u00f0 gefi\u00f0 a\u00f0 vita leynda d\u00f3ma Gu\u00f0s r\u00edkis en til \u00feeirra sem \u00fear eru fyrir utan \u00fe\u00e1 sker \u00fea\u00f0 allt \u00ed eftirl\u00edkingum a\u00f0 \u00feeir me\u00f0 sj\u00e1andi augum sj\u00e1i og skynji \u00fe\u00f3 eigi og me\u00f0ur heyrandi eyrum heyri og undirstandi \u00fe\u00f3 eigi so \u00feeir sn\u00faist ekki \u00fea\u00f0 \u00feeirra syndir m\u00e6ttu fyrirgefast.&#8220; Og hann sag\u00f0i til \u00feeirra: &#8222;Kunni \u00fe\u00e9r ekki a\u00f0 skilja \u00feessa eftirl\u00edking, hvernin munu \u00fe\u00e9r \u00fe\u00e1 kunna a\u00f0 skilja hinar allar?<\/p>\n<p>\tS\u00e1\u00f0s\u00e6\u00f0arinn s\u00e1ir or\u00f0inu. <span class=\"athugasemd\" title=\"3 \/ \u00datsk\u00fdring eftirl\u00edkingarinnar s\u00e6\u00f0arans\">[<\/span> En \u00feeir eru \u00fea\u00f0 sem utan hj\u00e1 veginum er hvar or\u00f0i\u00f0 ver\u00f0ur s\u00e1\u00f0 og \u00fe\u00e1 \u00feeir hafa heyrt \u00fea\u00f0 kemur andskotinn skj\u00f3tt og nemur \u00ed burt or\u00f0i\u00f0 \u00fea\u00f0 s\u00e1\u00f0 var \u00ed \u00feeirra hj\u00f6rtu. L\u00edka so eru \u00feeir einnin sem s\u00e1\u00f0ust \u00ed gr\u00fdtta j\u00f6r\u00f0. \u00dev\u00ed n\u00e6r \u00feeir hafa heyrt or\u00f0i\u00f0 \u00fe\u00e1 me\u00f0taka \u00feeir \u00fea\u00f0 strax me\u00f0 fagna\u00f0i og hafa \u00fe\u00f3 \u00f6ngva r\u00f3t \u00ed s\u00e9r heldur eru \u00feeir fr\u00e1hverfir. N\u00e6r s\u00e9r hreyfir m\u00f3tgangur og ofs\u00f3kn fyrir or\u00f0sins sakir \u00fe\u00e1 blyg\u00f0ast \u00feeir strax. Og hinir er \u00ed bland \u00feyrnanna s\u00e1\u00f0ust eru \u00feeir sem heyra or\u00f0i\u00f0 og \u00fe\u00e1 er \u00feessa heims s\u00fatir og undirhyggja flats f\u00e9dr\u00e1ttar og a\u00f0rar fleiri girndir ganga inn og kefja or\u00f0i\u00f0 so bl\u00edfur \u00fea\u00f0 \u00e1n \u00e1vaxtar. Og \u00feeir eru \u00fea\u00f0 sem \u00ed g\u00f3\u00f0a j\u00f6r\u00f0 eru s\u00e1\u00f0ir er heyra or\u00f0i\u00f0 og me\u00f0taka \u00fea\u00f0 og f\u00e6ra \u00e1v\u00f6xt, einn \u00fer\u00edtugfaldan, annar sextugfaldan og sumir hundra\u00f0faldan.&#8220;<\/p>\n<p>\tOg hann sag\u00f0i til \u00feeirra: <span class=\"athugasemd\" title=\"4 \/ \u00dat af pr\u00e9dikunaremb\u00e6ttinu\">[<\/span> &#8222;Kveikist og lj\u00f3si\u00f0 til \u00feess a\u00f0 \u00fea\u00f0 setjist undir bor\u00f0 e\u00f0ur m\u00e6liask? <span class=\"athugasemd\" title=\"Math.  \/ Luc. 11\">[<\/span> Nei, heldur a\u00f0 \u00fea\u00f0 setjist upp \u00e1 einn kertahald. \u00dev\u00ed a\u00f0 \u00fear er ekkert so huli\u00f0 a\u00f0 \u00fea\u00f0 opinberist eigi og \u00fear er ekkert so leynt a\u00f0 \u00fea\u00f0 kunngj\u00f6rist eigi. Hver hann hefur eyru a\u00f0 heyra, s\u00e1 heyri.&#8220; Og hann sag\u00f0i til \u00feeirra: &#8222;G\u00e6ti\u00f0 a\u00f0 hva\u00f0 \u00fe\u00e9r heyri\u00f0. Me\u00f0 \u00feeim m\u00e6lir er \u00fe\u00e9r m\u00e6li\u00f0 \u00fat \u00fe\u00e1 m\u00e6list y\u00f0ur inn og y\u00f0ur sem \u00e1heyri\u00f0 skal vi\u00f0 aukast. \u00dev\u00ed a\u00f0 hver hann hefur \u00feeim skal gefast og hver hann hefur eigi fr\u00e1 honum mun takast og einnin \u00fea\u00f0 hann hefur.&#8220; <span class=\"athugasemd\" title=\"Mat. 13\">[<\/span> <\/p>\n<p>\tOg hann sag\u00f0i: <span class=\"athugasemd\" title=\"Matth. 13 \/ Luc. 8\">[<\/span> &#8222;Gu\u00f0s r\u00edki er l\u00edka so sem n\u00e6r e\u00f0 ma\u00f0urinn kastar fr\u00e6 \u00ed j\u00f6r\u00f0ina og sofnar s\u00ed\u00f0an og hann stendur upp n\u00f3tt og dag. En fr\u00e6i\u00f0 gr\u00e6r og vex upp so a\u00f0 hann veit eigi (\u00fev\u00ed a\u00f0 j\u00f6r\u00f0in f\u00e6rir \u00e1v\u00f6xt af s\u00e9r sj\u00e1lfri, \u00ed fyrstu grasi\u00f0, \u00fear n\u00e6st axi\u00f0 og so \u00fearn\u00e6st fullt hveiti \u00ed axi\u00f0) og er \u00fea\u00f0 hefir framleitt \u00e1v\u00f6xtinn \u00fe\u00e1 sendir hann strax kornsig\u00f0in \u00fev\u00ed a\u00f0 kornskur\u00f0art\u00edminn er kominn.&#8220;<\/p>\n<p>\tOg hann sag\u00f0i: <span class=\"athugasemd\" title=\"5 \/ Eftirl\u00edking \u00fat af mustarskorni\">[<\/span> &#8222;Hverju skulu v\u00e9r jafna Gu\u00f0s r\u00edki? E\u00f0a vi\u00f0 hverjar eftirl\u00edkingar skulu v\u00e9r \u00fea\u00f0 saml\u00edkja? So sem a\u00f0 eitt mustar\u00f0skorn \u00fe\u00e1 \u00fev\u00ed ver\u00f0ur \u00ed j\u00f6r\u00f0 s\u00e1\u00f0 er \u00fea\u00f0 \u00f6llu s\u00e6\u00f0i minna sem eru h\u00e9r \u00e1 j\u00f6r\u00f0u. Og \u00fe\u00e1 \u00fev\u00ed er s\u00e1\u00f0 vex \u00fea\u00f0 upp og ver\u00f0ur \u00f6llum k\u00e1lgr\u00f6sum meira og f\u00e6r mikla kvistu so a\u00f0 fuglar himins mega hrei\u00f0ur byggja undir \u00feess skugga.&#8220;<\/p>\n<p>\tOg \u00ed sl\u00edkum m\u00f6rgum eftirl\u00edkingum \u00fe\u00e1 tala\u00f0i hann fyrir \u00feeim or\u00f0i\u00f0 eftir \u00fev\u00ed sem \u00feeir \u00fea\u00f0 heyrt g\u00e1tu og \u00e1n eftirl\u00edkinga \u00fe\u00e1 tala\u00f0i hann ei til \u00feeirra. <span class=\"athugasemd\" title=\"Matth. 8 \/ Luc. 8\">[<\/span> En s\u00e9rdeilis \u00fe\u00e1 lag\u00f0i hann \u00fea\u00f0 allt \u00fat fyrir s\u00ednum l\u00e6risveinum.<\/p>\n<p>\tOg sama dags a\u00f0 kveldi \u00fe\u00e1 sag\u00f0i hann til \u00feeirra: &#8222;F\u00f6ru v\u00e6r h\u00e9r yfir um.&#8220; Og \u00feeir forl\u00e9tu f\u00f3lki\u00f0 en t\u00f3ku hann til s\u00edn. Sem hann var \u00e1 skip kominn voru \u00fear og \u00f6nnur skip hj\u00e1 honum.<\/p>\n<p>\tOg \u00fear gj\u00f6r\u00f0ist mikill stormvindur so bylgjurnar f\u00e9llu yfir skipi\u00f0 og \u00fea\u00f0 fylltist upp. <span class=\"athugasemd\" title=\"6 \/ Stormvindur kyrrist\">[<\/span> En hann sj\u00e1lfur var \u00ed skutnum og svaf \u00e1 einum kodda. \u00deeir v\u00f6ktu hann \u00fe\u00e1 upp og s\u00f6g\u00f0u til hans: &#8222;Meistari, hir\u00f0ir \u00fe\u00fa ekki um \u00fea\u00f0 \u00fe\u00f3 v\u00e9r tort\u00fdnust h\u00e9r?&#8220; Hann reis upp vi\u00f0 og hasta\u00f0i \u00e1 vindinn og sag\u00f0i til sj\u00f3varins: &#8222;\u00deagna \u00fe\u00fa og vert hlj\u00f3\u00f0ur.&#8220; Og vindinn kyrr\u00f0i og \u00fear var\u00f0 logn miki\u00f0. Hann sag\u00f0i \u00fe\u00e1 til \u00feeirra: &#8222;\u00dev\u00ed eru \u00fe\u00e9r so hr\u00e6ddir? E\u00f0a hverju gegnir \u00fea\u00f0 \u00fe\u00e9r hafi\u00f0 \u00f6ngva tr\u00fa?&#8220; Og \u00feeir skelfdust af \u00f3tta og s\u00f6g\u00f0u s\u00edn \u00ed millum: &#8222;Hvern meini \u00fe\u00e9r \u00feennan? \u00dev\u00ed a\u00f0 vindur og sj\u00f3r hl\u00fd\u00f0ir honum.&#8220;<\/p>\n","protected":false},"excerpt":{"rendered":"<p>IIII. Hann t\u00f3k enn aftur a\u00f0 kenna \u00feeim vi\u00f0 sj\u00f3inn. [ \u00dear safna\u00f0ist saman margt f\u00f3lk til hans so a\u00f0 hann var\u00f0 a\u00f0 st\u00edga \u00e1 skip og sat so \u00e1 sj\u00f3num og allt \u00fea\u00f0 f\u00f3lk st\u00f3\u00f0 \u00fear \u00e1 landi vi\u00f0 sj\u00f3inn. Og hann kenndi \u00feeim margt \u00ed eftirl\u00edkingum. Og \u00ed sinni pr\u00e9dikan \u00fe\u00e1 sag\u00f0i hann til \u00feeirra: [ &#8222;Heyri \u00fe\u00e9r. Sj\u00e1, einn s\u00e1\u00f0s\u00e6\u00f0ari gekk \u00fat a\u00f0 s\u00e1. Og \u00fea\u00f0 var\u00f0 \u00fe\u00e1 hann s\u00e1\u00f0i a\u00f0 sumt f\u00e9ll utan hj\u00e1 veginum og \u00fear komu fuglar loftsins og \u00e1tu \u00fea\u00f0 upp. En sumt f\u00e9ll \u00ed gr\u00fdtt akurlendi \u00fear \u00fea\u00f0 haf\u00f0i ekki mikla j\u00f6r\u00f0 <a href=\"https:\/\/biblian.is\/gudbrandsbiblia\/markusargudspjall-4-kafli\/\"> [&#8230;]<\/a><\/p>\n","protected":false},"author":1,"featured_media":0,"parent":0,"menu_order":0,"comment_status":"open","ping_status":"open","template":"bibliukaflar.php","meta":{"footnotes":""},"class_list":["post-3810","page","type-page","status-publish","hentry"],"_links":{"self":[{"href":"https:\/\/biblian.is\/gudbrandsbiblia\/wp-json\/wp\/v2\/pages\/3810","targetHints":{"allow":["GET"]}}],"collection":[{"href":"https:\/\/biblian.is\/gudbrandsbiblia\/wp-json\/wp\/v2\/pages"}],"about":[{"href":"https:\/\/biblian.is\/gudbrandsbiblia\/wp-json\/wp\/v2\/types\/page"}],"author":[{"embeddable":true,"href":"https:\/\/biblian.is\/gudbrandsbiblia\/wp-json\/wp\/v2\/users\/1"}],"replies":[{"embeddable":true,"href":"https:\/\/biblian.is\/gudbrandsbiblia\/wp-json\/wp\/v2\/comments?post=3810"}],"version-history":[{"count":0,"href":"https:\/\/biblian.is\/gudbrandsbiblia\/wp-json\/wp\/v2\/pages\/3810\/revisions"}],"wp:attachment":[{"href":"https:\/\/biblian.is\/gudbrandsbiblia\/wp-json\/wp\/v2\/media?parent=3810"}],"curies":[{"name":"wp","href":"https:\/\/api.w.org\/{rel}","templated":true}]}}