{"id":3809,"date":"2017-12-18T18:34:46","date_gmt":"2017-12-18T18:34:46","guid":{"rendered":"http:\/\/biblian.is\/gudbrandsbiblia\/markusargudspjall-3-kafli\/"},"modified":"2017-12-18T18:34:46","modified_gmt":"2017-12-18T18:34:46","slug":"markusargudspjall-3-kafli","status":"publish","type":"page","link":"https:\/\/biblian.is\/gudbrandsbiblia\/markusargudspjall-3-kafli\/","title":{"rendered":"Mark\u00fasargu\u00f0spjall 3. kafli"},"content":{"rendered":"<p>III.<\/p>\n<p>Hann gekk og inn \u00ed samkunduh\u00fasi\u00f0 aftur. Og \u00fear var einn s\u00e1 ma\u00f0ur er haf\u00f0i visna\u00f0a h\u00f6nd. <span class=\"athugasemd\" title=\"1 \/ Ma\u00f0ur me\u00f0 visna h\u00f6nd ver\u00f0ur heilbrig\u00f0ur\">[<\/span> Og \u00feeir geymdu a\u00f0 hvert hann l\u00e6kna\u00f0i hann \u00e1 \u00fevottdegi so a\u00f0 \u00feeir m\u00e6ttu \u00e1klaga hann. Og hann sag\u00f0i til mannsins \u00feess sem visna haf\u00f0i h\u00f6ndina: &#8222;Stattu upp h\u00e9r \u00ed mi\u00f0i\u00f0.&#8220; Hann sag\u00f0i og til \u00feeirra: &#8222;Hvort h\u00e6fir \u00e1 \u00fevottd\u00f6gum vel a\u00f0 gj\u00f6ra e\u00f0ur illa, l\u00edfinu til frelsis a\u00f0 gj\u00f6ra e\u00f0ur \u00fev\u00ed a\u00f0 tort\u00edna?&#8220; En \u00feeir \u00fe\u00f6g\u00f0u allir. Hann leit \u00fe\u00e1 til \u00feeirra me\u00f0 rei\u00f0isvip og angra\u00f0ist vi\u00f0ur \u00feeirra hjartans blindleik og segir so til mannsins: &#8222;R\u00e9ttu \u00fat \u00fe\u00edna h\u00f6nd.&#8220; Og hann r\u00e9tti hana \u00fat og hans h\u00f6nd var\u00f0 heil l\u00edka sem hin \u00f6nnur.<\/p>\n<p>\tEn Pharisei gengu \u00fat og gj\u00f6r\u00f0u strax s\u00edn r\u00e1\u00f0 me\u00f0 Herodes \u00fe\u00e9nurum \u00ed m\u00f3ti honum hvernin helst a\u00f0 \u00feeir fengi tort\u00fdnt honum. <span class=\"athugasemd\" title=\"2 \/ R\u00e1\u00f0agj\u00f6r\u00f0 til a\u00f0 l\u00edfl\u00e1ta Christum\">[<\/span> En Jes\u00fas veik \u00fea\u00f0an til sj\u00e1var me\u00f0 s\u00edna l\u00e6risveina. Og margt f\u00f3lk af Galilea og \u00far Judea \u00fea fylgdi honum eftir og \u00feeir sem voru af Jer\u00fasalem og Idumea og \u00feeir hinumegin J\u00f3rdanar og \u00feeir sem bygg\u00f0u kringum Tyro og Sidonem, mikill mannfj\u00f6ldi, sem heyr\u00f0u hva\u00f0 hann gj\u00f6r\u00f0i og komu til hans. <\/p>\n<p>\tHann sag\u00f0i og til sinna l\u00e6risveina a\u00f0 \u00feeir skyldu leigja honum skip fyrir f\u00f3lksins sakir a\u00f0 \u00fea\u00f0 \u00ferengdi honum eigi \u00fev\u00ed a\u00f0 hann l\u00e6kna\u00f0i margan. <span class=\"athugasemd\" title=\"3 \/ Fj\u00f6ldi sj\u00fakra f\u00e6r heilsu \/ Matt. 10 \/ Luc. 6. 9\">[<\/span> En \u00feeir tr\u00e1\u00f0u a\u00f0 honum \u00f6llum \u00feeim er pl\u00e1ga\u00f0ir voru a\u00f0 \u00feeir m\u00e6ttu f\u00e1 a\u00f0 snerta hann. Og n\u00e6r e\u00f0 \u00f3hreinir andar s\u00e1u hann f\u00e9llu \u00feeir ni\u00f0ur fyrir honum og k\u00f6llu\u00f0u upp, so segjandi: &#8222;\u00de\u00fa ert Gu\u00f0s sonur!&#8220; En hann straffa\u00f0i \u00fe\u00e1 har\u00f0lega so a\u00f0 \u00feeir opinberu\u00f0u hann eigi.<\/p>\n<p>\tHann gekk og upp \u00e1 fjalli\u00f0 og kalla\u00f0i til s\u00edn \u00fe\u00e1 hann vildi sj\u00e1lfur og \u00feeir komu til hans. <span class=\"athugasemd\" title=\"4 \/ \u00datsending postulanna me\u00f0 magt a\u00f0 l\u00e6kna og dj\u00f6fla \u00fat a\u00f0 reka\">[<\/span> En hann haga\u00f0i so til a\u00f0 \u00feeir t\u00f3lf voru hj\u00e1 honum og hann sendi \u00fe\u00e1 \u00fat a\u00f0 pr\u00e9dika og gaf \u00feeim vald til s\u00f3ttir a\u00f0 l\u00e6kna og dj\u00f6fla \u00fat a\u00f0 reka. Og \u00e1 Simonem setti hann P\u00e9turs nafn og \u00e1 Jacobum son Zebedei og Johannem br\u00f3\u00f0ur Jakobs, \u00feeim gaf hann nafni\u00f0 Bnehargen, hva\u00f0 \u00fat\u00fe\u00fd\u00f0ist &#8222;Rei\u00f0ar\u00ferumusynir&#8220;. Og Andream, Philippum, Bartholomeum, Mattheum og Thomam og Jacobum son Alphei og Taddheum og Symon af Chananea og J\u00fadas \u00cdskar\u00edot s\u00e1 er sveik hann.<\/p>\n<p>\tOg \u00fe\u00e1 er \u00feeir komu til herbergis kom f\u00f3lki\u00f0 enn saman aftur so a\u00f0 \u00feeir g\u00e1tu eigi matast fyrir \u00fev\u00ed. Og \u00fe\u00e1 er \u00feeir heyr\u00f0u \u00fea\u00f0 sem me\u00f0 honum voru gengu \u00feeir \u00fat og vildu hamla honum \u00fev\u00ed a\u00f0 \u00feeir s\u00f6g\u00f0u a\u00f0 hann mundi ganga af vitinu. En hinir skriftl\u00e6r\u00f0u sem ofan fr\u00e1 Jer\u00fasalem voru farnir s\u00f6g\u00f0u: &#8222;Hann hefir Belseb\u00fab og fyrir dj\u00f6flah\u00f6f\u00f0ingja \u00fe\u00e1 rekur hann fjandur \u00fat.&#8220; Og a\u00f0 \u00feeim samank\u00f6llu\u00f0um sag\u00f0i hann \u00ed eftirl\u00edking til \u00feeirra:<\/p>\n<p>\t&#8222;Hvernin f\u00e6r andskotinn annan andskotann \u00fatreki\u00f0? <span class=\"athugasemd\" title=\"5 \/ Straffan far\u00edseanna gu\u00f0lastanar\">[<\/span> \u00dev\u00ed ef r\u00edki\u00f0 skiptist \u00ed sj\u00e1lfu s\u00e9r \u00fe\u00e1 f\u00e6r \u00fea\u00f0 r\u00edki eigi sta\u00f0i\u00f0. Og ef eitt h\u00fas tv\u00edstrast \u00ed sj\u00e1lfu s\u00e9r \u00fe\u00e1 f\u00e6r \u00fea\u00f0 h\u00fas eigi sta\u00f0i\u00f0. Og ef andskotinn r\u00eds upp \u00ed m\u00f3ti sj\u00e1lfum s\u00e9r \u00e1 er hann vi\u00f0 sig \u00f3sam\u00feykkur og f\u00e6r eigi sta\u00f0i\u00f0 heldur hefur hann \u00fe\u00e1 ein endalok. Enginn f\u00e6r og inngengi\u00f0 \u00ed h\u00fas hins \u00f6fluga og burtgripi\u00f0 hans h\u00fasb\u00fana\u00f0 nema a\u00f0 hann bindi \u00e1\u00f0ur hinn \u00f6fluga og megi hann \u00fe\u00e1 so r\u00e6na hans h\u00fas.<\/p>\n<p>\tSannlega segi eg y\u00f0ur: <span class=\"athugasemd\" title=\"6 \/ \u00dat af synd m\u00f3ti helgum anda\">[<\/span> Allar syndir fyrigefast mannanna sonum og einnin gu\u00f0lastanir \u00fear \u00feeir lasta Gu\u00f0 me\u00f0. En s\u00e1 er lastar helgan anda hann hefir eigi fyrirgefning a\u00f0 eil\u00edfu heldur ver\u00f0ur hann sekur eil\u00edfs d\u00f3ms.&#8220; \u00dev\u00ed a\u00f0 \u00feeir s\u00f6g\u00f0u: &#8222;Hann hefur \u00f3hreinan anda.&#8220;<\/p>\n<p>\t\u00dear komu \u00fe\u00e1 m\u00f3\u00f0ir hans og br\u00e6\u00f0ur, st\u00f3\u00f0u \u00fear \u00fati fyrir, sendu til hans, kallandi \u00e1 hann (og f\u00f3lki\u00f0 sat kringum hann) og \u00feeir s\u00f6g\u00f0u til hans: &#8222;Sj\u00e1, m\u00f3\u00f0ir \u00fe\u00edn og br\u00e6\u00f0ur \u00fe\u00ednir standa \u00fear \u00fati og spyrja a\u00f0 \u00fe\u00e9r.&#8220; Hann svara\u00f0i \u00feeim og sag\u00f0i: <span class=\"athugasemd\" title=\"7 \/ Hverjir a\u00f0 s\u00e9 Christi br\u00e6\u00f0ur\">[<\/span> &#8222;Hver er m\u00edn m\u00f3\u00f0ir og m\u00ednir br\u00e6\u00f0ur?&#8220; \u00de\u00e1 leit hann og um sig til l\u00e6risveinanna er s\u00e1tu \u00ed kringum hann og sag\u00f0i: &#8222;Sj\u00e1i\u00f0, \u00fea\u00f0 er m\u00edn m\u00f3\u00f0ir og m\u00ednir br\u00e6\u00f0ur. \u00dev\u00ed a\u00f0 hver er gj\u00f6rir Gu\u00f0s vilja s\u00e1 er minn br\u00f3\u00f0ir, m\u00edn systir og m\u00edn m\u00f3\u00f0ir.&#8220;<\/p>\n","protected":false},"excerpt":{"rendered":"<p>III. Hann gekk og inn \u00ed samkunduh\u00fasi\u00f0 aftur. Og \u00fear var einn s\u00e1 ma\u00f0ur er haf\u00f0i visna\u00f0a h\u00f6nd. [ Og \u00feeir geymdu a\u00f0 hvert hann l\u00e6kna\u00f0i hann \u00e1 \u00fevottdegi so a\u00f0 \u00feeir m\u00e6ttu \u00e1klaga hann. Og hann sag\u00f0i til mannsins \u00feess sem visna haf\u00f0i h\u00f6ndina: &#8222;Stattu upp h\u00e9r \u00ed mi\u00f0i\u00f0.&#8220; Hann sag\u00f0i og til \u00feeirra: &#8222;Hvort h\u00e6fir \u00e1 \u00fevottd\u00f6gum vel a\u00f0 gj\u00f6ra e\u00f0ur illa, l\u00edfinu til frelsis a\u00f0 gj\u00f6ra e\u00f0ur \u00fev\u00ed a\u00f0 tort\u00edna?&#8220; En \u00feeir \u00fe\u00f6g\u00f0u allir. Hann leit \u00fe\u00e1 til \u00feeirra me\u00f0 rei\u00f0isvip og angra\u00f0ist vi\u00f0ur \u00feeirra hjartans blindleik og segir so til mannsins: &#8222;R\u00e9ttu \u00fat \u00fe\u00edna h\u00f6nd.&#8220; Og <a href=\"https:\/\/biblian.is\/gudbrandsbiblia\/markusargudspjall-3-kafli\/\"> [&#8230;]<\/a><\/p>\n","protected":false},"author":1,"featured_media":0,"parent":0,"menu_order":0,"comment_status":"open","ping_status":"open","template":"bibliukaflar.php","meta":{"footnotes":""},"class_list":["post-3809","page","type-page","status-publish","hentry"],"_links":{"self":[{"href":"https:\/\/biblian.is\/gudbrandsbiblia\/wp-json\/wp\/v2\/pages\/3809","targetHints":{"allow":["GET"]}}],"collection":[{"href":"https:\/\/biblian.is\/gudbrandsbiblia\/wp-json\/wp\/v2\/pages"}],"about":[{"href":"https:\/\/biblian.is\/gudbrandsbiblia\/wp-json\/wp\/v2\/types\/page"}],"author":[{"embeddable":true,"href":"https:\/\/biblian.is\/gudbrandsbiblia\/wp-json\/wp\/v2\/users\/1"}],"replies":[{"embeddable":true,"href":"https:\/\/biblian.is\/gudbrandsbiblia\/wp-json\/wp\/v2\/comments?post=3809"}],"version-history":[{"count":0,"href":"https:\/\/biblian.is\/gudbrandsbiblia\/wp-json\/wp\/v2\/pages\/3809\/revisions"}],"wp:attachment":[{"href":"https:\/\/biblian.is\/gudbrandsbiblia\/wp-json\/wp\/v2\/media?parent=3809"}],"curies":[{"name":"wp","href":"https:\/\/api.w.org\/{rel}","templated":true}]}}