{"id":3806,"date":"2017-12-18T18:34:46","date_gmt":"2017-12-18T18:34:46","guid":{"rendered":"http:\/\/biblian.is\/gudbrandsbiblia\/matteusargudspjall-28-kafli\/"},"modified":"2017-12-18T18:34:46","modified_gmt":"2017-12-18T18:34:46","slug":"matteusargudspjall-28-kafli","status":"publish","type":"page","link":"https:\/\/biblian.is\/gudbrandsbiblia\/matteusargudspjall-28-kafli\/","title":{"rendered":"Matteusargu\u00f0spjall 28. kafli"},"content":{"rendered":"<p>XXVIII.<\/p>\n<p>En a\u00f0 aftni \u00fevottdagsins, s\u00e1 er hefst a\u00f0 morni hins fyrsta dags \u00fevottdaganna, kom Mar\u00eda Magdalena og hin \u00f6nnur Mar\u00eda a\u00f0 sj\u00e1 gr\u00f6fina. <span class=\"athugasemd\" title=\"1 \/ \u00dat af upprisunni Christi \/ Mar. 16 \/ Lu. 24 \/ J\u00f3h. 20\">[<\/span> <\/p>\n<p>\tOg sj\u00e1, \u00fear var\u00f0 jar\u00f0skj\u00e1lfti mikill. \u00dev\u00ed a\u00f0 engill Drottins st\u00e9 af himni, gekk \u00fear a\u00f0 og velti steininum fr\u00e1 dyrunum og sat \u00e1 honum. Og hans \u00e1sj\u00e1n var sem elding og hans kl\u00e6\u00f0i hv\u00edt sem snj\u00e1r. En fyrir \u00f3gninni er af honum var ur\u00f0u var\u00f0haldsmennirnir sem v\u00e6ri \u00feeir dau\u00f0ir.<\/p>\n<p>\tEn engillinn svara\u00f0i og sag\u00f0i til kvennanna: <span class=\"athugasemd\" title=\"2 \/ Engillinn bo\u00f0ar Christum upprisan\">[<\/span> &#8222;Eigi skulu \u00fe\u00e9r \u00f3ttast \u00fev\u00ed a\u00f0 eg veit a\u00f0 \u00fe\u00e9r spyrji\u00f0 a\u00f0 Jes\u00fa sem krossfestur var. Ei er hann h\u00e9r, upp er hann risinn so sem hann sag\u00f0i. Komi \u00fe\u00e9r h\u00e9r og sj\u00e1i\u00f0 \u00feann sta\u00f0 hvar herrann var lag\u00f0ur. Gangi\u00f0 skyndilega og segi\u00f0 \u00fea\u00f0 hans l\u00e6risveinum a\u00f0 hann s\u00e9 upprisinn af dau\u00f0a og sj\u00e1, a\u00f0 hann mun ganga fyrir y\u00f0ur \u00ed Galileam. \u00dear munu \u00fe\u00e9r sj\u00e1 hann. Sj\u00e1i\u00f0, eg sag\u00f0i y\u00f0ur \u00fea\u00f0.&#8220;<\/p>\n<p>\tOg \u00fe\u00e6r gengu skyndilega fr\u00e1 gr\u00f6finni me\u00f0ur \u00f3tta og fagna\u00f0i miklum og hlupu so hart a\u00f0 \u00fe\u00e6r undirv\u00edsu\u00f0u \u00fea\u00f0 hans l\u00e6risveinum. En me\u00f0an \u00fe\u00e6r gengu a\u00f0 kunngj\u00f6ra \u00fea\u00f0 hans l\u00e6risveinum, sj\u00e1, \u00fe\u00e1 m\u00e6tti \u00feeim Jes\u00fas og sag\u00f0i: <span class=\"athugasemd\" title=\"3 \/ Christus talar vi\u00f0 konunar\">[<\/span> &#8222;Heilar s\u00e9u \u00fe\u00e9r. Og \u00fe\u00e6r gengu til hans og h\u00e9ldu hans f\u00f3tum og krupu fyrir honum ni\u00f0ur. \u00de\u00e1 sag\u00f0i Jes\u00fas til \u00feeirra: &#8222;Eigi skulu \u00fe\u00e9r \u00f3ttast. Fari\u00f0 og kunngj\u00f6ri\u00f0 m\u00ednum br\u00e6\u00f0rum a\u00f0 \u00feeir gangi \u00ed Galileam og \u00fear skulu \u00feeir mig sj\u00e1.&#8220;<\/p>\n<p>\tEn me\u00f0an \u00fe\u00e6r gengu \u00e1 burt, sj\u00e1, \u00fe\u00e1 komu nokkrir af var\u00f0haldsm\u00f6nnunum \u00ed borgina og undirv\u00edsu\u00f0u kennimannah\u00f6f\u00f0ingjunum allt hva\u00f0 til haf\u00f0i bori\u00f0. <span class=\"athugasemd\" title=\"4 \/ Var\u00f0haldsmenn segja fr\u00e1 upprisunni Christi\">[<\/span> Og \u00feeir s\u00f6fnu\u00f0ust saman me\u00f0 \u00f6ldungunum, haldandi r\u00e1\u00f0stefnu og g\u00e1fu str\u00ed\u00f0sm\u00f6nnunum \u00e6rna peninga og s\u00f6g\u00f0u: <span class=\"athugasemd\" title=\"5 \/ \u00d3l\u00edklegar lygar\">[<\/span> &#8222;Segi\u00f0: Hans l\u00e6risveinar komu um n\u00f3tt og st\u00e1lu honum \u00e1 me\u00f0an v\u00e9r sv\u00e1fum. Og ef \u00fea\u00f0 kann a\u00f0 heyrast fyrir d\u00f3maranum skulu v\u00e9r stilla hann og gj\u00f6ra a\u00f0 \u00fe\u00e9r s\u00e9u\u00f0 traustir.&#8220; Og \u00feeir t\u00f3ku peningana og gj\u00f6r\u00f0u so sem \u00feeim var kennt. Og \u00feessi or\u00f0r\u00f3mur er v\u00ed\u00f0fr\u00e6gur or\u00f0inn me\u00f0al Gy\u00f0inga allt til \u00feessa dags. <\/p>\n<p>\tEn \u00feeir ellefu l\u00e6risveinar gengu burt \u00ed Galileam \u00e1 eitt fjall \u00fea\u00f0 e\u00f0 Jes\u00fas haf\u00f0i \u00feeim fyrirskipa\u00f0. Og er \u00feeir s\u00e1u hann hn\u00e9krupu \u00feeir honum en nokkrir efu\u00f0u \u00fea\u00f0. <span class=\"athugasemd\" title=\"6 \/ L\u00e6risveinar tilbi\u00f0ja Christum\">[<\/span> Jes\u00fas gekk til \u00feeirra, tala\u00f0i vi\u00f0 \u00fe\u00e1 og sag\u00f0i: &#8222;Allt vald er m\u00e9r gefi\u00f0 \u00e1 himnum og j\u00f6r\u00f0u. Fyrir \u00fev\u00ed gangi \u00fe\u00e9r \u00fat og l\u00e6ri\u00f0 allar \u00fej\u00f3\u00f0ir og sk\u00edri\u00f0 \u00fe\u00e6r \u00ed nafni f\u00f6\u00f0ur, sonar og heilags anda og kenni\u00f0 \u00feeim a\u00f0 halda allt hva\u00f0 eg bau\u00f0 y\u00f0ur. <span class=\"athugasemd\" title=\"7 \/ \u00datsending l\u00e6risveinanna til a\u00f0 kenna og sk\u00edra\">[<\/span> Og sj\u00e1i\u00f0, eg em me\u00f0 y\u00f0ur alla daga allt til enda veraldar.&#8220;<\/p>\n<p>H\u00e9r er endi S. Mattheus gu\u00f0spjalla.<\/p>\n","protected":false},"excerpt":{"rendered":"<p>XXVIII. En a\u00f0 aftni \u00fevottdagsins, s\u00e1 er hefst a\u00f0 morni hins fyrsta dags \u00fevottdaganna, kom Mar\u00eda Magdalena og hin \u00f6nnur Mar\u00eda a\u00f0 sj\u00e1 gr\u00f6fina. [ Og sj\u00e1, \u00fear var\u00f0 jar\u00f0skj\u00e1lfti mikill. \u00dev\u00ed a\u00f0 engill Drottins st\u00e9 af himni, gekk \u00fear a\u00f0 og velti steininum fr\u00e1 dyrunum og sat \u00e1 honum. Og hans \u00e1sj\u00e1n var sem elding og hans kl\u00e6\u00f0i hv\u00edt sem snj\u00e1r. En fyrir \u00f3gninni er af honum var ur\u00f0u var\u00f0haldsmennirnir sem v\u00e6ri \u00feeir dau\u00f0ir. En engillinn svara\u00f0i og sag\u00f0i til kvennanna: [ &#8222;Eigi skulu \u00fe\u00e9r \u00f3ttast \u00fev\u00ed a\u00f0 eg veit a\u00f0 \u00fe\u00e9r spyrji\u00f0 a\u00f0 Jes\u00fa sem krossfestur var. Ei <a href=\"https:\/\/biblian.is\/gudbrandsbiblia\/matteusargudspjall-28-kafli\/\"> [&#8230;]<\/a><\/p>\n","protected":false},"author":1,"featured_media":0,"parent":0,"menu_order":0,"comment_status":"open","ping_status":"open","template":"bibliukaflar.php","meta":{"footnotes":""},"class_list":["post-3806","page","type-page","status-publish","hentry"],"_links":{"self":[{"href":"https:\/\/biblian.is\/gudbrandsbiblia\/wp-json\/wp\/v2\/pages\/3806","targetHints":{"allow":["GET"]}}],"collection":[{"href":"https:\/\/biblian.is\/gudbrandsbiblia\/wp-json\/wp\/v2\/pages"}],"about":[{"href":"https:\/\/biblian.is\/gudbrandsbiblia\/wp-json\/wp\/v2\/types\/page"}],"author":[{"embeddable":true,"href":"https:\/\/biblian.is\/gudbrandsbiblia\/wp-json\/wp\/v2\/users\/1"}],"replies":[{"embeddable":true,"href":"https:\/\/biblian.is\/gudbrandsbiblia\/wp-json\/wp\/v2\/comments?post=3806"}],"version-history":[{"count":0,"href":"https:\/\/biblian.is\/gudbrandsbiblia\/wp-json\/wp\/v2\/pages\/3806\/revisions"}],"wp:attachment":[{"href":"https:\/\/biblian.is\/gudbrandsbiblia\/wp-json\/wp\/v2\/media?parent=3806"}],"curies":[{"name":"wp","href":"https:\/\/api.w.org\/{rel}","templated":true}]}}