{"id":3802,"date":"2017-12-18T18:34:46","date_gmt":"2017-12-18T18:34:46","guid":{"rendered":"http:\/\/biblian.is\/gudbrandsbiblia\/matteusargudspjall-24-kafli\/"},"modified":"2017-12-18T18:34:46","modified_gmt":"2017-12-18T18:34:46","slug":"matteusargudspjall-24-kafli","status":"publish","type":"page","link":"https:\/\/biblian.is\/gudbrandsbiblia\/matteusargudspjall-24-kafli\/","title":{"rendered":"Matteusargu\u00f0spjall 24. kafli"},"content":{"rendered":"<p>XXIIII.<\/p>\n<p>Og sem Jes\u00fas gekk \u00fat af musterinu \u00fe\u00e1 gengu hans l\u00e6risveinar til hans a\u00f0 \u00feeir s\u00fdndu honum bygging musterisins. <span class=\"athugasemd\" title=\"1 \/ Af forey\u00f0slu Jer\u00fasalem og enda veraldar\">[<\/span> En Jes\u00fas sag\u00f0i til \u00feeirra: &#8222;Sj\u00e1i \u00fe\u00e9r ekki allt \u00feetta? Sannlega segi eg y\u00f0ur a\u00f0 h\u00e9r mun eigi eftir l\u00e1tast steinn yfir steini s\u00e1 er eigi mun ni\u00f0urbrotinn ver\u00f0a.&#8220;<\/p>\n<p>\tEn sem hann sat \u00e1 fjallinu Oliveti gengu hans l\u00e6risveinar a\u00f0 honum heimuglega og s\u00f6g\u00f0u: <span class=\"athugasemd\" title=\"2 \/ Teiknin fyrir ni\u00f0urbrot Jer\u00fasalem og veraldarinnar enda: Falskenningar, bardagar, dreps\u00f3tt, hungur, jar\u00f0skj\u00e1lftar, ofs\u00f3knir, hneykslanir, hatur, falsprophetar, villur, rangl\u00e6ti, k\u00e6rleiksleysi, pr\u00e9dikan evangelii\">[<\/span> &#8222;Seg \u00fe\u00fa oss hvenar \u00feetta mun ske og hvert teikn er \u00feinnar tilkomu og veraldarinnar enda.&#8220; En Jes\u00fas svara\u00f0i og sag\u00f0i til \u00feeirra: &#8222;Sj\u00e1i\u00f0 til a\u00f0 enginn villi y\u00f0ur. \u00dev\u00ed a\u00f0 margir munu koma undir m\u00ednu nafni og segja: Eg em Kristur, og \u00feeir munu marga villa.<\/p>\n<p>\t\u00de\u00e9r munu\u00f0 heyra bardaga og herna\u00f0art\u00ed\u00f0indi. Sj\u00e1i\u00f0 til a\u00f0 \u00fe\u00e9r skelfist ekki \u00fev\u00ed a\u00f0 allt \u00feetta hl\u00fdtur a\u00f0 ske. \u00de\u00f3 er \u00fe\u00e1 enn eigi endirinn kominn. \u00dev\u00ed a\u00f0 \u00fear mun ein \u00fej\u00f3\u00f0 hefja sig upp \u00ed m\u00f3ti annarri og r\u00edki \u00ed m\u00f3ti r\u00edki. Dreps\u00f3ttir og hungur og jar\u00f0skj\u00e1lftar munu \u00fear ver\u00f0a \u00ed \u00fdmsum st\u00f6\u00f0um en allt \u00feetta eru upph\u00f6f harmkv\u00e6lanna.<\/p>\n<p>\t\u00de\u00e1 munu \u00feeir ofurselja y\u00f0ur \u00ed har\u00f0kv\u00e6li og y\u00f0ur munu \u00feeir l\u00edfi firra og \u00fe\u00e9r ver\u00f0i\u00f0 hata\u00f0ir af \u00f6llum \u00fej\u00f3\u00f0um fyrir m\u00edns nafns sakir. Og \u00fe\u00e1 munu margir hneykslun fyllast og innbyr\u00f0is hver annan sv\u00edkja og hver annan a\u00f0 hatri hafa. Og margir falssp\u00e1menn munu sig upphefja og margan afvegalei\u00f0a. Og af \u00fev\u00ed a\u00f0 rangl\u00e6ti\u00f0 mun yfirgn\u00e6fa mun k\u00e6rleikurinn margra k\u00f3lna. En hver e\u00f0 sta\u00f0fastur bl\u00edfur allt til enda s\u00e1 mun h\u00f3lpinn ver\u00f0a. Og \u00feetta evangelium r\u00edkisins mun pr\u00e9dika\u00f0 ver\u00f0a um allan heim til vitnisbur\u00f0ar yfir allar \u00fej\u00f3\u00f0ir og \u00fe\u00e1 mun endirinn koma.<\/p>\n<p>\tN\u00e6r \u00fe\u00e9r sj\u00e1i\u00f0 n\u00fa sv\u00edvir\u00f0ing ey\u00f0slunnar (af hverri sagt er fyrir sp\u00e1manninn Dan\u00edel) standa \u00ed helgum sta\u00f0 \u0096 hver \u00fea\u00f0 les hann hyggi \u00fear a\u00f0 \u0096, hverjir \u00fe\u00e1 eru \u00e1 Gy\u00f0ingalandi fl\u00fdi \u00feeir \u00e1 fj\u00f6ll og hver hann er \u00e1 r\u00e6fri fari s\u00e1 ei ofan nokku\u00f0 a\u00f0 taka \u00far s\u00ednu h\u00fasi og s\u00e1 sem \u00e1 akri er sn\u00fai hann ei aftur a\u00f0 taka upp kyrtil sinn. <span class=\"athugasemd\" title=\"3 \/ Af s\u00ed\u00f0ustu sv\u00edvir\u00f0ing\">[<\/span> Af \u00fevi bi\u00f0ji\u00f0 a\u00f0 y\u00f0ar fl\u00f3tti ske eigi um vetur e\u00f0ur \u00e1 \u00fevottdegi. <span class=\"athugasemd\" title=\"4 \/ \u00c1minning og vi\u00f0v\u00f6run\">[<\/span> \u00dev\u00ed a\u00f0 \u00fe\u00e1 mun ver\u00f0a so st\u00f3r h\u00f6rmung hvil\u00edk a\u00f0 eigi var \u00ed fr\u00e1 upphafi veraldar allt til \u00feessarar stundar og eigi heldur ver\u00f0a mun. Og nema \u00fea\u00f0 a\u00f0 \u00feessir dagar s\u00e9 styttir ver\u00f0ur ekkert hold h\u00f3lpi\u00f0. En fyrir \u00fatvaldra sakir \u00fe\u00e1 eru \u00feessir dagar forstyttir.<\/p>\n<p>\tEn ef nokkur segir \u00fe\u00e1 til y\u00f0ar: Sj\u00e1, h\u00e9r er Kristur, e\u00f0ur, \u00dear, \u00fe\u00e1 skulu \u00fe\u00e9r eigi \u00fev\u00ed tr\u00faa. \u00dev\u00ed a\u00f0 upp munu r\u00edsa falskristar og falssp\u00e1menn og \u00feeir munu gj\u00f6ra st\u00f3r t\u00e1kn og undur so a\u00f0 \u00ed villu munu lei\u00f0ast (ef ske m\u00e6tti) einnin \u00fatvaldir. Sj\u00e1i\u00f0, eg sag\u00f0i y\u00f0ur \u00fea\u00f0 fyrir. N\u00fa ef \u00feeir segja til y\u00f0ar: Sj\u00e1i\u00f0, hann er \u00e1 ey\u00f0im\u00f6rku, \u00fe\u00e1 gangi\u00f0 eigi \u00fat. Sj\u00e1i\u00f0, hann er \u00ed launkofum, \u00fe\u00e1 tr\u00fai\u00f0 eigi. \u00dev\u00ed a\u00f0 so sem elding \u00fat gengur af uppg\u00f6ngu og sk\u00edn allt til ni\u00f0urg\u00f6ngu l\u00edka mun vera tilkoma Mannsins sonar. \u00dev\u00ed a\u00f0 hvar helst a\u00f0 hr\u00e6i\u00f0 er \u00feanga\u00f0 munu ernirnir safnast. <span class=\"athugasemd\" title=\"Mar. 13 \/ Matth. 18\">[<\/span> <\/p>\n<p>\tEn strax eftir h\u00f6rmung \u00feessara daga mun s\u00f3lin sortna og tungli\u00f0 eigi sitt lj\u00f3s gefa og stj\u00f6rnur munu af himni hrapa og kraftar himnanna munu bifast. <span class=\"athugasemd\" title=\"S\u00f3l, tungl, stj\u00f6rnur, kraftar himins\">[<\/span> Og \u00fe\u00e1 mun sk\u00edna teikn Mannsins sonar \u00e1 himni og munu s\u00e9r \u00fe\u00e1 kveina allar kynkv\u00edslir jar\u00f0ar og \u00feeir munu sj\u00e1 Mannsins son komandi \u00ed sk\u00fdjum himins me\u00f0 krafti miklum og tignarveldi. Og s\u00edna engla mun hann \u00fatsenda me\u00f0 l\u00fa\u00f0ra\u00feeytingu mikilli og hans \u00fatv\u00f6ldum munu \u00feeir samansafna af fj\u00f3rum vindum, fr\u00e1 ystu \u00e1lfum himnanna og allt til \u00feeirra endimarka. <span class=\"athugasemd\" title=\"5 \/ Huggun\">[<\/span> <\/p>\n<p>\tAf f\u00edkjutr\u00e9nu l\u00e6ri\u00f0 eftirl\u00edking. <span class=\"athugasemd\" title=\"6 \/ Eftirl\u00edking af f\u00edkjutr\u00e9nu\">[<\/span> N\u00e6r e\u00f0 \u00feess kvistur gj\u00f6rist frj\u00f3r og laufin \u00fatspretta \u00fe\u00e1 viti \u00fe\u00e9r \u00fea\u00f0 sumari\u00f0 er \u00ed n\u00e1nd. L\u00edka so, n\u00e6r e\u00f0 \u00fe\u00e9r sj\u00e1i\u00f0 allt \u00feetta \u00fe\u00e1 viti\u00f0 a\u00f0 \u00fea\u00f0 er n\u00e6rri, fyrir dyrum. Sannlega segi eg y\u00f0ur a\u00f0 \u00feessi kynsl\u00f3\u00f0 mun eigi forganga \u00fear til a\u00f0 allt \u00feetta sker. Himinn og j\u00f6r\u00f0 munu forganga en m\u00edn or\u00f0 munu eigi forganga. <span class=\"athugasemd\" title=\"Mar. 13 \/ Luc. 21\">[<\/span> En af \u00feeim degi e\u00f0ur stundu veit enginn og ekki englar \u00e1 himnum nema minn fa\u00f0ir einnsaman.<\/p>\n<p>\tEn l\u00edka sem var um daga Noe so mun og ver\u00f0a \u00ed tilkomu Mannsins sonar. <span class=\"athugasemd\" title=\"7 \/ Dagar Noe \/ Luc. 17\">[<\/span> \u00dev\u00ed so sem \u00feeir voru \u00e1 \u00feeim d\u00f6gum fyrir fl\u00f3\u00f0i\u00f0 a\u00f0 \u00feeir \u00e1tu, \u00feeir drukku, \u00feeir giftust og l\u00e9tu gifta sig, allt til \u00feess dags \u00e1 hverjum N\u00f3i gekk \u00ed \u00f6rkina og \u00feeir s\u00e6ttu \u00fev\u00ed ekki \u00fear til a\u00f0 fl\u00f3\u00f0i\u00f0 kom og t\u00f3k \u00fe\u00e1 alla \u00ed burt, so mun og vera \u00ed tilkomu Mannsins sonar. \u00de\u00e1 munu tveir \u00e1 akri vera og mun einn upptekinn en annar forl\u00e1tinn ver\u00f0a og tv\u00e6r munu \u00ed kvernh\u00fasi malandi vera og mun ein upptekin og \u00f6nnur forl\u00e1tin ver\u00f0a.<\/p>\n<p>\tFyrir \u00fev\u00ed vaki\u00f0 \u00fev\u00ed a\u00f0 \u00fe\u00e9r viti\u00f0 eigi \u00e1 hverri stundu y\u00f0ar herra muni koma. <span class=\"athugasemd\" title=\"8 \/ Ni\u00f0urlag m\u00e1lsins me\u00f0 eftirl\u00edkingu \u00feeirrar meiningar a\u00f0 v\u00e9r eigum alla t\u00edma a\u00f0 vera rei\u00f0ub\u00fanir\">[<\/span> En \u00fea\u00f0 skulu \u00fe\u00e9r vita a\u00f0 ef h\u00fasfa\u00f0irinn vissi \u00e1 hverri stundu e\u00f0 \u00fej\u00f3furinn k\u00e6mi mundi hann vaka og l\u00e1ta eigi sitt h\u00fas \u00ed sundur grafa. Fyrir \u00fev\u00ed veri\u00f0 \u00fe\u00e9r og rei\u00f0ub\u00fanir \u00fev\u00ed a\u00f0 Mannsins son mun koma \u00e1 \u00feeirri stund \u00fe\u00e9r meini\u00f0 ekki.<\/p>\n<p>\tEn hver hann er tr\u00far \u00fej\u00f3n og forsj\u00e1ll sem herrann hefur sett yfir s\u00edn hj\u00fa a\u00f0 hann gefi \u00feeim f\u00e6\u00f0i \u00ed r\u00e9ttan t\u00edma. S\u00e6ll er s\u00e1 \u00fej\u00f3n n\u00e6r hans herra kemru og finnur hann so gj\u00f6randa. Sannlega segi eg y\u00f0ur a\u00f0 hann mun hann setja yfir \u00f6ll s\u00edn au\u00f0\u00e6fi. En ef s\u00e1 vondi \u00fej\u00f3n segir \u00ed s\u00ednu hjarta: Minn herra gj\u00f6rir dv\u00f6l \u00e1 a\u00f0 koma, og tekur a\u00f0 sl\u00e1 s\u00edna samlags\u00fej\u00f3na, etur og drekkur me\u00f0 drykkjur\u00fat\u00f6rum. En herra \u00feess \u00fej\u00f3ns mun koma \u00e1 \u00feeim degi sem hann vonar eigi og \u00e1 \u00feeirri stundu er hann grunar eigi og \u00ed sundur partar hann og setur hans hlutskipti me\u00f0 hr\u00e6snurum. \u00dear mun vera \u00f3p og tannagn\u00edstran.<\/p>\n","protected":false},"excerpt":{"rendered":"<p>XXIIII. Og sem Jes\u00fas gekk \u00fat af musterinu \u00fe\u00e1 gengu hans l\u00e6risveinar til hans a\u00f0 \u00feeir s\u00fdndu honum bygging musterisins. [ En Jes\u00fas sag\u00f0i til \u00feeirra: &#8222;Sj\u00e1i \u00fe\u00e9r ekki allt \u00feetta? Sannlega segi eg y\u00f0ur a\u00f0 h\u00e9r mun eigi eftir l\u00e1tast steinn yfir steini s\u00e1 er eigi mun ni\u00f0urbrotinn ver\u00f0a.&#8220; En sem hann sat \u00e1 fjallinu Oliveti gengu hans l\u00e6risveinar a\u00f0 honum heimuglega og s\u00f6g\u00f0u: [ &#8222;Seg \u00fe\u00fa oss hvenar \u00feetta mun ske og hvert teikn er \u00feinnar tilkomu og veraldarinnar enda.&#8220; En Jes\u00fas svara\u00f0i og sag\u00f0i til \u00feeirra: &#8222;Sj\u00e1i\u00f0 til a\u00f0 enginn villi y\u00f0ur. \u00dev\u00ed a\u00f0 margir munu koma <a href=\"https:\/\/biblian.is\/gudbrandsbiblia\/matteusargudspjall-24-kafli\/\"> [&#8230;]<\/a><\/p>\n","protected":false},"author":1,"featured_media":0,"parent":0,"menu_order":0,"comment_status":"open","ping_status":"open","template":"bibliukaflar.php","meta":{"footnotes":""},"class_list":["post-3802","page","type-page","status-publish","hentry"],"_links":{"self":[{"href":"https:\/\/biblian.is\/gudbrandsbiblia\/wp-json\/wp\/v2\/pages\/3802","targetHints":{"allow":["GET"]}}],"collection":[{"href":"https:\/\/biblian.is\/gudbrandsbiblia\/wp-json\/wp\/v2\/pages"}],"about":[{"href":"https:\/\/biblian.is\/gudbrandsbiblia\/wp-json\/wp\/v2\/types\/page"}],"author":[{"embeddable":true,"href":"https:\/\/biblian.is\/gudbrandsbiblia\/wp-json\/wp\/v2\/users\/1"}],"replies":[{"embeddable":true,"href":"https:\/\/biblian.is\/gudbrandsbiblia\/wp-json\/wp\/v2\/comments?post=3802"}],"version-history":[{"count":0,"href":"https:\/\/biblian.is\/gudbrandsbiblia\/wp-json\/wp\/v2\/pages\/3802\/revisions"}],"wp:attachment":[{"href":"https:\/\/biblian.is\/gudbrandsbiblia\/wp-json\/wp\/v2\/media?parent=3802"}],"curies":[{"name":"wp","href":"https:\/\/api.w.org\/{rel}","templated":true}]}}