{"id":3782,"date":"2017-12-18T18:34:42","date_gmt":"2017-12-18T18:34:42","guid":{"rendered":"http:\/\/biblian.is\/gudbrandsbiblia\/matteusargudspjall-4-kafli\/"},"modified":"2017-12-18T18:34:42","modified_gmt":"2017-12-18T18:34:42","slug":"matteusargudspjall-4-kafli","status":"publish","type":"page","link":"https:\/\/biblian.is\/gudbrandsbiblia\/matteusargudspjall-4-kafli\/","title":{"rendered":"Matteusargu\u00f0spjall 4. kafli"},"content":{"rendered":"<p>IIII.<\/p>\n<p>\u00de\u00e1 var Jes\u00fas leiddur af anda \u00e1 ey\u00f0im\u00f6rk upp \u00e1 \u00fea\u00f0 hann freista\u00f0ur yr\u00f0i af dj\u00f6flinum. <span class=\"athugasemd\" title=\"I \/ Christus freistast af dj\u00f6flinum \/ Marc. 1 \/ Luc. 4\">[<\/span> Og \u00fe\u00e1 hann haf\u00f0i fasta\u00f0 fj\u00f6rut\u00edgu daga og fj\u00f6rut\u00edgu n\u00e1tta hungra\u00f0i hann. Og freistarinn gekk til hans og sag\u00f0i: &#8222;Ef a\u00f0 \u00fe\u00fa ert sonur Gu\u00f0s seg a\u00f0 steinar \u00feessir ver\u00f0i a\u00f0 brau\u00f0um.&#8220; En hann svara\u00f0i og sag\u00f0i: <span class=\"athugasemd\" title=\"Deut. 8\">[<\/span> &#8222;Skrifa\u00f0 er: Ma\u00f0urinn lifir eigi af einusaman brau\u00f0i heldur af s\u00e9rhverju or\u00f0i sem framgengur af Gu\u00f0s munni.&#8220;<\/p>\n<p>\t\u00de\u00e1 t\u00f3k dj\u00f6fullinn hann me\u00f0 s\u00e9r \u00ed borgina helgu og setti hann upp \u00e1 bust musterisins og sag\u00f0i til hans: &#8222;Ef \u00fe\u00fa ert Gu\u00f0s son fleyg \u00fe\u00e9r h\u00e9r ofan \u00fea\u00f0 skrifa\u00f0 er: Hann mun bj\u00f3\u00f0a s\u00ednum englum um \u00feig a\u00f0 \u00e1 h\u00f6ndum beri \u00feeir \u00feig so a\u00f0 \u00fe\u00fa steytir ei f\u00f3t \u00feinn vi\u00f0 steini.&#8220; Jes\u00fas sag\u00f0i til hans: &#8222;Enn aftur er skrifa\u00f0: <span class=\"athugasemd\" title=\"Psal. 90\">[<\/span> Eigi skaltu freista Drottins Gu\u00f0s \u00fe\u00edns.&#8220; Og enn aftur flutti dj\u00f6fullinn hann me\u00f0 s\u00e9r upp \u00e1 ofurh\u00e1tt fjall og s\u00fdndi honum \u00f6ll r\u00edki veraldar og \u00feeirra d\u00fdr\u00f0 og sag\u00f0i til hans: &#8222;Allt \u00feetta mun eg gefa \u00fe\u00e9r ef \u00fe\u00fa fellur fram og tilbi\u00f0ur mig.&#8220; \u00de\u00e1 sag\u00f0i Jes\u00fas til hans: &#8222;Far burt, \u00fe\u00fa andskoti, \u00fev\u00ed a\u00f0 skrifa\u00f0 er: <span class=\"athugasemd\" title=\"Deut. 6 \/ Deut. 6\">[<\/span> Drottin Gu\u00f0 \u00feinn skaltu tilbi\u00f0ja og honum einum \u00fej\u00f3na.&#8220; \u00de\u00e1 forl\u00e9t dj\u00f6fullinn hann og sj\u00e1, a\u00f0 englar komu til hans og \u00fej\u00f3nu\u00f0u honum.<\/p>\n<p>\tEn er Jes\u00fas heyr\u00f0i \u00fea\u00f0 J\u00f3hannes var gripinn f\u00f3r hann til Galilealands og forl\u00e9t borgina Na\u00f0saret og kom og bygg\u00f0i \u00ed borginni Kapernaum hver e\u00f0 liggur vi\u00f0 sj\u00e1vars\u00ed\u00f0u \u00ed endim\u00f6rkum Sab\u00falon og Neftal\u00edm. <span class=\"athugasemd\" title=\"2 \/ Christus fer \u00far Efri-Galilea \u00ed \u00fe\u00e1 ne\u00f0ri\">[<\/span> So a\u00f0 \u00fea\u00f0 uppfylltist hva\u00f0 sagt er fyrir Esaiam sp\u00e1mann sem segir: &#8222;Landi\u00f0 Sab\u00falon og landi\u00f0 Neftal\u00edm vi\u00f0 sj\u00e1varg\u00f6tu hinumegin J\u00f3rdanar og Galilea hin hei\u00f0na, l\u00fd\u00f0ur s\u00e1 er sat \u00ed myrkrunum hann s\u00e1 lj\u00f3s miki\u00f0 og \u00feeir sem s\u00e1tu \u00ed bygg\u00f0 og skugga dau\u00f0ans \u00feeim er n\u00fa lj\u00f3s upprunni\u00f0.&#8220; \u00dea\u00f0an \u00ed fr\u00e1 t\u00f3k Jes\u00fas a\u00f0 pr\u00e9dika og segja: <span class=\"athugasemd\" title=\"3 \/ Pr\u00e9dikan Christi\">[<\/span> &#8222;Gj\u00f6ri\u00f0 i\u00f0ran \u00fev\u00ed a\u00f0 himnar\u00edki er n\u00e1l\u00e6gt.&#8220;<\/p>\n<p>\tEn er Jes\u00fas gekk me\u00f0 sj\u00f3num \u00ed Galilea leit hann tvo br\u00e6\u00f0ur, S\u00edmon s\u00e1 er kallast Petrus og Andream br\u00f3\u00f0ur hans, hverjir e\u00f0 voru a\u00f0 varpa neti \u00ed sj\u00f3inn \u00fev\u00ed a\u00f0 \u00feeir voru fiskimenn. <span class=\"athugasemd\" title=\"4 \/ Kallan postulanna\">[<\/span> Og hann sag\u00f0i til \u00feeirra: &#8222;Fylgi\u00f0 m\u00e9r eftir og eg mun gj\u00f6ra y\u00f0ur a\u00f0 fisk\u00f6rum manna.&#8220; En \u00feeir forl\u00e9tu jafnsnart netin og fylgdu honum eftir.<\/p>\n<p>\tOg er hann gekk fram lengra burt \u00fea\u00f0an s\u00e1 hann tvo a\u00f0ra br\u00e6\u00f0ur, Jakob son Zebdei og Johannem br\u00f3\u00f0ur hans, vera \u00ed skipi me\u00f0 f\u00f6\u00f0ur s\u00ednum Zebedeo net s\u00edn a\u00f0 b\u00e6ta. Og hann kalla\u00f0i \u00fe\u00e1. En \u00feeir forl\u00e9tu strax skipi\u00f0 og f\u00f6\u00f0ur sinn og fylgdu honum eftir. <\/p>\n<p>\tJes\u00fas f\u00f3r og um allt Galileam, kennandi \u00ed \u00feeirra samkunduh\u00fasum og pr\u00e9dika\u00f0i evangelium r\u00edkisins og l\u00e6kna\u00f0i \u00f6ll s\u00f3ttarfelli og \u00f6ll krankd\u00e6mi me\u00f0 f\u00f3lkinu og hans rykti barst \u00fat um allt Syriam. <span class=\"athugasemd\" title=\"5 \/ Rykti\u00f0 Christi vegna hans jarteikna\">[<\/span> Og \u00feeir f\u00e6r\u00f0u honum alla \u00fe\u00e1 sem krenktir voru af margv\u00edslegum s\u00f3ttarferlum og \u00ed \u00fdmislegum p\u00edslum h\u00f6ndla\u00f0ir og \u00fe\u00e1 er dj\u00f6ful h\u00f6f\u00f0u, tunglamein e\u00f0a iktsj\u00fakir voru og hann l\u00e6kna\u00f0i \u00fe\u00e1 alla. Og margt f\u00f3lk fylgdi honum eftir \u00far Galilea og \u00far \u00feeim t\u00edu borgum og af Jer\u00fasalem og J\u00fada og af \u00feeim h\u00e9r\u00f6\u00f0um er voru hinumegin J\u00f3rdanar.<\/p>\n","protected":false},"excerpt":{"rendered":"<p>IIII. \u00de\u00e1 var Jes\u00fas leiddur af anda \u00e1 ey\u00f0im\u00f6rk upp \u00e1 \u00fea\u00f0 hann freista\u00f0ur yr\u00f0i af dj\u00f6flinum. [ Og \u00fe\u00e1 hann haf\u00f0i fasta\u00f0 fj\u00f6rut\u00edgu daga og fj\u00f6rut\u00edgu n\u00e1tta hungra\u00f0i hann. Og freistarinn gekk til hans og sag\u00f0i: &#8222;Ef a\u00f0 \u00fe\u00fa ert sonur Gu\u00f0s seg a\u00f0 steinar \u00feessir ver\u00f0i a\u00f0 brau\u00f0um.&#8220; En hann svara\u00f0i og sag\u00f0i: [ &#8222;Skrifa\u00f0 er: Ma\u00f0urinn lifir eigi af einusaman brau\u00f0i heldur af s\u00e9rhverju or\u00f0i sem framgengur af Gu\u00f0s munni.&#8220; \u00de\u00e1 t\u00f3k dj\u00f6fullinn hann me\u00f0 s\u00e9r \u00ed borgina helgu og setti hann upp \u00e1 bust musterisins og sag\u00f0i til hans: &#8222;Ef \u00fe\u00fa ert Gu\u00f0s son fleyg \u00fe\u00e9r <a href=\"https:\/\/biblian.is\/gudbrandsbiblia\/matteusargudspjall-4-kafli\/\"> [&#8230;]<\/a><\/p>\n","protected":false},"author":1,"featured_media":0,"parent":0,"menu_order":0,"comment_status":"open","ping_status":"open","template":"bibliukaflar.php","meta":{"footnotes":""},"class_list":["post-3782","page","type-page","status-publish","hentry"],"_links":{"self":[{"href":"https:\/\/biblian.is\/gudbrandsbiblia\/wp-json\/wp\/v2\/pages\/3782","targetHints":{"allow":["GET"]}}],"collection":[{"href":"https:\/\/biblian.is\/gudbrandsbiblia\/wp-json\/wp\/v2\/pages"}],"about":[{"href":"https:\/\/biblian.is\/gudbrandsbiblia\/wp-json\/wp\/v2\/types\/page"}],"author":[{"embeddable":true,"href":"https:\/\/biblian.is\/gudbrandsbiblia\/wp-json\/wp\/v2\/users\/1"}],"replies":[{"embeddable":true,"href":"https:\/\/biblian.is\/gudbrandsbiblia\/wp-json\/wp\/v2\/comments?post=3782"}],"version-history":[{"count":0,"href":"https:\/\/biblian.is\/gudbrandsbiblia\/wp-json\/wp\/v2\/pages\/3782\/revisions"}],"wp:attachment":[{"href":"https:\/\/biblian.is\/gudbrandsbiblia\/wp-json\/wp\/v2\/media?parent=3782"}],"curies":[{"name":"wp","href":"https:\/\/api.w.org\/{rel}","templated":true}]}}