{"id":3779,"date":"2017-12-18T18:34:42","date_gmt":"2017-12-18T18:34:42","guid":{"rendered":"http:\/\/biblian.is\/gudbrandsbiblia\/matteusargudspjall-1-kafli\/"},"modified":"2017-12-18T18:34:42","modified_gmt":"2017-12-18T18:34:42","slug":"matteusargudspjall-1-kafli","status":"publish","type":"page","link":"https:\/\/biblian.is\/gudbrandsbiblia\/matteusargudspjall-1-kafli\/","title":{"rendered":"Matteusargu\u00f0spjall 1. kafli"},"content":{"rendered":"<p>S. Mattheus evangelium <\/p>\n<p>I. <\/p>\n<p>\u00deessi er f\u00e6\u00f0ingarb\u00f3k Jes\u00fa Christi, sonar Dav\u00ed\u00f0s, sonar <span class=\"athugasemd\" title=\"Abrahams og Dav\u00ed\u00f0s er geti\u00f0 einkum af \u00fev\u00ed a\u00f0 \u00feeir h\u00f6f\u00f0u fengi\u00f0 fyrirheit \u00fat af Christo\">[<\/span> Abrahams. <span class=\"athugasemd\" title=\"Luc. 3 \/ Gen. 21\">[<\/span> <\/p>\n<p>\tAbraham gat \u00cdsaak.<\/p>\n<p>\t\u00cdsaak gat Jakob.<\/p>\n<p>\tJakob gat Judam og br\u00e6\u00f0ur hans.<\/p>\n<p>\tJ\u00fadas gat Phares og Saran af Tamar.<\/p>\n<p>\tPhares gat Hesron. <span class=\"athugasemd\" title=\"Rut 4\">[<\/span> <\/p>\n<p>\tHesron gat Ram.<\/p>\n<p>\tRam gat Am\u00ednadab.<\/p>\n<p>\tAm\u00ednadab gat Nahasson.<\/p>\n<p>\tNahasson gat Salma.<\/p>\n<p>\tSalma gat B\u00f3as af Rahab.<\/p>\n<p>\tB\u00f3as gat \u00d3be\u00f0 af Rut.<\/p>\n<p>\t\u00d3be\u00f0 gat Jesse.<\/p>\n<p>\tJesse gat k\u00f3nginn Dav\u00ed\u00f0.<\/p>\n<p>\tDav\u00ed\u00f0 k\u00f3ngur gat Sal\u00f3mon af \u00feeirri sem var h\u00fasfr\u00fa Urie. <span class=\"athugasemd\" title=\"2. Reg. 12\">[<\/span> <\/p>\n<p>\tSal\u00f3mon gat R\u00f3b\u00f3am.<\/p>\n<p>\tR\u00f3b\u00f3am gat Ab\u00eda.<\/p>\n<p>\tAb\u00eda gat Assa.<\/p>\n<p>\tAssa gat J\u00f3safat.<\/p>\n<p>\tJ\u00f3safat gat J\u00f3ram.<\/p>\n<p>\tJ\u00f3ram gat \u00d3s\u00eda.<\/p>\n<p>\t\u00d3s\u00eda gat J\u00f3tam.<\/p>\n<p>\tJ\u00f3tam gat Akas.<\/p>\n<p>\tAkas gat Ezechia.<\/p>\n<p>\tEzechia gat Manases.<\/p>\n<p>\tManases gat Am\u00f3n.<\/p>\n<p>\tAm\u00f3n gat J\u00f3s\u00eda.<\/p>\n<p>\tJ\u00f3s\u00eda gat Jekonja og br\u00e6\u00f0ur hans um bab\u00fdl\u00f3nskan herlei\u00f0ingart\u00edma. <span class=\"athugasemd\" title=\"4. Reg. 24 \/ 2. Para. 36 \/ 1. Esra. 2\">[<\/span> <\/p>\n<p>\tOg eftir bab\u00fdl\u00f3neska herlei\u00f0ing gat Jekonja Sealt\u00edel.<\/p>\n<p>\tSealt\u00edel gat S\u00f3r\u00f3babel.<\/p>\n<p>\tS\u00f3r\u00f3babel gat Ab\u00ed\u00fa\u00f0.<\/p>\n<p>\tAb\u00ed\u00fa\u00f0 gat Eljak\u00edm.<\/p>\n<p>\tEljak\u00edm gat As\u00f3r.<\/p>\n<p>\tAs\u00f3r gat Sad\u00f3k.<\/p>\n<p>\tSad\u00f3k gat Ak\u00edm.<\/p>\n<p>\tAk\u00edm gat El\u00ed\u00fad.<\/p>\n<p>\tEl\u00ed\u00fad gat Eleasar.<\/p>\n<p>\tEleasar gat Mattan.<\/p>\n<p>\tMattan gat Jakob.<\/p>\n<p>\tJakob gat J\u00f3sef, mann Mar\u00edu, af hverri e\u00f0 f\u00e6ddur er Jes\u00fa s\u00e1 er kallast Kristur.<\/p>\n<p>\tAllir \u00e6ttli\u00f0ir fr\u00e1 Abraham allt a\u00f0 Dav\u00ed\u00f0 eru fj\u00f3rt\u00e1n li\u00f0ir og fr\u00e1 Dav\u00ed\u00f0 allt til bab\u00fdl\u00f3neskrar herlei\u00f0ingar eru fj\u00f3rt\u00e1n li\u00f0ir og fr\u00e1 bab\u00fdl\u00f3neskri herlei\u00f0ing allt til Christum eru fj\u00f3rt\u00e1n li\u00f0ir.<\/p>\n<p>\tEn Christi hinga\u00f0bur\u00f0ur var so. N\u00e6r e\u00f0 Mar\u00eda, hans m\u00f3\u00f0ir, var f\u00f6stnu\u00f0 J\u00f3sef og \u00e1\u00f0ur en \u00feau skyldu saman koma fannst h\u00fan \u00f3l\u00e9tt af heil\u00f6gum anda. En J\u00f3sef, ma\u00f0ur hennar, var r\u00e9ttv\u00eds og vildi \u00fev\u00ed ei \u00f3fr\u00e6gja hana en \u00feenkti s\u00e9r \u00fe\u00f3 leynilega a\u00f0 forl\u00e1ta hana. En sem hann hugsa\u00f0i \u00feetta, sj\u00e1, \u00fe\u00e1 vitra\u00f0ist honum engill Drottins \u00ed draumi og sag\u00f0i: &#8222;J\u00f3sef, sonur Dav\u00ed\u00f0, \u00fe\u00fa skalt eigi \u00f3ttast a\u00f0 taka Mariam, \u00fe\u00edna festarkonu, til \u00fe\u00edn. \u00dev\u00ed a\u00f0 hva\u00f0 me\u00f0 henni f\u00e6tt er \u00fea\u00f0 er af heil\u00f6gum anda. Og h\u00fan mun son f\u00e6\u00f0a og hans nafn skaltu Jes\u00fas kalla \u00fev\u00ed a\u00f0 hann mun frelsa sitt f\u00f3lk af \u00feeirra syndum.&#8220; En allt \u00feetta ske\u00f0i so a\u00f0 uppfylltist hva\u00f0 sagt er af Drottni fyrir sp\u00e1manninn, so segjandi: <span class=\"athugasemd\" title=\"Esai. 7\">[<\/span> &#8222;Sj\u00e1i\u00f0, a\u00f0 mey mun \u00feungu\u00f0 ver\u00f0a og son f\u00e6\u00f0a og hans nafn skal kallast Eman\u00fael&#8220;, hva\u00f0 er so \u00fe\u00fd\u00f0ist: &#8222;Gu\u00f0 me\u00f0 oss.&#8220; <\/p>\n<p>\tEn \u00fe\u00e1 J\u00f3sef vakna\u00f0i af svefni gj\u00f6r\u00f0i hann so sem engill Drottins haf\u00f0i honum bo\u00f0i\u00f0 og t\u00f3k s\u00edna festarkonu til s\u00edn og kenndi hennar eigi \u00fear til h\u00fan f\u00e6ddi son sinn frumgetinn og kalla\u00f0i hann Jes\u00fas.<\/p>\n","protected":false},"excerpt":{"rendered":"<p>S. Mattheus evangelium I. \u00deessi er f\u00e6\u00f0ingarb\u00f3k Jes\u00fa Christi, sonar Dav\u00ed\u00f0s, sonar [ Abrahams. [ Abraham gat \u00cdsaak. \u00cdsaak gat Jakob. Jakob gat Judam og br\u00e6\u00f0ur hans. J\u00fadas gat Phares og Saran af Tamar. Phares gat Hesron. [ Hesron gat Ram. Ram gat Am\u00ednadab. Am\u00ednadab gat Nahasson. Nahasson gat Salma. Salma gat B\u00f3as af Rahab. B\u00f3as gat \u00d3be\u00f0 af Rut. \u00d3be\u00f0 gat Jesse. Jesse gat k\u00f3nginn Dav\u00ed\u00f0. Dav\u00ed\u00f0 k\u00f3ngur gat Sal\u00f3mon af \u00feeirri sem var h\u00fasfr\u00fa Urie. [ Sal\u00f3mon gat R\u00f3b\u00f3am. R\u00f3b\u00f3am gat Ab\u00eda. Ab\u00eda gat Assa. Assa gat J\u00f3safat. J\u00f3safat gat J\u00f3ram. J\u00f3ram gat \u00d3s\u00eda. \u00d3s\u00eda gat J\u00f3tam. J\u00f3tam <a href=\"https:\/\/biblian.is\/gudbrandsbiblia\/matteusargudspjall-1-kafli\/\"> [&#8230;]<\/a><\/p>\n","protected":false},"author":1,"featured_media":0,"parent":0,"menu_order":0,"comment_status":"open","ping_status":"open","template":"bibliukaflar.php","meta":{"footnotes":""},"class_list":["post-3779","page","type-page","status-publish","hentry"],"_links":{"self":[{"href":"https:\/\/biblian.is\/gudbrandsbiblia\/wp-json\/wp\/v2\/pages\/3779","targetHints":{"allow":["GET"]}}],"collection":[{"href":"https:\/\/biblian.is\/gudbrandsbiblia\/wp-json\/wp\/v2\/pages"}],"about":[{"href":"https:\/\/biblian.is\/gudbrandsbiblia\/wp-json\/wp\/v2\/types\/page"}],"author":[{"embeddable":true,"href":"https:\/\/biblian.is\/gudbrandsbiblia\/wp-json\/wp\/v2\/users\/1"}],"replies":[{"embeddable":true,"href":"https:\/\/biblian.is\/gudbrandsbiblia\/wp-json\/wp\/v2\/comments?post=3779"}],"version-history":[{"count":0,"href":"https:\/\/biblian.is\/gudbrandsbiblia\/wp-json\/wp\/v2\/pages\/3779\/revisions"}],"wp:attachment":[{"href":"https:\/\/biblian.is\/gudbrandsbiblia\/wp-json\/wp\/v2\/media?parent=3779"}],"curies":[{"name":"wp","href":"https:\/\/api.w.org\/{rel}","templated":true}]}}