{"id":3778,"date":"2017-12-18T18:34:42","date_gmt":"2017-12-18T18:34:42","guid":{"rendered":"http:\/\/biblian.is\/gudbrandsbiblia\/baen-manasse-1-kafli\/"},"modified":"2018-02-07T20:45:43","modified_gmt":"2018-02-07T20:45:43","slug":"baen-manasse-1-kafli","status":"publish","type":"page","link":"https:\/\/biblian.is\/gudbrandsbiblia\/baen-manasse-1-kafli\/","title":{"rendered":"B\u00e6n Manasse 1. kafli"},"content":{"rendered":"<p>B\u00e6n Manasses konungsins J\u00fada \u00fe\u00e1 hann var \u00ed fj\u00f6trum haldinn \u00ed Bab\u00fdlon<\/p>\n<p>Drottinn alm\u00e1ttugur Gu\u00f0 vorra fe\u00f0ra Abrahams, \u00cdsaaks og Jakobs og \u00feeirra r\u00e9ttfer\u00f0ugs s\u00e6\u00f0is, \u00fe\u00fa sem skapa\u00f0 hefur himin og j\u00f6r\u00f0 og allt \u00fea\u00f0 sem \u00fear er inni, \u00fe\u00fa sem hefur innsigla\u00f0 me\u00f0 \u00fe\u00ednu bo\u00f0i og hefur undirdj\u00fapi\u00f0 innilukt og innsigla\u00f0 til d\u00fdr\u00f0ar \u00fe\u00ednu \u00f3gurlega og d\u00fdr\u00f0lega nafni so a\u00f0 hver ma\u00f0ur \u00f3ttist \u00feig og hr\u00e6\u00f0ist \u00feitt mikla d\u00fdr\u00f0arveldi, \u00fev\u00ed a\u00f0 \u00fe\u00edn rei\u00f0i er \u00f3b\u00e6rileg hvar\u00f0 me\u00f0 \u00fe\u00fa \u00f3gnar \u00feeim syndugu en miskunnsemi \u00feinna fyrirheita er \u00f3m\u00e6lanleg og \u00f3rannsakanleg. \u00dev\u00ed a\u00f0 \u00fe\u00fa ert Drottinn, s\u00e1 allra h\u00e6sti yfir allri jar\u00f0arkringlunni, mikillrar \u00feolinm\u00e6\u00f0i og mj\u00f6g miskunnsamur og straffar \u00f3gjarna mennina og hefur af \u00feinni g\u00e6sku fyrirheiti\u00f0 i\u00f0ran til fyrirgefningar syndanna.<\/p>\n<p>En af \u00fev\u00ed \u00fe\u00fa ert Gu\u00f0 \u00feeirra r\u00e9ttfer\u00f0ugu \u00fe\u00e1 hefur \u00fe\u00fa ekki sett i\u00f0ran \u00feeim r\u00e9ttl\u00e1tu Abraham, \u00cdsaak og Jakob, hverjir ekki syndgu\u00f0ust \u00e1 m\u00f3ti \u00fe\u00e9r. En eg hefi syndga\u00f0 og m\u00ednar syndir eru fleiri en sandur \u00e1 sj\u00e1varbotni og eg er beyg\u00f0ur \u00ed \u00feungum j\u00e1rnvi\u00f0jum og hef \u00f6ngva hv\u00edld af \u00fev\u00ed a\u00f0 eg uppvakti \u00fe\u00edna rei\u00f0i og gj\u00f6r\u00f0i margt illt fyrir \u00fe\u00e9r \u00fear me\u00f0 a\u00f0 eg uppbyrja\u00f0i sl\u00edkar sv\u00edvir\u00f0ingar og svo margar hneykslanir.<\/p>\n<p>\u00dear fyrir beygi eg n\u00fa kn\u00e9 m\u00edns hjarta og bi\u00f0 \u00feig, Drottin, um n\u00e1\u00f0. \u00d3 Drottinn, \u00e9g hef syndgast og gr\u00e1tb\u00e6ni \u00feig: Fyrirgef \u00fe\u00fa m\u00e9r. \u00d3 Drottinn, fyrirgef \u00fe\u00fa m\u00e9r \u00fea\u00f0. L\u00e1t mig ei fyrirfarast \u00ed m\u00ednum syndum og l\u00e1t straffi\u00f0 ekki eil\u00edflega liggja \u00e1 m\u00e9r heldur hj\u00e1lpa m\u00e9r \u00f3maklegum eftir \u00feinni mikilli miskunnsemi. \u00de\u00e1 vil eg vegsama \u00feig alla m\u00edna l\u00edfdaga. \u00dev\u00ed a\u00f0 \u00feig lofa allir himinsins herskarar og \u00feig skulu menn pr\u00edsa \u00e6t\u00ed\u00f0 og eil\u00edflega. Amen.<\/p>\n<p>Endir b\u00f3kanna \u00feess Gamla testamentisins<\/p>\n","protected":false},"excerpt":{"rendered":"<p>B\u00e6n Manasses konungsins J\u00fada \u00fe\u00e1 hann var \u00ed fj\u00f6trum haldinn \u00ed Bab\u00fdlon Drottinn alm\u00e1ttugur Gu\u00f0 vorra fe\u00f0ra Abrahams, \u00cdsaaks og Jakobs og \u00feeirra r\u00e9ttfer\u00f0ugs s\u00e6\u00f0is, \u00fe\u00fa sem skapa\u00f0 hefur himin og j\u00f6r\u00f0 og allt \u00fea\u00f0 sem \u00fear er inni, \u00fe\u00fa sem hefur innsigla\u00f0 me\u00f0 \u00fe\u00ednu bo\u00f0i og hefur undirdj\u00fapi\u00f0 innilukt og innsigla\u00f0 til d\u00fdr\u00f0ar \u00fe\u00ednu \u00f3gurlega og d\u00fdr\u00f0lega nafni so a\u00f0 hver ma\u00f0ur \u00f3ttist \u00feig og hr\u00e6\u00f0ist \u00feitt mikla d\u00fdr\u00f0arveldi, \u00fev\u00ed a\u00f0 \u00fe\u00edn rei\u00f0i er \u00f3b\u00e6rileg hvar\u00f0 me\u00f0 \u00fe\u00fa \u00f3gnar \u00feeim syndugu en miskunnsemi \u00feinna fyrirheita er \u00f3m\u00e6lanleg og \u00f3rannsakanleg. \u00dev\u00ed a\u00f0 \u00fe\u00fa ert Drottinn, s\u00e1 allra h\u00e6sti yfir allri <a href=\"https:\/\/biblian.is\/gudbrandsbiblia\/baen-manasse-1-kafli\/\"> [&#8230;]<\/a><\/p>\n","protected":false},"author":1,"featured_media":0,"parent":0,"menu_order":0,"comment_status":"open","ping_status":"open","template":"bibliukaflar.php","meta":{"footnotes":""},"class_list":["post-3778","page","type-page","status-publish","hentry"],"_links":{"self":[{"href":"https:\/\/biblian.is\/gudbrandsbiblia\/wp-json\/wp\/v2\/pages\/3778","targetHints":{"allow":["GET"]}}],"collection":[{"href":"https:\/\/biblian.is\/gudbrandsbiblia\/wp-json\/wp\/v2\/pages"}],"about":[{"href":"https:\/\/biblian.is\/gudbrandsbiblia\/wp-json\/wp\/v2\/types\/page"}],"author":[{"embeddable":true,"href":"https:\/\/biblian.is\/gudbrandsbiblia\/wp-json\/wp\/v2\/users\/1"}],"replies":[{"embeddable":true,"href":"https:\/\/biblian.is\/gudbrandsbiblia\/wp-json\/wp\/v2\/comments?post=3778"}],"version-history":[{"count":0,"href":"https:\/\/biblian.is\/gudbrandsbiblia\/wp-json\/wp\/v2\/pages\/3778\/revisions"}],"wp:attachment":[{"href":"https:\/\/biblian.is\/gudbrandsbiblia\/wp-json\/wp\/v2\/media?parent=3778"}],"curies":[{"name":"wp","href":"https:\/\/api.w.org\/{rel}","templated":true}]}}