{"id":3772,"date":"2017-12-18T18:34:39","date_gmt":"2017-12-18T18:34:39","guid":{"rendered":"http:\/\/biblian.is\/gudbrandsbiblia\/onnur-makkabeabok-10-kafli\/"},"modified":"2017-12-18T18:34:39","modified_gmt":"2017-12-18T18:34:39","slug":"onnur-makkabeabok-10-kafli","status":"publish","type":"page","link":"https:\/\/biblian.is\/gudbrandsbiblia\/onnur-makkabeabok-10-kafli\/","title":{"rendered":"\u00d6nnur Makkabeab\u00f3k 10. kafli"},"content":{"rendered":"<p>X.<\/p>\n<p>So gaf Gu\u00f0 Macchabeo og hans li\u00f0sm\u00f6nnum \u00feann hug a\u00f0 \u00feeir innt\u00f3ku musteri\u00f0 og borgina aftur og ni\u00f0urrifu hin \u00f6nnur altarin og kirkjur sem hei\u00f0ingjar h\u00f6f\u00f0u h\u00e9r og hvar \u00e1 str\u00e6tunum uppreist. <span class=\"athugasemd\" title=\"Judas vinnur aftur Jer\u00fasalem og hreinsar musteri\u00f0\">[<\/span> Og \u00fe\u00e1 \u00feeir h\u00f6f\u00f0u musteri\u00f0 hreinsa\u00f0 \u00fe\u00e1 sm\u00ed\u00f0u\u00f0u \u00feeir anna\u00f0 altari, t\u00f3ku eldstein og sl\u00f3gu eld og f\u00f3rnf\u00e6r\u00f0u a\u00f0 n\u00fdju, hva\u00f0 ekki var gj\u00f6rt \u00ed tv\u00f6 \u00e1r og sex m\u00e1nu\u00f0i, og offru\u00f0u reykelsi og kveiktu \u00e1 l\u00f6mpunum og framsettu sko\u00f0unarbrau\u00f0in. <span class=\"athugasemd\" title=\"ii \u00e1r og vi m\u00e1na\u00f0ir\">[<\/span> \u00de\u00e1 \u00feetta var allt b\u00fai\u00f0 f\u00e9llu \u00feeir fram \u00e1 s\u00ednar \u00e1sj\u00f3nur fyrir Drottni og b\u00e1\u00f0ust fyrir a\u00f0 hann ekki lengur l\u00e9ti \u00fe\u00e1 koma \u00ed sl\u00edka h\u00f6rmung heldur ef \u00feeir misgj\u00f6r\u00f0i oftar honum \u00e1 m\u00f3ti \u00fe\u00e1 vildi hann miskunnsamlega straffa \u00fe\u00e1 en gefa \u00fe\u00e1 ekki \u00feeim gu\u00f0l\u00f6sturum og grimmum hei\u00f0ingjum \u00ed hendur.<\/p>\n<p>\tOg Gu\u00f0 l\u00e9t \u00fea\u00f0 svo ske a\u00f0 musteri\u00f0 var\u00f0 hreinsa\u00f0 \u00e1 \u00feeim sama degi \u00e1 hverjum \u00fea\u00f0 var \u00e1\u00f0ur af hei\u00f0ingjum saurga\u00f0, einkum \u00e1 \u00feann tuttugasta og fimmta dag m\u00e1na\u00f0arins kaslev. <span class=\"athugasemd\" title=\"Musterishreinsunin\">[<\/span> Og \u00feeir h\u00e9ldu heilagt me\u00f0 f\u00f6gnu\u00f0i \u00e1tta daga so sem tjaldb\u00fa\u00f0arh\u00e1t\u00ed\u00f0 og minntust \u00fear \u00e1 a\u00f0 \u00feeir fyrir litlu h\u00f6f\u00f0u haldi\u00f0 \u00feeirra tjaldb\u00fa\u00f0arh\u00e1t\u00ed\u00f0 \u00ed ey\u00f0ist\u00f6\u00f0um og \u00ed hellum svo sem villud\u00fdr og b\u00e1ru bl\u00f3mgandi gr\u00f6s og gr\u00e6nar greinir og p\u00e1lmavi\u00f0u, lofandi Gu\u00f0 sem \u00feeim haf\u00f0i sigurinn gefi\u00f0 a\u00f0 hreinsa hans musteri. \u00deeir l\u00e9tu og eitt bo\u00f0 \u00fat ganga um allt J\u00fadaland a\u00f0 menn skyldu halda \u00e1rlega h\u00e1t\u00ed\u00f0 \u00e1 \u00feessum degi. So haf\u00f0i Antiochus hinn g\u00f6fgi einn endadag.<\/p>\n<p>\tN\u00fa eftirfylgir um Antiochum Eupator, hins \u00f3gu\u00f0lega Antiochi son, hva\u00f0 fyrir \u00f3fri\u00f0ur veri\u00f0 hefur undir hans r\u00edkisstj\u00f3rnan \u00e6t\u00ed\u00f0 \u00ed \u00f6llum st\u00f6\u00f0um. <span class=\"athugasemd\" title=\"Antiochus Eupator\">[<\/span> <\/p>\n<p>\t\u00de\u00e1 Eupator var k\u00f3ngur setti hann Lysian til hins h\u00e6\u00f0sta h\u00f6f\u00f0ingja s\u00e1 fyrr var h\u00f6fu\u00f0sma\u00f0ur \u00ed Phenice og Coelo-Syria. <span class=\"athugasemd\" title=\"Lysias\">[<\/span> En Ptolomeus Macron, s\u00e1 sem gjarna hl\u00edft hef\u00f0i Gy\u00f0ingum me\u00f0 r\u00e9tt af \u00fev\u00ed a\u00f0 \u00feeir h\u00f6f\u00f0u \u00feanga\u00f0 til li\u00f0i\u00f0 so miki\u00f0 ofr\u00edki og \u00f3r\u00e9ttindi, hann kosta\u00f0i kapps \u00e1 a\u00f0 menn skyldu l\u00e1ta \u00fe\u00e1 \u00ed fri\u00f0i vera. <span class=\"athugasemd\" title=\"Ptolomeus Macron\">[<\/span> \u00dear fyrir kl\u00f6gu\u00f0u hans vinir hann fyrir Eupator og k\u00f6llu\u00f0u hann opinberlega einn forr\u00e6\u00f0ara af \u00fev\u00ed a\u00f0 hann haf\u00f0i uppgefi\u00f0 eyna Syprus fyrir Antiocho hinum g\u00f6fga hverja Philometor haf\u00f0i honum b\u00edfala\u00f0 og hann hlaut a\u00f0 hafa minni b\u00edfalning. \u00dea\u00f0 f\u00e9kk honum sl\u00edks hugarangurs a\u00f0 hann deyddi sj\u00e1lfan sig me\u00f0 olivian.<\/p>\n<p>\t\u00de\u00e1 Gorgias var\u00f0 n\u00fa h\u00f6fu\u00f0sma\u00f0ur yfir \u00fev\u00ed sama takmarki safna\u00f0i hann str\u00ed\u00f0sf\u00f3lki og lag\u00f0i sig s\u00e9rdeilis \u00ed m\u00f3ti Gy\u00f0ingum. <span class=\"athugasemd\" title=\"Gorgias\">[<\/span> \u00dea\u00f0 sama gj\u00f6r\u00f0u og Ed\u00f3m\u00edtar. <span class=\"athugasemd\" title=\"Ed\u00f3m\u00edtar\">[<\/span> Hvar sem \u00feeir g\u00e1tu \u00fe\u00e1 \u00fatr\u00e1ku \u00feeir Gy\u00f0ingana af k\u00f6stulum og hagst\u00e6\u00f0um borgum og t\u00f3ku til s\u00edn \u00fe\u00e1 aff\u00f6llnu Gy\u00f0inga sem \u00fatreknir voru af Jer\u00fasalem.<\/p>\n<p>\t\u00de\u00e1 kom Macchabeus og hans flokkur til samans og b\u00e1\u00f0u a\u00f0 Gu\u00f0 vildi hj\u00e1lpa \u00feeim. <span class=\"athugasemd\" title=\"Macchabeus og hans li\u00f0 bi\u00f0ur Gu\u00f0 um hj\u00e1lp\">[<\/span> Og \u00feeir f\u00e9llu inn \u00ed fastar borgir Ed\u00f3m\u00edta og unnu \u00fe\u00e6r me\u00f0 valdi og \u00ed hel sl\u00f3gu alla \u00fe\u00e1 sem gripu til vopna \u00e1 m\u00farnum og a\u00f0ra \u00fe\u00e1 sem \u00feeir g\u00e1tu yfirkomist so a\u00f0 \u00fea\u00f0 voru tuttugu \u00fe\u00fasundir. En n\u00edu \u00fe\u00fasundir fl\u00fd\u00f0u undan \u00feeim \u00ed tvo sterka turna hverjir e\u00f0 b\u00faist h\u00f6f\u00f0u vi\u00f0 \u00f3fri\u00f0arstormi. \u00de\u00e1 setti J\u00fadas Macchabeus til S\u00edmon, J\u00f3sef og Zacheum og l\u00e9t eftir hj\u00e1 \u00feeim so miki\u00f0 f\u00f3lk a\u00f0 \u00feeir h\u00f6f\u00f0u n\u00f3gan li\u00f0safla til a\u00f0 storma upp \u00e1 turnana. En hann reisti sj\u00e1lfur fyrir a\u00f0rar borgir. En s\u00e1 flokkur sem var hj\u00e1 S\u00edmon l\u00e9t sn\u00faa s\u00e9r me\u00f0 f\u00e9 af \u00feeim sem \u00ed turnunum voru og me\u00f0t\u00f3ku af \u00feeim fimmt\u00e1n og tuttugu \u00fe\u00fasundir gyllini og l\u00e9tu \u00fe\u00e1 fara \u00ed burt. \u00de\u00e1 Macchabeus spur\u00f0i \u00fea\u00f0 kalla\u00f0i hann h\u00f6fu\u00f0smennina til samans og \u00e1klaga\u00f0i \u00feetta a\u00f0 \u00feeir hef\u00f0i selt s\u00edna br\u00e6\u00f0ur fyrir f\u00e9 og l\u00e9tu \u00f3vinina komast \u00ed burt. Og hann l\u00e9t l\u00edfl\u00e1ta \u00fe\u00e1 svo sem svikara og storma\u00f0i jafnsnart til \u00feeirra tveggja turna. Og \u00fea\u00f0 lukka\u00f0ist honum og hann \u00ed hel sl\u00f3 \u00ed \u00feeim b\u00e1\u00f0um k\u00f6stulum meir en tuttugu \u00fe\u00fasundir manna. <span class=\"athugasemd\" title=\"xx M f\u00e9llu\">[<\/span> <\/p>\n<p>\tEn Timotheus, hvers li\u00f0 Gy\u00f0ingar h\u00f6f\u00f0u \u00e1\u00f0ur slegi\u00f0, bj\u00f3 sig til me\u00f0 miklu li\u00f0i af \u00fatlensku f\u00f3lki og safna\u00f0i miklu riddarali\u00f0i \u00far Asia og kom \u00feeirrar meiningar a\u00f0 hann vildi afm\u00e1 allan Gy\u00f0ingal\u00fd\u00f0. <span class=\"athugasemd\" title=\"Timotheus\">[<\/span> Og \u00fe\u00e1 hann kom til landsins \u00fe\u00e1 ba\u00f0 Macchabeus og hans flokkur til Drottins, dreifandi \u00f6sku yfir h\u00f6fu\u00f0 s\u00e9r og \u00edkl\u00e6ddust sekkjum og f\u00e9llu fram fyrir altarinu og b\u00e1\u00f0u a\u00f0 Gu\u00f0 vildi vera \u00feeim hollur en \u00f3vinunum gramur og setja sig \u00e1 m\u00f3ti \u00feeim sem sig uppreisti \u00ed m\u00f3ti honum so sem \u00ed l\u00f6gm\u00e1linu skrifa\u00f0 stendur. <span class=\"athugasemd\" title=\"Macchabeus og hans li\u00f0 bi\u00f0ur til Gu\u00f0s\">[<\/span> <\/p>\n<p>\t\u00de\u00e1 \u00feeir h\u00f6f\u00f0u n\u00fa so loki\u00f0 sinni b\u00e6n t\u00f3ku \u00feeir s\u00ednar verjur og reistu l\u00e1gan vegg \u00fat af sta\u00f0num \u00fear til \u00feeir m\u00e6ttu \u00f3vinunum. Og jafnsnart sem s\u00f3lin gekk upp t\u00f3kst \u00fear bardagi \u00fe\u00f3 \u00fear v\u00e6ri li\u00f0smunur. \u00dev\u00ed a\u00f0 Gy\u00f0ingarnir h\u00f6f\u00f0u \u00f6ruggt traust til Drottins (sem er v\u00edst sigurmerki) en hinir a\u00f0rir h\u00f6f\u00f0u \u00fea\u00f0 uppbyrja\u00f0 af einum saman ofstopa og drambsemi.<\/p>\n<p>\t\u00deegar bardaginn var n\u00fa sem har\u00f0astur \u00fe\u00e1 birtist \u00f3vinunum af himni fimm menn veglegir r\u00ed\u00f0andi \u00e1 hestum og hafandi gullbeisli. \u00deeir f\u00f3ru fram undan fylkingu Gy\u00f0inga og tveir voru hj\u00e1 Macchabeo og hl\u00edf\u00f0u honum me\u00f0 s\u00ednum vopnum svo a\u00f0 enginn gat komi\u00f0 s\u00e1ri \u00e1 hann. Og \u00feeir skutu aurvum og eldingum a\u00f0 \u00f3vinunum so a\u00f0 \u00feeir ur\u00f0u blindir og fl\u00fd\u00f0u. Og \u00fear f\u00e9llu tuttugu \u00fe\u00fasundir og fimm hundru\u00f0 og sex hundru\u00f0 riddara. <span class=\"athugasemd\" title=\"xx M og v hundru\u00f0 og vi hundru\u00f0 f\u00e9llu\">[<\/span> <\/p>\n<p>\t\u00de\u00e1 fl\u00fd\u00f0i Timotheus til Gasara \u00ed eina sterka borg hverja h\u00f6fu\u00f0sma\u00f0urinn Chereas haf\u00f0i inni a\u00f0 halda. Macchabeus og hans li\u00f0 l\u00e1 \u00fear fyrir \u00ed fj\u00f3ra daga. En borgarmenn treystu \u00fear \u00e1 a\u00f0 borgin l\u00e1 so h\u00e1tt og h\u00e6ddu og spottu\u00f0u \u00fe\u00e1 mj\u00f6g \u00far m\u00e1ta. En \u00e1 \u00feeim fimmta degi ur\u00f0u tuttugu ungir menn rei\u00f0ir vegna sl\u00edkrar h\u00e1\u00f0ungar og hlupu alldrengilega a\u00f0 m\u00farveggnum og stormu\u00f0u upp \u00e1 hann. Og \u00feeir dr\u00e1pu \u00ed sinni grimmd allt \u00fea\u00f0 sem fyrir \u00feeim var\u00f0. Hinir a\u00f0rir komu \u00fe\u00e1 eftir \u00feeim og komust \u00ed sta\u00f0inn og settu eld \u00ed turninn og uppbrenndu \u00fe\u00e1 gu\u00f0sspottara. A\u00f0rir hjuggu upp portin so a\u00f0 allt li\u00f0i\u00f0 k\u00e6mist inn og unnu \u00feeir sta\u00f0inn og dr\u00e1pu Timotheum \u00fear hann haf\u00f0i geymt sig \u00ed einnri syriu og Cheream hans br\u00f3\u00f0ur og Apollophanem. <span class=\"athugasemd\" title=\"Timotheus \/ Chereas \/ Apollophanes \u00ed hel slegnir\">[<\/span> Eftir \u00feetta allt gj\u00f6rt vegs\u00f6mu\u00f0u \u00feeir Gu\u00f0 me\u00f0 lofs\u00f6ngvum sem \u00cdsrael haf\u00f0i veitt sl\u00edka velgj\u00f6rninga og gefi\u00f0 \u00feeim sigur.<\/p>\n","protected":false},"excerpt":{"rendered":"<p>X. So gaf Gu\u00f0 Macchabeo og hans li\u00f0sm\u00f6nnum \u00feann hug a\u00f0 \u00feeir innt\u00f3ku musteri\u00f0 og borgina aftur og ni\u00f0urrifu hin \u00f6nnur altarin og kirkjur sem hei\u00f0ingjar h\u00f6f\u00f0u h\u00e9r og hvar \u00e1 str\u00e6tunum uppreist. [ Og \u00fe\u00e1 \u00feeir h\u00f6f\u00f0u musteri\u00f0 hreinsa\u00f0 \u00fe\u00e1 sm\u00ed\u00f0u\u00f0u \u00feeir anna\u00f0 altari, t\u00f3ku eldstein og sl\u00f3gu eld og f\u00f3rnf\u00e6r\u00f0u a\u00f0 n\u00fdju, hva\u00f0 ekki var gj\u00f6rt \u00ed tv\u00f6 \u00e1r og sex m\u00e1nu\u00f0i, og offru\u00f0u reykelsi og kveiktu \u00e1 l\u00f6mpunum og framsettu sko\u00f0unarbrau\u00f0in. [ \u00de\u00e1 \u00feetta var allt b\u00fai\u00f0 f\u00e9llu \u00feeir fram \u00e1 s\u00ednar \u00e1sj\u00f3nur fyrir Drottni og b\u00e1\u00f0ust fyrir a\u00f0 hann ekki lengur l\u00e9ti \u00fe\u00e1 koma \u00ed sl\u00edka <a href=\"https:\/\/biblian.is\/gudbrandsbiblia\/onnur-makkabeabok-10-kafli\/\"> [&#8230;]<\/a><\/p>\n","protected":false},"author":1,"featured_media":0,"parent":0,"menu_order":0,"comment_status":"open","ping_status":"open","template":"bibliukaflar.php","meta":{"footnotes":""},"class_list":["post-3772","page","type-page","status-publish","hentry"],"_links":{"self":[{"href":"https:\/\/biblian.is\/gudbrandsbiblia\/wp-json\/wp\/v2\/pages\/3772","targetHints":{"allow":["GET"]}}],"collection":[{"href":"https:\/\/biblian.is\/gudbrandsbiblia\/wp-json\/wp\/v2\/pages"}],"about":[{"href":"https:\/\/biblian.is\/gudbrandsbiblia\/wp-json\/wp\/v2\/types\/page"}],"author":[{"embeddable":true,"href":"https:\/\/biblian.is\/gudbrandsbiblia\/wp-json\/wp\/v2\/users\/1"}],"replies":[{"embeddable":true,"href":"https:\/\/biblian.is\/gudbrandsbiblia\/wp-json\/wp\/v2\/comments?post=3772"}],"version-history":[{"count":0,"href":"https:\/\/biblian.is\/gudbrandsbiblia\/wp-json\/wp\/v2\/pages\/3772\/revisions"}],"wp:attachment":[{"href":"https:\/\/biblian.is\/gudbrandsbiblia\/wp-json\/wp\/v2\/media?parent=3772"}],"curies":[{"name":"wp","href":"https:\/\/api.w.org\/{rel}","templated":true}]}}